{"id":38,"date":"2021-11-12T11:41:37","date_gmt":"2021-11-12T11:41:37","guid":{"rendered":"https:\/\/blog.uclm.es\/consolacionquintana\/?page_id=2"},"modified":"2022-11-09T10:53:16","modified_gmt":"2022-11-09T09:53:16","slug":"pagina-ejemplo-2","status":"publish","type":"page","link":"https:\/\/blog.uclm.es\/consolacionquintana\/","title":{"rendered":"\u00a1Hola, comunidad!"},"content":{"rendered":"\n<p>Me presento un poquito para todos aquellos que no me conoc\u00e9is.<\/p>\n\n\n<blockquote class=\"wp-block-quote\">\n<p>Me llamo Consolaci\u00f3n Quintana Rojo, s\u00ed aunque no es habitual poner los dos apellidos, pero recalco la importancia del papel de mi padre y de mi madre, para que yo est\u00e9 escribiendo estas l\u00edneas.<\/p>\n<p>Pod\u00e9is llamarme Consoli, as\u00ed es como me conoce todo el mundo.<\/p>\n<p>Soy mam\u00e1 de dos peque\u00f1os, Eduardo y Paulina, y de una gata, Lusi.<\/p>\n<p>Tambi\u00e9n soy Doctora Cum Laude en Econom\u00eda y Empresa por la Universidad de Castilla-La Mancha, donde realizo mis labores de docencia como profesora del \u00e1rea de Econom\u00eda Aplicada en los Grados de Administraci\u00f3n y Direcci\u00f3n de Empresa y Doble Grado en Derecho y Administraci\u00f3n y Direcci\u00f3n de Empresas en la Facultad de Derecho y Ciencias Sociales. Por otro lado, soy docente en el M\u00e1ster Universitario Oficial en Modelizaci\u00f3n y An\u00e1lisis de Datos Econ\u00f3micos (MUMADE), tambi\u00e9n impartido en esta gran Casa. Docente a su vez en el M\u00e1ster Universitario Oficial en Profesor de Educaci\u00f3n Secundaria Obligatoria y Bachillerato, Formaci\u00f3n Profesional y Ense\u00f1anza de Idiomas, en la especialidad de Econom\u00eda y Empresa.<\/p>\nInvestigo en el Grupo de Investigaci\u00f3n de la UCLM Seminario de Econom\u00eda Sostenible (SES). Aqu\u00ed pod\u00e9is ver m\u00e1s informaci\u00f3n sobre el mismo: <a href=\"https:\/\/blog.uclm.es\/gruposes\/\">Seminario de Econom\u00eda Sostenible<\/a><\/blockquote>\n\n\n<p>Amo aprender, ense\u00f1ar, leer y compartir y estoy absolutamente convencida de que hemos venido a este mundo a dar, a ser felices y a aportar todo lo que est\u00e9 en nuestra mano para con el resto. <\/p>\n\n\n\n<p> \u00a1BIENVENIDOS!<\/p>\n","protected":false},"excerpt":{"rendered":"<p>Me presento un poquito para todos aquellos que no me conoc\u00e9is. Me llamo Consolaci\u00f3n Quintana Rojo, s\u00ed aunque no es habitual poner los dos apellidos, pero recalco la importancia del papel de mi padre y de mi madre, para que yo est\u00e9 escribiendo estas l\u00edneas. Pod\u00e9is llamarme Consoli, as\u00ed es como me conoce todo el &hellip; <\/p>\n<p class=\"link-more\"><a href=\"https:\/\/blog.uclm.es\/consolacionquintana\/\" class=\"more-link\">Continuar leyendo<span class=\"screen-reader-text\"> \u00ab\u00a1Hola, comunidad!\u00bb<\/span><\/a><\/p>\n","protected":false},"author":252,"featured_media":0,"parent":0,"menu_order":0,"comment_status":"closed","ping_status":"open","template":"","meta":{"footnotes":""},"class_list":["post-38","page","type-page","status-publish","hentry"],"_links":{"self":[{"href":"https:\/\/blog.uclm.es\/consolacionquintana\/wp-json\/wp\/v2\/pages\/38","targetHints":{"allow":["GET"]}}],"collection":[{"href":"https:\/\/blog.uclm.es\/consolacionquintana\/wp-json\/wp\/v2\/pages"}],"about":[{"href":"https:\/\/blog.uclm.es\/consolacionquintana\/wp-json\/wp\/v2\/types\/page"}],"author":[{"embeddable":true,"href":"https:\/\/blog.uclm.es\/consolacionquintana\/wp-json\/wp\/v2\/users\/252"}],"replies":[{"embeddable":true,"href":"https:\/\/blog.uclm.es\/consolacionquintana\/wp-json\/wp\/v2\/comments?post=38"}],"version-history":[{"count":1,"href":"https:\/\/blog.uclm.es\/consolacionquintana\/wp-json\/wp\/v2\/pages\/38\/revisions"}],"predecessor-version":[{"id":166,"href":"https:\/\/blog.uclm.es\/consolacionquintana\/wp-json\/wp\/v2\/pages\/38\/revisions\/166"}],"wp:attachment":[{"href":"https:\/\/blog.uclm.es\/consolacionquintana\/wp-json\/wp\/v2\/media?parent=38"}],"curies":[{"name":"wp","href":"https:\/\/api.w.org\/{rel}","templated":true}]}}