{"id":53,"date":"2017-10-27T12:02:15","date_gmt":"2017-10-27T11:02:15","guid":{"rendered":"http:\/\/blog.uclm.es\/cesarsanchez\/?page_id=53"},"modified":"2024-11-25T19:44:50","modified_gmt":"2024-11-25T17:44:50","slug":"electromedicina-e-ingenieria-clinica","status":"publish","type":"page","link":"https:\/\/blog.uclm.es\/cesarsanchez\/investigacion\/proyectos\/electromedicina-e-ingenieria-clinica\/","title":{"rendered":"Publicaciones Electromedicina e Ingenier\u00eda Cl\u00ednica"},"content":{"rendered":"<div class=\"page\" title=\"Page 3\">\n<h3><img loading=\"lazy\" decoding=\"async\" class=\"size-medium wp-image-128 alignright\" src=\"https:\/\/blog.uclm.es\/cesarsanchez\/wp-content\/uploads\/sites\/62\/2017\/10\/18700569_10211813859655900_493198486362760238_o-300x200.jpg\" alt=\"\" width=\"300\" height=\"200\" srcset=\"https:\/\/blog.uclm.es\/cesarsanchez\/wp-content\/uploads\/sites\/62\/2017\/10\/18700569_10211813859655900_493198486362760238_o-300x200.jpg 300w, https:\/\/blog.uclm.es\/cesarsanchez\/wp-content\/uploads\/sites\/62\/2017\/10\/18700569_10211813859655900_493198486362760238_o-1024x683.jpg 1024w, https:\/\/blog.uclm.es\/cesarsanchez\/wp-content\/uploads\/sites\/62\/2017\/10\/18700569_10211813859655900_493198486362760238_o-768x512.jpg 768w, https:\/\/blog.uclm.es\/cesarsanchez\/wp-content\/uploads\/sites\/62\/2017\/10\/18700569_10211813859655900_493198486362760238_o-1536x1024.jpg 1536w, https:\/\/blog.uclm.es\/cesarsanchez\/wp-content\/uploads\/sites\/62\/2017\/10\/18700569_10211813859655900_493198486362760238_o-450x300.jpg 450w, https:\/\/blog.uclm.es\/cesarsanchez\/wp-content\/uploads\/sites\/62\/2017\/10\/18700569_10211813859655900_493198486362760238_o.jpg 2048w\" sizes=\"auto, (max-width: 300px) 100vw, 300px\" \/>\u00daLTIMA ACTUALIZACI\u00d3N: 17\/10\/2018<\/h3>\n<p>En esta secci\u00f3n se recopilan las entradas y p\u00e1ginas de este blog relacionadas con el sector de la tecnolog\u00eda sanitaria, principalmente en el \u00e1rea de formaci\u00f3n. Pretende ser un instrumento de ayuda para profesores y centros que quieran dar el paso y embarcarse en la implantaci\u00f3n de t\u00edtulos de formaci\u00f3n profesional o universitaria relacionados con la electromedicina e ingenier\u00eda cl\u00ednica.<\/p>\n<hr \/>\n<\/div>\n<ul>\n<li><strong>REFERENCIAS BIBLIOGR\u00c1FICAS EN ELECTROMEDICINA.<\/strong>La mayor\u00eda de centros formativos que se enfrentan a la posibilidad de solicitar autorizaci\u00f3n a su correspondiente comunidad aut\u00f3noma para la impartici\u00f3n del t\u00edtulo de formaci\u00f3n profesional de <a href=\"https:\/\/www.boe.es\/diario_boe\/txt.php?id=BOE-A-2015-10728\">T\u00e9cnico Superior en Electromedicina Cl\u00ednica<\/a> se encuentran, entre otras, con una traba importante: la falta de formaci\u00f3n en este \u00e1rea de sus profesores y la falta de referencias bibliogr\u00e1ficas concretas para la preparaci\u00f3n de las correspondientes asignaturas. En el blog podr\u00e9is encontrar una serie de entradas que tienen como\u00a0prop\u00f3sito servir de referencia inicial en la b\u00fasqueda de material bibliogr\u00e1fico b\u00e1sico de referencia. A continuaci\u00f3n ten\u00e9is el \u00edndice con los enlaces a las diferentes entradas:\n<ul>\n<li><a href=\"http:\/\/blog.uclm.es\/cesarsanchez\/2018\/10\/11\/referencias-bibliograficas-electromedicina-i\/\">Referencias bibliogr\u00e1ficas Electromedicina (I): Caracter\u00edsticas t\u00e9cnicas y operativas de instalaciones y equipos<\/a><\/li>\n<li><a href=\"http:\/\/blog.uclm.es\/cesarsanchez\/2018\/10\/12\/referencias-bibliograficas-electromedicina-ii\/\">Referencias bibliogr\u00e1ficas Electromedicina (II): Recepci\u00f3n<\/a><\/li>\n<li><a href=\"http:\/\/blog.uclm.es\/cesarsanchez\/2018\/10\/14\/referencias-bibliograficas-electromedicina-iii\/\">Referencias bibliogr\u00e1ficas Electromedicina (III): Verificaci\u00f3n de espacios f\u00edsicos e infraestructuras + Montaje<\/a><\/li>\n<\/ul>\n<\/li>\n<\/ul>\n<hr \/>\n<ul>\n<li><strong>Certificados, acreditaciones y titulaciones en electromedicina e ingenier\u00eda cl\u00ednica.<\/strong>\u00a0Algunas de las dudas m\u00e1s comunes y de las que recibo m\u00e1s consultas. Llevo 10 a\u00f1os trabajando en el sector \u00bfpuedo convalidarlo por un t\u00edtulo?. \u00bfC\u00f3mo puedo acreditarme como t\u00e9cnico de electromedicina si tengo experiencia pero no un t\u00edtulo acad\u00e9mico?. \u00bfMi t\u00edtulo en el extranjero tiene validez aqu\u00ed?. \u00bfEs lo mismo el t\u00edtulo de FP que el certificado de profesionalidad en electromedicina?. Son muchas ideas mezcladas y las intento explicar en estas entradas al blog:\n<ul>\n<li><a href=\"http:\/\/blog.uclm.es\/cesarsanchez\/2018\/10\/10\/sobre-convalidaciones-universitarias-en-electromedicina\/\">Sobre convalidaciones universitarias en Electromedicina.<\/a><\/li>\n<li><a href=\"http:\/\/blog.uclm.es\/cesarsanchez\/2017\/10\/27\/69\/\">Certificados, acreditaciones y titulaciones en electromedicina e ingenier\u00eda cl\u00ednica.<\/a><\/li>\n<\/ul>\n<\/li>\n<\/ul>\n<hr \/>\n<ul>\n<li><strong>CURSO DE INTRODUCCI\u00d3N A LA ELECTROMEDICINA. <\/strong>Los materiales contenidos en esta <a href=\"http:\/\/blog.uclm.es\/cesarsanchez\/proyectos\/electromedicina-e-ingenieria-clinica\/curso-introduccion-a-la-electromedicina\/\">secci\u00f3n<\/a> han sido elaborados a partir del <a href=\"https:\/\/ruidera.uclm.es\/xmlui\/bitstream\/handle\/10578\/11914\/TFG-GISAT-Fausto-Laserna-Santiago.pdf?sequence=4\">Trabajo Fin de Grado<\/a> elaborado por el alumno Fausto Laserna Santiago en el curso 2013\/2014 y titulado \u201cANALYSIS AND IMPLEMENTATION OF A VIRTUAL COURSE OF BIOMEDICAL EQUIPMENT SYSTEMS PREVENTIVE MAINTENANCE BY AUTHORING TOOL UDUTU\u201c.<\/li>\n<\/ul>\n<hr \/>\n<ul>\n<li><strong>MATERIAL AUDIOVISUAL CON ENSAYOS Y PROTOCOLOS DE MANTENIMIENTO EN ELECTROMEDICINA.\u00a0<\/strong>Diversos <a href=\"http:\/\/blog.uclm.es\/cesarsanchez\/proyectos\/electromedicina-e-ingenieria-clinica\/materiales-docentes\/\">videos<\/a> relacionados con ensayos\u00a0habituales en el mantenimiento preventivo de equipos y sistemas de electromedicina,<\/li>\n<\/ul>\n<hr \/>\n<div class=\"page\" title=\"Page 3\">\n<\/div>\n","protected":false},"excerpt":{"rendered":"<p>\u00daLTIMA ACTUALIZACI\u00d3N: 17\/10\/2018 En esta secci\u00f3n se recopilan las entradas y p\u00e1ginas de este blog relacionadas con el sector de la tecnolog\u00eda sanitaria, principalmente en el \u00e1rea de formaci\u00f3n. Pretende ser un instrumento de ayuda para profesores y centros que &hellip; <a href=\"https:\/\/blog.uclm.es\/cesarsanchez\/investigacion\/proyectos\/electromedicina-e-ingenieria-clinica\/\">Sigue leyendo <span class=\"meta-nav\">&rarr;<\/span><\/a><\/p>\n","protected":false},"author":33,"featured_media":0,"parent":27,"menu_order":0,"comment_status":"closed","ping_status":"closed","template":"","meta":{"footnotes":""},"class_list":["post-53","page","type-page","status-publish","hentry"],"_links":{"self":[{"href":"https:\/\/blog.uclm.es\/cesarsanchez\/wp-json\/wp\/v2\/pages\/53","targetHints":{"allow":["GET"]}}],"collection":[{"href":"https:\/\/blog.uclm.es\/cesarsanchez\/wp-json\/wp\/v2\/pages"}],"about":[{"href":"https:\/\/blog.uclm.es\/cesarsanchez\/wp-json\/wp\/v2\/types\/page"}],"author":[{"embeddable":true,"href":"https:\/\/blog.uclm.es\/cesarsanchez\/wp-json\/wp\/v2\/users\/33"}],"replies":[{"embeddable":true,"href":"https:\/\/blog.uclm.es\/cesarsanchez\/wp-json\/wp\/v2\/comments?post=53"}],"version-history":[{"count":2,"href":"https:\/\/blog.uclm.es\/cesarsanchez\/wp-json\/wp\/v2\/pages\/53\/revisions"}],"predecessor-version":[{"id":564,"href":"https:\/\/blog.uclm.es\/cesarsanchez\/wp-json\/wp\/v2\/pages\/53\/revisions\/564"}],"up":[{"embeddable":true,"href":"https:\/\/blog.uclm.es\/cesarsanchez\/wp-json\/wp\/v2\/pages\/27"}],"wp:attachment":[{"href":"https:\/\/blog.uclm.es\/cesarsanchez\/wp-json\/wp\/v2\/media?parent=53"}],"curies":[{"name":"wp","href":"https:\/\/api.w.org\/{rel}","templated":true}]}}