{"id":526,"date":"2024-11-24T21:49:12","date_gmt":"2024-11-24T19:49:12","guid":{"rendered":"https:\/\/blog.uclm.es\/cesarsanchez\/?page_id=526"},"modified":"2024-11-24T21:50:26","modified_gmt":"2024-11-24T19:50:26","slug":"ambito-ingenieria-telecomunicacion","status":"publish","type":"page","link":"https:\/\/blog.uclm.es\/cesarsanchez\/transferencia\/ambito-ingenieria-telecomunicacion\/","title":{"rendered":"\u00c1mbito Ingenier\u00eda Telecomunicaci\u00f3n"},"content":{"rendered":"\n<p>TOTAL CAPTACI\u00d3N FONDOS ING. TELECOMUNICACI\u00d3N (1999-2024): 5.611,00 \u20ac<\/p>\n\n\n\n<p>Nombre del proyecto: <strong>GESTI\u00d3N DE COMUNIDAD EN REDES SOCIALES DEL PROYECTO CUART NET 2016 (20 JUL 2010).<\/strong><br>Nombres investigadores principales (IP, Co-IP,\u2026): Jose Antonio Montero Alvarez; Cesar Sanchez Melendez<br>Entidad\/es financiadora\/s: PATRONATO FUNDACI\u00d3N CUENCA 2016 <br>Fecha de inicio: 20\/07\/2010 Duraci\u00f3n: 3 meses &#8211; 2 d\u00edas<br>Cuant\u00eda total: 3.410 \u20ac<\/p>\n\n\n\n<p>Nombre del proyecto: <strong>REALIZACION DEL PROYECTO DE ICT PARA UNA EDIFICACION DE 194 VIVIENDAS<\/strong><br>Nombres investigadores principales (IP, Co-IP,\u2026): Jose Manuel Blas Arnau; Cesar Sanchez Melendez; Samuel Quintana Gomez<br>Fecha de inicio: 01\/07\/2000 Duraci\u00f3n: 1 mes<br>Cuant\u00eda total: 1.299 \u20ac<\/p>\n\n\n\n<p>Nombre del proyecto: <strong>PROYECTO DE SUMINISTRO E INSTALACION NECESARIA PARA LA ADECUACION DE LA SALA PEQUE\u00d1A DEL AUDITORIO DEL MUNICIPIO DE CUENCA COMO SALA DE CONGRESOS Y ADECUACION DE LAS DEPENDENCIAS ADYACENTES AL MISMO<\/strong><br>Nombres investigadores principales (IP, Co-IP,\u2026): Samuel Quintana Gomez; Isabel Gonzalez<br>Rodriguez; Cesar Sanchez Melendez; Jose Antonio Pe\u00f1a Rodriguez<br>Entidad\/es financiadora\/s: EXCMO. AYUNTAMIENTO DE CUENCA <br>Fecha de inicio: 01\/10\/1999 Duraci\u00f3n: 5 meses &#8211; 1 d\u00eda<br>Cuant\u00eda total: 902 \u20ac<\/p>\n","protected":false},"excerpt":{"rendered":"<p>TOTAL CAPTACI\u00d3N FONDOS ING. TELECOMUNICACI\u00d3N (1999-2024): 5.611,00 \u20ac Nombre del proyecto: GESTI\u00d3N DE COMUNIDAD EN REDES SOCIALES DEL PROYECTO CUART NET 2016 (20 JUL 2010).Nombres investigadores principales (IP, Co-IP,\u2026): Jose Antonio Montero Alvarez; Cesar Sanchez MelendezEntidad\/es financiadora\/s: PATRONATO FUNDACI\u00d3N CUENCA &hellip; <a href=\"https:\/\/blog.uclm.es\/cesarsanchez\/transferencia\/ambito-ingenieria-telecomunicacion\/\">Sigue leyendo <span class=\"meta-nav\">&rarr;<\/span><\/a><\/p>\n","protected":false},"author":33,"featured_media":0,"parent":359,"menu_order":0,"comment_status":"closed","ping_status":"closed","template":"","meta":{"footnotes":""},"class_list":["post-526","page","type-page","status-publish","hentry"],"_links":{"self":[{"href":"https:\/\/blog.uclm.es\/cesarsanchez\/wp-json\/wp\/v2\/pages\/526","targetHints":{"allow":["GET"]}}],"collection":[{"href":"https:\/\/blog.uclm.es\/cesarsanchez\/wp-json\/wp\/v2\/pages"}],"about":[{"href":"https:\/\/blog.uclm.es\/cesarsanchez\/wp-json\/wp\/v2\/types\/page"}],"author":[{"embeddable":true,"href":"https:\/\/blog.uclm.es\/cesarsanchez\/wp-json\/wp\/v2\/users\/33"}],"replies":[{"embeddable":true,"href":"https:\/\/blog.uclm.es\/cesarsanchez\/wp-json\/wp\/v2\/comments?post=526"}],"version-history":[{"count":3,"href":"https:\/\/blog.uclm.es\/cesarsanchez\/wp-json\/wp\/v2\/pages\/526\/revisions"}],"predecessor-version":[{"id":530,"href":"https:\/\/blog.uclm.es\/cesarsanchez\/wp-json\/wp\/v2\/pages\/526\/revisions\/530"}],"up":[{"embeddable":true,"href":"https:\/\/blog.uclm.es\/cesarsanchez\/wp-json\/wp\/v2\/pages\/359"}],"wp:attachment":[{"href":"https:\/\/blog.uclm.es\/cesarsanchez\/wp-json\/wp\/v2\/media?parent=526"}],"curies":[{"name":"wp","href":"https:\/\/api.w.org\/{rel}","templated":true}]}}