{"id":519,"date":"2024-11-24T21:37:49","date_gmt":"2024-11-24T19:37:49","guid":{"rendered":"https:\/\/blog.uclm.es\/cesarsanchez\/?page_id=519"},"modified":"2024-11-24T21:44:36","modified_gmt":"2024-11-24T19:44:36","slug":"ambito-emprendimiento","status":"publish","type":"page","link":"https:\/\/blog.uclm.es\/cesarsanchez\/transferencia\/ambito-emprendimiento\/","title":{"rendered":"\u00c1mbito Emprendimiento, Bioeconomia, Reto Demogr\u00e1fico"},"content":{"rendered":"\n<p>TOTAL CAPTACI\u00d3N FONDOS TRANSFERENCIA (2021-2024): 318.125,00 \u20ac<\/p>\n\n\n\n<p>Nombre del proyecto:<strong> Gesti\u00f3n de espacios y actividades de laboratorio de emprendimiento e innovaci\u00f3n en bioeconom\u00eda forestal<\/strong><br>Nombres investigadores principales (IP, Co-IP,\u2026): Cesar Sanchez Melendez; Miguel \u00c1ngel Copete Carre\u00f1o; Jesus Gonzalez Arteaga<br>Entidad\/es financiadora\/s: AYUNTAMIENTO DE CUENCA <br>Fecha de inicio: 01\/03\/2023 Duraci\u00f3n: 10 meses &#8211; 5 d\u00edas<br>Cuant\u00eda total: 250.000 \u20ac<\/p>\n\n\n\n<p>Nombre del proyecto: <strong>C\u00e1tedra Universitaria RETO DEMOGR\u00c1FICO<\/strong><br>Nombres investigadores principales (IP, Co-IP,\u2026): Cesar Sanchez Melendez; Ana Rosa Bodoque Osma; Carmen Vazquez Varela; Jose Antonio Montero Alvarez; Mercedes Avila Frances; Jose Maria Martinez Navarro; Jose Maria Herranz de la Casa<br>Entidad\/es financiadora\/s: EXCMA. DIPUTACION DE CUENCA <br>Fecha de inicio: 07\/11\/2022 Duraci\u00f3n: 12 meses &#8211; 4 d\u00edas<br>Cuant\u00eda total: 40.000 \u20ac<\/p>\n\n\n\n<p>Nombre del proyecto: <strong>Prestaci\u00f3n de servicios de laboratorio e instalaciones para emprendimiento en bioecom\u00eda forestal<\/strong><br>Nombres investigadores principales (IP, Co-IP,\u2026): Jesus Gonzalez Arteaga; Cesar Sanchez Melendez;Miguel angel Copete Carre\u00f1o<br>Entidad\/es financiadora\/s:PATRONATO DE PROMOCI\u00d3N ECON\u00d3MICA<br>(Ayuntamiento de Cuenca)<br>Fecha de inicio: 01\/11\/2022 Duraci\u00f3n: 3 meses &#8211; 1 d\u00eda<br>Cuant\u00eda total: 18.125 \u20ac<\/p>\n\n\n\n<p>Nombre del proyecto: <strong>AULA NOWA-FLM DE INNOVACI\u00d3N ABIERTA PARA EL RETO DEMOGR\u00c1FICO EN LA UNIVERSIDAD DE CASTILLA LA MANCHA<\/strong><br>Nombres investigadores principales (IP, Co-IP,\u2026): Cesar Sanchez Melendez<br>Entidad\/es financiadora\/s: NOWA CITY S.L.U <br>Fecha de inicio: 30\/07\/2021 Duraci\u00f3n: 12 meses &#8211; 4 d\u00edas<br>Cuant\u00eda total: 10.000 \u20ac<\/p>\n","protected":false},"excerpt":{"rendered":"<p>TOTAL CAPTACI\u00d3N FONDOS TRANSFERENCIA (2021-2024): 318.125,00 \u20ac Nombre del proyecto: Gesti\u00f3n de espacios y actividades de laboratorio de emprendimiento e innovaci\u00f3n en bioeconom\u00eda forestalNombres investigadores principales (IP, Co-IP,\u2026): Cesar Sanchez Melendez; Miguel \u00c1ngel Copete Carre\u00f1o; Jesus Gonzalez ArteagaEntidad\/es financiadora\/s: AYUNTAMIENTO &hellip; <a href=\"https:\/\/blog.uclm.es\/cesarsanchez\/transferencia\/ambito-emprendimiento\/\">Sigue leyendo <span class=\"meta-nav\">&rarr;<\/span><\/a><\/p>\n","protected":false},"author":33,"featured_media":0,"parent":359,"menu_order":0,"comment_status":"closed","ping_status":"closed","template":"","meta":{"footnotes":""},"class_list":["post-519","page","type-page","status-publish","hentry"],"_links":{"self":[{"href":"https:\/\/blog.uclm.es\/cesarsanchez\/wp-json\/wp\/v2\/pages\/519","targetHints":{"allow":["GET"]}}],"collection":[{"href":"https:\/\/blog.uclm.es\/cesarsanchez\/wp-json\/wp\/v2\/pages"}],"about":[{"href":"https:\/\/blog.uclm.es\/cesarsanchez\/wp-json\/wp\/v2\/types\/page"}],"author":[{"embeddable":true,"href":"https:\/\/blog.uclm.es\/cesarsanchez\/wp-json\/wp\/v2\/users\/33"}],"replies":[{"embeddable":true,"href":"https:\/\/blog.uclm.es\/cesarsanchez\/wp-json\/wp\/v2\/comments?post=519"}],"version-history":[{"count":4,"href":"https:\/\/blog.uclm.es\/cesarsanchez\/wp-json\/wp\/v2\/pages\/519\/revisions"}],"predecessor-version":[{"id":524,"href":"https:\/\/blog.uclm.es\/cesarsanchez\/wp-json\/wp\/v2\/pages\/519\/revisions\/524"}],"up":[{"embeddable":true,"href":"https:\/\/blog.uclm.es\/cesarsanchez\/wp-json\/wp\/v2\/pages\/359"}],"wp:attachment":[{"href":"https:\/\/blog.uclm.es\/cesarsanchez\/wp-json\/wp\/v2\/media?parent=519"}],"curies":[{"name":"wp","href":"https:\/\/api.w.org\/{rel}","templated":true}]}}