{"id":51,"date":"2017-10-27T12:01:04","date_gmt":"2017-10-27T11:01:04","guid":{"rendered":"http:\/\/blog.uclm.es\/cesarsanchez\/?page_id=51"},"modified":"2024-11-25T19:47:37","modified_gmt":"2024-11-25T17:47:37","slug":"procesado-de-senal-biomedica","status":"publish","type":"page","link":"https:\/\/blog.uclm.es\/cesarsanchez\/investigacion\/proyectos\/procesado-de-senal-biomedica\/","title":{"rendered":"Proyectos de I+D+i"},"content":{"rendered":"\n<p>Colaboraci\u00f3n en proyectos de I+D+i financiados en convocatorias competitivas de Administraciones o entidades p\u00fablicas y privadas. Fondos totales captados (2011-2024): 2.998.403,00 \u20ac<\/p>\n\n\n\n<p>Nombre del proyecto: <strong>UFIL Cuenca Urban Forest Innovation Lab<\/strong><br>\u00c1mbito geogr\u00e1fico: Nacional<br>Nombres investigadores principales (IP, Co-IP,\u2026): Cesar Sanchez Melendez                  Entidad\/es financiadora\/s: Fundaci\u00f3n Biodiversidad, Ministerio para la Transici\u00f3n Ecol\u00f3gica y el Reto Demogr\u00e1fico<br>Fecha de inicio: 01\/02\/2024 Duraci\u00f3n: 1 a\u00f1o &#8211; 10 meses &#8211; 3 d\u00edas<br>Cuant\u00eda total: 639.454,31 \u20ac<\/p>\n\n\n\n<p>Nombre del proyecto: <strong>Soluci\u00f3n Digital Innovadora para Transformar y Mejorar la Insuficiente Gesti\u00f3n Actual de Pacientes con Ictus Criptog\u00e9nico<\/strong><br>\u00c1mbito geogr\u00e1fico: Nacional<br>Entidad de realizaci\u00f3n: UCLM<br>Nombres investigadores principales (IP, Co-IP,\u2026): Raul Alcaraz Martinez; Arturo Martinez Rodrigo; Cesar Sanchez Melendez; Juan Rodenas Garcia; Manuel Garcia Teruel; Miguel angel Lopez Guerrero; Miguel Martinez Iniesta; Roberto Zangroniz Cantabrana; Jose Manuel Pastor Garcia<br>Entidad\/es financiadora\/s: Proyecto TED2021-130935B-100 financiado por MCIN\/AEI\/10.13039\/501100011033 y por la Uni\u00f3n Europea NextGenertionEU\/PRTR<br>Fecha de inicio: 01\/12\/2022 Duraci\u00f3n: 2 a\u00f1os<br>Cuant\u00eda total: 263.350 \u20ac<\/p>\n\n\n\n<p>Nombre del proyecto: <strong>Effectiveness of the MOVI-Steps and MOVI-Up interventions on improving physical and mental health in the university students from Castilla-La Mancha, Spain<\/strong><br>\u00c1mbito geogr\u00e1fico: Auton\u00f3mica<br>Nombres investigadores principales (IP, Co-IP,\u2026): Vicente Jose Anastasio Martinez Vizcaino; Roberto Zangroniz Cantabrana; Mairena Sanchez Lopez; Abel Ruiz de la Hermosa Fernandez Infante; Maria Eugenia Visier Alfonso; Irene Sequi Dominguez; Sergio Nu\u00f1ez de Arenas Arroyo; Eva Rodriguez Gutierrez; Cesar Sanchez Melendez; Shkelzen Cekrezi Cekrezi<br>Fecha de inicio: 01\/09\/2022 Duraci\u00f3n: 3 a\u00f1os<br>Cuant\u00eda total: 114.176,72 \u20ac<\/p>\n\n\n\n<p>Nombre del proyecto: <strong>Detecci\u00f3n Precoz de Arritmias Cardiacas Mediante Inteligencia Artificial para Mejorar la Prevenci\u00f3n Secundaria del Ictus Criptog\u00e9nico<\/strong><br>\u00c1mbito geogr\u00e1fico: Nacional<br>Entidad de realizaci\u00f3n: UCLM<br>Nombres investigadores principales (IP, Co-IP,\u2026): Raul Alcaraz Martinez; Cesar Sanchez Melendez; Juan Rodenas Garcia; Manuel Garcia Teruel; Miguel Martinez Iniesta; Roberto Zangroniz Cantabrana; Jose Manuel Pastor Garcia; Arturo Martinez Rodrigo<br>Entidad\/es financiadora\/s: Ministerio de Ciencia e Innovaci\u00f3n, PID2021-128525OB-I00<br>Fecha de inicio: 01\/09\/2022 Duraci\u00f3n: 3 a\u00f1os<br>Cuant\u00eda total: 225.907 \u20ac<\/p>\n\n\n\n<p>Nombre del proyecto: <strong>URBAN FOREST INNOVATION LAB<\/strong><br>\u00c1mbito geogr\u00e1fico: Uni\u00f3n Europea<br>Nombres investigadores principales (IP, Co-IP,\u2026): Vicente Navarro Gamir; Ana Maria Molina Casanova; Angel Suarez Herranz; Carmen Vazquez Varela; Cesar Sanchez Melendez; Concepcion Fabeiro Cortes; Francisco Antonio Garcia Morote et al<br>Entidad\/es financiadora\/s: EUROPEAN ECONOMIC AND SOCIAL COMMITTEE<br>Tipo de entidad: Organismo, Otros<br>Fecha de inicio: 01\/01\/2019 Duraci\u00f3n: 3 a\u00f1os<br>Cuant\u00eda total: 986.000,00 \u20ac<\/p>\n\n\n\n<p>Nombre del proyecto: <strong>CARACTERIZACI\u00d3N DEL SUSTRATO AURICULAR MEDIANTE AN\u00c1LISIS DE SE\u00d1AL COMO HERRAMIENTA DE ASISTENCIA PROCEDIMENTAL EN ABLACI\u00d3N POR CAT\u00c9TER DE FIBRILACI\u00d3N AURICULAR<\/strong><br>\u00c1mbito geogr\u00e1fico: Auton\u00f3mica<br>Nombres investigadores principales (IP, Co-IP,\u2026): Raul Alcaraz Martinez; Cesar Sanchez Melendez; Juan Rodenas Garcia; Manuel Garcia Teruel; Miguel Martinez Iniesta; Roberto Zangroniz Cantabrana; Jose Manuel Pastor Garcia; Victor Manuel Hidalgo Olivares<br>Entidad\/es financiadora\/s: CONSEJER\u00cdA DE EDUCACI\u00d3N, CULTURA Y<br>DEPORTES<br>Fecha de inicio: 01\/09\/2018 Duraci\u00f3n: 3 a\u00f1os<br>Cuant\u00eda total: 139.954 \u20ac<\/p>\n\n\n\n<p>Nombre del proyecto: <strong>ENTORNOS INTELIGENTES CONTROLADOS POR RESPUESTAS<br>FISIOLOGICAS, PERCEPTUALES Y CONDUCTUALES ANTE EXPERIENCIAS EMOCIONALES (DPI2016-80894-R)<\/strong><br>\u00c1mbito geogr\u00e1fico: Nacional<br>Entidad de realizaci\u00f3n: UNIVERSIDAD CASTILLA-LA MANCHA<br>Nombres investigadores principales (IP, Co-IP,\u2026): Antonio Fernandez Caballero; Cesar Sanchez Melendez; Joaquin Fuentes del Burgo; Jose Miguel Latorre Postigo; Jose Pascual Molina Masso; Maria Teresa Lopez Bonal; Roberto Zangroniz Cantabrana; Juan Pedro Serrano Selva; Jose Valeriano Moncho Bogani; Jose Manuel Pastor Garcia; Laura Ros Segura; Jorge Javier Ricarte Trives<br>Entidad\/es financiadora\/s: AGENCIA ESTATAL DE INVESTIGACI\u00d3N; FEDER <br>Fecha de inicio: 30\/12\/2016 Duraci\u00f3n: 2 a\u00f1os &#8211; 12 meses &#8211; 4 d\u00edas<br>Cuant\u00eda total: 172.000 \u20ac<\/p>\n\n\n\n<p>Nombre del proyecto: <strong>ANALISIS DE REGISTROS INTRACADIACOS PARA PREDICIR EL EXITO DE LA ABLACION EN PACIENTES<\/strong><br>\u00c1mbito geogr\u00e1fico: Auton\u00f3mica<br>Nombres investigadores principales (IP, Co-IP,\u2026): Raquel Cervigon Abad; Cesar Sanchez Melendez; Jorge Mateo Sotos<br>Entidad\/es financiadora\/s: Consejer\u00eda de Educaci\u00f3n y Ciencia. Junta de Comunidades de Castilla-La Mancha<br>Fecha de inicio: 27\/09\/2014 Duraci\u00f3n: 2 a\u00f1os<br>Cuant\u00eda total: 130.682 \u20ac<\/p>\n\n\n\n<p>Nombre del proyecto: <strong>AN\u00c1LISIS NO LINEAL APLICADO A LA ESTIMACI\u00d3N AVANZADA DE ORGANIZACI\u00d3N COMO HERRAMIENTA DE MEJORA DIAGN\u00d3STICA Y TERAP\u00c9UTICA EN FIBRILACI\u00d3N AURICULAR<\/strong><br>\u00c1mbito geogr\u00e1fico: Auton\u00f3mica<br>Entidad de realizaci\u00f3n: Universidad de Castilla-La Mancha, Universidad Polit\u00e9cnica de Valencia, Hospital General Universitario de Valencia<br>Nombres investigadores principales (IP, Co-IP,\u2026): Raul Alcaraz Martinez; Jose Joaquin Rieta Iba\u00f1ez; Jorge Mateo Sotos; Cesar Sanchez Melendez; Arturo Martinez Rodrigo; Juan Rodenas Garcia; Jose Maria Lopez Valles; Fernando Hornero Sos<br>Entidad\/es financiadora\/s: Consejer\u00eda de Educaci\u00f3n y Ciencia. Junta de Comunidades de Castilla-La Mancha<br>Fecha de inicio: 01\/09\/2014 Duraci\u00f3n: 2 a\u00f1os<br>Cuant\u00eda total: 115.000 \u20ac<\/p>\n\n\n\n<p>Nombre del proyecto: <strong>INTELIGENCIA AMBIENTAL Y ROBOTICA EMOCIONAL PARA LA MEJORA DE LA CALIDAD DE VIDA Y CUIDADO DEL ANCIANO MEDIANTE LA REGULACION INTELIGENTE DE LAS EMOCIONES (TIN2013-47074-C2-1)<\/strong><br>\u00c1mbito geogr\u00e1fico: Nacional<br>Entidad de realizaci\u00f3n: UCLM: INSTITUTO DE INVESTIGACION EN INFORMATICA (I3A), INSTITUTO DE INVESTIGACION EN DISCAPACIDADES NEUROLOGICAS (IDINE)<br>Nombres investigadores principales (IP, Co-IP,\u2026): Antonio Fernandez Caballero; Jose Miguel Latorre Postigo; Juan Pedro Serrano Selva; Laura Ros Segura; Maria Teresa Lopez Bonal; Jose Manuel Pastor Garcia; Jose Maria Lopez Valles; Jose Manuel Blas Arnau; Roberto Zangroniz Cantabrana; Samuel Quintana Gomez; Cesar Sanchez Melendez; Jose Valeriano Moncho Bogani; Jose Pascual Molina Masso; Jorge Javier Ricarte Trives<br>Entidad\/es financiadora\/s: MINISTERIO DE ECONOMIA Y COMPETITIVIDAD; FEDER<br>Fecha de inicio: 01\/01\/2014 Duraci\u00f3n: 3 a\u00f1os<br>Cuant\u00eda total: 121.879 \u20ac<\/p>\n\n\n\n<p>Nombre del proyecto: <strong>An\u00e1lisis de registros intracardiacos para predecir el \u00e9xito de la ablaci\u00f3n en pacientes con fibrilaci\u00f3n auricular<\/strong><br>\u00c1mbito geogr\u00e1fico: Auton\u00f3mica<br>Entidad de realizaci\u00f3n: Universidad de Castilla-La Mancha Universidad Polit\u00e9cnica de Valencia Hospital Cl\u00ednico San Carlos<br>Nombres investigadores principales (IP, Co-IP,\u2026): Raquel Cervigon Abad; Jose Millet Roig; Francisco Castells Ramon; Cesar Sanchez Melendez; Jorge Mateo Sotos; Javier Moreno; Julian Perez-Villacastin<br>Entidad\/es financiadora\/s: Consejer\u00eda de Educaci\u00f3n, Ciencia y Cultura. Junta de<br>Comunidades de Castilla-La Mancha<br>Fecha de inicio: 01\/09\/2011 Duraci\u00f3n: 2 a\u00f1os<br>Cuant\u00eda total: 90.000 \u20ac<\/p>\n\n\n\n<p><\/p>\n","protected":false},"excerpt":{"rendered":"<p>Colaboraci\u00f3n en proyectos de I+D+i financiados en convocatorias competitivas de Administraciones o entidades p\u00fablicas y privadas. Fondos totales captados (2011-2024): 2.998.403,00 \u20ac Nombre del proyecto: UFIL Cuenca Urban Forest Innovation Lab\u00c1mbito geogr\u00e1fico: NacionalNombres investigadores principales (IP, Co-IP,\u2026): Cesar Sanchez Melendez &hellip; <a href=\"https:\/\/blog.uclm.es\/cesarsanchez\/investigacion\/proyectos\/procesado-de-senal-biomedica\/\">Sigue leyendo <span class=\"meta-nav\">&rarr;<\/span><\/a><\/p>\n","protected":false},"author":33,"featured_media":0,"parent":27,"menu_order":0,"comment_status":"closed","ping_status":"closed","template":"","meta":{"footnotes":""},"class_list":["post-51","page","type-page","status-publish","hentry"],"_links":{"self":[{"href":"https:\/\/blog.uclm.es\/cesarsanchez\/wp-json\/wp\/v2\/pages\/51","targetHints":{"allow":["GET"]}}],"collection":[{"href":"https:\/\/blog.uclm.es\/cesarsanchez\/wp-json\/wp\/v2\/pages"}],"about":[{"href":"https:\/\/blog.uclm.es\/cesarsanchez\/wp-json\/wp\/v2\/types\/page"}],"author":[{"embeddable":true,"href":"https:\/\/blog.uclm.es\/cesarsanchez\/wp-json\/wp\/v2\/users\/33"}],"replies":[{"embeddable":true,"href":"https:\/\/blog.uclm.es\/cesarsanchez\/wp-json\/wp\/v2\/comments?post=51"}],"version-history":[{"count":9,"href":"https:\/\/blog.uclm.es\/cesarsanchez\/wp-json\/wp\/v2\/pages\/51\/revisions"}],"predecessor-version":[{"id":565,"href":"https:\/\/blog.uclm.es\/cesarsanchez\/wp-json\/wp\/v2\/pages\/51\/revisions\/565"}],"up":[{"embeddable":true,"href":"https:\/\/blog.uclm.es\/cesarsanchez\/wp-json\/wp\/v2\/pages\/27"}],"wp:attachment":[{"href":"https:\/\/blog.uclm.es\/cesarsanchez\/wp-json\/wp\/v2\/media?parent=51"}],"curies":[{"name":"wp","href":"https:\/\/api.w.org\/{rel}","templated":true}]}}