{"id":509,"date":"2024-11-24T21:32:14","date_gmt":"2024-11-24T19:32:14","guid":{"rendered":"https:\/\/blog.uclm.es\/cesarsanchez\/?page_id=509"},"modified":"2024-11-24T21:35:58","modified_gmt":"2024-11-24T19:35:58","slug":"ambito-ingenieria-biomedica","status":"publish","type":"page","link":"https:\/\/blog.uclm.es\/cesarsanchez\/transferencia\/ambito-ingenieria-biomedica\/","title":{"rendered":"\u00c1mbito Ingenier\u00eda Biom\u00e9dica"},"content":{"rendered":"\n<p>TOTAL CAPTACI\u00d3N FONDOS \u00c1MBITO INGENIER\u00cdA BIOM\u00c9DICA (2000-2024): 275.471,86 \u20ac<\/p>\n\n\n\n<p>Nombre del proyecto: <strong>PREDICCI\u00d3N DEL RIESGO DE FIBRILACI\u00d3N ARICULAR PAROX\u00cdSTICA TRAS ICTUS CRIPT\u00d3GNICO<\/strong><br>Nombres investigadores principales (IP, Co-IP,\u2026): Raul Alcaraz Martinez; Cesar Sanchez Melendez;Juan Rodenas Garcia; Manuel Garcia Teruel; Miguel Martinez Iniesta; Roberto Zangroniz Cantabrana; Jose Manuel Pastor Garcia; Oscar Ayo Martin; Arturo Martinez Rodrigo; Pilar Escribano Cano<br>Entidad\/es financiadora\/s: EMPRESA DAIICHI SANKYO SAU <br>Fecha de inicio: 25\/02\/2022 Duraci\u00f3n: 3 a\u00f1os<br>Cuant\u00eda total: 241.871,86 \u20ac<\/p>\n\n\n\n<p>Nombre del proyecto: <strong>Trabajo de I+D+i sobre longevidad en fase de demostraci\u00f3n titulado \u201c106_BIOMARK-FE-AGE_Biomarcadores para estudiar la influencia de la conexi\u00f3n social en la salud fisiol\u00f3gica y psicol\u00f3gica de los mayores\u201d<\/strong><br>Nombres investigadores principales (IP, Co-IP,\u2026): Raquel Cervigon Abad; Cesar Sanchez Melendez; Santiago Yubero Jimenez<br>Entidad\/es financiadora\/s: FUNDACI\u00d3N CSIC <br>Fecha de inicio: 22\/10\/2020 Duraci\u00f3n: 9 d\u00edas<br>Cuant\u00eda total: 24.000 \u20ac<\/p>\n\n\n\n<p>Nombre del proyecto: <strong>Dise\u00f1o de un sistema no invasivo de an\u00e1lisis frecuencial y tiempo-frecuencia de la onda de fibrilaci\u00f3n auricular. Implicaciones para su implantaci\u00f3n en un marcapasos bicameral y desfibrilado implantable<\/strong><br>Nombres investigadores principales (IP, Co-IP,\u2026): Jose Millet Roig; Antonio Cebrian Ferriols; Antonio Mocholi Salcedo; Ricardo Ruiz; Jose Joaquin Rieta Iba\u00f1ez; Diego Ramon Garcia; Cesar Sanchez Melendez<br>Entidad\/es financiadora\/s: NEUROCOR <br>Fecha de inicio: 01\/01\/2000 Duraci\u00f3n: 3 a\u00f1o                                                                     Cuant\u00eda total: 9.600 \u20ac<\/p>\n","protected":false},"excerpt":{"rendered":"<p>TOTAL CAPTACI\u00d3N FONDOS \u00c1MBITO INGENIER\u00cdA BIOM\u00c9DICA (2000-2024): 275.471,86 \u20ac Nombre del proyecto: PREDICCI\u00d3N DEL RIESGO DE FIBRILACI\u00d3N ARICULAR PAROX\u00cdSTICA TRAS ICTUS CRIPT\u00d3GNICONombres investigadores principales (IP, Co-IP,\u2026): Raul Alcaraz Martinez; Cesar Sanchez Melendez;Juan Rodenas Garcia; Manuel Garcia Teruel; Miguel Martinez Iniesta; &hellip; <a href=\"https:\/\/blog.uclm.es\/cesarsanchez\/transferencia\/ambito-ingenieria-biomedica\/\">Sigue leyendo <span class=\"meta-nav\">&rarr;<\/span><\/a><\/p>\n","protected":false},"author":33,"featured_media":0,"parent":359,"menu_order":0,"comment_status":"closed","ping_status":"closed","template":"","meta":{"footnotes":""},"class_list":["post-509","page","type-page","status-publish","hentry"],"_links":{"self":[{"href":"https:\/\/blog.uclm.es\/cesarsanchez\/wp-json\/wp\/v2\/pages\/509","targetHints":{"allow":["GET"]}}],"collection":[{"href":"https:\/\/blog.uclm.es\/cesarsanchez\/wp-json\/wp\/v2\/pages"}],"about":[{"href":"https:\/\/blog.uclm.es\/cesarsanchez\/wp-json\/wp\/v2\/types\/page"}],"author":[{"embeddable":true,"href":"https:\/\/blog.uclm.es\/cesarsanchez\/wp-json\/wp\/v2\/users\/33"}],"replies":[{"embeddable":true,"href":"https:\/\/blog.uclm.es\/cesarsanchez\/wp-json\/wp\/v2\/comments?post=509"}],"version-history":[{"count":5,"href":"https:\/\/blog.uclm.es\/cesarsanchez\/wp-json\/wp\/v2\/pages\/509\/revisions"}],"predecessor-version":[{"id":515,"href":"https:\/\/blog.uclm.es\/cesarsanchez\/wp-json\/wp\/v2\/pages\/509\/revisions\/515"}],"up":[{"embeddable":true,"href":"https:\/\/blog.uclm.es\/cesarsanchez\/wp-json\/wp\/v2\/pages\/359"}],"wp:attachment":[{"href":"https:\/\/blog.uclm.es\/cesarsanchez\/wp-json\/wp\/v2\/media?parent=509"}],"curies":[{"name":"wp","href":"https:\/\/api.w.org\/{rel}","templated":true}]}}