{"id":490,"date":"2024-11-22T09:49:17","date_gmt":"2024-11-22T07:49:17","guid":{"rendered":"https:\/\/blog.uclm.es\/cesarsanchez\/?page_id=490"},"modified":"2024-11-24T22:02:15","modified_gmt":"2024-11-24T20:02:15","slug":"ambito-formacion-electromedicina","status":"publish","type":"page","link":"https:\/\/blog.uclm.es\/cesarsanchez\/transferencia\/ambito-formacion-electromedicina\/","title":{"rendered":"\u00c1mbito Formaci\u00f3n (electromedicina)"},"content":{"rendered":"\n<p>TOTAL CAPTACI\u00d3N FONDOS \u00c1MBITO FORMACI\u00d3N (2012-2024): 133.377,92 \u20ac <\/p>\n\n\n\n<p>Nombre del proyecto: <strong>Impartici\u00f3n en modalidad dual, durante el curso escolar 2023\/2024, del ciclo formativo de grado superior de \u201cElectromedicina Cl\u00ednica\u201d<\/strong><br>Nombres investigadores principales (IP, Co-IP,\u2026): Jose Manuel Blas Arnau; Cesar Sanchez Melendez; Isabel Gonzalez Rodriguez; Roberto Zangroniz Cantabrana; Raquel Cervigon Abad; Raul Alcaraz Martinez; Arturo Martinez Rodrigo<br>Entidad\/es financiadora\/s: CONSEJER\u00cdA DE EDUCACI\u00d3N Y CIENCIA  (COMUNIDAD CASTILLA LA MANCHA)<br>Fecha de inicio: 01\/09\/2023 Duraci\u00f3n: 1 a\u00f1o &#8211; 1 mes<br>Cuant\u00eda total: 18.888,75 \u20ac<\/p>\n\n\n\n<p>Nombre del proyecto: <strong>Impartici\u00f3n en modalidad dual, durante el curso escolar 2022\/2023, del ciclo formativo de grado superior de \u201cElectromedicina Cl\u00ednica\u201d<\/strong><br>Nombres investigadores principales (IP, Co-IP,\u2026): Jose Manuel Blas Arnau; Cesar Sanchez Melendez; Roberto Zangroniz Cantabrana; Raquel Cervigon Abad; Raul Alcaraz Martinez; Arturo Martinez Rodrigo<br>Entidad\/es financiadora\/s:CONSEJER\u00cdA DE EDUCACI\u00d3N, CULTURA Y<br>DEPORTES (COMUNIDAD CASTILLA LA MANCHA)<br>Fecha de inicio: 01\/09\/2022 Duraci\u00f3n: 12 meses &#8211; 4 d\u00edas<br>Cuant\u00eda total: 18.888,75 \u20ac<\/p>\n\n\n\n<p>Nombre del proyecto:<strong> Impartici\u00f3n de actividad formativa ELE0422CL\u2013 Introducci\u00f3n a la Electromedicina<\/strong><br>Nombres investigadores principales (IP, Co-IP,\u2026): Raul Alcaraz Martinez; Cesar Sanchez Melendez<br>Entidad\/es financiadora\/s:CONSEJER\u00cdA EDUCACION COMUNIDAD CASTILLA Y L\u00c9ON<br>Fecha de inicio: 12\/05\/2022 Duraci\u00f3n: 1 mes &#8211; 27 d\u00edas<br>Cuant\u00eda total: 5.417,17 \u20ac<\/p>\n\n\n\n<p>Nombre del proyecto: <strong>IMPARTICI\u00d3N EN MODO DUAL DEL CICLO DE GRADO SUPERIOR DE ELECTROMEDICINA CL\u00cdNICA<\/strong><br>Nombres investigadores principales (IP, Co-IP,\u2026): Jose Manuel Blas Arnau; Cesar Sanchez Melendez; Roberto Zangroniz Cantabrana; Samuel Quintana Gomez; Raquel Cervigon Abad; Raul Alcaraz Martinez; Arturo Martinez Rodrigo<br>Entidad\/es financiadora\/s:  CONSEJER\u00cdA DE EDUCACI\u00d3N Y CIENCIA (COMUNIDAD CASTILLA-LA MANCHA)<br>Fecha de inicio: 09\/02\/2021 Duraci\u00f3n: 6 meses &#8211; 23 d\u00edas<br>Cuant\u00eda total: 47.868,75 \u20ac<\/p>\n\n\n\n<p>Nombre del proyecto: <strong>IMPARTICI\u00d3N MODALIDAD DUAL, DURANTE EL CURSO 2019\/2020 DEL CICLO FORMATIVO DE GRADO SUPERIOR DE \u00abELECTROMEDICINA CL\u00cdNICA\u00bb<\/strong><br>Nombres investigadores principales (IP, Co-IP,\u2026): Jose Manuel Blas Arnau; Cesar Sanchez Melendez; Roberto Zangroniz Cantabrana; Samuel Quintana Gomez; Raquel Cervigon Abad; Arturo Martinez Rodrigo<br>Entidad\/es financiadora\/s: CONSEJER\u00cdA DE EDUCACI\u00d3N, CULTURA Y DEPORTES (CASTILLA LA MANCHA)<br>Fecha de inicio: 08\/01\/2020 Duraci\u00f3n: 7 meses &#8211; 26 d\u00edas<br>Cuant\u00eda total: 18.888,75 \u20ac<\/p>\n\n\n\n<p>Nombre del proyecto: <strong>CONVENIO ESPEC\u00cdFICO DE COLABORACI\u00d3N ENTRE LA CONSEJER\u00cdA DE EDUCACI\u00d3N,CULTURA Y DEPORTES, LA UCLM Y EL SESCAM, PARA LA IMPARTICI\u00d3N EN MODALIDAD DUAL , CURSO 2017\/2918 DEL CICLO DE GRADO FORMATIVO DE GRADO SUPERIOR \u00abELECTROMEDICINA CL\u00cdNICA\u00bb<\/strong><br>Nombres investigadores principales (IP, Co-IP,\u2026): Jose Manuel Blas Arnau; Cesar Sanchez Melendez; Joaquin Fuentes del Burgo; Roberto Zangroniz Cantabrana; Samuel Quintana Gomez; Raquel Cervigon Abad; Raul Alcaraz Martinez; Arturo Martinez Rodrigo<br>Entidad\/es financiadora\/s CONSEJER\u00cdA DE EDUCACI\u00d3N, CULTURA Y DEPORTES (CASTILLA LA MANCHA)<br>Fecha de inicio: 01\/09\/2017 Duraci\u00f3n: 12 meses &#8211; 4 d\u00edas<br>Cuant\u00eda total: 20.613,75 \u20ac<\/p>\n\n\n\n<p>Nombre del proyecto: <strong>CONVENIO DE COLABORACI\u00d3N ENTRE LA CONSEJERIA DE EDUCACI\u00d3N CULTURA Y DEPORTES DE LA JCCM, LA UCLM Y EL SESCAM, PARA LA IMPARTICI\u00d3N EN LA MODALIDAD DUAL, CURSO 2016\/2017, DEL CICLO FORMATIVO DE GRADO SUPERIOR DE \u00abELECTROMEDICINA CL\u00cdNICA\u00bb<\/strong><br>Nombres investigadores principales (IP, Co-IP,\u2026): Cesar Sanchez Melendez; Joaquin Fuentes del<br>Burgo; Roberto Zangroniz Cantabrana; Samuel Quintana Gomez; Raul Alcaraz Martinez<br>Entidad\/es financiadora\/s: CONSEJER\u00cdA DE EDUCACI\u00d3N, CULTURA Y DEPORTES (CASTILLA LA MANCHA)<br>Fecha de inicio: 01\/09\/2016 Duraci\u00f3n: 12 meses &#8211; 4 d\u00edas<br>Cuant\u00eda total: 18.285 \u20ac<\/p>\n\n\n\n<p>Nombre del proyecto: <strong>Generaci\u00f3n del material docente audiovisual relativo a la puesta en marcha y mantenimiento de equipamiento electrom\u00e9dico<\/strong><br>Nombres investigadores principales (IP, Co-IP,\u2026): Cesar Sanchez Melendez; Raul Alcaraz Martinez<br>Entidad\/es financiadora\/s: SOCIEDAD ESPA\u00d1OLA DE ELECTROMEDICINA E INGENIER\u00cdA CL\u00cdNICA<br>Fecha de inicio: 01\/08\/2012 Duraci\u00f3n: 2 meses &#8211; 10 d\u00edas<br>Cuant\u00eda total: 5.375 \u20ac<\/p>\n\n\n\n<p>Nombre del proyecto: <strong>PUESTA EN MARCHA DE PLATAFORMA DE ENSE\u00d1ANZA VIRTUAL Y DISE\u00d1O DE PORTAL WEB PARA LA DIFUSI\u00d3N DE LA FORMACI\u00d3N EN ELECTROMEDICINA Y TECNOLOG\u00cdA M\u00c9DICA (25 JUL 2012).<\/strong><br>Nombres investigadores principales (IP, Co-IP,\u2026): Raul Alcaraz Martinez; Cesar Sanchez Melendez<br>Entidad\/es financiadora\/s: SOCIEDAD ESPA\u00d1OLA DE ELECTROMEDICINA E INGENIER\u00cdA CL\u00cdNICA<br>Fecha de inicio: 07\/07\/2012 Duraci\u00f3n: 3 meses &#8211; 5 d\u00edas<br>Cuant\u00eda total: 9.152 \u20ac<\/p>\n\n\n\n<figure class=\"wp-block-image size-large\"><img loading=\"lazy\" decoding=\"async\" width=\"1024\" height=\"763\" src=\"https:\/\/blog.uclm.es\/cesarsanchez\/wp-content\/uploads\/sites\/62\/2024\/11\/20100513_laborat_electromedicinacu-1024x763.jpg\" alt=\"\" class=\"wp-image-541\" srcset=\"https:\/\/blog.uclm.es\/cesarsanchez\/wp-content\/uploads\/sites\/62\/2024\/11\/20100513_laborat_electromedicinacu-1024x763.jpg 1024w, https:\/\/blog.uclm.es\/cesarsanchez\/wp-content\/uploads\/sites\/62\/2024\/11\/20100513_laborat_electromedicinacu-300x223.jpg 300w, https:\/\/blog.uclm.es\/cesarsanchez\/wp-content\/uploads\/sites\/62\/2024\/11\/20100513_laborat_electromedicinacu-768x572.jpg 768w, https:\/\/blog.uclm.es\/cesarsanchez\/wp-content\/uploads\/sites\/62\/2024\/11\/20100513_laborat_electromedicinacu-403x300.jpg 403w, https:\/\/blog.uclm.es\/cesarsanchez\/wp-content\/uploads\/sites\/62\/2024\/11\/20100513_laborat_electromedicinacu.jpg 1101w\" sizes=\"auto, (max-width: 1024px) 100vw, 1024px\" \/><\/figure>\n","protected":false},"excerpt":{"rendered":"<p>TOTAL CAPTACI\u00d3N FONDOS \u00c1MBITO FORMACI\u00d3N (2012-2024): 133.377,92 \u20ac Nombre del proyecto: Impartici\u00f3n en modalidad dual, durante el curso escolar 2023\/2024, del ciclo formativo de grado superior de \u201cElectromedicina Cl\u00ednica\u201dNombres investigadores principales (IP, Co-IP,\u2026): Jose Manuel Blas Arnau; Cesar Sanchez Melendez; &hellip; <a href=\"https:\/\/blog.uclm.es\/cesarsanchez\/transferencia\/ambito-formacion-electromedicina\/\">Sigue leyendo <span class=\"meta-nav\">&rarr;<\/span><\/a><\/p>\n","protected":false},"author":33,"featured_media":0,"parent":359,"menu_order":0,"comment_status":"closed","ping_status":"closed","template":"","meta":{"footnotes":""},"class_list":["post-490","page","type-page","status-publish","hentry"],"_links":{"self":[{"href":"https:\/\/blog.uclm.es\/cesarsanchez\/wp-json\/wp\/v2\/pages\/490","targetHints":{"allow":["GET"]}}],"collection":[{"href":"https:\/\/blog.uclm.es\/cesarsanchez\/wp-json\/wp\/v2\/pages"}],"about":[{"href":"https:\/\/blog.uclm.es\/cesarsanchez\/wp-json\/wp\/v2\/types\/page"}],"author":[{"embeddable":true,"href":"https:\/\/blog.uclm.es\/cesarsanchez\/wp-json\/wp\/v2\/users\/33"}],"replies":[{"embeddable":true,"href":"https:\/\/blog.uclm.es\/cesarsanchez\/wp-json\/wp\/v2\/comments?post=490"}],"version-history":[{"count":7,"href":"https:\/\/blog.uclm.es\/cesarsanchez\/wp-json\/wp\/v2\/pages\/490\/revisions"}],"predecessor-version":[{"id":542,"href":"https:\/\/blog.uclm.es\/cesarsanchez\/wp-json\/wp\/v2\/pages\/490\/revisions\/542"}],"up":[{"embeddable":true,"href":"https:\/\/blog.uclm.es\/cesarsanchez\/wp-json\/wp\/v2\/pages\/359"}],"wp:attachment":[{"href":"https:\/\/blog.uclm.es\/cesarsanchez\/wp-json\/wp\/v2\/media?parent=490"}],"curies":[{"name":"wp","href":"https:\/\/api.w.org\/{rel}","templated":true}]}}