{"id":366,"date":"2024-11-18T15:18:39","date_gmt":"2024-11-18T13:18:39","guid":{"rendered":"https:\/\/blog.uclm.es\/cesarsanchez\/?page_id=366"},"modified":"2025-01-25T14:43:40","modified_gmt":"2025-01-25T12:43:40","slug":"medios","status":"publish","type":"page","link":"https:\/\/blog.uclm.es\/cesarsanchez\/medios\/","title":{"rendered":"Medios"},"content":{"rendered":"\n<p>A continuaci\u00f3n, te facilito algunas de mis apariciones en medios de comunicaci\u00f3n o distinciones recibidas m\u00e1s destacadas:<\/p>\n\n\n\n<figure class=\"wp-block-table is-style-stripes\"><table class=\"has-fixed-layout\"><tbody><tr><td><strong>Fecha<\/strong><\/td><td><strong>Tema<\/strong><\/td><td><strong>Medio<\/strong><\/td><\/tr><tr><td>19\/05\/2024<\/td><td>Premio Impulso a las Telecomunicaciones \u2018Personalidad del A\u00f1o\u2019<\/td><td><a href=\"https:\/\/www.vocesdecuenca.com\/culturayvida\/cesar-sanchez-galardonado-en-los-premios-impulso-a-las-telecomunicaciones-como-personalidad-del-ano\/\" target=\"_blank\" rel=\"noreferrer noopener\">Voces de Cuenca<\/a><\/td><\/tr><tr><td>18\/07\/2023<\/td><td>Top100 2023 de L\u00edderes Innovadores<\/td><td><a href=\"https:\/\/www.europapress.es\/castilla-lamancha\/noticia-profesor-uclm-cesar-sanchez-melendez-entra-ranking-top100-2023-lideres-innovadores-20230718184009.html\" target=\"_blank\" rel=\"noreferrer noopener\">EuropaPress<\/a><\/td><\/tr><tr><td>30\/01\/2020<\/td><td>Presentaci\u00f3n Proyecto UFIL en el Foro de las Ciudades (Oporto 2020)<\/td><td><a href=\"https:\/\/www.latribunadecuenca.es\/noticia\/za7e4bfbe-acf8-dfc5-1051a9be38997bc4\/202001\/cuenca-participa-en-el-foro-de-las-ciudades-2020-en-oporto\">La Tribuna<\/a><\/td><\/tr><tr><td>13\/12\/2019<\/td><td>Presentaci\u00f3n Proyecto UFIL en Invest in Cities (Madrid 2019)<\/td><td><a href=\"https:\/\/www.cuencanews.es\/noticia\/70358\/cuenca\/el-proyecto-urban-forest-se-presenta-en-el-foro-invest-in-cities-como-avance-en-los-objetivos-de-desarrollo-sostenible.html\">Cuencanews<\/a><\/td><\/tr><tr><td>06\/07\/2015<\/td><td>Premio al Fomento de la Excelencia de la Tecnolog\u00eda Sanitaria en Espa\u00f1a<\/td><td><a href=\"https:\/\/www.infosalus.com\/actualidad\/noticia-seeic-entrega-premios-fomento-excelencia-tecnologia-sanitaria-espana-20150706181155.html\">InfoSalus<\/a><\/td><\/tr><\/tbody><\/table><figcaption class=\"wp-element-caption\"><strong>PRINCIPALES APARICIONES EN MEDIOS<\/strong><\/figcaption><\/figure>\n\n\n\n<figure class=\"wp-block-table is-style-stripes\"><table class=\"has-fixed-layout\"><tbody><tr><td><strong>Fecha<\/strong><\/td><td><strong>Tema<\/strong><\/td><td><strong>Medio<\/strong><\/td><\/tr><tr><td>17\/01\/2025<\/td><td>Entrevista La Tribuna Cuenca, nueva legislatura 2025<\/td><td><a href=\"https:\/\/www.latribunadecuenca.es\/noticia\/z63f33ad9-c58f-bf18-1f3c4fd992218444\/202501\/afronto-el-reto-con-la-misma-ilusion-que-hace-cuatro-anos\" target=\"_blank\" rel=\"noreferrer noopener\">La Tribuna<\/a><\/td><\/tr><tr><td>14\/10\/2024<\/td><td>Entrevista La Tribuna Cuenca, Implicaci\u00f3n UCLM-Ciudad<\/td><td><a href=\"https:\/\/www.latribunadecuenca.es\/noticia\/zd20b94d8-b8b9-2d72-422387dfde1c21b8\/202410\/la-uclm-esta-muy-implicada-en-el-desarrollo-de-la-ciudad\" target=\"_blank\" rel=\"noreferrer noopener\"><\/a><a href=\"https:\/\/www.latribunadecuenca.es\/noticia\/z63f33ad9-c58f-bf18-1f3c4fd992218444\/202501\/afronto-el-reto-con-la-misma-ilusion-que-hace-cuatro-anos\" target=\"_blank\" rel=\"noreferrer noopener\">La Tribuna<\/a><\/td><\/tr><tr><td>21\/06\/2024<\/td><td>Entrevista EPALE &#8211; Plataforma electr\u00f3nica de aprendizaje de adultos en Europa, Programa Mayores Saramago<\/td><td><a href=\"https:\/\/epale.ec.europa.eu\/es\/blog\/programa-universitario-jose-saramago-50plus-entrevista-con-cesar-sanchez-vicerrector-de\" target=\"_blank\" rel=\"noreferrer noopener\">EPALE EU<\/a><\/td><\/tr><tr><td>28\/05\/2024<\/td><td>Entrevista Onda Cero, Colaboraci\u00f3n UCLM Festival de Almagro<\/td><td><a href=\"https:\/\/www.ondacero.es\/emisoras\/castilla-la-mancha\/ciudad-real\/audios-podcast\/mas-de-uno\/universidad-castilla-mancha-promueve-nuevas-actividades-festival-internacional-teatro-clasico-almagro_202405286655cb8c17629a0001415e4a.html\" target=\"_blank\" rel=\"noreferrer noopener\">Onda Cero<\/a><\/td><\/tr><tr><td>23\/04\/2024<\/td><td>Entrevista en Radio Vald\u00e9s (Radio Escolar, IES Carboneras de Guadaz\u00f3n, Cuenca)<\/td><td><a href=\"https:\/\/www.ivoox.com\/entrevista-a-cesar-sanchez-melendez-audios-mp3_rf_126216586_1.html\">Radio Vald\u00e9s en iVoox<\/a><\/td><\/tr><tr><td>17\/06\/2022<\/td><td>Entrevista en Lanza Digital Cursos de Verano 2022<\/td><td><a href=\"https:\/\/www.latribunadecuenca.es\/noticia\/z3555243c-dd05-99ae-3ad14133a450fd99\/202012\/la-universidad-tiene-que-ser-una-palanca-de-desarrollo\" target=\"_blank\" rel=\"noreferrer noopener\">Lanza Digital<\/a><\/td><\/tr><tr><td>22\/06\/2021<\/td><td>Entrevista Europa Press<br>Centro de Estudios Penitenciarios<\/td><td><a href=\"https:\/\/www.lanzadigital.com\/castilla-la-mancha\/uclm-cree-que-dotar-al-centro-de-estudios-penitenciarios-de-un-paraguas-academico-e-investigador-ha-sido-un-valor-anadido\/\" target=\"_blank\" rel=\"noreferrer noopener\">Lanza Digital<\/a><\/td><\/tr><tr><td>17\/01\/2021<\/td><td>Entrevista Voces de Cuenca<br>Retos UCLM<\/td><td><a href=\"https:\/\/www.vocesdecuenca.com\/cuenca\/hay-que-ver-hacia-donde-queremos-ir-lo-que-hace-dos-anos-parecia-logico-quiza-ahora-no-lo-sea-tanto\/\" target=\"_blank\" rel=\"noreferrer noopener\">Voces de Cuenca<\/a><\/td><\/tr><tr><td>01\/01\/2021<\/td><td>Entrevista La Tribuna Cuenca,  UCLM Palanca Desarrollo<\/td><td><a href=\"https:\/\/www.latribunadecuenca.es\/noticia\/zd20b94d8-b8b9-2d72-422387dfde1c21b8\/202410\/la-uclm-esta-muy-implicada-en-el-desarrollo-de-la-ciudad\" target=\"_blank\" rel=\"noreferrer noopener\"><\/a><a href=\"https:\/\/www.latribunadecuenca.es\/noticia\/z3555243c-dd05-99ae-3ad14133a450fd99\/202012\/la-universidad-tiene-que-ser-una-palanca-de-desarrollo\" target=\"_blank\" rel=\"noreferrer noopener\">La  Tribuna<\/a><\/td><\/tr><\/tbody><\/table><figcaption class=\"wp-element-caption\">PRINCIPALES APARICIONES EN MEDIOS<\/figcaption><\/figure>\n\n\n\n<a class=\"twitter-timeline\" href=\"https:\/\/twitter.com\/csmelendez?ref_src=twsrc%5Etfw\">Tweets by csmelendez<\/a>\n\n\n\n<figure class=\"wp-block-image size-large\"><img loading=\"lazy\" decoding=\"async\" width=\"1024\" height=\"683\" src=\"https:\/\/blog.uclm.es\/cesarsanchez\/wp-content\/uploads\/sites\/62\/2024\/11\/53559109497_3b0e03368d_5k-1024x683.jpg\" alt=\"\" class=\"wp-image-422\" srcset=\"https:\/\/blog.uclm.es\/cesarsanchez\/wp-content\/uploads\/sites\/62\/2024\/11\/53559109497_3b0e03368d_5k-1024x683.jpg 1024w, https:\/\/blog.uclm.es\/cesarsanchez\/wp-content\/uploads\/sites\/62\/2024\/11\/53559109497_3b0e03368d_5k-300x200.jpg 300w, https:\/\/blog.uclm.es\/cesarsanchez\/wp-content\/uploads\/sites\/62\/2024\/11\/53559109497_3b0e03368d_5k-768x512.jpg 768w, https:\/\/blog.uclm.es\/cesarsanchez\/wp-content\/uploads\/sites\/62\/2024\/11\/53559109497_3b0e03368d_5k-1536x1024.jpg 1536w, https:\/\/blog.uclm.es\/cesarsanchez\/wp-content\/uploads\/sites\/62\/2024\/11\/53559109497_3b0e03368d_5k-2048x1365.jpg 2048w, https:\/\/blog.uclm.es\/cesarsanchez\/wp-content\/uploads\/sites\/62\/2024\/11\/53559109497_3b0e03368d_5k-450x300.jpg 450w\" sizes=\"auto, (max-width: 1024px) 100vw, 1024px\" \/><\/figure>\n","protected":false},"excerpt":{"rendered":"<p>A continuaci\u00f3n, te facilito algunas de mis apariciones en medios de comunicaci\u00f3n o distinciones recibidas m\u00e1s destacadas: Fecha Tema Medio 19\/05\/2024 Premio Impulso a las Telecomunicaciones \u2018Personalidad del A\u00f1o\u2019 Voces de Cuenca 18\/07\/2023 Top100 2023 de L\u00edderes Innovadores EuropaPress 30\/01\/2020 &hellip; <a href=\"https:\/\/blog.uclm.es\/cesarsanchez\/medios\/\">Sigue leyendo <span class=\"meta-nav\">&rarr;<\/span><\/a><\/p>\n","protected":false},"author":33,"featured_media":0,"parent":0,"menu_order":0,"comment_status":"closed","ping_status":"closed","template":"","meta":{"footnotes":""},"class_list":["post-366","page","type-page","status-publish","hentry"],"_links":{"self":[{"href":"https:\/\/blog.uclm.es\/cesarsanchez\/wp-json\/wp\/v2\/pages\/366","targetHints":{"allow":["GET"]}}],"collection":[{"href":"https:\/\/blog.uclm.es\/cesarsanchez\/wp-json\/wp\/v2\/pages"}],"about":[{"href":"https:\/\/blog.uclm.es\/cesarsanchez\/wp-json\/wp\/v2\/types\/page"}],"author":[{"embeddable":true,"href":"https:\/\/blog.uclm.es\/cesarsanchez\/wp-json\/wp\/v2\/users\/33"}],"replies":[{"embeddable":true,"href":"https:\/\/blog.uclm.es\/cesarsanchez\/wp-json\/wp\/v2\/comments?post=366"}],"version-history":[{"count":29,"href":"https:\/\/blog.uclm.es\/cesarsanchez\/wp-json\/wp\/v2\/pages\/366\/revisions"}],"predecessor-version":[{"id":589,"href":"https:\/\/blog.uclm.es\/cesarsanchez\/wp-json\/wp\/v2\/pages\/366\/revisions\/589"}],"wp:attachment":[{"href":"https:\/\/blog.uclm.es\/cesarsanchez\/wp-json\/wp\/v2\/media?parent=366"}],"curies":[{"name":"wp","href":"https:\/\/api.w.org\/{rel}","templated":true}]}}