{"id":359,"date":"2024-11-18T15:08:52","date_gmt":"2024-11-18T13:08:52","guid":{"rendered":"https:\/\/blog.uclm.es\/cesarsanchez\/?page_id=359"},"modified":"2024-11-24T21:58:22","modified_gmt":"2024-11-24T19:58:22","slug":"transferencia","status":"publish","type":"page","link":"https:\/\/blog.uclm.es\/cesarsanchez\/transferencia\/","title":{"rendered":"Transferencia"},"content":{"rendered":"\n<h2 class=\"wp-block-heading\">Contratos, convenios o proyectos de I+D+i no competitivos con Administraciones o entidades p\u00fablicas o privadas<\/h2>\n\n\n\n<p>A continuaci\u00f3n se pueden consultar las distintas acciones de transferencia asociados a contratos o convenios de diferente \u00edndole seg\u00fan la clasificaci\u00f3n tem\u00e1tica siguiente:<\/p>\n\n\n\n<ul class=\"wp-block-list\">\n<li><a href=\"https:\/\/blog.uclm.es\/cesarsanchez\/transferencia\/ambito-formacion-electromedicina\/\" data-type=\"page\" data-id=\"490\">\u00c1MBITO FORMACI\u00d3N<\/a>: TOTAL CAPTACI\u00d3N FONDOS \u00c1MBITO FORMACI\u00d3N (2012-2024): 133.377,92 \u20ac<\/li>\n\n\n\n<li><a href=\"https:\/\/blog.uclm.es\/cesarsanchez\/transferencia\/ambito-ingenieria-biomedica\/\" data-type=\"page\" data-id=\"509\">\u00c1MBITO INGENIER\u00cdA BIOM\u00c9DICA<\/a>: TOTAL CAPTACI\u00d3N FONDOS \u00c1MBITO INGENIER\u00cdA BIOM\u00c9DICA (2000-2024): 275.471,86 \u20ac<\/li>\n\n\n\n<li><a href=\"https:\/\/blog.uclm.es\/cesarsanchez\/transferencia\/ambito-emprendimiento\/\" data-type=\"page\" data-id=\"519\">\u00c1MBITO EMPRENDIMIENTO, BIOECONOM\u00cdA Y RETO DEMOGR\u00c1FICO:<\/a> TOTAL CAPTACI\u00d3N FONDOS EMPRENDIMIENTO &#8230; (2021-2024): 318.125,00 \u20ac<\/li>\n\n\n\n<li><a href=\"https:\/\/blog.uclm.es\/cesarsanchez\/transferencia\/ambito-ingenieria-telecomunicacion\/\" data-type=\"page\" data-id=\"526\">\u00c1MBITO INGENIER\u00cdA TELECOMUNICACIONES<\/a>: TOTAL CAPTACI\u00d3N FONDOS ING. TELECOMUNICACI\u00d3N (1999-2024): 5.611,00 \u20ac<\/li>\n<\/ul>\n\n\n\n<p><strong>TOTAL CAPTACI\u00d3N FONDOS TRANSFERENCIA (2012-2024): 732.585,78 \u20ac<\/strong><\/p>\n\n\n\n<figure class=\"wp-block-image size-large\"><img loading=\"lazy\" decoding=\"async\" width=\"1024\" height=\"683\" src=\"https:\/\/blog.uclm.es\/cesarsanchez\/wp-content\/uploads\/sites\/62\/2024\/11\/53709266191_9befc0302b_5k-1024x683.jpg\" alt=\"\" class=\"wp-image-537\" srcset=\"https:\/\/blog.uclm.es\/cesarsanchez\/wp-content\/uploads\/sites\/62\/2024\/11\/53709266191_9befc0302b_5k-1024x683.jpg 1024w, https:\/\/blog.uclm.es\/cesarsanchez\/wp-content\/uploads\/sites\/62\/2024\/11\/53709266191_9befc0302b_5k-300x200.jpg 300w, https:\/\/blog.uclm.es\/cesarsanchez\/wp-content\/uploads\/sites\/62\/2024\/11\/53709266191_9befc0302b_5k-768x512.jpg 768w, https:\/\/blog.uclm.es\/cesarsanchez\/wp-content\/uploads\/sites\/62\/2024\/11\/53709266191_9befc0302b_5k-1536x1024.jpg 1536w, https:\/\/blog.uclm.es\/cesarsanchez\/wp-content\/uploads\/sites\/62\/2024\/11\/53709266191_9befc0302b_5k-2048x1365.jpg 2048w, https:\/\/blog.uclm.es\/cesarsanchez\/wp-content\/uploads\/sites\/62\/2024\/11\/53709266191_9befc0302b_5k-450x300.jpg 450w\" sizes=\"auto, (max-width: 1024px) 100vw, 1024px\" \/><\/figure>\n\n\n\n<p><\/p>\n\n\n\n<p><\/p>\n","protected":false},"excerpt":{"rendered":"<p>Contratos, convenios o proyectos de I+D+i no competitivos con Administraciones o entidades p\u00fablicas o privadas A continuaci\u00f3n se pueden consultar las distintas acciones de transferencia asociados a contratos o convenios de diferente \u00edndole seg\u00fan la clasificaci\u00f3n tem\u00e1tica siguiente: TOTAL CAPTACI\u00d3N &hellip; <a href=\"https:\/\/blog.uclm.es\/cesarsanchez\/transferencia\/\">Sigue leyendo <span class=\"meta-nav\">&rarr;<\/span><\/a><\/p>\n","protected":false},"author":33,"featured_media":0,"parent":0,"menu_order":0,"comment_status":"closed","ping_status":"closed","template":"","meta":{"footnotes":""},"class_list":["post-359","page","type-page","status-publish","hentry"],"_links":{"self":[{"href":"https:\/\/blog.uclm.es\/cesarsanchez\/wp-json\/wp\/v2\/pages\/359","targetHints":{"allow":["GET"]}}],"collection":[{"href":"https:\/\/blog.uclm.es\/cesarsanchez\/wp-json\/wp\/v2\/pages"}],"about":[{"href":"https:\/\/blog.uclm.es\/cesarsanchez\/wp-json\/wp\/v2\/types\/page"}],"author":[{"embeddable":true,"href":"https:\/\/blog.uclm.es\/cesarsanchez\/wp-json\/wp\/v2\/users\/33"}],"replies":[{"embeddable":true,"href":"https:\/\/blog.uclm.es\/cesarsanchez\/wp-json\/wp\/v2\/comments?post=359"}],"version-history":[{"count":16,"href":"https:\/\/blog.uclm.es\/cesarsanchez\/wp-json\/wp\/v2\/pages\/359\/revisions"}],"predecessor-version":[{"id":538,"href":"https:\/\/blog.uclm.es\/cesarsanchez\/wp-json\/wp\/v2\/pages\/359\/revisions\/538"}],"wp:attachment":[{"href":"https:\/\/blog.uclm.es\/cesarsanchez\/wp-json\/wp\/v2\/media?parent=359"}],"curies":[{"name":"wp","href":"https:\/\/api.w.org\/{rel}","templated":true}]}}