{"id":18,"date":"2017-10-27T10:04:43","date_gmt":"2017-10-27T09:04:43","guid":{"rendered":"http:\/\/blog.uclm.es\/cesarsanchez\/?page_id=18"},"modified":"2024-11-25T19:50:34","modified_gmt":"2024-11-25T17:50:34","slug":"investigacion","status":"publish","type":"page","link":"https:\/\/blog.uclm.es\/cesarsanchez\/investigacion\/","title":{"rendered":"Investigaci\u00f3n"},"content":{"rendered":"\n<p><strong>Principales l\u00edneas de investigaci\u00f3n<\/strong><\/p>\n\n\n\n<ul class=\"wp-block-list\">\n<li>Procesado de se\u00f1ales biom\u00e9dicas; estudio de patolog\u00edas como la fibrilaci\u00f3n auricular y la muerte s\u00fabita<\/li>\n\n\n\n<li>Desarrollo e implantaci\u00f3n de la regulaci\u00f3n formativa y profesional en el sector de la electromedicina e ingenier\u00eda cl\u00ednica<\/li>\n\n\n\n<li>Desarrollo de dispositivos electrom\u00e9dicos para entornos sanitarios y electrom\u00e9dicos<\/li>\n\n\n\n<li>Oportunidades del Reto Demogr\u00e1fico<\/li>\n<\/ul>\n\n\n\n<p><strong>Breve Resumen CV<\/strong><\/p>\n\n\n\n<p>Miembro del Grupo de Innovaci\u00f3n en Bioingenier\u00eda de la UCLM. He sido investigador responsable o colaborador de 13 proyectos y contratos de investigaci\u00f3n europeos, nacionales, regionales y universitarios. Coautor de 12 art\u00edculos de investigaci\u00f3n publicados o aceptados, de los cuales 9 corresponden a revistas indexadas en el Journal of Citation Report. He colaborado en la realizaci\u00f3n de 93 comunicaciones y ponencias de investigaci\u00f3n presentadas a congresos nacionales e internacionales, adem\u00e1s de numerosos informes y documentos de trabajo. Adem\u00e1s, soy coautor de 6 libros. He dirigido una tesis doctoral. Tambi\u00e9n he participado en los tribunales de 1 tesis doctoral. Director del Aula Empresa NOWA-FLM Innovaci\u00f3n Abierta. Codirector de la C\u00e1tedra \u00abReto Demogr\u00e1fico\u00bb UCLM-Diputaci\u00f3n Provincial de Cuenca.<\/p>\n\n\n\n<p>Si quieres ves mi registro ORCID puedes consultarlo aqu\u00ed: &nbsp;&nbsp;<a href=\"http:\/\/orcid.org\/0000-0002-2717-1243\"><strong> Enlace ORCID<\/strong><\/a><\/p>\n\n\n\n<p>&nbsp;<\/p>\n\n\n\n<figure class=\"wp-block-image size-large\"><img loading=\"lazy\" decoding=\"async\" width=\"1024\" height=\"768\" src=\"https:\/\/blog.uclm.es\/cesarsanchez\/wp-content\/uploads\/sites\/62\/2017\/10\/16178722_10154327996747914_5499587477258481847_o-1024x768.jpg\" alt=\"\" class=\"wp-image-127\" srcset=\"https:\/\/blog.uclm.es\/cesarsanchez\/wp-content\/uploads\/sites\/62\/2017\/10\/16178722_10154327996747914_5499587477258481847_o-1024x768.jpg 1024w, https:\/\/blog.uclm.es\/cesarsanchez\/wp-content\/uploads\/sites\/62\/2017\/10\/16178722_10154327996747914_5499587477258481847_o-300x225.jpg 300w, https:\/\/blog.uclm.es\/cesarsanchez\/wp-content\/uploads\/sites\/62\/2017\/10\/16178722_10154327996747914_5499587477258481847_o-768x576.jpg 768w, https:\/\/blog.uclm.es\/cesarsanchez\/wp-content\/uploads\/sites\/62\/2017\/10\/16178722_10154327996747914_5499587477258481847_o-1536x1152.jpg 1536w, https:\/\/blog.uclm.es\/cesarsanchez\/wp-content\/uploads\/sites\/62\/2017\/10\/16178722_10154327996747914_5499587477258481847_o-400x300.jpg 400w, https:\/\/blog.uclm.es\/cesarsanchez\/wp-content\/uploads\/sites\/62\/2017\/10\/16178722_10154327996747914_5499587477258481847_o.jpg 2048w\" sizes=\"auto, (max-width: 1024px) 100vw, 1024px\" \/><\/figure>\n\n\n\n<p>&nbsp;<\/p>\n\n\n\n<p>&nbsp;<\/p>\n","protected":false},"excerpt":{"rendered":"<p>Principales l\u00edneas de investigaci\u00f3n Breve Resumen CV Miembro del Grupo de Innovaci\u00f3n en Bioingenier\u00eda de la UCLM. He sido investigador responsable o colaborador de 13 proyectos y contratos de investigaci\u00f3n europeos, nacionales, regionales y universitarios. Coautor de 12 art\u00edculos de &hellip; <a href=\"https:\/\/blog.uclm.es\/cesarsanchez\/investigacion\/\">Sigue leyendo <span class=\"meta-nav\">&rarr;<\/span><\/a><\/p>\n","protected":false},"author":33,"featured_media":0,"parent":0,"menu_order":0,"comment_status":"closed","ping_status":"closed","template":"","meta":{"footnotes":""},"class_list":["post-18","page","type-page","status-publish","hentry"],"_links":{"self":[{"href":"https:\/\/blog.uclm.es\/cesarsanchez\/wp-json\/wp\/v2\/pages\/18","targetHints":{"allow":["GET"]}}],"collection":[{"href":"https:\/\/blog.uclm.es\/cesarsanchez\/wp-json\/wp\/v2\/pages"}],"about":[{"href":"https:\/\/blog.uclm.es\/cesarsanchez\/wp-json\/wp\/v2\/types\/page"}],"author":[{"embeddable":true,"href":"https:\/\/blog.uclm.es\/cesarsanchez\/wp-json\/wp\/v2\/users\/33"}],"replies":[{"embeddable":true,"href":"https:\/\/blog.uclm.es\/cesarsanchez\/wp-json\/wp\/v2\/comments?post=18"}],"version-history":[{"count":3,"href":"https:\/\/blog.uclm.es\/cesarsanchez\/wp-json\/wp\/v2\/pages\/18\/revisions"}],"predecessor-version":[{"id":568,"href":"https:\/\/blog.uclm.es\/cesarsanchez\/wp-json\/wp\/v2\/pages\/18\/revisions\/568"}],"wp:attachment":[{"href":"https:\/\/blog.uclm.es\/cesarsanchez\/wp-json\/wp\/v2\/media?parent=18"}],"curies":[{"name":"wp","href":"https:\/\/api.w.org\/{rel}","templated":true}]}}