{"id":106,"date":"2017-10-29T17:40:43","date_gmt":"2017-10-29T16:40:43","guid":{"rendered":"http:\/\/blog.uclm.es\/cesarsanchez\/?page_id=106"},"modified":"2024-11-21T19:31:42","modified_gmt":"2024-11-21T17:31:42","slug":"acciones-de-divulgacion","status":"publish","type":"page","link":"https:\/\/blog.uclm.es\/cesarsanchez\/difusion-de-la-ciencia\/acciones-de-divulgacion\/","title":{"rendered":"Acciones de divulgaci\u00f3n"},"content":{"rendered":"\n<p>Aqu\u00ed os presento algunas de las acciones de divulgaci\u00f3n en las que he participado y colaborado.<\/p>\n\n\n\n<p>Elaboraci\u00f3n y direccion de podcasts:  <strong>\u00abENCUENTROS CON LA TECNOLOG\u00cdA EN LA ESCUELA POLIT\u00c9CNICA DE CUENCA<\/strong>\u00ab. En colaboraci\u00f3n con la Demarcaci\u00f3n Territorial en Castilla-La Mancha del Colegio Oficial de Ingenieros T\u00e9cnicos de Telecomunicaci\u00f3n:<\/p>\n\n\n\n<ol class=\"wp-block-list\">\n<li><a href=\"https:\/\/www.ivoox.com\/dividendo-digital-espectro-cambios-tu-audios-mp3_rf_46624750_1.html\">Dividendo digital, espectro y los cambios en tu antena de TV<\/a> (16\/1\/2020)<\/li>\n\n\n\n<li><a href=\"https:\/\/www.ivoox.com\/5g-nueva-generacion-comunicaciones-moviles-audios-mp3_rf_48679223_1.html\">5G, la nueva generaci\u00f3n de comunicaciones m\u00f3viles.<\/a> (9\/3\/2020)<\/li>\n\n\n\n<li><a href=\"https:\/\/www.ivoox.com\/covid-19-telecomunicaciones-retos-oportunidades-audios-mp3_rf_51993689_1.html\">Covid 19. Telecomunicaciones: retos y oportunidades.<\/a> (12\/6\/2020)<\/li>\n<\/ol>\n\n\n\n<h2 class=\"wp-block-heading\">Participaci\u00f3n en <strong>proyectos de divulgaci\u00f3n de la UCLM:<\/strong><\/h2>\n\n\n\n<ol class=\"wp-block-list\">\n<li><strong>ItineraSTEAM: feria rural de ciencia<\/strong>. Proyecto referencia FCT-23-19253 Financiado por la Fundaci\u00f3n Espa\u00f1ola para la Ciencia y Tecnolog\u00eda, (FECYT) del Ministerio de Ciencia, Innovaci\u00f3n y Universidades IP Raquel Fern\u00e1ndez C\u00e9zar (2024-25).<\/li>\n\n\n\n<li><strong>ScienCuenca<\/strong>. <strong>Fomento de la Cultura Cient\u00edfica, Tecnol\u00f3gica y de Innovaci\u00f3n en Ciudades Inteligentes<\/strong> (<a href=\"https:\/\/blog.uclm.es\/proyectosciencuenca\/\">web<\/a>). Proyecto de referencia FCT-22-1834, financiado por la Fundaci\u00f3n Espa\u00f1ola para la Ciencia y Tecnolog\u00eda, (FECYT) del Ministerio de Ciencia e Innovaci\u00f3n. IP: Raquel Cervig\u00f3n Abad (2023-2024)<\/li>\n\n\n\n<li><strong>PreCampus y Precampus Kids<\/strong> (<a href=\"https:\/\/www.uclm.es\/cuenca\/epc\/precampus\" target=\"_blank\" rel=\"noreferrer noopener\">web<\/a>):&nbsp;El proyecto PreCampus de la Escuela Polit\u00e9cnica de Cuenca tiene como principal objetivo acercar el mundo universitario a los alumnos de ciclos educativos pre-universitarios y colaborar con la comunidad educativa de centros de secundaria, bachillerato y formaci\u00f3n profesional.<\/li>\n<\/ol>\n\n\n\n<figure class=\"wp-block-image size-full\"><img loading=\"lazy\" decoding=\"async\" width=\"670\" height=\"389\" src=\"https:\/\/blog.uclm.es\/cesarsanchez\/wp-content\/uploads\/sites\/62\/2017\/11\/mid_31549-754-c-mo-innovaci-n-tecnol-gica-puede-salvar-nuestros-pueblos-despoblaci-n.jpg\" alt=\"\" class=\"wp-image-197\" srcset=\"https:\/\/blog.uclm.es\/cesarsanchez\/wp-content\/uploads\/sites\/62\/2017\/11\/mid_31549-754-c-mo-innovaci-n-tecnol-gica-puede-salvar-nuestros-pueblos-despoblaci-n.jpg 670w, https:\/\/blog.uclm.es\/cesarsanchez\/wp-content\/uploads\/sites\/62\/2017\/11\/mid_31549-754-c-mo-innovaci-n-tecnol-gica-puede-salvar-nuestros-pueblos-despoblaci-n-300x174.jpg 300w, https:\/\/blog.uclm.es\/cesarsanchez\/wp-content\/uploads\/sites\/62\/2017\/11\/mid_31549-754-c-mo-innovaci-n-tecnol-gica-puede-salvar-nuestros-pueblos-despoblaci-n-500x290.jpg 500w\" sizes=\"auto, (max-width: 670px) 100vw, 670px\" \/><\/figure>\n\n\n\n<h2 class=\"wp-block-heading\">Conferencias<\/h2>\n\n\n\n<ol class=\"wp-block-list\">\n<li><strong>\u00abMussolini, Blancanieves, el Avecrem, Cat Woman y las cosas de tu WiFi\u00bb<\/strong> (<a href=\"https:\/\/www.youtube.com\/watch?v=ZyWtT3PHbdk\" target=\"_blank\" rel=\"noreferrer noopener\">v\u00eddeo<\/a>):&nbsp;MobileWeekAlcala-Vida Futura, 2021<\/li>\n\n\n\n<li><strong>\u00abSans\u00f3n y Dalila, el orgasmo del cine y los l\u00edos con tu WiFi\u00bb<\/strong> (<a href=\"https:\/\/www.youtube.com\/watch?v=YV9nghiDzo8\">v\u00eddeo<\/a>) MorterueloCon 5\u00aa ed, 2019<\/li>\n<\/ol>\n\n\n\n<figure class=\"wp-block-image size-large\"><img loading=\"lazy\" decoding=\"async\" width=\"1024\" height=\"510\" src=\"https:\/\/blog.uclm.es\/cesarsanchez\/wp-content\/uploads\/sites\/62\/2024\/11\/Captura-de-pantalla-2024-11-21-a-las-18.31.05-1024x510.png\" alt=\"\" class=\"wp-image-473\" srcset=\"https:\/\/blog.uclm.es\/cesarsanchez\/wp-content\/uploads\/sites\/62\/2024\/11\/Captura-de-pantalla-2024-11-21-a-las-18.31.05-1024x510.png 1024w, https:\/\/blog.uclm.es\/cesarsanchez\/wp-content\/uploads\/sites\/62\/2024\/11\/Captura-de-pantalla-2024-11-21-a-las-18.31.05-300x149.png 300w, https:\/\/blog.uclm.es\/cesarsanchez\/wp-content\/uploads\/sites\/62\/2024\/11\/Captura-de-pantalla-2024-11-21-a-las-18.31.05-768x382.png 768w, https:\/\/blog.uclm.es\/cesarsanchez\/wp-content\/uploads\/sites\/62\/2024\/11\/Captura-de-pantalla-2024-11-21-a-las-18.31.05-1536x764.png 1536w, https:\/\/blog.uclm.es\/cesarsanchez\/wp-content\/uploads\/sites\/62\/2024\/11\/Captura-de-pantalla-2024-11-21-a-las-18.31.05-500x249.png 500w, https:\/\/blog.uclm.es\/cesarsanchez\/wp-content\/uploads\/sites\/62\/2024\/11\/Captura-de-pantalla-2024-11-21-a-las-18.31.05.png 1676w\" sizes=\"auto, (max-width: 1024px) 100vw, 1024px\" \/><\/figure>\n\n\n\n<h2 class=\"wp-block-heading\">Participaci\u00f3n en <strong>proyectos de divulgaci\u00f3n externos:<\/strong><\/h2>\n\n\n\n<ol class=\"wp-block-list\">\n<li><strong>Principia<\/strong> (<a href=\"http:\/\/principia.io\">web<\/a>):&nbsp;Magazine de cultura que une ciencia y arte para desatar emociones con la lectura. Art\u00edculo <a href=\"http:\/\/principia.io\/2015\/02\/11\/los-expertos-advierten-la-falta-de-tecnicos-de-electromedicina-puede-ser-perjudicial-para-su-salud.IjQwIg\/\">Blog<\/a> \u00abLos expertos advierten: la falta de t\u00e9cnicos de electromedicina puede ser perjudicial para su salud\u00bb.<\/li>\n\n\n\n<li><strong>Ciencia a la carta<\/strong> (<a href=\"https:\/\/ciencialacarta.com\">web<\/a>): proyecto independiente nacido en Toledo de difusi\u00f3n cient\u00edfica&nbsp;de la mano de cient\u00edficos de la Universidad regional y del Consejo Superior de Investigaciones Cient\u00edficas (CSIC).<\/li>\n\n\n\n<li><strong>SciFest 2014: &nbsp;<\/strong>Jornadas, organizadas por Principia en Cuenca, que ten\u00edan como objetivo hacer llegar el conocimiento cient\u00edfico a cualquiera que lo desee, a trav\u00e9s de un formato de charlas y mon\u00f3logos de diferentes cient\u00edficos y divulgadores del pa\u00eds. <a href=\"https:\/\/www.youtube.com\/channel\/UCH0Gg_4uj-h3hYfX-QHbs9A\">Canal YouTube<\/a><\/li>\n\n\n\n<li><strong>Curso de Verano \u00abComunicar la Ciencia\u00bb 2017<\/strong> (<a href=\"https:\/\/cursosdeverano.uclm.es\/catalogo\/34-comunicar-la-ciencia\/\">web<\/a>): curso realizado en la Escuela Polit\u00e9cnica de Cuenca dentro de las actividades de la convocatoria de Cursos de Verano de la Universidad de Castilla-La Mancha.<\/li>\n\n\n\n<li><strong>Un instrumento para Henar<\/strong> (<a href=\"http:\/\/wikidiversidadfuncional.org\/wiki\/Un_instrumento_para_Henar\">web<\/a>):&nbsp;Es un proyecto del Centro de logopedia Celeo que busca dar la posibilidad a Henar (una ni\u00f1a con par\u00e1lisis cerebral) de formar parte de una agrupaci\u00f3n musical e integrarse en la interpretaci\u00f3n de piezas musicales como cualquier otro artista.<\/li>\n\n\n\n<li><strong>Campus Thales para ni\u00f1os de altas capacidades<\/strong> (<a href=\"http:\/\/www.fundacionthales.com\/campus-thales\/\">web<\/a>)&nbsp;La&nbsp;Universidad de Castilla-La Mancha&nbsp;y la&nbsp;Fundaci\u00f3n&nbsp;THALES&nbsp;organizan cada a\u00f1o el&nbsp;CAMPUS&nbsp;THALES&nbsp;para j\u00f3venes investigadores, un campus cient\u00edfico y cultural&nbsp;basado en programas de verano, con el fin de despertar la motivaci\u00f3n y desarrollar el talento de los estudiantes de primaria, secundaria y bachillerato, mediante la realizaci\u00f3n de cursos de investigaci\u00f3n.<\/li>\n<\/ol>\n\n\n\n<figure class=\"wp-block-image size-large\"><img loading=\"lazy\" decoding=\"async\" width=\"1024\" height=\"763\" src=\"https:\/\/blog.uclm.es\/cesarsanchez\/wp-content\/uploads\/sites\/62\/2024\/11\/Dibujo20141031-sci-fest-2014-cuenca-scifest-principia-io-1024x763.jpg\" alt=\"\" class=\"wp-image-468\" srcset=\"https:\/\/blog.uclm.es\/cesarsanchez\/wp-content\/uploads\/sites\/62\/2024\/11\/Dibujo20141031-sci-fest-2014-cuenca-scifest-principia-io-1024x763.jpg 1024w, https:\/\/blog.uclm.es\/cesarsanchez\/wp-content\/uploads\/sites\/62\/2024\/11\/Dibujo20141031-sci-fest-2014-cuenca-scifest-principia-io-300x224.jpg 300w, https:\/\/blog.uclm.es\/cesarsanchez\/wp-content\/uploads\/sites\/62\/2024\/11\/Dibujo20141031-sci-fest-2014-cuenca-scifest-principia-io-768x572.jpg 768w, https:\/\/blog.uclm.es\/cesarsanchez\/wp-content\/uploads\/sites\/62\/2024\/11\/Dibujo20141031-sci-fest-2014-cuenca-scifest-principia-io-403x300.jpg 403w, https:\/\/blog.uclm.es\/cesarsanchez\/wp-content\/uploads\/sites\/62\/2024\/11\/Dibujo20141031-sci-fest-2014-cuenca-scifest-principia-io.jpg 1252w\" sizes=\"auto, (max-width: 1024px) 100vw, 1024px\" \/><\/figure>\n","protected":false},"excerpt":{"rendered":"<p>Aqu\u00ed os presento algunas de las acciones de divulgaci\u00f3n en las que he participado y colaborado. Elaboraci\u00f3n y direccion de podcasts: \u00abENCUENTROS CON LA TECNOLOG\u00cdA EN LA ESCUELA POLIT\u00c9CNICA DE CUENCA\u00ab. En colaboraci\u00f3n con la Demarcaci\u00f3n Territorial en Castilla-La Mancha &hellip; <a href=\"https:\/\/blog.uclm.es\/cesarsanchez\/difusion-de-la-ciencia\/acciones-de-divulgacion\/\">Sigue leyendo <span class=\"meta-nav\">&rarr;<\/span><\/a><\/p>\n","protected":false},"author":33,"featured_media":0,"parent":99,"menu_order":0,"comment_status":"closed","ping_status":"closed","template":"","meta":{"footnotes":""},"class_list":["post-106","page","type-page","status-publish","hentry"],"_links":{"self":[{"href":"https:\/\/blog.uclm.es\/cesarsanchez\/wp-json\/wp\/v2\/pages\/106","targetHints":{"allow":["GET"]}}],"collection":[{"href":"https:\/\/blog.uclm.es\/cesarsanchez\/wp-json\/wp\/v2\/pages"}],"about":[{"href":"https:\/\/blog.uclm.es\/cesarsanchez\/wp-json\/wp\/v2\/types\/page"}],"author":[{"embeddable":true,"href":"https:\/\/blog.uclm.es\/cesarsanchez\/wp-json\/wp\/v2\/users\/33"}],"replies":[{"embeddable":true,"href":"https:\/\/blog.uclm.es\/cesarsanchez\/wp-json\/wp\/v2\/comments?post=106"}],"version-history":[{"count":25,"href":"https:\/\/blog.uclm.es\/cesarsanchez\/wp-json\/wp\/v2\/pages\/106\/revisions"}],"predecessor-version":[{"id":590,"href":"https:\/\/blog.uclm.es\/cesarsanchez\/wp-json\/wp\/v2\/pages\/106\/revisions\/590"}],"up":[{"embeddable":true,"href":"https:\/\/blog.uclm.es\/cesarsanchez\/wp-json\/wp\/v2\/pages\/99"}],"wp:attachment":[{"href":"https:\/\/blog.uclm.es\/cesarsanchez\/wp-json\/wp\/v2\/media?parent=106"}],"curies":[{"name":"wp","href":"https:\/\/api.w.org\/{rel}","templated":true}]}}