{"id":10,"date":"2017-10-27T09:59:00","date_gmt":"2017-10-27T08:59:00","guid":{"rendered":"http:\/\/blog.uclm.es\/cesarsanchez\/?page_id=10"},"modified":"2025-01-25T14:19:44","modified_gmt":"2025-01-25T12:19:44","slug":"presentacion","status":"publish","type":"page","link":"https:\/\/blog.uclm.es\/cesarsanchez\/","title":{"rendered":"Presentaci\u00f3n"},"content":{"rendered":"<p data-wp-editing=\"1\"><img loading=\"lazy\" decoding=\"async\" class=\"wp-image-577 size-medium alignright\" src=\"https:\/\/blog.uclm.es\/cesarsanchez\/wp-content\/uploads\/sites\/62\/2025\/01\/perfilbs-233x300.png\" alt=\"\" width=\"233\" height=\"300\" srcset=\"https:\/\/blog.uclm.es\/cesarsanchez\/wp-content\/uploads\/sites\/62\/2025\/01\/perfilbs-233x300.png 233w, https:\/\/blog.uclm.es\/cesarsanchez\/wp-content\/uploads\/sites\/62\/2025\/01\/perfilbs-795x1024.png 795w, https:\/\/blog.uclm.es\/cesarsanchez\/wp-content\/uploads\/sites\/62\/2025\/01\/perfilbs-768x990.png 768w, https:\/\/blog.uclm.es\/cesarsanchez\/wp-content\/uploads\/sites\/62\/2025\/01\/perfilbs-1192x1536.png 1192w, https:\/\/blog.uclm.es\/cesarsanchez\/wp-content\/uploads\/sites\/62\/2025\/01\/perfilbs-1589x2048.png 1589w\" sizes=\"auto, (max-width: 233px) 100vw, 233px\" \/>Bienvenido a mi blog personal. Con esta plataforma intento trasladar mis inquietudes al respecto de las \u00e1reas en las que actualmente trabajo y en las que ocupan mis inquietudes futuras. A trav\u00e9s de la publicaci\u00f3n de entradas relevantes en dichas \u00e1reas y de la presentaci\u00f3n de mi perfil pretendo aportar y aclarar algunas ideas que en mi desarrollo profesional se me han venido trasladando. Espero que os guste!!<\/p>\n<p>Un breve resumen de mi curr\u00edculum profesional:<\/p>\n<p><!--more--><\/p>\n<p><strong>Formaci\u00f3n:<\/strong><\/p>\n<p>Ingeniero de Telecomunicaci\u00f3n por la Universidad Polit\u00e9cnica de Madrid. Cursos de doctorado y tesis doctoral superados en la Universidad Polit\u00e9cnica de Valencia dentro del programa de Ingenier\u00eda Electr\u00f3nica, especialidad Ingenier\u00eda Biom\u00e9dica.<\/p>\n<p><strong>Docencia:<\/strong><\/p>\n<p>Durante mis a\u00f1os de docencia he sido profesor responsable de las materias de circuitos, dispositivos electr\u00f3nicos, infraestructuras de telecomunicaci\u00f3n, sensores, electromedicina, gesti\u00f3n y calidad en tecnolog\u00eda sanitaria e instrumentaci\u00f3n electr\u00f3nica en los grados y m\u00e1sters que se imparten en la Escuela Polit\u00e9cnica de Cuenca \u00a0(desglose docente en el apartado <a href=\"http:\/\/blog.uclm.es\/cesarsanchez\/docencia\/\">Docencia<\/a> de este blog)<\/p>\n<p><strong>Investigaci\u00f3n:<\/strong><\/p>\n<p>Miembro del Grupo de Innovaci\u00f3n en Bioingenier\u00eda de la UCLM. Ha sido investigador responsable o colaborador de 13 proyectos y contratos de investigaci\u00f3n europeos, nacionales, regionales y universitarios. Es coautor de 12 art\u00edculos de investigaci\u00f3n publicados o aceptados, de los cuales 9 corresponden a revistas indexadas en el Journal of Citation Report. Ha colaborado en la realizaci\u00f3n de 93 comunicaciones y ponencias de investigaci\u00f3n presentadas a congresos nacionales e internacionales, adem\u00e1s de numerosos informes y documentos de trabajo. Adem\u00e1s, es coautor de 6 libros. Ha dirigido una tesis doctoral. Tambi\u00e9n ha participado en los tribunales de 1 tesis doctoral. Actualmente dirige un aula y una c\u00e1tedra empresa orientadas al estudio de oportunidades y necesidades vinculadas al reto demogr\u00e1fico desde una perspertiva y visi\u00f3n multidisplinar. Desglose en el apartado <a href=\"http:\/\/blog.uclm.es\/cesarsanchez\/investigacion\/\">Investigaci\u00f3n<\/a>\u00a0de este blog)<\/p>\n<p><strong>Cargos de Gesti\u00f3n Acad\u00e9mica:<\/strong><\/p>\n<ul>\n<li>Subdirector Escuela Polit\u00e9cnica Cuenca: 2001-2004<\/li>\n<li><span style=\"font-size: 1rem\">Subdirector Acad\u00e9mico Vicerrectorado Campus Cuenca y Extensi\u00f3n Universitaria: 2004-2009<\/span><\/li>\n<li>Director Acad\u00e9mico Vicerrectorado Campus Cuenca y Extensi\u00f3n Universitaria: 2009-2011<\/li>\n<li>Director Escuela Polit\u00e9cnica Cuenca: 2012-2016<\/li>\n<li>Vicerrector de Cultura, Deporte y Responsabilidad Social: 2020-2024<\/li>\n<li>Vicerrector de Cultura, Deporte y Compromiso Social: 2024-hasta la actualidad<\/li>\n<\/ul>\n<p><strong>Otros M\u00e9ritos:<\/strong><\/p>\n<ul>\n<li>En el 2023 fue incluido en el Ranking Top100 2023 de L\u00edderes Innovadores, impulsado por Red Business Market, entre los diez reconocidos de \u00e1mbito internacional en la categor\u00eda de \u2018<a href=\"https:\/\/www.rankingtop100.es\/top-10-l\u00edderes-directivos\/top-10-l\u00edderes-transformadores\">L\u00edderes Transformadores<\/a>\u2019<\/li>\n<li>Codirector de la C\u00e1tedra \u201c<a href=\"https:\/\/catedraoportunidades.es\">Oportunidades Reto Demogr\u00e1fico<\/a>\u201d UCLM-Diputaci\u00f3n Provincial de Cuenca, noviembre 2022 hasta la actualidad.<\/li>\n<li>Responsable e Investigador Principal UCLM en el proyecto de emprendimiento en bioeconom\u00eda forestal, URBAN FOREST INNOVATION LAB (<a href=\"https:\/\/ufilcuenca.es\">UFIL<\/a>) desde el a\u00f1o 2019 hasta la actualidad.<\/li>\n<li>Director del Aula Empresa UCLM NOWA-FLM Innovaci\u00f3n Abierta, octubre 2021 hasta diciembre 2023.<\/li>\n<li><span style=\"font-size: 1rem\">Miembro de la Junta Directiva de la <a href=\"http:\/\/www.seeic.org\">Sociedad Espa\u00f1ola de Electromedicina e Ingenier\u00eda Cl\u00ednica.<\/a><\/span><\/li>\n<li><span style=\"font-size: 1rem\">Seleccionado como miembro del panel de expertos del Ministerio de Educaci\u00f3n para el desarrollo del curr\u00edculo formativo en Espa\u00f1a del t\u00edtulo del <a href=\"http:\/\/todofp.es\/que-como-y-donde-estudiar\/que-estudiar\/familia\/loe\/electricidad-electronica\/electromedicina-clinica.html\">Ciclo Formativo de Grado Superior de T\u00e9cnico Superior de Electromedicina Cl\u00ednica<\/a>.<\/span><\/li>\n<li>Seleccionado como miembro del panel de expertos del Ministerio de Educaci\u00f3n para la actualizaci\u00f3n de las <a href=\"http:\/\/incual.mecd.es\/bdc?p_p_id=publicador_WAR_publicadorportlet_INSTANCE_Glm9Ve7bo4vw&amp;p_p_lifecycle=0&amp;p_p_state=normal&amp;p_p_mode=view&amp;p_p_col_id=column-1&amp;p_p_col_pos=1&amp;p_p_col_count=2\">cualificaciones profesionales en electromedicina<\/a>.<\/li>\n<li>Seleccionado como miembro del panel de expertos del Ministerio de Empleo y Seguridad Social para la actualizaci\u00f3n de los <a href=\"https:\/\/www.sepe.es\/contenidos\/personas\/formacion\/certificados_de_profesionalidad\/electricidad_electronica.html\">certificados de profesionalidad en electromedicina<\/a>.<\/li>\n<\/ul>\n\n\n<p>Enlace a mi perfil <a href=\"https:\/\/www.linkedin.com\/in\/cesarsanchezmelendez\/\">Linkedin<\/a><\/p>\n\n\n\n<p><\/p>\n","protected":false},"excerpt":{"rendered":"<p>Bienvenido a mi blog personal. Con esta plataforma intento trasladar mis inquietudes al respecto de las \u00e1reas en las que actualmente trabajo y en las que ocupan mis inquietudes futuras. A trav\u00e9s de la publicaci\u00f3n de entradas relevantes en dichas &hellip; <a href=\"https:\/\/blog.uclm.es\/cesarsanchez\/\">Sigue leyendo <span class=\"meta-nav\">&rarr;<\/span><\/a><\/p>\n","protected":false},"author":33,"featured_media":0,"parent":0,"menu_order":0,"comment_status":"closed","ping_status":"closed","template":"","meta":{"footnotes":""},"class_list":["post-10","page","type-page","status-publish","hentry"],"_links":{"self":[{"href":"https:\/\/blog.uclm.es\/cesarsanchez\/wp-json\/wp\/v2\/pages\/10","targetHints":{"allow":["GET"]}}],"collection":[{"href":"https:\/\/blog.uclm.es\/cesarsanchez\/wp-json\/wp\/v2\/pages"}],"about":[{"href":"https:\/\/blog.uclm.es\/cesarsanchez\/wp-json\/wp\/v2\/types\/page"}],"author":[{"embeddable":true,"href":"https:\/\/blog.uclm.es\/cesarsanchez\/wp-json\/wp\/v2\/users\/33"}],"replies":[{"embeddable":true,"href":"https:\/\/blog.uclm.es\/cesarsanchez\/wp-json\/wp\/v2\/comments?post=10"}],"version-history":[{"count":13,"href":"https:\/\/blog.uclm.es\/cesarsanchez\/wp-json\/wp\/v2\/pages\/10\/revisions"}],"predecessor-version":[{"id":580,"href":"https:\/\/blog.uclm.es\/cesarsanchez\/wp-json\/wp\/v2\/pages\/10\/revisions\/580"}],"wp:attachment":[{"href":"https:\/\/blog.uclm.es\/cesarsanchez\/wp-json\/wp\/v2\/media?parent=10"}],"curies":[{"name":"wp","href":"https:\/\/api.w.org\/{rel}","templated":true}]}}