{"id":833,"date":"2019-07-19T15:11:08","date_gmt":"2019-07-19T14:11:08","guid":{"rendered":"http:\/\/blog.uclm.es\/catedrajeanmonnet\/?page_id=833"},"modified":"2022-10-12T13:02:19","modified_gmt":"2022-10-12T11:02:19","slug":"publicaciones-academicas","status":"publish","type":"page","link":"https:\/\/blog.uclm.es\/catedrajeanmonnet\/publications\/publicaciones-academicas\/","title":{"rendered":"Publicaciones acad\u00e9micas"},"content":{"rendered":"\n<p><strong>2022<\/strong><\/p>\n\n\n\n<ul class=\"wp-block-list\"><li>L. Arroyo, \u00abSysteme et systematisation du droit administratif europeen\u00bb, en Jean-Bernard Auby, Jacqueline Dutheil de la Roch\u00e8re y Emilie Chevallier (eds.),\u00a0<em>Trait\u00e9 de droit administratif europ\u00e9en<\/em>, 3\u00aa ed., Bruylant, 2022.<\/li><li>M. Beltr\u00e1n y J. Miranzo, <em>Los tribunales y recursos administrativos de las organizaciones internacionales<\/em>, 2022, en prensa.<\/li><li>L. Arroyo, \u00abLas caras de la transnacionalidad\u00bb, en <em>Revista de Administraci\u00f3n P\u00fablica<\/em>, n\u00fam. 218, 2022, pp. 101-122.<\/li><li>L. Arroyo, \u00abAdministrative Procedures and Emergencies under Spanish and EU law\u00bb, <em>European Review of Public Law<\/em>, Vol. 34, Issue 1, 2022, pp. 255-276.<\/li><li>L. Arroyo,\u00a0<em>La actividad administrativa transfronteriza en la Uni\u00f3n Europea. Formas jur\u00eddicas y control judicial<\/em>, 2022.<\/li><\/ul>\n\n\n\n<p><strong>2021<\/strong><\/p>\n\n\n\n<ul class=\"wp-block-list\"><li>L. Arroyo, \u00abEffective Judicial Protection and Mutual Recognition in the European Administrative Space\u00bb,\u00a0<em>German\u00a0Law Journal<\/em>, vol. 22-3, 3-2021, pp. 344-370.<\/li><li>L. Arroyo y J. M. Rodr\u00edguez de Santiago, \u00abIn Search of Symmetry Lost &#8211; European and Spanish Soft Law before Spanish Authorities\u00bb, en Mariolina Eliantonio, Emilia Korkea-aho y Oana Stefan (eds.),\u00a0<em>EU Soft Law in the Member States: Theoretical Findings and Empirical Evidence<\/em>, Hart, Oxford, 2021.<\/li><li>L. Arroyo, \u00abLas bases constitucionales del Derecho administrativo\u00bb,, en J. M. Rodr\u00edguez de Santiago, G. Domenech, L. Arroyo\u00a0(dirs.), <em>Tratado de Derecho administrativo<\/em>, vol. I, Marcial Pons, 2021.<\/li><li><span style=\"font-size: 1rem\">D. Utrilla, \u00abSoft law governance in times of coronavirus in\u00a0Spain\u00bb, 12-1\u00a0<\/span><em style=\"font-size: 1rem\">European Journal of Risk Regulation<\/em><span style=\"font-size: 1rem\">, 2021, 111-126.<\/span><\/li><li>L. Arroyo, D. Utrilla, \u2018Spain\u2019, en G. della Cananea, M. Conticelli, T. Perroud (ed.),\u00a0<em>Procedural requirements in administrative limits to property rights<\/em>, Oxford University Press, 2021.<\/li><li>M. Beltr\u00e1n, \u201cLa doble instancia en la impugnaci\u00f3n jurisdiccional de las sanciones administrativas (Una mirada oblicua a la sentencia del TEDH Saquetti c. Espa\u00f1a)\u201d,\u00a0<em>Revista General de Derecho Penal<\/em>\u00a036 (2021).\u00a0<\/li><\/ul>\n\n\n\n<p><strong>2020<\/strong><\/p>\n\n\n\n<ul class=\"wp-block-list\"><li><span style=\"font-size: 1rem\">L. Arroyo, \u00abMutual Recognition in the Spanish Multi-level Administrative State\u00bb, Review of<\/span><em style=\"font-size: 1rem\">\u00a0European Administrative Law<\/em><span style=\"font-size: 1rem\">, 3-2020, pp. 161-187.<\/span><\/li><li>L. Arroyo, \u00abThe Europeanisation of Spanish Administrative Law through the Principle of Legitimate Expectations\u00bb (con G. Domenech),\u00a0<em>Review of European Administrative Law<\/em>, 2-2020, pp. 55-86.<\/li><li><span style=\"font-size: 1rem\">L. Arroyo, \u00abMasks, gloves, exports licences and composite procedures: Implementing Regulation 2020\/402 and the limelight of accountability\u00bb (con M. Eliantonio), n\u00famero especial de\u00a0<\/span><em style=\"font-size: 1rem\">European Journal of Risk Regulation<\/em><span style=\"font-size: 1rem\">, April 2020.<\/span><\/li><li>L. Arroyo, \u00abEl Derecho administrativo europeo como sistema\u00bb, 1\u00a0<em>Revista de Derecho P\u00fablico: Teor\u00eda y M\u00e9todo<\/em>, 2020, pp. 175-205.<\/li><li><span style=\"font-size: 1rem\">L. Arroyo, I. Mart\u00edn, P. Meix (dirs.), <\/span><em style=\"font-size: 1rem\">Derecho p\u00fablico global. Fundamentos, actores, procesos<\/em><span style=\"font-size: 1rem\">, Iustel, Madrid, 2020.<\/span><\/li><li>J. I. Hern\u00e1ndez G., \u00abEl Derecho administrativo global como fuente de Derecho en el arbitraje internacional de inversiones\u00bb, en L. Arroyo et. al. (dirs.),\u00a0<em>Derecho p\u00fablico global. Fundamentos, actores, procesos<\/em>, Iustel, Madrid, 2020, pp. 367-394.<\/li><li>J. I. Hern\u00e1ndez G., \u00abViejos y nuevos problemas para el Derecho Administrativo frente a la pandemia COVID-19 en tiempos globales\u00bb, en A. Brewer-Car\u00edas (dirs.),\u00a0<em>Estudios jur\u00eddicos sobre la pandemia del COVID-19<\/em>, Academia de Ciencias Pol\u00edticas y Sociales, Caracas, 2020, pp. 359-363.<\/li><li>D. Utrilla, \u00abSoft law governance in times of coronavirus in Spain\u00bb, en European Journal of Risk Regulation, 2021, forthcoming.<\/li><li>D. Utrilla Fern\u00e1ndez-Bermejo, \u00abLa uni\u00f3n econ\u00f3mica y monetaria y la primac\u00eda del Derecho de la Uni\u00f3n a la luz del caso Weiss\/PSPP\u00bb, 160\u00a0<em>Revista de Derecho Bancario y Burs\u00e1til<\/em>, 2020.<\/li><li>D. Utrilla, \u00abCompulsory vaccination and European law\u00bb, en\u00a0<em>EU Law Live Weekend Edition<\/em>, n\u00fam. 27, Septiembre 2020.<\/li><\/ul>\n\n\n\n<p><strong>2019<\/strong><\/p>\n\n\n\n<ul class=\"wp-block-list\"><li>L. Arroyo, \u00abDerecho administrativo y Constituci\u00f3n Espa\u00f1ola\u00bb, <em>Revista de Administraci\u00f3n P\u00fablica<\/em>, n\u00fam. 209, 2019, pp. 93-122.<\/li><li>L. Arroyo, B. Barragu\u00e9 y C. Fern\u00e1ndez, \u00abLa justificaci\u00f3n normativa de la renta b\u00e1sica desde la filosof\u00eda pol\u00edtica y el Derecho\u00bb, 1 <em>Revista Diecisiete<\/em>, 2019.<\/li><li>M. Beltr\u00e1n,&nbsp;<em>Myths and Realities of Secessionisms: A Constitutional Approach to the Catalonian Crisis<\/em>, Palgrave Macmillan, London, 2019.<\/li><li>J. I. Hern\u00e1ndez G., \u00abIntroducci\u00f3n al Derecho Procesal Administrativo Global. El Derecho m\u00e1s all\u00e1 del Estado\u00bb, en J. Belandria et. al. (dirs.),&nbsp;<em>Temas fundamentales de Derecho P\u00fablico en homenaje a Jes\u00fas Gonz\u00e1lez P\u00e9rez<\/em>, FUNEDA, Caracas, 2019, pp. 349-379.&nbsp;<\/li><li>J. I. Hern\u00e1ndez G., \u00abCapacidad estatal, emergencias complejas y derechos sociales\u00bb, en A. von Bogdandy A. Brewer-Car\u00edas (dirs.),&nbsp;<em>Constitucionalismo transformador, inclusi\u00f3n y derechos sociales<\/em>, Editora JusPodivm, Salvador, 2019, pp. 681-726.<\/li><li>J. I. Hern\u00e1ndez G. \u00abEl contrato administrativo en el Derecho Administrativo global. Una perspectiva Iberoamericana\u00bb, en H. Acaraz y A. Vergara,&nbsp;<em>Itinerario Latinoamericano del Derecho P\u00fablico Franc\u00e9s. Homenaje al profesor Franck Moderne<\/em>, Tirant Lo Blanch, Valencia, 2019, pp. 367-380.&nbsp;<\/li><li>I. Mart\u00edn, \u201cIncumplimiento del Derecho de la Uni\u00f3n Europea y Directivas: la necesaria mejora de los procedimientos internos de transposici\u00f3n\u201d, en&nbsp;<em>Perspectivas actuales del proceso de integraci\u00f3n europea<\/em>, Balaguer &amp; Tudela, eds., Fundaci\u00f3n Manuel Gim\u00e9nez Abad, Zaragoza, 2019, pp. 143 ss.&nbsp;<\/li><li>I. Mart\u00edn, \u00abEntre interpretaci\u00f3n uniforme y garant\u00eda de correcta ejecuci\u00f3n del derecho de la Uni\u00f3n la obligaci\u00f3n de plantear cuesti\u00f3n prejudicial ante el Tribunal de Justicia en el contexto del recurso por incumplimiento\u201d, en&nbsp;<em>Revista Espa\u00f1ola de Derecho Europeo<\/em>,&nbsp; N\u00ba. 69, 2019, p\u00e1gs. 119-158.<\/li><li>D. Utrilla, \u201cMarket freedoms and private interactions under EU law\u201d,&nbsp;<em>China EU Law Journal <\/em>(Springer, Berlin-Heidelberg), 2019.<\/li><\/ul>\n\n\n\n<p><strong>2018<\/strong><\/p>\n\n\n\n<ul class=\"wp-block-list\"><li>L. Arroyo y D. Utrilla (dirs.), <em>La adjudicaci\u00f3n administrativa de recursos escasos<\/em>, eds., Tirant lo Blanch, Valencia, 2018.<\/li><li>L. Arroyo y A. Nieto (dirs.), <em>El reconocimiento mutuo en el Derecho espa\u00f1ol y europeo<\/em>, Marcial Pons, Madrid, 2018.<\/li><li>L. Arroyo, \u00abConstitutional Empathy and Judicial Dialogue in the European Union\u00bb, 24-1 <em>European Public Law<\/em>, 2018, pp. 57-72. [<a rel=\"noreferrer noopener\" href=\"https:\/\/www.academia.edu\/35813449\/Constitutional_Empathy_and_Judicial_Dialogue_in_the_European_Union\" target=\"_blank\">+<\/a>]<\/li><li>L. Arroyo, \u00abLa adjudicaci\u00f3n de decisiones administrativas habilitantes\u00bb, en <em>La adjudicaci\u00f3n administrativa de recursos escasos<\/em>, L. Arroyo &amp; D. Utrilla eds., Tirant lo Blanch, Valencia, 2018.<\/li><li>L. Arroyo y D. Utrilla, \u00abEl reconocimiento mutuo en el Derecho secundario del mercado interior\u00bb, en<em> El reconocimiento mutuo en el Derecho espa\u00f1ol y europeo<\/em>, L. Arroyo &amp; A. Nieto eds., Marcial Pons, Madrid, 2018<\/li><li>L. Arroyo, \u00abReconstrucci\u00f3n sistem\u00e1tica de la adjudicaci\u00f3n administrativa de rcursos escasos\u00bb, en <em>La adjudicaci\u00f3n administrativa de recursos escasos<\/em>, L. Arroyo &amp; D. Utrilla eds., Tirant lo Blanch, Valencia, 2018.<\/li><li>L. Arroyo, \u00abReconocimiento mutuo y modelos de regulaci\u00f3n\u00bb, en <em>El reconocimiento mutuo en el Derecho espa\u00f1ol y europeo<\/em>, L. Arroyo &amp; A. Nieto eds., Marcial Pons, Madrid, 2018.<\/li><li>L. Arroyo, \u00abArt\u00edculo 128\u00bb, en <em>Comentario breve a la Constituci\u00f3n Espa\u00f1ola<\/em>, Critica, Madrid, 2018<\/li><li>M. Beltr\u00e1n y M. Azpitarte \u00ab\u041f\u0440\u0430\u0432\u043e \u0438 \u0442\u0440\u0438 \u0435\u0432\u0440\u043e\u043f\u0435\u0439\u0441\u043a\u0438\u0445 \u043a\u0440\u0438\u0437\u0438\u0441\u0430: \u044d\u043a\u043e\u043d\u043e\u043c\u0438\u043a\u0430, \u0431\u0435\u0437\u043e\u043f\u0430\u0441\u043d\u043e\u0441\u0442\u044c, \u043f\u043e\u043b\u0438\u0442\u0438\u043a\u0430\u00bb&nbsp; [\u201cPravo i Tri Evropeiskih Krizisa: Economika, Bezopasnost,&nbsp;Politica\u201d \u2013 \u201cThe Rule of Law and Three European Crises: Economics,&nbsp;Security, Politics\u201d], en&nbsp;<em>\u041e\u0431\u0449\u0430\u044f \u0442\u0435\u0442\u0440\u0430\u0434\u044c [Obschaya Tetrad]<\/em>n\u00ba 3-4 (73) 2017,&nbsp;pp. 53-64 y n\u00ba 1-2 (74) 2018, pp. 41-61.<\/li><li>L. Ortega y L. Arroyo, \u00abComentarios al art\u00edculo 128\u00bb (con Luis Ortega \u00c1lvarez), en VV.AA., <em>Comentarios a la Constituci\u00f3n Espa\u00f1ola<\/em>, tomo II, Fundaci\u00f3n Wolters Kluwer, Madrid, 2018.<\/li><li>D. Utrilla, <em>Parlamentos regionales y principio de subsidiaridad<\/em>, Iustel, 2018.<\/li><\/ul>\n\n\n\n<p><strong>2017-2016<\/strong><\/p>\n\n\n\n<ul class=\"wp-block-list\"><li>I. Mart\u00edn Delgado (dir.), <em>La reforma de la administraci\u00f3n electr\u00f3nica: una oportunidad para la innovaci\u00f3n desde el Derecho<\/em>, INAP, Madrid, 2017. [<a rel=\"noreferrer noopener\" href=\"http:\/\/www.marcialpons.es\/libros\/la-reforma-de-la-administracion-electronica\/9788473515757\/\" target=\"_blank\">+<\/a>]<\/li><li>I. Mart\u00edn Delgado, M. Almeida, F. di Lascio (eds.), <em>La europeizaci\u00f3n del Derecho administrativo<\/em>, Andavira, 2017.<\/li><li>L. Arroyo, \u00abEspecial trascendencia constitucional del recurso de amparo\u00bb, 68 <em>El Cronista del Estado Social y Democr\u00e1tico de Derecho<\/em>, n\u00fam. 68, 2017, pp. 36-43. [<a rel=\"noreferrer noopener\" href=\"https:\/\/www.academia.edu\/29852140\/Especial_trascendencia_constitucional\" target=\"_blank\">+<\/a>]<\/li><li>I.&nbsp;Mart\u00edn,&nbsp; \u00ab\u201cBrexit means Brexit\u201d\u2026 o no. Especulaciones, conjeturas y algunas consideraciones jur\u00eddicas a prop\u00f3sito de la decisi\u00f3n del Reino Unido de retirarse de la Uni\u00f3n Europea en el contexto del art\u00edculo 50 TUE\u00bb, 64 <em>El Cronista del Estado social y democr\u00e1tico de Derecho<\/em>, 2016 [<a href=\"http:\/\/www.iustel.com\/v2\/revistas\/detalle_revista.asp?id=16\">+<\/a>].<\/li><li>L. Arroyo &amp; D. Utrilla, \u00abAdministrative Allocation of Limited Public Rights\u00bb, in <em>Scarcity and the State<\/em>, P. Adriaanse et alia (eds.), Intersentia, Cambridge, 2016 [<a rel=\"noreferrer noopener\" href=\"http:\/\/intersentia.com\/en\/scarcity-and-the-state-i.html\" target=\"_blank\">+<\/a>].<\/li><li>L. Arroyo, <em>Empat\u00eda constitucional. Derecho de la Uni\u00f3n Europea y Constituci\u00f3n espa\u00f1ola<\/em>, Marcial Pons, Madrid, 2016 [<a rel=\"noreferrer noopener\" href=\"http:\/\/www.marcialpons.es\/libros\/empatia-constitucional\/9788491230601\/\" target=\"_blank\">+<\/a>].<\/li><li>M. Beltr\u00e1n, \u201c\u041f\u0435\u0440\u0441\u043f\u0435\u043a\u0442\u0438\u0432\u044b \u043a\u0430\u0442\u0430\u043b\u043e\u043d\u0441\u043a\u043e\u0433\u043e \u0441\u0435\u043f\u0430\u0440\u0430\u0442\u0438\u0437\u043c\u0430: \u043f\u043e\u043b\u0438\u0442\u0438\u043a\u0430 \u0438 \u043f\u0440\u0430\u0432\u043e\u201d,&nbsp;<em>\u041d\u0435\u043f\u0440\u0438\u043a\u043e\u0441\u043d\u043e\u0432\u0435\u043d\u043d\u044b\u0439 \u0437\u0430\u043f\u0430\u0441: \u0434\u0435\u0431\u0430\u0442\u044b \u043e \u043f\u043e\u043b\u0438\u0442\u0438\u043a\u0435 \u0438 \u043a\u0443\u043b\u044c\u0442\u0443\u0440\u0435<\/em>&nbsp;[The Prospects of Catalonian Separatism: Politics and Law],<em>Neprikosnovennij Zapas: Debati o politike i kulture<\/em>&nbsp;[Debates on Politics and Culture] n\u00ba 109 (2016), pp. 246 &#8211; 260.<\/li><li>M. Beltr\u00e1n, \u201cTendencias en Europa sobre los gobiernos locales intermedios\u201d, en <em>El futuro de la Administraci\u00f3n local y el papel de los gobiernos locales intermedios, <\/em>Luciano Parejo (coord.), Fundaci\u00f3n Democracia y Gobierno Local, Madrid, 2017, pp. 217 a 245.<\/li><li>I.&nbsp;Mart\u00edn,&nbsp;\u00abLa repercusi\u00f3n de la responsabilidad por incumplimiento del Derecho de la Uni\u00f3n Europea en el contexto del Estado Auton\u00f3mico\u00bb,&nbsp;199 <em>Revista de Administraci\u00f3n P\u00fablica<\/em>, 2016 [<a rel=\"noreferrer noopener\" href=\"http:\/\/www.cepc.gob.es\/publicaciones\/revistas\/revistaselectronicas?IDR=1&amp;IDN=1357&amp;IDA=37651\" target=\"_blank\">+<\/a>]<\/li><li>D. Utrilla, \u00abEconomic crisis and welfare reforms in Spain\u00bb, en S. Civitarese &amp; S. Halliday (eds.), <em>The<\/em> <em>fate of social welfare in an<\/em> <em>age of austerity: Socio-economic<\/em> <em>rights in Europe<\/em>, Routledge, 2016.<\/li><\/ul>\n","protected":false},"excerpt":{"rendered":"<p>2022 L. Arroyo, \u00abSysteme et systematisation du droit administratif europeen\u00bb, en Jean-Bernard Auby, Jacqueline Dutheil de la Roch\u00e8re y Emilie Chevallier (eds.),\u00a0Trait\u00e9 de droit administratif europ\u00e9en, 3\u00aa ed., Bruylant, 2022. M. Beltr\u00e1n y J. Miranzo, Los tribunales y recursos administrativos de las organizaciones internacionales, 2022, en prensa. L. Arroyo, \u00abLas caras de la transnacionalidad\u00bb, en [&hellip;]<\/p>\n","protected":false},"author":11,"featured_media":0,"parent":17,"menu_order":1,"comment_status":"closed","ping_status":"closed","template":"","meta":{"footnotes":""},"class_list":["post-833","page","type-page","status-publish","hentry"],"_links":{"self":[{"href":"https:\/\/blog.uclm.es\/catedrajeanmonnet\/wp-json\/wp\/v2\/pages\/833","targetHints":{"allow":["GET"]}}],"collection":[{"href":"https:\/\/blog.uclm.es\/catedrajeanmonnet\/wp-json\/wp\/v2\/pages"}],"about":[{"href":"https:\/\/blog.uclm.es\/catedrajeanmonnet\/wp-json\/wp\/v2\/types\/page"}],"author":[{"embeddable":true,"href":"https:\/\/blog.uclm.es\/catedrajeanmonnet\/wp-json\/wp\/v2\/users\/11"}],"replies":[{"embeddable":true,"href":"https:\/\/blog.uclm.es\/catedrajeanmonnet\/wp-json\/wp\/v2\/comments?post=833"}],"version-history":[{"count":4,"href":"https:\/\/blog.uclm.es\/catedrajeanmonnet\/wp-json\/wp\/v2\/pages\/833\/revisions"}],"predecessor-version":[{"id":1446,"href":"https:\/\/blog.uclm.es\/catedrajeanmonnet\/wp-json\/wp\/v2\/pages\/833\/revisions\/1446"}],"up":[{"embeddable":true,"href":"https:\/\/blog.uclm.es\/catedrajeanmonnet\/wp-json\/wp\/v2\/pages\/17"}],"wp:attachment":[{"href":"https:\/\/blog.uclm.es\/catedrajeanmonnet\/wp-json\/wp\/v2\/media?parent=833"}],"curies":[{"name":"wp","href":"https:\/\/api.w.org\/{rel}","templated":true}]}}