{"id":803,"date":"2019-07-11T12:14:39","date_gmt":"2019-07-11T11:14:39","guid":{"rendered":"http:\/\/blog.uclm.es\/catedrajeanmonnet\/?page_id=803"},"modified":"2024-01-12T17:03:40","modified_gmt":"2024-01-12T15:03:40","slug":"pre-prints","status":"publish","type":"page","link":"https:\/\/blog.uclm.es\/catedrajeanmonnet\/publications\/pre-prints\/","title":{"rendered":"Pre-Prints"},"content":{"rendered":"\n<p><strong>2023<\/strong><\/p>\n\n\n\n<div class=\"wp-block-file\"><a id=\"wp-block-file--media-1b79a2ec-4573-41c1-8e7e-0057677e7978\" href=\"https:\/\/blog.uclm.es\/catedrajeanmonnet\/wp-content\/uploads\/sites\/26\/2024\/01\/No.-4-202354-2.pdf\">4\/23. P. Meix: El hiyab en el Derecho de la Uni\u00f3n Europea <\/a><\/div>\n\n\n\n<div class=\"wp-block-file\"><a id=\"wp-block-file--media-ac348c7b-e11d-45dc-9c29-7cbf6eddf8af\" href=\"https:\/\/blog.uclm.es\/catedrajeanmonnet\/wp-content\/uploads\/sites\/26\/2023\/11\/No.3-2023-1.pdf\">3\/23. S. de la Sierra: European integration, digitalization and the Brussels Effect<\/a><\/div>\n\n\n\n<div class=\"wp-block-file\"><a id=\"wp-block-file--media-7e19a6a9-ff90-4498-9a55-03a507da644c\" href=\"https:\/\/blog.uclm.es\/catedrajeanmonnet\/wp-content\/uploads\/sites\/26\/2023\/11\/No.-2-2023.pdf\">2\/23. L. Arroyo, R. Cancio, Article 47 of the Charter of Fundamental Rights before Spanish Courts. Reasonable accomodations without structural changes<\/a><\/div>\n\n\n\n<div class=\"wp-block-file\"><a id=\"wp-block-file--media-4823482b-937f-4045-8464-0ce8053fad99\" href=\"https:\/\/blog.uclm.es\/catedrajeanmonnet\/wp-content\/uploads\/sites\/26\/2023\/06\/PREPRINT-ARZOZ.pdf\">1\/23. X. Arroz: Avoiding the rain or learning to dance in it: the hesitations of the Spanish Constitutional Court<br><\/a><\/div>\n\n\n\n<p><\/p>\n\n\n\n<p><strong>2022<\/strong><\/p>\n\n\n\n<div class=\"wp-block-file\"><a id=\"wp-block-file--media-c5ceaa96-2bb3-48b7-944a-f4387af04d86\" href=\"https:\/\/blog.uclm.es\/catedrajeanmonnet\/wp-content\/uploads\/sites\/26\/2023\/01\/PrePrint_3.pdf\">3\/22. L. Arroyo Jim\u00e9nez: Beyond bindingness: A typology of EU soft law legal effects<\/a><\/div>\n\n\n\n<div class=\"wp-block-file\"><a id=\"wp-block-file--media-7901c43d-5612-4912-b241-815033a923bd\" href=\"https:\/\/blog.uclm.es\/catedrajeanmonnet\/wp-content\/uploads\/sites\/26\/2023\/01\/PrePrint_2.pdf\">2\/22. G. Dom\u00e9nech-Pascual: On the principles of effectiveness and equivalence in state liability actions for breaches of EU law<\/a><\/div>\n\n\n\n<div class=\"wp-block-file\"><a id=\"wp-block-file--media-13681b0c-bdc2-4e3d-8cf6-ea694c3a8ad9\" href=\"https:\/\/blog.uclm.es\/catedrajeanmonnet\/wp-content\/uploads\/sites\/26\/2023\/01\/PrePrint_1.pdf\">1\/22. X. Arroz: The legal effects of a serious infringement of EU law on administrative authorities and courts <\/a><\/div>\n\n\n\n<p><\/p>\n\n\n\n<p><strong>2021<\/strong><\/p>\n\n\n\n<div class=\"wp-block-file\"><a id=\"wp-block-file--media-91558c45-ad58-48e0-9e0a-fe44a9f37086\" href=\"https:\/\/blog.uclm.es\/catedrajeanmonnet\/wp-content\/uploads\/sites\/26\/2022\/11\/PrePrint8_merged-2.pdf\">8\/21. J. Miranzo y M. Beltr\u00e1n: Los tribunales y recursos de las organizaciones internacionales<\/a><\/div>\n\n\n\n<div class=\"wp-block-file\"><a id=\"wp-block-file--media-092d8b03-a1a3-40bd-89c3-236e8b55a066\" href=\"https:\/\/blog.uclm.es\/catedrajeanmonnet\/wp-content\/uploads\/sites\/26\/2022\/11\/PrePrint_6.pdf\">6\/21. L. Arroyo: La actividad administrativa transfronteriza en la Uni\u00f3n Europea<\/a><\/div>\n\n\n\n<div class=\"wp-block-file\"><a id=\"wp-block-file--media-ec0ad2c0-5029-4aae-a2cc-3b847aae40d3\" href=\"https:\/\/blog.uclm.es\/catedrajeanmonnet\/wp-content\/uploads\/sites\/26\/2021\/12\/PrePrint_5.pdf\">5\/21. M. Beltr\u00e1n: La doble instancia en la impugnaci\u00f3n jurisdiccional de las sanciones administrativas<\/a><\/div>\n\n\n\n<div class=\"wp-block-file\"><a id=\"wp-block-file--media-e560b96f-177b-4439-b9e9-7a9cb2210b01\" href=\"https:\/\/blog.uclm.es\/catedrajeanmonnet\/wp-content\/uploads\/sites\/26\/2021\/12\/PrePrint_4.pdf\">4\/21. M. Beltr\u00e1n, G. Piperata: (Anti)corrupci\u00f3n en la Administraci\u00f3n<\/a><\/div>\n\n\n\n<div class=\"wp-block-file\"><a id=\"wp-block-file--media-926e5f4a-bd0e-40a6-9726-db575551007b\" href=\"https:\/\/blog.uclm.es\/catedrajeanmonnet\/wp-content\/uploads\/sites\/26\/2022\/11\/Preprint_2_21-1.pdf\">3\/21. L. Arroyo: Effective Judicial Protection and Mutual Recognition in the European Administrative Space<\/a><\/div>\n\n\n\n<div class=\"wp-block-file\"><a id=\"wp-block-file--media-b22861d2-f36f-4824-a08d-a8be862e0b27\" href=\"https:\/\/blog.uclm.es\/catedrajeanmonnet\/wp-content\/uploads\/sites\/26\/2022\/11\/Preprint_1_21-1.pdf\">1\/21. S. de la Sierra: For a new public law <\/a><\/div>\n\n\n\n<p><\/p>\n\n\n\n<p><strong>2020<\/strong><\/p>\n\n\n\n<div class=\"wp-block-file\"><a id=\"wp-block-file--media-dd612299-8e3f-45b2-9568-a0149529a17a\" href=\"https:\/\/blog.uclm.es\/catedrajeanmonnet\/wp-content\/uploads\/sites\/26\/2022\/11\/Preprint4.pdf\">4\/21. L. Arroyo: Mutual recognition in the Spanish multi-level administrative state<\/a><\/div>\n\n\n\n<div class=\"wp-block-file\"><a id=\"wp-block-file--media-9c586294-a302-42f5-9dd2-5ac8d676f082\" href=\"https:\/\/blog.uclm.es\/catedrajeanmonnet\/wp-content\/uploads\/sites\/26\/2022\/11\/Preprint3-20.pdf\">3\/20. J. I. Hern\u00e1ndez G.:El Derecho administrativo global como fuente de Derecho en el arbitraje internacional de inversiones. Hacia un <em>Ius Constitutionale Commune<\/em><\/a><\/div>\n\n\n\n<div class=\"wp-block-file\"><a id=\"wp-block-file--media-2ee73eb9-e33a-47fb-8ca5-238e6627b987\" href=\"https:\/\/blog.uclm.es\/catedrajeanmonnet\/wp-content\/uploads\/sites\/26\/2022\/11\/Preprint2-20.pdf\">2\/21. L. Arroyo &amp; J.M. Rodriguez de Santiago, European and domestic soft law within Spanish administrative law<\/a><\/div>\n\n\n\n<div class=\"wp-block-file\"><a id=\"wp-block-file--media-f305e336-b1e3-4e80-be55-b5d5788fcd8e\" href=\"https:\/\/blog.uclm.es\/catedrajeanmonnet\/wp-content\/uploads\/sites\/26\/2022\/11\/PrePrint1-20.pdf\">1\/20. R. Le\u00f1ero: Los sujetos del Derecho p\u00fablico global<\/a><\/div>\n\n\n\n<p><\/p>\n\n\n\n<p><strong>2019<\/strong><\/p>\n\n\n\n<div class=\"wp-block-file\"><a id=\"wp-block-file--media-ed111b95-5359-4555-83b6-93fe88246b5f\" href=\"https:\/\/blog.uclm.es\/catedrajeanmonnet\/wp-content\/uploads\/sites\/26\/2020\/01\/Preprint-No-5-19.pdf\">5\/19. S. de la Sierra: Government, Culture and Movies: In Search of a Common Understanding from a European Perspective<\/a><\/div>\n\n\n\n<div class=\"wp-block-file\"><a id=\"wp-block-file--media-1acd0301-87e6-48e8-af9c-f62c9974edf8\" href=\"https:\/\/blog.uclm.es\/catedrajeanmonnet\/wp-content\/uploads\/sites\/26\/2020\/07\/Paper4-19.pdf\">4-19. L. Arroyo &amp; G. Dom\u00e9nech: The Europeanisation of Spanish Administrative Law through the Principle of Legitimate Expectations<\/a><\/div>\n\n\n\n<div class=\"wp-block-file\"><a id=\"wp-block-file--media-54b4b3e2-6c79-4174-a9ed-3c400108bc5b\" href=\"https:\/\/blog.uclm.es\/catedrajeanmonnet\/wp-content\/uploads\/sites\/26\/2020\/08\/Paper3-19.pdf\">3-19: L. Arroyo: Syst\u00e8me et syst\u00e9matisation du droit administratif europ\u00e9en <\/a><\/div>\n\n\n\n<div class=\"wp-block-file\"><a id=\"wp-block-file--media-bc0502ef-19b0-4d24-8888-0f64c8bf415d\" href=\"https:\/\/blog.uclm.es\/catedrajeanmonnet\/wp-content\/uploads\/sites\/26\/2019\/09\/Preprint-No-2-19.pdf\">2\/19. I. Mart\u00edn: Entre interpretaci\u00f3n uniforme y garant\u00eda de la correcta ejecuci\u00f3n del Derecho de la UE<br><\/a><\/div>\n\n\n\n<div class=\"wp-block-file\"><a id=\"wp-block-file--media-6c02fd9c-6bb3-44f8-88cf-67b6cdcfe9ea\" href=\"https:\/\/blog.uclm.es\/catedrajeanmonnet\/wp-content\/uploads\/sites\/26\/2019\/10\/Preprint-No-1-19_compressed.pdf\">1\/19. L. Arroyo &amp; P. P\u00e9rez: Private enforcement of State aid law in Spain<\/a><\/div>\n\n\n\n<p><\/p>\n\n\n\n<p><strong>2018<\/strong><\/p>\n\n\n\n<div class=\"wp-block-file\"><a id=\"wp-block-file--media-37a7e3fa-3570-4e94-9ff4-0ab4d2c7c155\" href=\"https:\/\/blog.uclm.es\/catedrajeanmonnet\/wp-content\/uploads\/sites\/26\/2019\/09\/Preprint-No-2-18-1.pdf\">2\/18. I. Mart\u00edn: Incumplimiento del Derecho de la UE y Directivas<\/a><\/div>\n\n\n\n<div class=\"wp-block-file\"><a id=\"wp-block-file--media-987fa0ec-74cd-4751-8361-3854b4b1b7eb\" href=\"https:\/\/blog.uclm.es\/catedrajeanmonnet\/wp-content\/uploads\/sites\/26\/2019\/09\/Preprint-No-1-18.pdf\">1\/18. L. Arroyo: Constitutional Empathy and Judicial Dialogue in the EU<\/a><\/div>\n\n\n\n<p><\/p>\n\n\n\n<p><strong>2017<\/strong><\/p>\n\n\n\n<div class=\"wp-block-file\"><a id=\"wp-block-file--media-13fb1661-b320-48ff-b63e-3ad4dcd57d5b\" href=\"https:\/\/blog.uclm.es\/catedrajeanmonnet\/wp-content\/uploads\/sites\/26\/2019\/09\/Preprint-No-3-17.pdf\">3\/17. L. Arroyo &amp; D. Utrilla: El reconocimiento mutuo en el mercado interior<br><\/a><\/div>\n\n\n\n<div class=\"wp-block-file\"><a id=\"wp-block-file--media-c14cf304-c090-4dfc-8b96-f3001b41abca\" href=\"https:\/\/blog.uclm.es\/catedrajeanmonnet\/wp-content\/uploads\/sites\/26\/2019\/09\/Preprint-No-2-17.pdf\">2\/17. P. Meix: La uni\u00f3n econ\u00f3mica y monetaria supraestatal<\/a><\/div>\n\n\n\n<p><\/p>\n","protected":false},"excerpt":{"rendered":"<p>2023 2022 2021 2020 2019 2018 2017<\/p>\n","protected":false},"author":11,"featured_media":0,"parent":17,"menu_order":2,"comment_status":"closed","ping_status":"closed","template":"","meta":{"footnotes":""},"class_list":["post-803","page","type-page","status-publish","hentry"],"_links":{"self":[{"href":"https:\/\/blog.uclm.es\/catedrajeanmonnet\/wp-json\/wp\/v2\/pages\/803","targetHints":{"allow":["GET"]}}],"collection":[{"href":"https:\/\/blog.uclm.es\/catedrajeanmonnet\/wp-json\/wp\/v2\/pages"}],"about":[{"href":"https:\/\/blog.uclm.es\/catedrajeanmonnet\/wp-json\/wp\/v2\/types\/page"}],"author":[{"embeddable":true,"href":"https:\/\/blog.uclm.es\/catedrajeanmonnet\/wp-json\/wp\/v2\/users\/11"}],"replies":[{"embeddable":true,"href":"https:\/\/blog.uclm.es\/catedrajeanmonnet\/wp-json\/wp\/v2\/comments?post=803"}],"version-history":[{"count":25,"href":"https:\/\/blog.uclm.es\/catedrajeanmonnet\/wp-json\/wp\/v2\/pages\/803\/revisions"}],"predecessor-version":[{"id":1580,"href":"https:\/\/blog.uclm.es\/catedrajeanmonnet\/wp-json\/wp\/v2\/pages\/803\/revisions\/1580"}],"up":[{"embeddable":true,"href":"https:\/\/blog.uclm.es\/catedrajeanmonnet\/wp-json\/wp\/v2\/pages\/17"}],"wp:attachment":[{"href":"https:\/\/blog.uclm.es\/catedrajeanmonnet\/wp-json\/wp\/v2\/media?parent=803"}],"curies":[{"name":"wp","href":"https:\/\/api.w.org\/{rel}","templated":true}]}}