{"id":15,"date":"2016-09-20T10:00:13","date_gmt":"2016-09-20T09:00:13","guid":{"rendered":"http:\/\/blog.uclm.es\/catedrajeanmonnet\/?page_id=15"},"modified":"2022-10-11T09:49:05","modified_gmt":"2022-10-11T07:49:05","slug":"research-grants","status":"publish","type":"page","link":"https:\/\/blog.uclm.es\/catedrajeanmonnet\/research-grants\/","title":{"rendered":"PROYECTOS"},"content":{"rendered":"<p><a href=\"https:\/\/jmn-eulen.nl\" target=\"_blank\" rel=\"noopener\"><strong>Jean Monnet Network on EU Law Enforcement<\/strong><\/a><\/p>\n<ul>\n<li>European project: Erasmus+<\/li>\n<li>PI: Mira Scholten<\/li>\n<li>2019-2022<\/li>\n<\/ul>\n<p><a href=\"http:\/\/blog.uclm.es\/catedrajeanmonnet\/2019\/09\/25\/administrative-law-beyond-the-state\/\"><strong>Administrative Law Beyond the State (Global, European and Transnational)<\/strong><\/a><\/p>\n<ul>\n<li>National project: Ministerio de Educaci\u00f3n<\/li>\n<li>PI: Luis Arroyo Jim\u00e9nez<\/li>\n<li>2019-2021<\/li>\n<\/ul>\n<p><a href=\"http:\/\/blog.uclm.es\/competencia\" target=\"_blank\" rel=\"noopener noreferrer\"><strong>Competition among Rules. An Analitycal and Constitutional Approach<\/strong><\/a><\/p>\n<ul>\n<li>National project: Ministerio de Educaci\u00f3n<\/li>\n<li>PI: Luis Arroyo Jim\u00e9nez<\/li>\n<li>2014-2018<\/li>\n<\/ul>\n<p><a href=\"https:\/\/blog.uclm.es\/catedrajeanmonnet\/2018\/06\/12\/d-utrilla-parlamentos-regionales-y-principio-de-subsidiaridad-iustel-2018\/\"><strong>Subsidiarity and Regional Parliaments<\/strong><\/a><\/p>\n<ul>\n<li>Regional project: Cortes de Castilla-La Mancha<\/li>\n<li>PI: Dolores Utrilla<\/li>\n<li>2015-2017<\/li>\n<\/ul>\n","protected":false},"excerpt":{"rendered":"<p>Jean Monnet Network on EU Law Enforcement European project: Erasmus+ PI: Mira Scholten 2019-2022 Administrative Law Beyond the State (Global, European and Transnational) National project: Ministerio de Educaci\u00f3n PI: Luis Arroyo Jim\u00e9nez 2019-2021 Competition among Rules. An Analitycal and Constitutional Approach National project: Ministerio de Educaci\u00f3n PI: Luis Arroyo Jim\u00e9nez 2014-2018 Subsidiarity and Regional Parliaments [&hellip;]<\/p>\n","protected":false},"author":11,"featured_media":0,"parent":0,"menu_order":5,"comment_status":"closed","ping_status":"closed","template":"","meta":{"footnotes":""},"class_list":["post-15","page","type-page","status-publish","hentry"],"_links":{"self":[{"href":"https:\/\/blog.uclm.es\/catedrajeanmonnet\/wp-json\/wp\/v2\/pages\/15","targetHints":{"allow":["GET"]}}],"collection":[{"href":"https:\/\/blog.uclm.es\/catedrajeanmonnet\/wp-json\/wp\/v2\/pages"}],"about":[{"href":"https:\/\/blog.uclm.es\/catedrajeanmonnet\/wp-json\/wp\/v2\/types\/page"}],"author":[{"embeddable":true,"href":"https:\/\/blog.uclm.es\/catedrajeanmonnet\/wp-json\/wp\/v2\/users\/11"}],"replies":[{"embeddable":true,"href":"https:\/\/blog.uclm.es\/catedrajeanmonnet\/wp-json\/wp\/v2\/comments?post=15"}],"version-history":[{"count":4,"href":"https:\/\/blog.uclm.es\/catedrajeanmonnet\/wp-json\/wp\/v2\/pages\/15\/revisions"}],"predecessor-version":[{"id":1427,"href":"https:\/\/blog.uclm.es\/catedrajeanmonnet\/wp-json\/wp\/v2\/pages\/15\/revisions\/1427"}],"wp:attachment":[{"href":"https:\/\/blog.uclm.es\/catedrajeanmonnet\/wp-json\/wp\/v2\/media?parent=15"}],"curies":[{"name":"wp","href":"https:\/\/api.w.org\/{rel}","templated":true}]}}