{"id":11,"date":"2016-09-20T09:59:55","date_gmt":"2016-09-20T08:59:55","guid":{"rendered":"http:\/\/blog.uclm.es\/catedrajeanmonnet\/?page_id=11"},"modified":"2022-10-10T17:29:02","modified_gmt":"2022-10-10T15:29:02","slug":"courses","status":"publish","type":"page","link":"https:\/\/blog.uclm.es\/catedrajeanmonnet\/courses\/","title":{"rendered":"DOCENCIA"},"content":{"rendered":"<p><strong>2021\/22<\/strong><\/p>\n<ul>\n<li><a href=\"https:\/\/guiae.uclm.es\/vistaGuia\/337\/35318\/2021-22\">Derecho de la Uni\u00f3n Europea<\/a><\/li>\n<li><a href=\"https:\/\/guiae.uclm.es\/vistaGuia\/337\/35355\/2021-22\">Derecho p\u00fablico de la econom\u00eda<\/a><\/li>\n<li><a href=\"https:\/\/blog.uclm.es\/catedrajeanmonnet\/2022\/03\/01\/curso-propio-sobre-introduccion-a-la-union-europea\/\">Curso Propio sobre Introducci\u00f3n a la Uni\u00f3n Europea<\/a><\/li>\n<\/ul>\n<p><strong>2020\/21<\/strong><\/p>\n<ul>\n<li><a href=\"https:\/\/guiae.uclm.es\/vistaGuia\/337\/35355\/2020-21\">Derecho de la Uni\u00f3n Europea<\/a><\/li>\n<li><a href=\"https:\/\/guiae.uclm.es\/vistaGuia\/337\/35318\/2020-21\">Derecho p\u00fablico de la econom\u00eda<\/a><\/li>\n<li><a href=\"https:\/\/blog.uclm.es\/catedrajeanmonnet\/wp-content\/uploads\/sites\/26\/2022\/10\/DPG2021.pdf\">Derecho p\u00fablico global<\/a><\/li>\n<\/ul>\n<p><strong>2019\/20<\/strong><\/p>\n<ul>\n<li><a href=\"https:\/\/guiae.uclm.es\/vistaGuia\/337\/35318\/2019-20\" target=\"_blank\" rel=\"noopener noreferrer\">Derecho de la Uni\u00f3n Europea<\/a><\/li>\n<li><a href=\"https:\/\/guiae.uclm.es\/vistaGuia\/337\/35355\/2019-20\" target=\"_blank\" rel=\"noopener noreferrer\">Derecho p\u00fablico de la econom\u00eda<\/a><\/li>\n<li><a href=\"https:\/\/blog.uclm.es\/catedrajeanmonnet\/2020\/03\/14\/seminario-de-derecho-administrativo-europeo-y-global\/\">Derecho administrativo europeo y global<\/a>\u00a0<\/li>\n<\/ul>\n\n\n<p><\/p>\n","protected":false},"excerpt":{"rendered":"<p>2021\/22 Derecho de la Uni\u00f3n Europea Derecho p\u00fablico de la econom\u00eda Curso Propio sobre Introducci\u00f3n a la Uni\u00f3n Europea 2020\/21 Derecho de la Uni\u00f3n Europea Derecho p\u00fablico de la econom\u00eda Derecho p\u00fablico global 2019\/20 Derecho de la Uni\u00f3n Europea Derecho p\u00fablico de la econom\u00eda Derecho administrativo europeo y global\u00a0<\/p>\n","protected":false},"author":11,"featured_media":0,"parent":0,"menu_order":2,"comment_status":"closed","ping_status":"closed","template":"","meta":{"footnotes":""},"class_list":["post-11","page","type-page","status-publish","hentry"],"_links":{"self":[{"href":"https:\/\/blog.uclm.es\/catedrajeanmonnet\/wp-json\/wp\/v2\/pages\/11","targetHints":{"allow":["GET"]}}],"collection":[{"href":"https:\/\/blog.uclm.es\/catedrajeanmonnet\/wp-json\/wp\/v2\/pages"}],"about":[{"href":"https:\/\/blog.uclm.es\/catedrajeanmonnet\/wp-json\/wp\/v2\/types\/page"}],"author":[{"embeddable":true,"href":"https:\/\/blog.uclm.es\/catedrajeanmonnet\/wp-json\/wp\/v2\/users\/11"}],"replies":[{"embeddable":true,"href":"https:\/\/blog.uclm.es\/catedrajeanmonnet\/wp-json\/wp\/v2\/comments?post=11"}],"version-history":[{"count":10,"href":"https:\/\/blog.uclm.es\/catedrajeanmonnet\/wp-json\/wp\/v2\/pages\/11\/revisions"}],"predecessor-version":[{"id":1412,"href":"https:\/\/blog.uclm.es\/catedrajeanmonnet\/wp-json\/wp\/v2\/pages\/11\/revisions\/1412"}],"wp:attachment":[{"href":"https:\/\/blog.uclm.es\/catedrajeanmonnet\/wp-json\/wp\/v2\/media?parent=11"}],"curies":[{"name":"wp","href":"https:\/\/api.w.org\/{rel}","templated":true}]}}