{"id":294,"date":"2024-12-16T13:06:39","date_gmt":"2024-12-16T12:06:39","guid":{"rendered":"https:\/\/blog.uclm.es\/catedraigualdadgenero\/?page_id=294"},"modified":"2026-03-18T12:22:07","modified_gmt":"2026-03-18T11:22:07","slug":"ayudas-tfm","status":"publish","type":"page","link":"https:\/\/blog.uclm.es\/catedraigualdadgenero\/ayudas-tfm\/","title":{"rendered":"Ayudas TFM"},"content":{"rendered":"\n<h2 class=\"wp-block-heading alignfull has-text-align-center has-base-2-color has-text-color has-background has-link-color wp-elements-d5978e84eeedb4e2b81ae22a2a7e8666\" style=\"background-color:#a81a8d\">Ayudas TFM<\/h2>\n\n\n\n<h2 class=\"wp-block-heading\">Convocatoria 2025-2026<\/h2>\n\n\n\n<p><strong>Convocatoria de Ayudas a la realizaci\u00f3n de Trabajos Fin de M\u00e1ster sobre igualdad de g\u00e9nero o que introduzcan perspectiva de g\u00e9nero de la Universidad de Castilla-La Mancha. Curso 2025-2026<\/strong><\/p>\n\n\n\n<p>La C\u00e1tedra de Igualdad de G\u00e9nero de la Universidad de Castilla-La Mancha, creada en virtud de convenio de colaboraci\u00f3n entre la Universidad de Castilla-La Mancha y el Instituto de la Mujer de Castilla-La Mancha, tiene como objetivo fomentar entre el estudiantado de Postgrado la realizaci\u00f3n de investigaciones sobre igualdad de g\u00e9nero, prestando tambi\u00e9n atenci\u00f3n a la brecha salarial y a la eliminaci\u00f3n de la violencia contra las mujeres.<\/p>\n\n\n\n<p>Documento: <a href=\"https:\/\/blog.uclm.es\/catedraigualdadgenero\/wp-content\/uploads\/sites\/301\/2026\/02\/Conv-ayudas-TFM-CAT-Igualdad-Genero-UCLM-25-26.pdf\" data-type=\"link\" data-id=\"https:\/\/blog.uclm.es\/catedraigualdadgenero\/wp-content\/uploads\/sites\/301\/2026\/02\/Conv-ayudas-TFM-CAT-Igualdad-Genero-UCLM-25-26.pdf\" target=\"_blank\" rel=\"noreferrer noopener\">CONVOCATORIA<\/a><\/p>\n\n\n\n<p>Documento: <a href=\"https:\/\/blog.uclm.es\/catedraigualdadgenero\/wp-content\/uploads\/sites\/301\/2026\/03\/Composicion-Comision-Ayudas-a-TFM_Catedra-igualdad-de-genero.pdf\" data-type=\"link\" data-id=\"https:\/\/blog.uclm.es\/catedraigualdadgenero\/wp-content\/uploads\/sites\/301\/2026\/03\/Composicion-Comision-Ayudas-a-TFM_Catedra-igualdad-de-genero.pdf\" target=\"_blank\" rel=\"noreferrer noopener\">COMPOSICI\u00d3N COMISI\u00d3N<\/a><\/p>\n\n\n\n<p>Documento: <a href=\"https:\/\/blog.uclm.es\/catedraigualdadgenero\/wp-content\/uploads\/sites\/301\/2026\/03\/Ampliac-plazo-solicitud-convoc-premios-TFM-CAT-Igualdad-Genero-UCLM-25-26.pdf\" data-type=\"link\" data-id=\"https:\/\/blog.uclm.es\/catedraigualdadgenero\/wp-content\/uploads\/sites\/301\/2026\/03\/Ampliac-plazo-solicitud-convoc-premios-TFM-CAT-Igualdad-Genero-UCLM-25-26.pdf\" target=\"_blank\" rel=\"noreferrer noopener\">MODIFICACI\u00d3N PLAZO PRESENTACI\u00d3N SOLICITUDES<\/a><\/p>\n\n\n\n<h2 class=\"wp-block-heading\">Convocatoria 2024<\/h2>\n\n\n\n<p><strong>Convocatoria de Ayudas a la realizaci\u00f3n de Trabajos Fin de M\u00e1ster sobre igualdad de g\u00e9nero o que introduzcan perspectiva de g\u00e9nero de la Universidad de Castilla-La Mancha. Curso 2024-2025<\/strong><\/p>\n\n\n\n<p>La C\u00e1tedra de Igualdad de G\u00e9nero de la Universidad de Castilla-La Mancha, creada en virtud de convenio de colaboraci\u00f3n entre la Universidad de Castilla-La Mancha y el Instituto de la Mujer de Castilla-La Mancha, tiene como objetivo fomentar entre el estudiantado de Postgrado la realizaci\u00f3n de investigaciones sobre igualdad de g\u00e9nero, prestando tambi\u00e9n atenci\u00f3n a la brecha salarial y a la eliminaci\u00f3n de la violencia contra las mujeres.<\/p>\n\n\n\n<p>Por ello, el Vicerrectorado de Estudios, Calidad y Acreditaci\u00f3n de la Universidad de Castilla-La Mancha (en adelante, UCLM), a propuesta de la directora de la C\u00e1tedra de Igualdad de G\u00e9nero de la UCLM, publica la presente convocatoria de ayudas a la realizaci\u00f3n de Trabajos Fin de M\u00e1ster sobre igualdad de g\u00e9nero o que introduzcan perspectiva de g\u00e9nero, que habr\u00e1n de ser defendidos durante el a\u00f1o 2025,bajo los principios de transparencia, publicidad, concurrencia competitiva, objetividad, igualdad y no discriminaci\u00f3n, eficacia en el cumplimiento de los objetivos fijados por la Universidad y eficiencia en la asignaci\u00f3n y utilizaci\u00f3n de los recursos p\u00fablicos, conforme a las siguientes bases reguladoras.<\/p>\n\n\n\n<p>Documento: <a href=\"https:\/\/blog.uclm.es\/catedraigualdadgenero\/wp-content\/uploads\/sites\/301\/2024\/12\/Convocatoria-ayudas-realizacion-TFMs-Igualdad-Gnero-24-25.pdf\" target=\"_blank\" rel=\"noreferrer noopener\">BASES REGULADORAS<\/a><\/p>\n\n\n\n<p>Documento: <a href=\"https:\/\/blog.uclm.es\/catedraigualdadgenero\/wp-content\/uploads\/sites\/301\/2024\/12\/Ayudas-TFM-Extracto-DOCM-795347.pdf\" data-type=\"link\" data-id=\"https:\/\/blog.uclm.es\/catedraigualdadgenero\/wp-content\/uploads\/sites\/301\/2024\/12\/Ayudas-TFM-Extracto-DOCM-795347.pdf\" target=\"_blank\" rel=\"noreferrer noopener\">EXTRACTO DOCM<\/a><\/p>\n\n\n\n<p>Documento: <a href=\"https:\/\/blog.uclm.es\/catedraigualdadgenero\/wp-content\/uploads\/sites\/301\/2025\/02\/2.Composicion-Comision-ayudas-TFM-Catedra-igualdad-de-genero.pdf\" data-type=\"link\" data-id=\"https:\/\/blog.uclm.es\/catedraigualdadgenero\/wp-content\/uploads\/sites\/301\/2025\/02\/2.Composicion-Comision-ayudas-TFM-Catedra-igualdad-de-genero.pdf\" target=\"_blank\" rel=\"noreferrer noopener\">COMISI\u00d3N DE SELECCI\u00d3N<\/a><\/p>\n\n\n\n<p>Documento: <a href=\"https:\/\/blog.uclm.es\/catedraigualdadgenero\/wp-content\/uploads\/sites\/301\/2025\/02\/Resoluc-concesion-prov-ayudas-realizacion-TFMs-Igualdad-Genero-24-25.pdf\" data-type=\"link\" data-id=\"https:\/\/blog.uclm.es\/catedraigualdadgenero\/wp-content\/uploads\/sites\/301\/2025\/02\/Resoluc-concesion-prov-ayudas-realizacion-TFMs-Igualdad-Genero-24-25.pdf\" target=\"_blank\" rel=\"noreferrer noopener\">RESOLUCI\u00d3N PROVISIONAL<\/a><\/p>\n\n\n\n<p>Documento: <a href=\"https:\/\/blog.uclm.es\/catedraigualdadgenero\/wp-content\/uploads\/sites\/301\/2025\/04\/Resoluc-concesion-def-ayudas-realizacion-TFMs-Igualdad-Genero-24-25.pdf\" data-type=\"link\" data-id=\"https:\/\/blog.uclm.es\/catedraigualdadgenero\/wp-content\/uploads\/sites\/301\/2025\/04\/Resoluc-concesion-def-ayudas-realizacion-TFMs-Igualdad-Genero-24-25.pdf\" target=\"_blank\" rel=\"noreferrer noopener\">RESOLUCI\u00d3N DEFINITIVA<\/a><\/p>\n\n\n\n<p><\/p>\n","protected":false},"excerpt":{"rendered":"<p>Ayudas TFM Convocatoria 2025-2026 Convocatoria de Ayudas a la realizaci\u00f3n de Trabajos Fin de M\u00e1ster sobre igualdad de g\u00e9nero o que introduzcan perspectiva de g\u00e9nero de la Universidad de Castilla-La Mancha. Curso 2025-2026 La C\u00e1tedra de Igualdad de G\u00e9nero de la Universidad de Castilla-La Mancha, creada en virtud de convenio de colaboraci\u00f3n entre la Universidad [&hellip;]<\/p>\n","protected":false},"author":55,"featured_media":0,"parent":0,"menu_order":0,"comment_status":"closed","ping_status":"closed","template":"page-no-title","meta":{"footnotes":""},"class_list":["post-294","page","type-page","status-publish","hentry"],"_links":{"self":[{"href":"https:\/\/blog.uclm.es\/catedraigualdadgenero\/wp-json\/wp\/v2\/pages\/294","targetHints":{"allow":["GET"]}}],"collection":[{"href":"https:\/\/blog.uclm.es\/catedraigualdadgenero\/wp-json\/wp\/v2\/pages"}],"about":[{"href":"https:\/\/blog.uclm.es\/catedraigualdadgenero\/wp-json\/wp\/v2\/types\/page"}],"author":[{"embeddable":true,"href":"https:\/\/blog.uclm.es\/catedraigualdadgenero\/wp-json\/wp\/v2\/users\/55"}],"replies":[{"embeddable":true,"href":"https:\/\/blog.uclm.es\/catedraigualdadgenero\/wp-json\/wp\/v2\/comments?post=294"}],"version-history":[{"count":16,"href":"https:\/\/blog.uclm.es\/catedraigualdadgenero\/wp-json\/wp\/v2\/pages\/294\/revisions"}],"predecessor-version":[{"id":534,"href":"https:\/\/blog.uclm.es\/catedraigualdadgenero\/wp-json\/wp\/v2\/pages\/294\/revisions\/534"}],"wp:attachment":[{"href":"https:\/\/blog.uclm.es\/catedraigualdadgenero\/wp-json\/wp\/v2\/media?parent=294"}],"curies":[{"name":"wp","href":"https:\/\/api.w.org\/{rel}","templated":true}]}}