{"id":289,"date":"2024-12-16T13:00:52","date_gmt":"2024-12-16T12:00:52","guid":{"rendered":"https:\/\/blog.uclm.es\/catedraigualdadgenero\/?page_id=289"},"modified":"2026-03-18T12:18:00","modified_gmt":"2026-03-18T11:18:00","slug":"ayudas-tesis","status":"publish","type":"page","link":"https:\/\/blog.uclm.es\/catedraigualdadgenero\/ayudas-tesis\/","title":{"rendered":"Ayudas tesis"},"content":{"rendered":"\n<h2 class=\"wp-block-heading alignfull has-text-align-center has-base-2-color has-text-color has-background has-link-color wp-elements-c0ac774752532c258911a52cdb666f58\" style=\"background-color:#a81a8d\">Ayudas tesis<\/h2>\n\n\n\n<h2 class=\"wp-block-heading\">Convocatoria 2025-2026<\/h2>\n\n\n\n<p>Convocatoria de Ayudas a la realizaci\u00f3n de Tesis Doctorales sobre igualdad de g\u00e9nero o que introduzcan perspectiva de g\u00e9nero. C\u00e1tedra de Igualdad de G\u00e9nero de la Universidad de Castilla-La Mancha. Curso 2025-2026<\/p>\n\n\n\n<p>La C\u00e1tedra de Igualdad de G\u00e9nero de la Universidad de Castilla-La Mancha, creada en virtud de convenio de colaboraci\u00f3n entre la Universidad de Castilla-La Mancha y el Instituto de la Mujer de Castilla-La Mancha, tiene como objetivo fomentar entre el estudiantado de Postgrado la realizaci\u00f3n de investigaciones sobre igualdad de g\u00e9nero, prestando tambi\u00e9n atenci\u00f3n a la brecha salarial y a la eliminaci\u00f3n de la violencia contra las mujeres.<\/p>\n\n\n\n<p>Documento: <a href=\"https:\/\/blog.uclm.es\/catedraigualdadgenero\/wp-content\/uploads\/sites\/301\/2026\/02\/Conv-ayuda-tesis-CAT-Igualdad_Genero-UCLM-25-26.pdf\" target=\"_blank\" rel=\"noreferrer noopener\">CONVOCATORIA<\/a><\/p>\n\n\n\n<p>Documento: <a href=\"https:\/\/blog.uclm.es\/catedraigualdadgenero\/wp-content\/uploads\/sites\/301\/2026\/03\/Composicion-Comision-ayudas-TESIS-Catedra-igualdad-de-genero.pdf\" data-type=\"link\" data-id=\"https:\/\/blog.uclm.es\/catedraigualdadgenero\/wp-content\/uploads\/sites\/301\/2026\/03\/Composicion-Comision-ayudas-TESIS-Catedra-igualdad-de-genero.pdf\">COMPOSICI\u00d3N COMISI\u00d3N<\/a><\/p>\n\n\n\n<p>Documento: <a href=\"https:\/\/blog.uclm.es\/catedraigualdadgenero\/wp-content\/uploads\/sites\/301\/2026\/03\/Ampliac-plazo-solicit-Conv-ayuda-tesis-CAT-Igualdad_Genero-UCLM-25-26.pdf\" data-type=\"link\" data-id=\"https:\/\/blog.uclm.es\/catedraigualdadgenero\/wp-content\/uploads\/sites\/301\/2026\/03\/Ampliac-plazo-solicit-Conv-ayuda-tesis-CAT-Igualdad_Genero-UCLM-25-26.pdf\" target=\"_blank\" rel=\"noreferrer noopener\">AMPLIACI\u00d3N PLAZO SOLICITUDES<\/a><\/p>\n\n\n\n<p>Documento: <a href=\"https:\/\/blog.uclm.es\/catedraigualdadgenero\/wp-content\/uploads\/sites\/301\/2026\/03\/Correc-errores-conv-ayuda-tesis-CAT-Igualdad_Genero-UCLM-25-26.pdf\" data-type=\"link\" data-id=\"https:\/\/blog.uclm.es\/catedraigualdadgenero\/wp-content\/uploads\/sites\/301\/2026\/03\/Correc-errores-conv-ayuda-tesis-CAT-Igualdad_Genero-UCLM-25-26.pdf\">CORRECCI\u00d3N DE ERRORES CONVOCATORIA<\/a><\/p>\n\n\n\n<h2 class=\"wp-block-heading\">Convocatoria 2025<\/h2>\n\n\n\n<p><strong>Convocatoria de Ayudas a la realizaci\u00f3n de Tesis Doctorales sobre igualdad de g\u00e9nero o que introduzcan perspectiva de g\u00e9nero.<\/strong><\/p>\n\n\n\n<p>Curso 2024-2025<\/p>\n\n\n\n<p>La C\u00e1tedra de Igualdad de G\u00e9nero de la Universidad de Castilla-La Mancha, creada en virtud de convenio de colaboraci\u00f3n entre la Universidad de Castilla-La Mancha y el Instituto de la Mujer de Castilla-La Mancha, tiene como objetivo fomentar entre el estudiantado de Postgrado la realizaci\u00f3n de investigaciones sobre igualdad de g\u00e9nero, prestando tambi\u00e9n<br>atenci\u00f3n a la brecha salarial y a la eliminaci\u00f3n de la violencia contra las mujeres.<\/p>\n\n\n\n<p>Documento: <a href=\"https:\/\/blog.uclm.es\/catedraigualdadgenero\/wp-content\/uploads\/sites\/301\/2025\/02\/Convocatoria-ayuda-realizacion-Tesis-CAT-Igualdad-Genero-24-25.pdf\" data-type=\"link\" data-id=\"https:\/\/blog.uclm.es\/catedraigualdadgenero\/wp-content\/uploads\/sites\/301\/2025\/02\/Convocatoria-ayuda-realizacion-Tesis-CAT-Igualdad-Genero-24-25.pdf\" target=\"_blank\" rel=\"noreferrer noopener\">BASES REGULADORAS<\/a><\/p>\n\n\n\n<p>Documento: <a href=\"https:\/\/blog.uclm.es\/catedraigualdadgenero\/wp-content\/uploads\/sites\/301\/2025\/02\/Extracto-DOCM-BDNS-816237.pdf\" data-type=\"link\" data-id=\"https:\/\/blog.uclm.es\/catedraigualdadgenero\/wp-content\/uploads\/sites\/301\/2025\/02\/Extracto-DOCM-BDNS-816237.pdf\" target=\"_blank\" rel=\"noreferrer noopener\">Extracto DOCM<\/a><\/p>\n\n\n\n<p>Documento: <a href=\"https:\/\/blog.uclm.es\/catedraigualdadgenero\/wp-content\/uploads\/sites\/301\/2025\/03\/Composicion-Comision-ayudas-TESIS-Catedra-igualdad-de-genero.pdf\" data-type=\"link\" data-id=\"https:\/\/blog.uclm.es\/catedraigualdadgenero\/wp-content\/uploads\/sites\/301\/2025\/03\/Composicion-Comision-ayudas-TESIS-Catedra-igualdad-de-genero.pdf\" target=\"_blank\" rel=\"noreferrer noopener\">COMISI\u00d3N DE SELECCI\u00d3N<\/a><\/p>\n\n\n\n<p>Documento: <a href=\"https:\/\/blog.uclm.es\/catedraigualdadgenero\/wp-content\/uploads\/sites\/301\/2025\/04\/Resol-conc-prov-ayuda-realizacion-Tesis-CAT-Igualdad-Genero-24-25-2.pdf\" data-type=\"link\" data-id=\"https:\/\/blog.uclm.es\/catedraigualdadgenero\/wp-content\/uploads\/sites\/301\/2025\/04\/Resol-conc-prov-ayuda-realizacion-Tesis-CAT-Igualdad-Genero-24-25.pdf\" target=\"_blank\" rel=\"noreferrer noopener\">RESOLUCI\u00d3N PROVISIONAL<\/a><\/p>\n\n\n\n<p>Documento: <a href=\"https:\/\/blog.uclm.es\/catedraigualdadgenero\/wp-content\/uploads\/sites\/301\/2025\/05\/Resol-conc-def-ayuda-realizacion-Tesis-CAT-Igualdad-Genero-24-25.pdf\" data-type=\"link\" data-id=\"https:\/\/blog.uclm.es\/catedraigualdadgenero\/wp-content\/uploads\/sites\/301\/2025\/05\/Resol-conc-def-ayuda-realizacion-Tesis-CAT-Igualdad-Genero-24-25.pdf\" target=\"_blank\" rel=\"noreferrer noopener\">RESOLUCI\u00d3N DEFINITIVA<\/a><\/p>\n\n\n\n<p><\/p>\n","protected":false},"excerpt":{"rendered":"<p>Ayudas tesis Convocatoria 2025-2026 Convocatoria de Ayudas a la realizaci\u00f3n de Tesis Doctorales sobre igualdad de g\u00e9nero o que introduzcan perspectiva de g\u00e9nero. C\u00e1tedra de Igualdad de G\u00e9nero de la Universidad de Castilla-La Mancha. Curso 2025-2026 La C\u00e1tedra de Igualdad de G\u00e9nero de la Universidad de Castilla-La Mancha, creada en virtud de convenio de colaboraci\u00f3n [&hellip;]<\/p>\n","protected":false},"author":55,"featured_media":0,"parent":0,"menu_order":0,"comment_status":"closed","ping_status":"closed","template":"page-no-title","meta":{"footnotes":""},"class_list":["post-289","page","type-page","status-publish","hentry"],"_links":{"self":[{"href":"https:\/\/blog.uclm.es\/catedraigualdadgenero\/wp-json\/wp\/v2\/pages\/289","targetHints":{"allow":["GET"]}}],"collection":[{"href":"https:\/\/blog.uclm.es\/catedraigualdadgenero\/wp-json\/wp\/v2\/pages"}],"about":[{"href":"https:\/\/blog.uclm.es\/catedraigualdadgenero\/wp-json\/wp\/v2\/types\/page"}],"author":[{"embeddable":true,"href":"https:\/\/blog.uclm.es\/catedraigualdadgenero\/wp-json\/wp\/v2\/users\/55"}],"replies":[{"embeddable":true,"href":"https:\/\/blog.uclm.es\/catedraigualdadgenero\/wp-json\/wp\/v2\/comments?post=289"}],"version-history":[{"count":20,"href":"https:\/\/blog.uclm.es\/catedraigualdadgenero\/wp-json\/wp\/v2\/pages\/289\/revisions"}],"predecessor-version":[{"id":531,"href":"https:\/\/blog.uclm.es\/catedraigualdadgenero\/wp-json\/wp\/v2\/pages\/289\/revisions\/531"}],"wp:attachment":[{"href":"https:\/\/blog.uclm.es\/catedraigualdadgenero\/wp-json\/wp\/v2\/media?parent=289"}],"curies":[{"name":"wp","href":"https:\/\/api.w.org\/{rel}","templated":true}]}}