{"id":285,"date":"2024-12-16T12:59:49","date_gmt":"2024-12-16T11:59:49","guid":{"rendered":"https:\/\/blog.uclm.es\/catedraigualdadgenero\/?page_id=285"},"modified":"2026-03-18T12:23:34","modified_gmt":"2026-03-18T11:23:34","slug":"premios-tfg","status":"publish","type":"page","link":"https:\/\/blog.uclm.es\/catedraigualdadgenero\/premios-tfg\/","title":{"rendered":"Premios TFG"},"content":{"rendered":"\n<h2 class=\"wp-block-heading alignfull has-text-align-center has-base-2-color has-text-color has-background has-link-color wp-elements-9d8fdd0eafc16c3e4b89affad50ef547\" style=\"background-color:#a81a8d\">Premios TFG<\/h2>\n\n\n\n<h2 class=\"wp-block-heading\">Convocatoria 2025<\/h2>\n\n\n\n<p>Convocatoria de Premios a Trabajos Fin de Grado sobre igualdad de g\u00e9nero o que introduzcan perspectiva de g\u00e9nero de la Universidad de Castilla-La Mancha. A\u00f1o 2025<\/p>\n\n\n\n<p>La C\u00e1tedra de Igualdad de G\u00e9nero de la Universidad de Castilla-La Mancha, creada en virtud de convenio de colaboraci\u00f3n entre la Universidad de Castilla-La Mancha y el Instituto de la Mujer de Castilla-La Mancha, tiene como objetivo fomentar entre el estudiantado de Grado la realizaci\u00f3n de investigaciones sobre igualdad de g\u00e9nero, prestando tambi\u00e9n atenci\u00f3n a la brecha salarial y a la eliminaci\u00f3n de la violencia contra las mujeres.<\/p>\n\n\n\n<p>Documento: <a href=\"https:\/\/blog.uclm.es\/catedraigualdadgenero\/wp-content\/uploads\/sites\/301\/2026\/02\/Convoc-premios-TFG-CAT-Igualdad-Genero-UCLM-26.pdf\" data-type=\"link\" data-id=\"https:\/\/blog.uclm.es\/catedraigualdadgenero\/wp-content\/uploads\/sites\/301\/2026\/02\/Convoc-premios-TFG-CAT-Igualdad-Genero-UCLM-26.pdf\" target=\"_blank\" rel=\"noreferrer noopener\">CONVOCATORIA<\/a><\/p>\n\n\n\n<p>Documento: <a href=\"https:\/\/blog.uclm.es\/catedraigualdadgenero\/wp-content\/uploads\/sites\/301\/2026\/03\/Composicion-Comision-Premios-a-TFG_Catedra-igualdad-de-genero.pdf\" data-type=\"link\" data-id=\"https:\/\/blog.uclm.es\/catedraigualdadgenero\/wp-content\/uploads\/sites\/301\/2026\/03\/Composicion-Comision-Premios-a-TFG_Catedra-igualdad-de-genero.pdf\" target=\"_blank\" rel=\"noreferrer noopener\">COMPOSICI\u00d3N COMISI\u00d3N<\/a><\/p>\n\n\n\n<p>Documento: <a href=\"https:\/\/blog.uclm.es\/catedraigualdadgenero\/wp-content\/uploads\/sites\/301\/2026\/03\/Ampliac-plazo-solicitud-convoc-premios-TFG-CAT-Igualdad-Genero-UCLM-26.pdf\" data-type=\"link\" data-id=\"https:\/\/blog.uclm.es\/catedraigualdadgenero\/wp-content\/uploads\/sites\/301\/2026\/03\/Ampliac-plazo-solicitud-convoc-premios-TFG-CAT-Igualdad-Genero-UCLM-26.pdf\" target=\"_blank\" rel=\"noreferrer noopener\">MODIFICACI\u00d3N PLAZO PRESENTACI\u00d3N DE SOLICITUDES<\/a><\/p>\n\n\n\n<h2 class=\"wp-block-heading\">Convocatoria 2024<\/h2>\n\n\n\n<p><strong>Convocatoria de Premios a Trabajos Fin de Grado sobre igualdad de g\u00e9nero o que introduzcan perspectiva de g\u00e9nero de la Universidad de Castilla-La Mancha. A\u00f1o 2024<\/strong><\/p>\n\n\n\n<p>La C\u00e1tedra de Igualdad de G\u00e9nero de la Universidad de Castilla-La Mancha, creada en virtud de convenio de colaboraci\u00f3n entre la Universidad de Castilla-La Mancha y el Instituto de la Mujer de Castilla-La Mancha, tiene como objetivo fomentar entre el estudiantado de Grado la realizaci\u00f3n de investigaciones sobre igualdad de g\u00e9nero, prestando tambi\u00e9n atenci\u00f3n a la brecha salarial y a la eliminaci\u00f3n de la violencia contra las mujeres.<br>Por ello, el Vicerrectorado de Estudios, Calidad y Acreditaci\u00f3n de la Universidad de Castilla-La Mancha (en adelante, UCLM), a propuesta de la directora de la C\u00e1tedra de Igualdad de G\u00e9nero de la UCLM, publica la presente convocatoria de Premios a Trabajos Fin de Grado sobre igualdad de g\u00e9nero o que introduzcan perspectiva de g\u00e9nero, defendidos durante el a\u00f1o 2024, bajo los principios de transparencia, publicidad, concurrencia competitiva, objetividad, igualdad y no discriminaci\u00f3n, eficacia en el cumplimiento de los objetivos fijados por la Universidad y eficiencia en la asignaci\u00f3n y utilizaci\u00f3n de los recursos p\u00fablicos, conforme a las siguientes bases reguladoras.<\/p>\n\n\n\n<p>Documento: <a href=\"https:\/\/blog.uclm.es\/catedraigualdadgenero\/wp-content\/uploads\/sites\/301\/2024\/12\/Convocatoria-Premios-TFG-perspectiva-genero-CAT-Igualdad-24.pdf\" target=\"_blank\" rel=\"noreferrer noopener\">BASES REGULADORAS<\/a><\/p>\n\n\n\n<p>Documento: <a href=\"https:\/\/blog.uclm.es\/catedraigualdadgenero\/wp-content\/uploads\/sites\/301\/2024\/12\/Premios-TFG-Extracto-DOCM-794781.pdf\" target=\"_blank\" rel=\"noreferrer noopener\">EXTRACTO DOCM<\/a><\/p>\n\n\n\n<p>Documento: <a href=\"https:\/\/blog.uclm.es\/catedraigualdadgenero\/wp-content\/uploads\/sites\/301\/2025\/01\/2.Composicion-Comision-Premios-TFG-2024.pdf\" data-type=\"link\" data-id=\"https:\/\/blog.uclm.es\/catedraigualdadgenero\/wp-content\/uploads\/sites\/301\/2025\/01\/2.Composicion-Comision-Premios-TFG-2024.pdf\" target=\"_blank\" rel=\"noreferrer noopener\">COMISI\u00d3N DE SELECCI\u00d3N<\/a><\/p>\n\n\n\n<p>Documento: <a href=\"https:\/\/blog.uclm.es\/catedraigualdadgenero\/wp-content\/uploads\/sites\/301\/2025\/01\/Resolucion-concesion-provisional-Premios-TFG-perspectiva-genero-CAT-Igualdad-24.pdf\" data-type=\"link\" data-id=\"https:\/\/blog.uclm.es\/catedraigualdadgenero\/wp-content\/uploads\/sites\/301\/2025\/01\/Resolucion-concesion-provisional-Premios-TFG-perspectiva-genero-CAT-Igualdad-24.pdf\" target=\"_blank\" rel=\"noreferrer noopener\">RESOLUCI\u00d3N PROVISIONAL<\/a><\/p>\n\n\n\n<p>Documento: <a href=\"https:\/\/blog.uclm.es\/catedraigualdadgenero\/wp-content\/uploads\/sites\/301\/2025\/01\/Resolucion-concesion-def-Premios-TFG-perspectiva-genero-CAT-Igualdad-24.pdf\" data-type=\"link\" data-id=\"https:\/\/blog.uclm.es\/catedraigualdadgenero\/wp-content\/uploads\/sites\/301\/2025\/01\/Resolucion-concesion-def-Premios-TFG-perspectiva-genero-CAT-Igualdad-24.pdf\" target=\"_blank\" rel=\"noreferrer noopener\">RESOLUCI\u00d3N DEFINITIVA<\/a><\/p>\n\n\n\n<p><strong>Trabajos premiados:<\/strong><\/p>\n\n\n\n<p><a href=\"https:\/\/blog.uclm.es\/catedraigualdadgenero\/wp-content\/uploads\/sites\/301\/2025\/02\/TFG-Laura-Buitrago-Torres-Arte-y-Humanidades.pdf\" data-type=\"link\" data-id=\"https:\/\/blog.uclm.es\/catedraigualdadgenero\/wp-content\/uploads\/sites\/301\/2025\/02\/TFG-Laura-Buitrago-Torres-Arte-y-Humanidades.pdf\" target=\"_blank\" rel=\"noreferrer noopener\">Premio TFG Artes y Humanidades: \u00abM\u00e1s all\u00e1 de la casa: la mujer en el mundo laboral de la Edad Moderna\u00bb<\/a><\/p>\n\n\n\n<p><a href=\"https:\/\/blog.uclm.es\/catedraigualdadgenero\/wp-content\/uploads\/sites\/301\/2025\/02\/TFG-Clara-Sanz-Ayllon-Ciencias-Saludpdf.pdf\" data-type=\"link\" data-id=\"https:\/\/blog.uclm.es\/catedraigualdadgenero\/wp-content\/uploads\/sites\/301\/2025\/02\/TFG-Clara-Sanz-Ayllon-Ciencias-Saludpdf.pdf\" target=\"_blank\" rel=\"noreferrer noopener\">Premio TFG Ciencias de la Salud: \u00abPlan de cuidados estandarizado en la atenci\u00f3n a mujeres v\u00edctimas de violencia de g\u00e9nero\u00bb<\/a><\/p>\n\n\n\n<p><a href=\"https:\/\/blog.uclm.es\/catedraigualdadgenero\/wp-content\/uploads\/sites\/301\/2025\/02\/TFG-Clara-Tobarra-Munos-Ciencias-Sociales-Juridicas.pdf\" target=\"_blank\" rel=\"noreferrer noopener\">Premio TFG Ciencias Sociales y Jur\u00eddicas: \u00abIdentificando el perfil de los demandantes de prostituci\u00f3n: un an\u00e1lisis de las caracter\u00edsticas sociodemogr\u00e1ficas y factores actitudinales de los hombres que pagan por sexo en Espa\u00f1a\u00bb<\/a><\/p>\n\n\n\n<p><a href=\"https:\/\/blog.uclm.es\/catedraigualdadgenero\/wp-content\/uploads\/sites\/301\/2025\/02\/TFG-Celia-Benito-Romero-Accesit-1-Sociales-Juridicas.pdf\" data-type=\"link\" data-id=\"https:\/\/blog.uclm.es\/catedraigualdadgenero\/wp-content\/uploads\/sites\/301\/2025\/02\/TFG-Celia-Benito-Romero-Accesit-1-Sociales-Juridicas.pdf\" target=\"_blank\" rel=\"noreferrer noopener\">Acc\u00e9sit 1 TFG Ciencias Sociales y Jur\u00eddicas: \u00abInstrumentalizaci\u00f3n de la violencia sexual en los conflictos armados del siglo XXI\u00bb<\/a><\/p>\n\n\n\n<p><a href=\"https:\/\/blog.uclm.es\/catedraigualdadgenero\/wp-content\/uploads\/sites\/301\/2025\/02\/TFG-Irene-Roman-Martinez-Accesit-2-Sociales-Juridicas.pdf\" data-type=\"link\" data-id=\"https:\/\/blog.uclm.es\/catedraigualdadgenero\/wp-content\/uploads\/sites\/301\/2025\/02\/TFG-Irene-Roman-Martinez-Accesit-2-Sociales-Juridicas.pdf\" target=\"_blank\" rel=\"noreferrer noopener\">Acc\u00e9sit 2 TFG Ciencias Sociales y Jur\u00eddicas: \u00ab\u00bfPodr\u00eda decirme nombres de hero\u00ednas literarias? An\u00e1lisis de los estereotipos de g\u00e9nero en la literatura infantil y juvenil\u00bb <\/a><\/p>\n\n\n\n<p><\/p>\n","protected":false},"excerpt":{"rendered":"<p>Premios TFG Convocatoria 2025 Convocatoria de Premios a Trabajos Fin de Grado sobre igualdad de g\u00e9nero o que introduzcan perspectiva de g\u00e9nero de la Universidad de Castilla-La Mancha. A\u00f1o 2025 La C\u00e1tedra de Igualdad de G\u00e9nero de la Universidad de Castilla-La Mancha, creada en virtud de convenio de colaboraci\u00f3n entre la Universidad de Castilla-La Mancha [&hellip;]<\/p>\n","protected":false},"author":55,"featured_media":0,"parent":0,"menu_order":0,"comment_status":"closed","ping_status":"closed","template":"page-no-title","meta":{"footnotes":""},"class_list":["post-285","page","type-page","status-publish","hentry"],"_links":{"self":[{"href":"https:\/\/blog.uclm.es\/catedraigualdadgenero\/wp-json\/wp\/v2\/pages\/285","targetHints":{"allow":["GET"]}}],"collection":[{"href":"https:\/\/blog.uclm.es\/catedraigualdadgenero\/wp-json\/wp\/v2\/pages"}],"about":[{"href":"https:\/\/blog.uclm.es\/catedraigualdadgenero\/wp-json\/wp\/v2\/types\/page"}],"author":[{"embeddable":true,"href":"https:\/\/blog.uclm.es\/catedraigualdadgenero\/wp-json\/wp\/v2\/users\/55"}],"replies":[{"embeddable":true,"href":"https:\/\/blog.uclm.es\/catedraigualdadgenero\/wp-json\/wp\/v2\/comments?post=285"}],"version-history":[{"count":17,"href":"https:\/\/blog.uclm.es\/catedraigualdadgenero\/wp-json\/wp\/v2\/pages\/285\/revisions"}],"predecessor-version":[{"id":535,"href":"https:\/\/blog.uclm.es\/catedraigualdadgenero\/wp-json\/wp\/v2\/pages\/285\/revisions\/535"}],"wp:attachment":[{"href":"https:\/\/blog.uclm.es\/catedraigualdadgenero\/wp-json\/wp\/v2\/media?parent=285"}],"curies":[{"name":"wp","href":"https:\/\/api.w.org\/{rel}","templated":true}]}}