{"id":283,"date":"2024-12-16T12:59:17","date_gmt":"2024-12-16T11:59:17","guid":{"rendered":"https:\/\/blog.uclm.es\/catedraigualdadgenero\/?page_id=283"},"modified":"2026-03-20T13:14:27","modified_gmt":"2026-03-20T12:14:27","slug":"beca-de-colaboracion","status":"publish","type":"page","link":"https:\/\/blog.uclm.es\/catedraigualdadgenero\/beca-de-colaboracion\/","title":{"rendered":"Beca de colaboraci\u00f3n"},"content":{"rendered":"\n<h2 class=\"wp-block-heading alignfull has-text-align-center has-base-2-color has-text-color has-background has-link-color wp-elements-eaf8daa1d91ad5f278674af9b4272ae2\" style=\"background-color:#a81a8d\">Beca de colaboraci\u00f3n<\/h2>\n\n\n\n<h2 class=\"wp-block-heading\">Convocatoria 2026<\/h2>\n\n\n\n<p><strong>Convocatoria de beca de colaboraci\u00f3n para la formaci\u00f3n pr\u00e1ctica especializada en igualdad de g\u00e9nero para estudiantes de grado o m\u00e1ster en la C\u00e1tedra de Igualdad de G\u00e9nero de la Universidad de Castilla-La Mancha. A\u00f1o 2026.<\/strong><\/p>\n\n\n\n<p>Se publica la presente convocatoria de becas de colaboraci\u00f3n de acuerdo con la vigente Normativa Reguladora de las Becas de Colaboraci\u00f3n de la Universidad de Castilla la Mancha (aprobada por el Consejo de Gobierno el 20 de diciembre de 2021, DOCM n\u00ba 248 de 28-12-2021, y modificada por el Consejo de Gobierno de 23 de mayo de 2022, DOCM n\u00ba 104 de 1-6-2022) y con base en los principios de transparencia, publicidad, concurrencia competitiva, objetividad, igualdad y no discriminaci\u00f3n, eficacia en el cumplimiento de los objetivos fijados por la Universidad y eficiencia en la asignaci\u00f3n y utilizaci\u00f3n de los recursos p\u00fablicos.<\/p>\n\n\n\n<p>Documento: <a href=\"https:\/\/blog.uclm.es\/catedraigualdadgenero\/wp-content\/uploads\/sites\/301\/2026\/02\/Conv-beca-colabor-CAT-Igualdad_Genero-UCLM-26.pdf\" data-type=\"link\" data-id=\"https:\/\/blog.uclm.es\/catedraigualdadgenero\/wp-content\/uploads\/sites\/301\/2026\/02\/Conv-beca-colabor-CAT-Igualdad_Genero-UCLM-26.pdf\" target=\"_blank\" rel=\"noreferrer noopener\">CONVOCATORIA<\/a><\/p>\n\n\n\n<p>Documento: <a href=\"https:\/\/blog.uclm.es\/catedraigualdadgenero\/wp-content\/uploads\/sites\/301\/2026\/03\/Resoluc-conces-provisional-beca-colabor-CAT-Igualdad_Genero-UCLM-26.pdf\" data-type=\"link\" data-id=\"https:\/\/blog.uclm.es\/catedraigualdadgenero\/wp-content\/uploads\/sites\/301\/2026\/03\/Resoluc-conces-provisional-beca-colabor-CAT-Igualdad_Genero-UCLM-26.pdf\" target=\"_blank\" rel=\"noreferrer noopener\">RESOLUCI\u00d3N PROVISIONAL<\/a><\/p>\n\n\n\n<p>Documento: <a href=\"https:\/\/blog.uclm.es\/catedraigualdadgenero\/wp-content\/uploads\/sites\/301\/2026\/03\/Resoluc-conces-definitiva-beca-colabor-CAT-Igualdad_Genero-UCLM-26.pdf\" data-type=\"link\" data-id=\"https:\/\/blog.uclm.es\/catedraigualdadgenero\/wp-content\/uploads\/sites\/301\/2026\/03\/Resoluc-conces-definitiva-beca-colabor-CAT-Igualdad_Genero-UCLM-26.pdf\">RESOLUCI\u00d3N DEFINITIVA<\/a><\/p>\n\n\n\n<p><\/p>\n\n\n\n<h2 class=\"wp-block-heading\">Convocatoria 2024<\/h2>\n\n\n\n<p><strong>Convocatoria de beca de colaboraci\u00f3n para la formaci\u00f3n pr\u00e1ctica especializada en igualdad de g\u00e9nero para estudiantes de grado o m\u00e1ster en la C\u00e1tedra de Igualdad de G\u00e9nero de la Universidad de Castilla-La Mancha.<\/strong><br>Se publica la presente convocatoria de becas de colaboraci\u00f3n de acuerdo con la vigente Normativa Reguladora de las Becas de Colaboraci\u00f3n de la Universidad de Castilla la Mancha (aprobada por el Consejo de Gobierno el 20 de diciembre de 2021, DOCM n\u00ba 248 de 28-12-2021, y modificada por el Consejo de Gobierno de 23 de mayo de 2022, DOCM n\u00ba 104 de 1-6-2022) y con base en los principios de transparencia, publicidad, concurrencia competitiva, objetividad, igualdad y no discriminaci\u00f3n, eficacia en el cumplimiento de los objetivos fijados por la Universidad y eficiencia en la asignaci\u00f3n y utilizaci\u00f3n de los recursos p\u00fablicos.<br>Las ayudas convocadas bajo la denominaci\u00f3n de becas de colaboraci\u00f3n est\u00e1n destinadas a facilitar que los\/as estudiantes presten su colaboraci\u00f3n en centros docentes de la Universidad de Castilla-La Mancha (UCLM) o en alguno de sus servicios en r\u00e9gimen de compatibilidad con sus estudios y tendr\u00e1n un car\u00e1cter esencialmente formativo.<\/p>\n\n\n\n<p>Documento: <a href=\"https:\/\/blog.uclm.es\/catedraigualdadgenero\/wp-content\/uploads\/sites\/301\/2024\/12\/Convocatoria-beca-colaboracin-CAT-Igualdad-Gnero-24-25.pdf\" target=\"_blank\" rel=\"noreferrer noopener\">CONVOCATORIA<\/a><\/p>\n\n\n\n<p>Documento: <a href=\"https:\/\/blog.uclm.es\/catedraigualdadgenero\/wp-content\/uploads\/sites\/301\/2024\/12\/Correccin-error-Convocatoria-beca-colaboracin-CAT-Igualdad-Gnero-24-25.pdf\" target=\"_blank\" rel=\"noreferrer noopener\">CORRECCI\u00d3N ERRORES<\/a><\/p>\n\n\n\n<p>Documento: <a href=\"https:\/\/blog.uclm.es\/catedraigualdadgenero\/wp-content\/uploads\/sites\/301\/2024\/12\/Resolucion-concesion-provisional-beca-colaboracion_CAT-Igualdad-24-25.pdf\" target=\"_blank\" rel=\"noreferrer noopener\">RESOLUCI\u00d3N PROVISIONAL<\/a><\/p>\n\n\n\n<p>Documento: <a href=\"https:\/\/blog.uclm.es\/catedraigualdadgenero\/wp-content\/uploads\/sites\/301\/2024\/12\/Resolucion-concesion-definitiva-beca-colaboracion_CAT-Igualdad-24-25.pdf\" target=\"_blank\" rel=\"noreferrer noopener\">RESOLUCI\u00d3N DEFINITIVA<\/a><\/p>\n\n\n\n<p><\/p>\n","protected":false},"excerpt":{"rendered":"<p>Beca de colaboraci\u00f3n Convocatoria 2026 Convocatoria de beca de colaboraci\u00f3n para la formaci\u00f3n pr\u00e1ctica especializada en igualdad de g\u00e9nero para estudiantes de grado o m\u00e1ster en la C\u00e1tedra de Igualdad de G\u00e9nero de la Universidad de Castilla-La Mancha. A\u00f1o 2026. Se publica la presente convocatoria de becas de colaboraci\u00f3n de acuerdo con la vigente Normativa [&hellip;]<\/p>\n","protected":false},"author":55,"featured_media":0,"parent":0,"menu_order":0,"comment_status":"closed","ping_status":"closed","template":"page-no-title","meta":{"footnotes":""},"class_list":["post-283","page","type-page","status-publish","hentry"],"_links":{"self":[{"href":"https:\/\/blog.uclm.es\/catedraigualdadgenero\/wp-json\/wp\/v2\/pages\/283","targetHints":{"allow":["GET"]}}],"collection":[{"href":"https:\/\/blog.uclm.es\/catedraigualdadgenero\/wp-json\/wp\/v2\/pages"}],"about":[{"href":"https:\/\/blog.uclm.es\/catedraigualdadgenero\/wp-json\/wp\/v2\/types\/page"}],"author":[{"embeddable":true,"href":"https:\/\/blog.uclm.es\/catedraigualdadgenero\/wp-json\/wp\/v2\/users\/55"}],"replies":[{"embeddable":true,"href":"https:\/\/blog.uclm.es\/catedraigualdadgenero\/wp-json\/wp\/v2\/comments?post=283"}],"version-history":[{"count":9,"href":"https:\/\/blog.uclm.es\/catedraigualdadgenero\/wp-json\/wp\/v2\/pages\/283\/revisions"}],"predecessor-version":[{"id":537,"href":"https:\/\/blog.uclm.es\/catedraigualdadgenero\/wp-json\/wp\/v2\/pages\/283\/revisions\/537"}],"wp:attachment":[{"href":"https:\/\/blog.uclm.es\/catedraigualdadgenero\/wp-json\/wp\/v2\/media?parent=283"}],"curies":[{"name":"wp","href":"https:\/\/api.w.org\/{rel}","templated":true}]}}