{"id":279,"date":"2024-12-16T12:53:38","date_gmt":"2024-12-16T11:53:38","guid":{"rendered":"https:\/\/blog.uclm.es\/catedraigualdadgenero\/?page_id=279"},"modified":"2026-01-16T13:27:54","modified_gmt":"2026-01-16T12:27:54","slug":"comision-de-seguimiento","status":"publish","type":"page","link":"https:\/\/blog.uclm.es\/catedraigualdadgenero\/comision-de-seguimiento\/","title":{"rendered":"Comisi\u00f3n de seguimiento"},"content":{"rendered":"\n<p>Creada el 26 de julio de 2024. En la actualidad, forman parte de la Comisi\u00f3n de Seguimiento:<\/p>\n\n\n\n<ul class=\"wp-block-list\">\n<li><strong>En representaci\u00f3n de la UCLM<\/strong>:\n<ul class=\"wp-block-list\">\n<li><strong><strong>M\u00aa Encarnaci\u00f3n Gil P\u00e9rez<\/strong><\/strong>, Delegada del rector para pol\u00edticas de igualdad y Directora de la Catedra.<\/li>\n\n\n\n<li><strong><strong>Mar\u00eda Rodr\u00edguez P\u00e9rez<\/strong><\/strong>, Directora de la Unidad de Igualdad y Diversidad de la UCLM.<\/li>\n<\/ul>\n<\/li>\n<\/ul>\n\n\n\n<ul class=\"wp-block-list\">\n<li><strong>En representaci\u00f3n del Instituto de la Mujer de Castilla-La Mancha<\/strong>:\n<ul class=\"wp-block-list\">\n<li><strong>Mar\u00eda Teresa L\u00f3pez Tom\u00e9<\/strong>, Directora del Instituto de la Mujer de Castilla-La Mancha.<\/li>\n\n\n\n<li><strong>Juana M\u00aa L\u00f3pez Garc\u00eda-Cano<\/strong>, Jefa del Servicio de Planificaci\u00f3n, Evaluaci\u00f3n y Documentaci\u00f3n del Instituto de la Mujer.<\/li>\n<\/ul>\n<\/li>\n<\/ul>\n\n\n\n<ul class=\"wp-block-list\">\n<li>Secretaria: <strong>Carmen D\u00edaz Moreno<\/strong>, Jefa de Secci\u00f3n adscrita al Servicio de Planificaci\u00f3n, Evaluaci\u00f3n y Documentaci\u00f3n del Instituto de la Mujer de Castilla-La Mancha.<\/li>\n<\/ul>\n","protected":false},"excerpt":{"rendered":"<p>Creada el 26 de julio de 2024. En la actualidad, forman parte de la Comisi\u00f3n de Seguimiento:<\/p>\n","protected":false},"author":55,"featured_media":0,"parent":0,"menu_order":0,"comment_status":"closed","ping_status":"closed","template":"","meta":{"footnotes":""},"class_list":["post-279","page","type-page","status-publish","hentry"],"_links":{"self":[{"href":"https:\/\/blog.uclm.es\/catedraigualdadgenero\/wp-json\/wp\/v2\/pages\/279","targetHints":{"allow":["GET"]}}],"collection":[{"href":"https:\/\/blog.uclm.es\/catedraigualdadgenero\/wp-json\/wp\/v2\/pages"}],"about":[{"href":"https:\/\/blog.uclm.es\/catedraigualdadgenero\/wp-json\/wp\/v2\/types\/page"}],"author":[{"embeddable":true,"href":"https:\/\/blog.uclm.es\/catedraigualdadgenero\/wp-json\/wp\/v2\/users\/55"}],"replies":[{"embeddable":true,"href":"https:\/\/blog.uclm.es\/catedraigualdadgenero\/wp-json\/wp\/v2\/comments?post=279"}],"version-history":[{"count":3,"href":"https:\/\/blog.uclm.es\/catedraigualdadgenero\/wp-json\/wp\/v2\/pages\/279\/revisions"}],"predecessor-version":[{"id":499,"href":"https:\/\/blog.uclm.es\/catedraigualdadgenero\/wp-json\/wp\/v2\/pages\/279\/revisions\/499"}],"wp:attachment":[{"href":"https:\/\/blog.uclm.es\/catedraigualdadgenero\/wp-json\/wp\/v2\/media?parent=279"}],"curies":[{"name":"wp","href":"https:\/\/api.w.org\/{rel}","templated":true}]}}