{"id":118,"date":"2024-11-12T16:13:19","date_gmt":"2024-11-12T15:13:19","guid":{"rendered":"https:\/\/blog.uclm.es\/catedraigualdadgenero\/?page_id=118"},"modified":"2024-12-18T12:42:11","modified_gmt":"2024-12-18T11:42:11","slug":"118-2","status":"publish","type":"page","link":"https:\/\/blog.uclm.es\/catedraigualdadgenero\/","title":{"rendered":"Inicio 2"},"content":{"rendered":"\n<div class=\"wp-block-group alignfull has-background has-global-padding is-layout-constrained wp-container-core-group-is-layout-b51dd07f wp-block-group-is-layout-constrained\" style=\"background-color:#a81a8d;margin-top:0;margin-bottom:0;padding-top:var(--wp--preset--spacing--20);padding-right:var(--wp--preset--spacing--50);padding-bottom:var(--wp--preset--spacing--20);padding-left:var(--wp--preset--spacing--50)\">\n<div class=\"wp-block-columns alignwide is-layout-flex wp-container-core-columns-is-layout-28f84493 wp-block-columns-is-layout-flex\">\n<div class=\"wp-block-column is-layout-flow wp-block-column-is-layout-flow\" style=\"flex-basis:40%\">\n<div style=\"height:20px\" aria-hidden=\"true\" class=\"wp-block-spacer\"><\/div>\n\n\n\n<div style=\"height:20px\" aria-hidden=\"true\" class=\"wp-block-spacer\"><\/div>\n\n\n\n<figure class=\"wp-block-image size-full is-resized\"><img loading=\"lazy\" decoding=\"async\" width=\"952\" height=\"636\" src=\"https:\/\/blog.uclm.es\/catedraigualdadgenero\/wp-content\/uploads\/sites\/301\/2024\/11\/Foto-Firma-Brecha-Salarial-edit.jpg\" alt=\"\" class=\"wp-image-219\" style=\"width:456px;height:auto\" srcset=\"https:\/\/blog.uclm.es\/catedraigualdadgenero\/wp-content\/uploads\/sites\/301\/2024\/11\/Foto-Firma-Brecha-Salarial-edit.jpg 952w, https:\/\/blog.uclm.es\/catedraigualdadgenero\/wp-content\/uploads\/sites\/301\/2024\/11\/Foto-Firma-Brecha-Salarial-edit-300x200.jpg 300w, https:\/\/blog.uclm.es\/catedraigualdadgenero\/wp-content\/uploads\/sites\/301\/2024\/11\/Foto-Firma-Brecha-Salarial-edit-768x513.jpg 768w\" sizes=\"auto, (max-width: 952px) 100vw, 952px\" \/><\/figure>\n<\/div>\n\n\n\n<div class=\"wp-block-column is-layout-flow wp-block-column-is-layout-flow\" style=\"flex-basis:60%\">\n<p><\/p>\n\n\n\n<div style=\"height:57px\" aria-hidden=\"true\" class=\"wp-block-spacer\"><\/div>\n\n\n\n<p class=\"has-text-align-left has-base-2-color has-text-color has-link-color has-xx-large-font-size wp-elements-fb054371ceaad6e82403fb0c000e2fcf\" style=\"line-height:1.2\">C\u00e1tedra <\/p>\n\n\n\n<p class=\"has-text-align-left has-base-2-color has-text-color has-link-color has-xx-large-font-size wp-elements-c03644f375331358e304e485ec87f32b\" style=\"line-height:1.2\">de Igualdad de G\u00e9nero UCLM<\/p>\n\n\n\n<p class=\"has-text-align-left has-base-2-color has-text-color has-link-color has-medium-font-size wp-elements-b75054ad771c4738ae162d52efa7b20e\" style=\"line-height:1.2\">Universidad de Castilla-La Mancha &#8211; Instituto de la Mujer de Castilla-La Mancha<\/p>\n\n\n\n<div class=\"wp-block-columns is-layout-flex wp-container-core-columns-is-layout-28f84493 wp-block-columns-is-layout-flex\">\n<div class=\"wp-block-column is-vertically-aligned-center is-layout-flow wp-block-column-is-layout-flow\"><\/div>\n\n\n\n<div class=\"wp-block-column is-vertically-aligned-center is-layout-flow wp-block-column-is-layout-flow\"><\/div>\n\n\n\n<div class=\"wp-block-column is-layout-flow wp-block-column-is-layout-flow\"><\/div>\n\n\n\n<div class=\"wp-block-column is-layout-flow wp-block-column-is-layout-flow\"><\/div>\n<\/div>\n<\/div>\n<\/div>\n\n\n\n<div style=\"height:64px\" aria-hidden=\"true\" class=\"wp-block-spacer\"><\/div>\n<\/div>\n\n\n\n<div class=\"wp-block-group alignfull has-base-2-background-color has-background has-global-padding is-layout-constrained wp-container-core-group-is-layout-8c174d0b wp-block-group-is-layout-constrained\" style=\"margin-top:0;margin-bottom:0;padding-top:var(--wp--preset--spacing--20);padding-right:var(--wp--preset--spacing--60);padding-bottom:var(--wp--preset--spacing--20);padding-left:var(--wp--preset--spacing--60)\">\n<div class=\"wp-block-group alignwide is-layout-flow wp-block-group-is-layout-flow\">\n<div style=\"height:32px\" aria-hidden=\"true\" class=\"wp-block-spacer\"><\/div>\n\n\n\n<p><\/p>\n\n\n\n<div class=\"wp-block-group is-content-justification-space-between is-nowrap is-layout-flex wp-container-core-group-is-layout-cb46ffcb wp-block-group-is-layout-flex\">\n<figure class=\"wp-block-image size-full wp-container-content-83148919\"><img loading=\"lazy\" decoding=\"async\" width=\"324\" height=\"59\" src=\"https:\/\/blog.uclm.es\/catedraigualdadgenero\/wp-content\/uploads\/sites\/301\/2024\/12\/uclm-1.png\" alt=\"\" class=\"wp-image-244\" srcset=\"https:\/\/blog.uclm.es\/catedraigualdadgenero\/wp-content\/uploads\/sites\/301\/2024\/12\/uclm-1.png 324w, https:\/\/blog.uclm.es\/catedraigualdadgenero\/wp-content\/uploads\/sites\/301\/2024\/12\/uclm-1-300x55.png 300w\" sizes=\"auto, (max-width: 324px) 100vw, 324px\" \/><\/figure>\n\n\n\n<figure class=\"wp-block-image size-full\"><img loading=\"lazy\" decoding=\"async\" width=\"144\" height=\"78\" src=\"https:\/\/blog.uclm.es\/catedraigualdadgenero\/wp-content\/uploads\/sites\/301\/2024\/12\/instituto_mujer.png\" alt=\"\" class=\"wp-image-249\" \/><\/figure>\n\n\n\n<figure class=\"wp-block-image size-full wp-container-content-69bc4bdf\"><img loading=\"lazy\" decoding=\"async\" width=\"244\" height=\"70\" src=\"https:\/\/blog.uclm.es\/catedraigualdadgenero\/wp-content\/uploads\/sites\/301\/2024\/12\/ministerio_igualdad-1.png\" alt=\"\" class=\"wp-image-250\" \/><\/figure>\n\n\n\n<figure class=\"wp-block-image size-full wp-container-content-69bc4bdf\"><img loading=\"lazy\" decoding=\"async\" width=\"100\" height=\"78\" src=\"https:\/\/blog.uclm.es\/catedraigualdadgenero\/wp-content\/uploads\/sites\/301\/2024\/12\/pacto_estado-1.png\" alt=\"\" class=\"wp-image-251\" \/><\/figure>\n<\/div>\n\n\n\n<div style=\"height:32px\" aria-hidden=\"true\" class=\"wp-block-spacer\"><\/div>\n<\/div>\n<\/div>\n\n\n\n<div class=\"wp-block-group alignfull has-base-background-color has-background has-global-padding is-layout-constrained wp-container-core-group-is-layout-d89aad35 wp-block-group-is-layout-constrained\" style=\"margin-top:0;margin-bottom:0;padding-top:var(--wp--preset--spacing--50);padding-right:var(--wp--preset--spacing--50);padding-bottom:var(--wp--preset--spacing--50);padding-left:var(--wp--preset--spacing--50)\">\n<div class=\"wp-block-columns alignwide is-layout-flex wp-container-core-columns-is-layout-549b0c86 wp-block-columns-is-layout-flex\">\n<div class=\"wp-block-column has-global-padding is-content-justification-left is-layout-constrained wp-container-core-column-is-layout-4f15e8fe wp-block-column-is-layout-constrained\" style=\"flex-basis:40%\">\n<div class=\"wp-block-cover alignfull\" style=\"margin-top:0;padding-top:5vw;padding-right:5vw;padding-bottom:5vw;padding-left:5vw\"><span aria-hidden=\"true\" class=\"wp-block-cover__background has-background-dim-100 has-background-dim\" style=\"background-color:#a81a8d\"><\/span><div class=\"wp-block-cover__inner-container is-layout-flow wp-block-cover-is-layout-flow\">\n<div class=\"wp-block-group is-layout-flex wp-container-core-group-is-layout-e4aad5c3 wp-block-group-is-layout-flex\">\n<div class=\"wp-block-group wp-container-content-9cfa9a5a is-layout-flow wp-container-core-group-is-layout-d6743c7d wp-block-group-is-layout-flow\">\n<p class=\"has-text-align-left has-black-color has-text-color\" style=\"font-size:clamp(33.419px, 2.089rem + ((1vw - 3.2px) * 2.769), 60px);font-style:normal;font-weight:700;letter-spacing:-4px;line-height:0.9;text-transform:none\">La C\u00e1tedra<\/p>\n\n\n\n<p class=\"has-text-align-left has-white-color has-text-color\" style=\"font-size:clamp(28.836px, 1.802rem + ((1vw - 3.2px) * 2.205), 50px);font-style:normal;font-weight:700;letter-spacing:-4px;line-height:0.9;text-transform:none\">\u2014 De Inter\u00e9s<\/p>\n<\/div>\n\n\n\n<div class=\"wp-block-group wp-container-content-5b91cf2b is-vertical is-nowrap is-layout-flex wp-container-core-group-is-layout-82cc2081 wp-block-group-is-layout-flex\">\n<p style=\"font-size:clamp(14px, 0.875rem + ((1vw - 3.2px) * 0.313), 17px);font-style:normal;font-weight:500;letter-spacing:0px;line-height:1.4;text-decoration:none;text-transform:none\"><\/p>\n\n\n\n<div class=\"wp-block-buttons is-layout-flex wp-block-buttons-is-layout-flex\">\n<div class=\"wp-block-button has-custom-width wp-block-button__width-100 has-custom-font-size\" style=\"font-size:clamp(14px, 0.875rem + ((1vw - 3.2px) * 0.625), 20px);font-style:normal;font-weight:700;letter-spacing:0px;text-decoration:none;text-transform:none\"><a class=\"wp-block-button__link has-white-color has-black-background-color has-text-color has-background wp-element-button\" href=\"https:\/\/www.uclm.es\/-\/media\/Files\/A01-Asistencia-Direccion\/A01-135-Vicerrectorado-Transferencia\/Catedras-y-Aulas\/Catedra-igualdad\/CONVENIO.ashx?la=es\" style=\"border-radius:0px;border-top-style:none;border-top-width:0px;border-right-style:none;border-right-width:0px;border-bottom-style:none;border-bottom-width:0px;border-left-style:none;border-left-width:0px;padding-top:24px;padding-right:36px;padding-bottom:24px;padding-left:36px\" target=\"_blank\" rel=\"noreferrer noopener\">                convenio <\/a><\/div>\n\n\n\n<div class=\"wp-block-button has-custom-width wp-block-button__width-100 has-custom-font-size\" style=\"font-size:clamp(14px, 0.875rem + ((1vw - 3.2px) * 0.625), 20px);font-style:normal;font-weight:700;letter-spacing:0px;text-decoration:none;text-transform:none\"><a class=\"wp-block-button__link has-white-color has-black-background-color has-text-color has-background wp-element-button\" href=\"https:\/\/www.uclm.es\/-\/media\/Files\/A01-Asistencia-Direccion\/A01-135-Vicerrectorado-Transferencia\/Catedras-y-Aulas\/Catedra-igualdad\/NOMBRAMIENTO.ashx?la=es\" style=\"border-radius:0px;border-top-style:none;border-top-width:0px;border-right-style:none;border-right-width:0px;border-bottom-style:none;border-bottom-width:0px;border-left-style:none;border-left-width:0px;padding-top:24px;padding-right:36px;padding-bottom:24px;padding-left:36px\" target=\"_blank\" rel=\"noreferrer noopener\">               direcci\u00f3n <\/a><\/div>\n\n\n\n<div class=\"wp-block-button has-custom-width wp-block-button__width-100 has-custom-font-size is-style-fill\" style=\"font-size:clamp(14px, 0.875rem + ((1vw - 3.2px) * 0.625), 20px);font-style:normal;font-weight:700;letter-spacing:0px;text-decoration:none;text-transform:none\"><a class=\"wp-block-button__link has-white-color has-black-background-color has-text-color has-background wp-element-button\" href=\"https:\/\/blog.uclm.es\/catedraigualdadgenero\/comision-de-seguimiento\/\" style=\"border-radius:0px;border-top-style:none;border-top-width:0px;border-right-style:none;border-right-width:0px;border-bottom-style:none;border-bottom-width:0px;border-left-style:none;border-left-width:0px;padding-top:24px;padding-right:36px;padding-bottom:24px;padding-left:36px\" target=\"_blank\" rel=\"noreferrer noopener\">comisi\u00f3n de SEGUIMIENTO<\/a><\/div>\n<\/div>\n<\/div>\n<\/div>\n<\/div><\/div>\n<\/div>\n\n\n\n<div class=\"wp-block-column is-layout-flow wp-container-core-column-is-layout-119bc444 wp-block-column-is-layout-flow\" style=\"flex-basis:60%\">\n<p class=\"has-large-font-size\" style=\"line-height:1.2\">La creaci\u00f3n de la C\u00e1tedra de Igualdad de G\u00e9nero de la UCLM responde a la necesidad de establecer un marco de colaboraci\u00f3n estable y duradero entre la Universidad de Castilla-La Mancha (UCLM) y el Instituto de la Mujer de Castilla-La Mancha. Ambas instituciones valoran positivamente la cooperaci\u00f3n en actividades de I+D+i, transferencia de resultados y divulgaci\u00f3n cient\u00edfica sobre la igualdad entre mujeres y hombres.<\/p>\n\n\n\n<div class=\"wp-block-columns is-layout-flex wp-container-core-columns-is-layout-87beb0d0 wp-block-columns-is-layout-flex\">\n<div class=\"wp-block-column is-layout-flow wp-block-column-is-layout-flow\">\n<p class=\"wp-container-content-9cfa9a5a\">La C\u00e1tedra se enfocar\u00e1 en <strong>visibilizar<\/strong> la contribuci\u00f3n de las mujeres al progreso y generar evidencias cient\u00edficas sobre su situaci\u00f3n en diversos \u00e1mbitos, comenzando con un an\u00e1lisis del mercado laboral para identificar y combatir la brecha salarial de g\u00e9nero.<\/p>\n<\/div>\n\n\n\n<div class=\"wp-block-column is-layout-flow wp-block-column-is-layout-flow\">\n<p>El objetivo com\u00fan es <strong>propiciar<\/strong> acciones conjuntas en formaci\u00f3n, investigaci\u00f3n y desarrollo, con especial atenci\u00f3n a la erradicaci\u00f3n de la brecha salarial y la violencia de g\u00e9nero.<\/p>\n<\/div>\n<\/div>\n<\/div>\n<\/div>\n<\/div>\n\n\n\n<div class=\"wp-block-group alignfull has-background has-global-padding is-layout-constrained wp-container-core-group-is-layout-8c174d0b wp-block-group-is-layout-constrained\" style=\"background-color:#a81a8d;margin-top:0;margin-bottom:0;padding-top:var(--wp--preset--spacing--20);padding-right:var(--wp--preset--spacing--60);padding-bottom:var(--wp--preset--spacing--20);padding-left:var(--wp--preset--spacing--60)\">\n<div class=\"wp-block-group alignwide is-layout-flow wp-block-group-is-layout-flow\">\n<div style=\"height:var(--wp--preset--spacing--50)\" aria-hidden=\"true\" class=\"wp-block-spacer\"><\/div>\n\n\n\n<p class=\"has-text-align-center has-base-2-color has-text-color has-link-color has-x-large-font-size wp-elements-795b16e5844f3eecb309488068b79d85\" style=\"font-style:normal;font-weight:400;line-height:1.2\">\u00abNo hay barrera, cerradura ni cerrojo que puedas imponer a la libertad de mi mente\u00bb<\/p>\n\n\n\n<p class=\"has-text-align-center has-base-2-color has-text-color has-link-color has-small-font-size wp-elements-b65a0995d70cdd0251acc7467b78fb62\" style=\"font-style:normal;font-weight:400;line-height:1.2\"><em>Virginia Woolf, escritora brit\u00e1nica y  figura del feminismo internacional cuyas obras abordan temas como la identidad, la conciencia femenina y la lucha por la igualdad de g\u00e9nero<\/em><\/p>\n\n\n\n<div style=\"height:var(--wp--preset--spacing--50)\" aria-hidden=\"true\" class=\"wp-block-spacer\"><\/div>\n<\/div>\n<\/div>\n\n\n\n<div class=\"wp-block-group alignfull has-base-2-background-color has-background has-global-padding is-layout-constrained wp-container-core-group-is-layout-8c174d0b wp-block-group-is-layout-constrained\" style=\"margin-top:0;margin-bottom:0;padding-top:var(--wp--preset--spacing--20);padding-right:var(--wp--preset--spacing--60);padding-bottom:var(--wp--preset--spacing--20);padding-left:var(--wp--preset--spacing--60)\">\n<div class=\"wp-block-group alignwide is-layout-flow wp-block-group-is-layout-flow\">\n<div style=\"height:32px\" aria-hidden=\"true\" class=\"wp-block-spacer\"><\/div>\n\n\n\n<p><\/p>\n\n\n\n<div class=\"wp-block-group is-content-justification-space-between is-nowrap is-layout-flex wp-container-core-group-is-layout-cb46ffcb wp-block-group-is-layout-flex\">\n<figure class=\"wp-block-image size-full\"><img loading=\"lazy\" decoding=\"async\" width=\"167\" height=\"107\" src=\"https:\/\/blog.uclm.es\/catedraigualdadgenero\/wp-content\/uploads\/sites\/301\/2024\/11\/logo3.png\" alt=\"\" class=\"wp-image-81\" \/><\/figure>\n\n\n\n<figure class=\"wp-block-image size-full wp-container-content-83148919\"><img loading=\"lazy\" decoding=\"async\" width=\"324\" height=\"59\" src=\"https:\/\/blog.uclm.es\/catedraigualdadgenero\/wp-content\/uploads\/sites\/301\/2024\/12\/uclm-1.png\" alt=\"\" class=\"wp-image-244\" srcset=\"https:\/\/blog.uclm.es\/catedraigualdadgenero\/wp-content\/uploads\/sites\/301\/2024\/12\/uclm-1.png 324w, https:\/\/blog.uclm.es\/catedraigualdadgenero\/wp-content\/uploads\/sites\/301\/2024\/12\/uclm-1-300x55.png 300w\" sizes=\"auto, (max-width: 324px) 100vw, 324px\" \/><\/figure>\n\n\n\n<figure class=\"wp-block-image size-full\"><img loading=\"lazy\" decoding=\"async\" width=\"144\" height=\"78\" src=\"https:\/\/blog.uclm.es\/catedraigualdadgenero\/wp-content\/uploads\/sites\/301\/2024\/12\/instituto_mujer.png\" alt=\"\" class=\"wp-image-249\" \/><\/figure>\n\n\n\n<figure class=\"wp-block-image size-full wp-container-content-69bc4bdf\"><img loading=\"lazy\" decoding=\"async\" width=\"244\" height=\"70\" src=\"https:\/\/blog.uclm.es\/catedraigualdadgenero\/wp-content\/uploads\/sites\/301\/2024\/12\/ministerio_igualdad-1.png\" alt=\"\" class=\"wp-image-250\" \/><\/figure>\n\n\n\n<figure class=\"wp-block-image size-full wp-container-content-69bc4bdf\"><img loading=\"lazy\" decoding=\"async\" width=\"100\" height=\"78\" src=\"https:\/\/blog.uclm.es\/catedraigualdadgenero\/wp-content\/uploads\/sites\/301\/2024\/12\/pacto_estado-1.png\" alt=\"\" class=\"wp-image-251\" \/><\/figure>\n<\/div>\n\n\n\n<div style=\"height:32px\" aria-hidden=\"true\" class=\"wp-block-spacer\"><\/div>\n<\/div>\n<\/div>\n\n\n\n<div class=\"wp-block-columns is-layout-flex wp-container-core-columns-is-layout-28f84493 wp-block-columns-is-layout-flex\">\n<div class=\"wp-block-column is-layout-flow wp-block-column-is-layout-flow\"><\/div>\n<\/div>\n\n\n\n<p><\/p>\n","protected":false},"excerpt":{"rendered":"<p>C\u00e1tedra de Igualdad de G\u00e9nero UCLM Universidad de Castilla-La Mancha &#8211; Instituto de la Mujer de Castilla-La Mancha La creaci\u00f3n de la C\u00e1tedra de Igualdad de G\u00e9nero de la UCLM responde a la necesidad de establecer un marco de colaboraci\u00f3n estable y duradero entre la Universidad de Castilla-La Mancha (UCLM) y el Instituto de la [&hellip;]<\/p>\n","protected":false},"author":55,"featured_media":0,"parent":0,"menu_order":0,"comment_status":"closed","ping_status":"closed","template":"page-no-title","meta":{"footnotes":""},"class_list":["post-118","page","type-page","status-publish","hentry"],"_links":{"self":[{"href":"https:\/\/blog.uclm.es\/catedraigualdadgenero\/wp-json\/wp\/v2\/pages\/118","targetHints":{"allow":["GET"]}}],"collection":[{"href":"https:\/\/blog.uclm.es\/catedraigualdadgenero\/wp-json\/wp\/v2\/pages"}],"about":[{"href":"https:\/\/blog.uclm.es\/catedraigualdadgenero\/wp-json\/wp\/v2\/types\/page"}],"author":[{"embeddable":true,"href":"https:\/\/blog.uclm.es\/catedraigualdadgenero\/wp-json\/wp\/v2\/users\/55"}],"replies":[{"embeddable":true,"href":"https:\/\/blog.uclm.es\/catedraigualdadgenero\/wp-json\/wp\/v2\/comments?post=118"}],"version-history":[{"count":61,"href":"https:\/\/blog.uclm.es\/catedraigualdadgenero\/wp-json\/wp\/v2\/pages\/118\/revisions"}],"predecessor-version":[{"id":332,"href":"https:\/\/blog.uclm.es\/catedraigualdadgenero\/wp-json\/wp\/v2\/pages\/118\/revisions\/332"}],"wp:attachment":[{"href":"https:\/\/blog.uclm.es\/catedraigualdadgenero\/wp-json\/wp\/v2\/media?parent=118"}],"curies":[{"name":"wp","href":"https:\/\/api.w.org\/{rel}","templated":true}]}}