{"id":86,"date":"2023-04-01T10:47:57","date_gmt":"2023-04-01T10:47:57","guid":{"rendered":"https:\/\/blog.uclm.es\/catedradyd\/?page_id=86"},"modified":"2026-04-13T09:20:43","modified_gmt":"2026-04-13T09:20:43","slug":"inicio","status":"publish","type":"page","link":"https:\/\/blog.uclm.es\/catedradyd\/","title":{"rendered":"INICIO"},"content":{"rendered":"\n<p>\u00a1Bienvenido\/a!<\/p>\n\n\n\n<p>Les presentamos la p\u00e1gina web de la C\u00e1tedra Derecho de las Personas con Discapacidad y Dependencia (DYD), fruto del convenio firmado entre la Excma. Diputaci\u00f3n Provincial de Ciudad Real y la Universidad de Castilla-La Mancha, por iniciativa de la Facultad de Derecho y Ciencias Sociales del Campus de Ciudad Real.<\/p>\n\n\n\n<p class=\"has-text-align-center\"><em><strong>Microcredencial subvencionada en prevenci\u00f3n, detecci\u00f3n e intervenci\u00f3n ante casos de abuso y\/o maltrato a personas vulnerables<\/strong><\/em><\/p>\n\n\n\n<div data-wp-interactive=\"core\/file\" class=\"wp-block-file\"><object data-wp-bind--hidden=\"!state.hasPdfPreview\" hidden class=\"wp-block-file__embed\" data=\"https:\/\/blog.uclm.es\/catedradyd\/wp-content\/uploads\/sites\/256\/2026\/04\/Cartel_Microcredencial-subvencionada-en-Prevencion-deteccion-e-intervencion-ante-casos-de-abuso-yo-maltrato-a-personas-vulnerables.pdf\" type=\"application\/pdf\" style=\"width:100%;height:600px\" aria-label=\"Incrustado de Cartel_Microcredencial subvencionada en Prevenci\u00f3n, detecci\u00f3n e intervenci\u00f3n ante casos de abuso yo maltrato a personas vulnerables.\"><\/object><a id=\"wp-block-file--media-e22e9b7d-6d82-4b7f-b1db-c664828f6048\" href=\"https:\/\/blog.uclm.es\/catedradyd\/wp-content\/uploads\/sites\/256\/2026\/04\/Cartel_Microcredencial-subvencionada-en-Prevencion-deteccion-e-intervencion-ante-casos-de-abuso-yo-maltrato-a-personas-vulnerables.pdf\">Cartel_Microcredencial subvencionada en Prevenci\u00f3n, detecci\u00f3n e intervenci\u00f3n ante casos de abuso yo maltrato a personas vulnerables<\/a><a href=\"https:\/\/blog.uclm.es\/catedradyd\/wp-content\/uploads\/sites\/256\/2026\/04\/Cartel_Microcredencial-subvencionada-en-Prevencion-deteccion-e-intervencion-ante-casos-de-abuso-yo-maltrato-a-personas-vulnerables.pdf\" class=\"wp-block-file__button wp-element-button\" download aria-describedby=\"wp-block-file--media-e22e9b7d-6d82-4b7f-b1db-c664828f6048\">Descarga<\/a><\/div>\n\n\n\n<p class=\"has-text-align-center\"><strong>RESULTADOS DEL PROYECTO DE COOPERACI\u00d3N PARA EL DESARROLLO Y RESPONSABILIDAD SOCIAL, \u00abDECACOR\u00bb, FINANCIADO POR EL VICERRECTORADO DE CULTURA, DEPORTE Y COMPROMISO SOCIAL DE LA UCLM.<\/strong><\/p>\n\n\n\n<p class=\"has-text-align-left\">VV.AA. <em><a href=\"https:\/\/blog.uclm.es\/catedradyd\/wp-content\/uploads\/sites\/256\/2025\/10\/Obra-colectiva.-El-Derecho-de-la-discapacidad-en-Costa-Rica.pdf\">El Derecho de la discapacidad en Costa Rica: la situaci\u00f3n de pobreza extrema en la regi\u00f3n del Caribe<\/a><\/em>. Henry Chaves Kiel y Sergio S\u00e1nchez Par\u00eds (dirs.). Colex, A Coru\u00f1a, 2025. <\/p>\n\n\n\n<p class=\"has-text-align-center\"><strong><em>CONSTITUCI\u00d3N ESPA\u00d1OLA EN VERSI\u00d3N DE LECTURA F\u00c1CIL<\/em><\/strong><\/p>\n\n\n\n<p><a href=\"https:\/\/blog.uclm.es\/catedradyd\/wp-content\/uploads\/sites\/256\/2024\/12\/Constitucion-Espanola.-Version-Lectura-Facil-2-Accesible-1.pdf\">ORTEGA GUTI\u00c9RREZ, David; ALBERT M\u00c1RQUEZ Marta y L\u00d3PEZ GARC\u00cdA, M.\u00aa Isabel. La Constituci\u00f3n Espa\u00f1ola Versi\u00f3n lectura f\u00e1cil. Segunda edici\u00f3n. Ediciones Cinca, S. A. Servicio de Publicaciones de la Universidad Rey Juan Carlos, Madrid, 2024.<\/a><\/p>\n\n\n\n<figure class=\"wp-block-image size-full\"><img loading=\"lazy\" decoding=\"async\" width=\"900\" height=\"463\" src=\"https:\/\/blog.uclm.es\/catedradyd\/wp-content\/uploads\/sites\/256\/2023\/04\/Imagen_4.jpg\" alt=\"\" class=\"wp-image-91\" srcset=\"https:\/\/blog.uclm.es\/catedradyd\/wp-content\/uploads\/sites\/256\/2023\/04\/Imagen_4.jpg 900w, https:\/\/blog.uclm.es\/catedradyd\/wp-content\/uploads\/sites\/256\/2023\/04\/Imagen_4-300x154.jpg 300w, https:\/\/blog.uclm.es\/catedradyd\/wp-content\/uploads\/sites\/256\/2023\/04\/Imagen_4-768x395.jpg 768w, https:\/\/blog.uclm.es\/catedradyd\/wp-content\/uploads\/sites\/256\/2023\/04\/Imagen_4-500x257.jpg 500w\" sizes=\"auto, (max-width: 767px) 89vw, (max-width: 1000px) 54vw, (max-width: 1071px) 543px, 580px\" \/><\/figure>\n","protected":false},"excerpt":{"rendered":"<p>\u00a1Bienvenido\/a! Les presentamos la p\u00e1gina web de la C\u00e1tedra Derecho de las Personas con Discapacidad y Dependencia (DYD), fruto del convenio firmado entre la Excma. Diputaci\u00f3n Provincial de Ciudad Real y la Universidad de Castilla-La Mancha, por iniciativa de la Facultad de Derecho y Ciencias Sociales del Campus de Ciudad Real. Microcredencial subvencionada en prevenci\u00f3n, &hellip; <\/p>\n<p class=\"link-more\"><a href=\"https:\/\/blog.uclm.es\/catedradyd\/\" class=\"more-link\">Continuar leyendo<span class=\"screen-reader-text\"> \u00abINICIO\u00bb<\/span><\/a><\/p>\n","protected":false},"author":417,"featured_media":0,"parent":0,"menu_order":0,"comment_status":"closed","ping_status":"closed","template":"","meta":{"footnotes":""},"class_list":["post-86","page","type-page","status-publish","hentry"],"_links":{"self":[{"href":"https:\/\/blog.uclm.es\/catedradyd\/wp-json\/wp\/v2\/pages\/86","targetHints":{"allow":["GET"]}}],"collection":[{"href":"https:\/\/blog.uclm.es\/catedradyd\/wp-json\/wp\/v2\/pages"}],"about":[{"href":"https:\/\/blog.uclm.es\/catedradyd\/wp-json\/wp\/v2\/types\/page"}],"author":[{"embeddable":true,"href":"https:\/\/blog.uclm.es\/catedradyd\/wp-json\/wp\/v2\/users\/417"}],"replies":[{"embeddable":true,"href":"https:\/\/blog.uclm.es\/catedradyd\/wp-json\/wp\/v2\/comments?post=86"}],"version-history":[{"count":61,"href":"https:\/\/blog.uclm.es\/catedradyd\/wp-json\/wp\/v2\/pages\/86\/revisions"}],"predecessor-version":[{"id":845,"href":"https:\/\/blog.uclm.es\/catedradyd\/wp-json\/wp\/v2\/pages\/86\/revisions\/845"}],"wp:attachment":[{"href":"https:\/\/blog.uclm.es\/catedradyd\/wp-json\/wp\/v2\/media?parent=86"}],"curies":[{"name":"wp","href":"https:\/\/api.w.org\/{rel}","templated":true}]}}