{"id":653,"date":"2024-06-10T14:11:57","date_gmt":"2024-06-10T14:11:57","guid":{"rendered":"https:\/\/blog.uclm.es\/catedradyd\/?page_id=653"},"modified":"2024-06-10T14:11:57","modified_gmt":"2024-06-10T14:11:57","slug":"marta-munoz-de-morales-romero","status":"publish","type":"page","link":"https:\/\/blog.uclm.es\/catedradyd\/marta-munoz-de-morales-romero\/","title":{"rendered":"MARTA MU\u00d1OZ DE MORALES ROMERO"},"content":{"rendered":"\n<figure class=\"wp-block-image size-full\"><img loading=\"lazy\" decoding=\"async\" width=\"372\" height=\"327\" src=\"https:\/\/blog.uclm.es\/catedradyd\/wp-content\/uploads\/sites\/256\/2024\/06\/Foto-Marta-Munoz-de-Morales-1.png\" alt=\"\" class=\"wp-image-655\" srcset=\"https:\/\/blog.uclm.es\/catedradyd\/wp-content\/uploads\/sites\/256\/2024\/06\/Foto-Marta-Munoz-de-Morales-1.png 372w, https:\/\/blog.uclm.es\/catedradyd\/wp-content\/uploads\/sites\/256\/2024\/06\/Foto-Marta-Munoz-de-Morales-1-300x264.png 300w\" sizes=\"auto, (max-width: 372px) 100vw, 372px\" \/><\/figure>\n\n\n\n<p>Marta Mu\u00f1oz de Morales Romero es Catedr\u00e1tica de Derecho penal de la Universidad de Castilla-La Mancha, doctora europea en Derecho por dicha universidad y miembro desde junio de 2005 del Instituto de Derecho penal europeo e internacional. Es Premio Extraordinario de Doctorado 2010, Premio Extraordinario Fin de Carrera al mejor expediente de la promoci\u00f3n 1999-2003 y Premio Extraordinario 2003 al mejor Expediente Acad\u00e9mico de la Universidad de Castilla-La Mancha en la Licenciatura de Derecho. Obtuvo tambi\u00e9n el Primer Premio Nacional de Art\u00edculos Jur\u00eddicos \u201cMelchor Almagro\u201d de la Universidad de Granada, enero 2008 y el Segundo Premio de Art\u00edculos Jur\u00eddicos <em>\u201cGarc\u00eda Goyena\u201d<\/em> (curso 2004-2005) de la Facultad de Derecho de la UNED.<\/p>\n\n\n\n<p>Sus l\u00edneas de investigaci\u00f3n son el Derecho penal europeo, la cooperaci\u00f3n judicial internacional, la responsabilidad penal de las personas jur\u00eddicas y los programas de cumplimiento normativo. Ha formado parte de equipos de investigaci\u00f3n internacionales liderados por prestigiosos profesores como Mireille Delmas-Marty y Ulrich Sieber (<em>Les chemins de l\u2019harmonisation penal<\/em>), Alessandro Bernardi (<em>Prison overcrowding and alternatives to detention<\/em>), Stefano Manacorda (Preventing Corporate Corruption. The Anti-Bribery Compliance Model) o Ad\u00e1n Nieto Mart\u00edn (<em>Criminal liability of multinational corporations regarding human rights and environment<\/em>).<\/p>\n\n\n\n<p>Es autora de la monograf\u00eda <em>El legislador penal europeo: legitimidad y racionalidad<\/em>, Ed. Civitas-Thomson Aranzadi, 2011, y <em>El delito de manipulaci\u00f3n del mercado de valores, <\/em>2023. Asimismo, ha publicado un manual de <em>Derecho penal europeo<\/em>, Tirant lo blanch, 2020 y diversos art\u00edculos en revistas especializadas, entre los que destacan \u201cV\u00edas para la responsabilidad penal de las multinacionales por violaciones graves de Derechos humanos\u201d, en <em>Pol\u00edtica Criminal<\/em>, Vol. 15 (2020), n\u00ba 30; \u201cDoble incriminaci\u00f3n a examen: Sobre el caso Puigdemont y otros supuestos\u201d, en <em>Indret 1\/2019<\/em> o \u201cEvaluaci\u00f3n legislativa y racionalidad en el \u00e1mbito penal europeo (y nacional)\u201d, en <em>Revista General de Derecho penal<\/em>, Iustel, n\u00ba 14, 2010. Ha participado en diversas obras colectivas con cap\u00edtulos como \u201cEl reconocimiento mutuo en materia penal y los derechos fundamentales: De la confianza \u201cciega\u201d a la confianza reservada\u201d, en Arroyo Jim\u00e9nez, L.\/Nieto Mart\u00edn, A. (eds.): <em>El reconocimiento mutuo en el Derecho espa\u00f1ol y europeo<\/em>, Marcial Pons, 2018, \u201cCorporate Responsability and Compliance Programs in Australia, Canada and China\u201d, \u201cCompliance Programs and Crimina Law Responses. A Comparative Analysis\u201d, ambos publicados en Manacorda, S. et al. (eds.): <em>Preventing Corporate Corruption<\/em>, Springer 2014; \u201cDeberes de motivaci\u00f3n y de argumentaci\u00f3n del legislador penal europeo en torno a los derechos fundamentales\u201d y \u201cLos Derechos penales federales y el Derecho penal europeo\u201d, ambos en D\u00edez Picazo Jim\u00e9nez, L.M.\/Nieto Mart\u00edn, A. (dir.): <em>Los Derechos fundamentales en el Derecho penal europeo<\/em>, Civitas, 2010, p. 41-69, 29 pp.<\/p>\n","protected":false},"excerpt":{"rendered":"<p>Marta Mu\u00f1oz de Morales Romero es Catedr\u00e1tica de Derecho penal de la Universidad de Castilla-La Mancha, doctora europea en Derecho por dicha universidad y miembro desde junio de 2005 del Instituto de Derecho penal europeo e internacional. Es Premio Extraordinario de Doctorado 2010, Premio Extraordinario Fin de Carrera al mejor expediente de la promoci\u00f3n 1999-2003 &hellip; <\/p>\n<p class=\"link-more\"><a href=\"https:\/\/blog.uclm.es\/catedradyd\/marta-munoz-de-morales-romero\/\" class=\"more-link\">Continuar leyendo<span class=\"screen-reader-text\"> \u00abMARTA MU\u00d1OZ DE MORALES ROMERO\u00bb<\/span><\/a><\/p>\n","protected":false},"author":477,"featured_media":0,"parent":0,"menu_order":0,"comment_status":"closed","ping_status":"closed","template":"","meta":{"footnotes":""},"class_list":["post-653","page","type-page","status-publish","hentry"],"_links":{"self":[{"href":"https:\/\/blog.uclm.es\/catedradyd\/wp-json\/wp\/v2\/pages\/653","targetHints":{"allow":["GET"]}}],"collection":[{"href":"https:\/\/blog.uclm.es\/catedradyd\/wp-json\/wp\/v2\/pages"}],"about":[{"href":"https:\/\/blog.uclm.es\/catedradyd\/wp-json\/wp\/v2\/types\/page"}],"author":[{"embeddable":true,"href":"https:\/\/blog.uclm.es\/catedradyd\/wp-json\/wp\/v2\/users\/477"}],"replies":[{"embeddable":true,"href":"https:\/\/blog.uclm.es\/catedradyd\/wp-json\/wp\/v2\/comments?post=653"}],"version-history":[{"count":1,"href":"https:\/\/blog.uclm.es\/catedradyd\/wp-json\/wp\/v2\/pages\/653\/revisions"}],"predecessor-version":[{"id":656,"href":"https:\/\/blog.uclm.es\/catedradyd\/wp-json\/wp\/v2\/pages\/653\/revisions\/656"}],"wp:attachment":[{"href":"https:\/\/blog.uclm.es\/catedradyd\/wp-json\/wp\/v2\/media?parent=653"}],"curies":[{"name":"wp","href":"https:\/\/api.w.org\/{rel}","templated":true}]}}