{"id":617,"date":"2024-04-23T06:32:05","date_gmt":"2024-04-23T06:32:05","guid":{"rendered":"https:\/\/blog.uclm.es\/catedradyd\/?page_id=617"},"modified":"2024-04-23T06:32:53","modified_gmt":"2024-04-23T06:32:53","slug":"convocatoria-de-becas-de-colaboracion-para-actividades-promovidas-o-patrocinadas-por-la-catedra-discapacidad-y-dependencia-dyd-de-la-universidad-de-castilla-la-mancha","status":"publish","type":"page","link":"https:\/\/blog.uclm.es\/catedradyd\/convocatoria-de-becas-de-colaboracion-para-actividades-promovidas-o-patrocinadas-por-la-catedra-discapacidad-y-dependencia-dyd-de-la-universidad-de-castilla-la-mancha\/","title":{"rendered":"CONVOCATORIA DE BECAS DE COLABORACI\u00d3N (DERECHO\/MUAB)"},"content":{"rendered":"\n<p>Se convoca una beca de colaboraci\u00f3n destinada a que la persona beneficiaria colabore, en r\u00e9gimen de compatibilidad con sus estudios, en el desarrollo de las actividades propias de la Cl\u00ednica Jur\u00eddica de la C\u00e1tedra DyD, conforme al plan formativo de la beca previsto en el anexo I, as\u00ed como a la planificaci\u00f3n de actividades recogido en el anexo II.<\/p>\n\n\n\n<p><strong>Dirigido a:<\/strong>&nbsp;estudiantes del grado en Derecho y M\u00e1ster de Acceso a la Abogac\u00eda durante el curso 2023\/2024, siendo necesario que el estudiante contin\u00fae con dichos estudios durante el per\u00edodo de disfrute de la beca.<\/p>\n\n\n\n<p><strong>Plazo para solicitudes:<\/strong>&nbsp;El plazo para la presentaci\u00f3n de solicitudes permanecer\u00e1 abierto desde el 3 de mayo de 2024 hasta las 14:00 horas del 24 de junio de 2024.<\/p>\n\n\n\n<p><strong>Documentaci\u00f3n a aportar:<\/strong>&nbsp;Junto a la solicitud se deben presentar los siguientes documentos: <\/p>\n\n\n\n<ul class=\"wp-block-list\">\n<li>a) Curr\u00edculum Vitae (CV); <\/li>\n\n\n\n<li>b) Documentaci\u00f3n justificativa de los m\u00e9ritos reflejados en el CV, sin la cual no ser\u00e1n objeto de valoraci\u00f3n<\/li>\n<\/ul>\n\n\n\n<div data-wp-interactive=\"core\/file\" class=\"wp-block-file\"><object data-wp-bind--hidden=\"!state.hasPdfPreview\" hidden class=\"wp-block-file__embed\" data=\"https:\/\/blog.uclm.es\/catedradyd\/wp-content\/uploads\/sites\/256\/2024\/04\/01.-Convocatoria-beca-colaboracion_Clinica-Juridica-CAT-DyD-24.pdf\" type=\"application\/pdf\" style=\"width:100%;height:600px\" aria-label=\"Incrustado de 01.-Convocatoria-beca-colaboracion_Clinica-Juridica-CAT-DyD-24.\"><\/object><a id=\"wp-block-file--media-15ed46fa-35c7-486a-b114-a2c2f21e2311\" href=\"https:\/\/blog.uclm.es\/catedradyd\/wp-content\/uploads\/sites\/256\/2024\/04\/01.-Convocatoria-beca-colaboracion_Clinica-Juridica-CAT-DyD-24.pdf\">01.-Convocatoria-beca-colaboracion_Clinica-Juridica-CAT-DyD-24<\/a><a href=\"https:\/\/blog.uclm.es\/catedradyd\/wp-content\/uploads\/sites\/256\/2024\/04\/01.-Convocatoria-beca-colaboracion_Clinica-Juridica-CAT-DyD-24.pdf\" class=\"wp-block-file__button wp-element-button\" download aria-describedby=\"wp-block-file--media-15ed46fa-35c7-486a-b114-a2c2f21e2311\">Descarga<\/a><\/div>\n","protected":false},"excerpt":{"rendered":"<p>Se convoca una beca de colaboraci\u00f3n destinada a que la persona beneficiaria colabore, en r\u00e9gimen de compatibilidad con sus estudios, en el desarrollo de las actividades propias de la Cl\u00ednica Jur\u00eddica de la C\u00e1tedra DyD, conforme al plan formativo de la beca previsto en el anexo I, as\u00ed como a la planificaci\u00f3n de actividades recogido &hellip; <\/p>\n<p class=\"link-more\"><a href=\"https:\/\/blog.uclm.es\/catedradyd\/convocatoria-de-becas-de-colaboracion-para-actividades-promovidas-o-patrocinadas-por-la-catedra-discapacidad-y-dependencia-dyd-de-la-universidad-de-castilla-la-mancha\/\" class=\"more-link\">Continuar leyendo<span class=\"screen-reader-text\"> \u00abCONVOCATORIA DE BECAS DE COLABORACI\u00d3N (DERECHO\/MUAB)\u00bb<\/span><\/a><\/p>\n","protected":false},"author":477,"featured_media":0,"parent":0,"menu_order":0,"comment_status":"closed","ping_status":"closed","template":"","meta":{"footnotes":""},"class_list":["post-617","page","type-page","status-publish","hentry"],"_links":{"self":[{"href":"https:\/\/blog.uclm.es\/catedradyd\/wp-json\/wp\/v2\/pages\/617","targetHints":{"allow":["GET"]}}],"collection":[{"href":"https:\/\/blog.uclm.es\/catedradyd\/wp-json\/wp\/v2\/pages"}],"about":[{"href":"https:\/\/blog.uclm.es\/catedradyd\/wp-json\/wp\/v2\/types\/page"}],"author":[{"embeddable":true,"href":"https:\/\/blog.uclm.es\/catedradyd\/wp-json\/wp\/v2\/users\/477"}],"replies":[{"embeddable":true,"href":"https:\/\/blog.uclm.es\/catedradyd\/wp-json\/wp\/v2\/comments?post=617"}],"version-history":[{"count":2,"href":"https:\/\/blog.uclm.es\/catedradyd\/wp-json\/wp\/v2\/pages\/617\/revisions"}],"predecessor-version":[{"id":620,"href":"https:\/\/blog.uclm.es\/catedradyd\/wp-json\/wp\/v2\/pages\/617\/revisions\/620"}],"wp:attachment":[{"href":"https:\/\/blog.uclm.es\/catedradyd\/wp-json\/wp\/v2\/media?parent=617"}],"curies":[{"name":"wp","href":"https:\/\/api.w.org\/{rel}","templated":true}]}}