{"id":479,"date":"2023-07-18T15:52:23","date_gmt":"2023-07-18T15:52:23","guid":{"rendered":"https:\/\/blog.uclm.es\/catedradyd\/?page_id=479"},"modified":"2023-09-26T11:23:53","modified_gmt":"2023-09-26T11:23:53","slug":"convocatoria-de-becas-colaboracion-catedra-dyd","status":"publish","type":"page","link":"https:\/\/blog.uclm.es\/catedradyd\/convocatoria-de-becas-colaboracion-catedra-dyd\/","title":{"rendered":"RESOLUCI\u00d3N DEFINITIVA DE 2  BECAS DE COLABORACI\u00d3N: GRADO EN DERECHO Y GRADO EN RELACIONES LABORALES Y RECURSOS HUMANOS"},"content":{"rendered":"\n<p class=\"has-text-align-center\"><strong>RESOLUCI\u00d3N  DEFINITIVA: UNA BECA PARA EL GRADO EN DERECHO; Y OTRA PARA EL GRADO EN RELACIONES LABORALES Y RECURSOS HUMANOS<\/strong><\/p>\n\n\n\n<div data-wp-interactive=\"core\/file\" class=\"wp-block-file\"><object data-wp-bind--hidden=\"!state.hasPdfPreview\" hidden class=\"wp-block-file__embed\" data=\"https:\/\/blog.uclm.es\/catedradyd\/wp-content\/uploads\/sites\/256\/2023\/09\/Resolucion-concesion-definitiva-BC-clinic-jurid-Dcho-RRLL-23-BDNS-709002.pdf\" type=\"application\/pdf\" style=\"width:100%;height:600px\" aria-label=\"Incrustado de Resolucion-concesion-definitiva-BC-clinic-jurid-Dcho-RRLL-23-BDNS-709002.\"><\/object><a id=\"wp-block-file--media-96acc77e-9f01-4935-afb4-7ce9a13d4645\" href=\"https:\/\/blog.uclm.es\/catedradyd\/wp-content\/uploads\/sites\/256\/2023\/09\/Resolucion-concesion-definitiva-BC-clinic-jurid-Dcho-RRLL-23-BDNS-709002.pdf\">Resolucion-concesion-definitiva-BC-clinic-jurid-Dcho-RRLL-23-BDNS-709002<\/a><a href=\"https:\/\/blog.uclm.es\/catedradyd\/wp-content\/uploads\/sites\/256\/2023\/09\/Resolucion-concesion-definitiva-BC-clinic-jurid-Dcho-RRLL-23-BDNS-709002.pdf\" class=\"wp-block-file__button wp-element-button\" download aria-describedby=\"wp-block-file--media-96acc77e-9f01-4935-afb4-7ce9a13d4645\">Descarga<\/a><\/div>\n\n\n\n<div data-wp-interactive=\"core\/file\" class=\"wp-block-file\"><object data-wp-bind--hidden=\"!state.hasPdfPreview\" hidden class=\"wp-block-file__embed\" data=\"https:\/\/blog.uclm.es\/catedradyd\/wp-content\/uploads\/sites\/256\/2023\/09\/Resolucion-concesion-provisional-BC-clinic-jurid-Dcho-RRLL-23-BDNS-709002.pdf\" type=\"application\/pdf\" style=\"width:100%;height:600px\" aria-label=\"Incrustado de Resolucion-concesion-provisional-BC-clinic-jurid-Dcho-RRLL-23-BDNS-709002.\"><\/object><a id=\"wp-block-file--media-027ae1a8-9430-4eb0-93bd-b4f0c10f3198\" href=\"https:\/\/blog.uclm.es\/catedradyd\/wp-content\/uploads\/sites\/256\/2023\/09\/Resolucion-concesion-provisional-BC-clinic-jurid-Dcho-RRLL-23-BDNS-709002.pdf\">Resolucion-concesion-provisional-BC-clinic-jurid-Dcho-RRLL-23-BDNS-709002<\/a><a href=\"https:\/\/blog.uclm.es\/catedradyd\/wp-content\/uploads\/sites\/256\/2023\/09\/Resolucion-concesion-provisional-BC-clinic-jurid-Dcho-RRLL-23-BDNS-709002.pdf\" class=\"wp-block-file__button wp-element-button\" download aria-describedby=\"wp-block-file--media-027ae1a8-9430-4eb0-93bd-b4f0c10f3198\">Descarga<\/a><\/div>\n\n\n\n<p><\/p>\n\n\n\n<p class=\"has-text-align-center\"><strong>CONVOCATORIA<\/strong><\/p>\n\n\n\n<p>Se convocan <strong>dos becas de colaboraci\u00f3n <\/strong>destinadas a que las personas beneficiarias presten su colaboraci\u00f3n, en r\u00e9gimen de compatibilidad con sus estudios, en el desarrollo de las actividades propias de la Cl\u00ednica Jur\u00eddica de la C\u00e1tedra DYD<\/p>\n\n\n\n<p>Estas becas est\u00e1n dirigidas a aquellos\/as matriculados\/as en ense\u00f1anza oficial de <strong>Grado en Derecho<\/strong> o <strong>Grado en Relaciones Laborales y Desarrollo de Recursos Humanos<\/strong> de la UCLM durante el curso 2023\/2024.<\/p>\n\n\n\n<p>El plazo para la presentaci\u00f3n de solicitudes permanecer\u00e1 abierto <strong>desde el 1 de septiembre de 2023 hasta las 14:00 horas del 15 de septiembre de 2023.<\/strong><\/p>\n\n\n\n<p>Junto a la solicitud se deben presentar los siguientes documentos:<\/p>\n\n\n\n<p>a. Curr\u00edculum Vitae (CV).<\/p>\n\n\n\n<p>b. Documentaci\u00f3n justificativa de los m\u00e9ritos reflejados en el CV, sin la cual no ser\u00e1n objeto de valoraci\u00f3n.<\/p>\n\n\n\n<div data-wp-interactive=\"core\/file\" class=\"wp-block-file\"><object data-wp-bind--hidden=\"!state.hasPdfPreview\" hidden class=\"wp-block-file__embed\" data=\"https:\/\/blog.uclm.es\/catedradyd\/wp-content\/uploads\/sites\/256\/2023\/07\/Convocatoria-2-becas-colaboracion_Clinica-Juridica-oct-23.pdf\" type=\"application\/pdf\" style=\"width:100%;height:600px\" aria-label=\"Incrustado de Convocatoria-2-becas-colaboracion_Clinica-Juridica-oct-23.\"><\/object><a id=\"wp-block-file--media-406f7148-4ac0-4c93-a9ee-c7c21a13f582\" href=\"https:\/\/blog.uclm.es\/catedradyd\/wp-content\/uploads\/sites\/256\/2023\/07\/Convocatoria-2-becas-colaboracion_Clinica-Juridica-oct-23.pdf\">Convocatoria-2-becas-colaboracion_Clinica-Juridica-oct-23<\/a><a href=\"https:\/\/blog.uclm.es\/catedradyd\/wp-content\/uploads\/sites\/256\/2023\/07\/Convocatoria-2-becas-colaboracion_Clinica-Juridica-oct-23.pdf\" class=\"wp-block-file__button wp-element-button\" download aria-describedby=\"wp-block-file--media-406f7148-4ac0-4c93-a9ee-c7c21a13f582\">Descarga<\/a><\/div>\n","protected":false},"excerpt":{"rendered":"<p>RESOLUCI\u00d3N DEFINITIVA: UNA BECA PARA EL GRADO EN DERECHO; Y OTRA PARA EL GRADO EN RELACIONES LABORALES Y RECURSOS HUMANOS CONVOCATORIA Se convocan dos becas de colaboraci\u00f3n destinadas a que las personas beneficiarias presten su colaboraci\u00f3n, en r\u00e9gimen de compatibilidad con sus estudios, en el desarrollo de las actividades propias de la Cl\u00ednica Jur\u00eddica de &hellip; <\/p>\n<p class=\"link-more\"><a href=\"https:\/\/blog.uclm.es\/catedradyd\/convocatoria-de-becas-colaboracion-catedra-dyd\/\" class=\"more-link\">Continuar leyendo<span class=\"screen-reader-text\"> \u00abRESOLUCI\u00d3N DEFINITIVA DE 2  BECAS DE COLABORACI\u00d3N: GRADO EN DERECHO Y GRADO EN RELACIONES LABORALES Y RECURSOS HUMANOS\u00bb<\/span><\/a><\/p>\n","protected":false},"author":417,"featured_media":0,"parent":0,"menu_order":0,"comment_status":"closed","ping_status":"closed","template":"","meta":{"footnotes":""},"class_list":["post-479","page","type-page","status-publish","hentry"],"_links":{"self":[{"href":"https:\/\/blog.uclm.es\/catedradyd\/wp-json\/wp\/v2\/pages\/479","targetHints":{"allow":["GET"]}}],"collection":[{"href":"https:\/\/blog.uclm.es\/catedradyd\/wp-json\/wp\/v2\/pages"}],"about":[{"href":"https:\/\/blog.uclm.es\/catedradyd\/wp-json\/wp\/v2\/types\/page"}],"author":[{"embeddable":true,"href":"https:\/\/blog.uclm.es\/catedradyd\/wp-json\/wp\/v2\/users\/417"}],"replies":[{"embeddable":true,"href":"https:\/\/blog.uclm.es\/catedradyd\/wp-json\/wp\/v2\/comments?post=479"}],"version-history":[{"count":6,"href":"https:\/\/blog.uclm.es\/catedradyd\/wp-json\/wp\/v2\/pages\/479\/revisions"}],"predecessor-version":[{"id":535,"href":"https:\/\/blog.uclm.es\/catedradyd\/wp-json\/wp\/v2\/pages\/479\/revisions\/535"}],"wp:attachment":[{"href":"https:\/\/blog.uclm.es\/catedradyd\/wp-json\/wp\/v2\/media?parent=479"}],"curies":[{"name":"wp","href":"https:\/\/api.w.org\/{rel}","templated":true}]}}