{"id":43,"date":"2023-03-17T13:25:41","date_gmt":"2023-03-17T13:25:41","guid":{"rendered":"https:\/\/blog.uclm.es\/catedradyd\/?page_id=43"},"modified":"2025-05-19T13:41:32","modified_gmt":"2025-05-19T13:41:32","slug":"discapamerica","status":"publish","type":"page","link":"https:\/\/blog.uclm.es\/catedradyd\/discapamerica\/","title":{"rendered":"DISCAPAM\u00c9RICA"},"content":{"rendered":"\n<p>Es una red de estudio y divulgaci\u00f3n del derecho transversal de las personas con discapacidad, y su finalidad es formar a profesionales e investigadores de Am\u00e9rica Latina en este \u00e1mbito. <em>DiscapAm\u00e9rica<\/em> tiene su origen en el grupo integrado por los profesores D\u00edaz Revorio y Belda, cuyas actividades se han venido desarrollando en los campus de Toledo y de Ciudad Real por varias instituciones de Am\u00e9rica Latina.<\/p>\n\n\n\n<p>La vocaci\u00f3n de esta red de estudio es aportar a la sociedad civil elementos de utilidad para la remoci\u00f3n de obst\u00e1culos en el ejercicio de los derechos por parte del colectivo de personas con discapacidad.  Es por ello por lo que a la labor docente e investigadora se suma una finalidad divulgativa.<\/p>\n\n\n\n<p>Para m\u00e1s informaci\u00f3n:<\/p>\n\n\n\n<div data-wp-interactive=\"core\/file\" class=\"wp-block-file\"><object data-wp-bind--hidden=\"!state.hasPdfPreview\" hidden class=\"wp-block-file__embed\" data=\"https:\/\/blog.uclm.es\/catedradyd\/wp-content\/uploads\/sites\/256\/2025\/05\/Red-internacional-DiscapAmerica.pdf\" type=\"application\/pdf\" style=\"width:100%;height:600px\" aria-label=\"Incrustado de Red-internacional-DiscapAmerica.\"><\/object><a id=\"wp-block-file--media-873ee82c-ffb9-46f4-af5d-d0b1fea07e8d\" href=\"https:\/\/blog.uclm.es\/catedradyd\/wp-content\/uploads\/sites\/256\/2025\/05\/Red-internacional-DiscapAmerica.pdf\">Red-internacional-DiscapAmerica<\/a><a href=\"https:\/\/blog.uclm.es\/catedradyd\/wp-content\/uploads\/sites\/256\/2025\/05\/Red-internacional-DiscapAmerica.pdf\" class=\"wp-block-file__button wp-element-button\" download aria-describedby=\"wp-block-file--media-873ee82c-ffb9-46f4-af5d-d0b1fea07e8d\">Descarga<\/a><\/div>\n\n\n\n<p>M\u00e1s informaci\u00f3n sobre el grupo originario <a href=\"https:\/\/derechoconstitucionaltoledo.com\/quienes-somos\/\" target=\"_blank\" rel=\"noreferrer noopener\">aqu\u00ed.<\/a><\/p>\n\n\n\n<figure class=\"wp-block-image size-full\"><img loading=\"lazy\" decoding=\"async\" width=\"980\" height=\"490\" src=\"https:\/\/blog.uclm.es\/catedradyd\/wp-content\/uploads\/sites\/256\/2023\/04\/Imagen-5.png\" alt=\"\" class=\"wp-image-95\" srcset=\"https:\/\/blog.uclm.es\/catedradyd\/wp-content\/uploads\/sites\/256\/2023\/04\/Imagen-5.png 980w, https:\/\/blog.uclm.es\/catedradyd\/wp-content\/uploads\/sites\/256\/2023\/04\/Imagen-5-300x150.png 300w, https:\/\/blog.uclm.es\/catedradyd\/wp-content\/uploads\/sites\/256\/2023\/04\/Imagen-5-768x384.png 768w, https:\/\/blog.uclm.es\/catedradyd\/wp-content\/uploads\/sites\/256\/2023\/04\/Imagen-5-500x250.png 500w\" sizes=\"auto, (max-width: 767px) 89vw, (max-width: 1000px) 54vw, (max-width: 1071px) 543px, 580px\" \/><\/figure>\n","protected":false},"excerpt":{"rendered":"<p>Es una red de estudio y divulgaci\u00f3n del derecho transversal de las personas con discapacidad, y su finalidad es formar a profesionales e investigadores de Am\u00e9rica Latina en este \u00e1mbito. DiscapAm\u00e9rica tiene su origen en el grupo integrado por los profesores D\u00edaz Revorio y Belda, cuyas actividades se han venido desarrollando en los campus de &hellip; <\/p>\n<p class=\"link-more\"><a href=\"https:\/\/blog.uclm.es\/catedradyd\/discapamerica\/\" class=\"more-link\">Continuar leyendo<span class=\"screen-reader-text\"> \u00abDISCAPAM\u00c9RICA\u00bb<\/span><\/a><\/p>\n","protected":false},"author":417,"featured_media":0,"parent":0,"menu_order":0,"comment_status":"closed","ping_status":"closed","template":"","meta":{"footnotes":""},"class_list":["post-43","page","type-page","status-publish","hentry"],"_links":{"self":[{"href":"https:\/\/blog.uclm.es\/catedradyd\/wp-json\/wp\/v2\/pages\/43","targetHints":{"allow":["GET"]}}],"collection":[{"href":"https:\/\/blog.uclm.es\/catedradyd\/wp-json\/wp\/v2\/pages"}],"about":[{"href":"https:\/\/blog.uclm.es\/catedradyd\/wp-json\/wp\/v2\/types\/page"}],"author":[{"embeddable":true,"href":"https:\/\/blog.uclm.es\/catedradyd\/wp-json\/wp\/v2\/users\/417"}],"replies":[{"embeddable":true,"href":"https:\/\/blog.uclm.es\/catedradyd\/wp-json\/wp\/v2\/comments?post=43"}],"version-history":[{"count":17,"href":"https:\/\/blog.uclm.es\/catedradyd\/wp-json\/wp\/v2\/pages\/43\/revisions"}],"predecessor-version":[{"id":823,"href":"https:\/\/blog.uclm.es\/catedradyd\/wp-json\/wp\/v2\/pages\/43\/revisions\/823"}],"wp:attachment":[{"href":"https:\/\/blog.uclm.es\/catedradyd\/wp-json\/wp\/v2\/media?parent=43"}],"curies":[{"name":"wp","href":"https:\/\/api.w.org\/{rel}","templated":true}]}}