{"id":410,"date":"2023-05-24T11:23:49","date_gmt":"2023-05-24T11:23:49","guid":{"rendered":"https:\/\/blog.uclm.es\/catedradyd\/?page_id=410"},"modified":"2023-09-26T11:23:33","modified_gmt":"2023-09-26T11:23:33","slug":"convocatoria-de-becas-de-colaboracion-catedra-dyd","status":"publish","type":"page","link":"https:\/\/blog.uclm.es\/catedradyd\/convocatoria-de-becas-de-colaboracion-catedra-dyd\/","title":{"rendered":"RESOLUCI\u00d3N DEFINITIVA DE 2 BECAS DE COLABORACI\u00d3N: GRADO EN ADMINISTRACI\u00d3N Y DIRECCI\u00d3N DE EMPRESAS"},"content":{"rendered":"\n<figure class=\"wp-block-image size-full\"><img loading=\"lazy\" decoding=\"async\" width=\"773\" height=\"172\" src=\"https:\/\/blog.uclm.es\/catedradyd\/wp-content\/uploads\/sites\/256\/2023\/05\/Encabezado-paginas-4.png\" alt=\"\" class=\"wp-image-412\" srcset=\"https:\/\/blog.uclm.es\/catedradyd\/wp-content\/uploads\/sites\/256\/2023\/05\/Encabezado-paginas-4.png 773w, https:\/\/blog.uclm.es\/catedradyd\/wp-content\/uploads\/sites\/256\/2023\/05\/Encabezado-paginas-4-300x67.png 300w, https:\/\/blog.uclm.es\/catedradyd\/wp-content\/uploads\/sites\/256\/2023\/05\/Encabezado-paginas-4-768x171.png 768w\" sizes=\"auto, (max-width: 767px) 89vw, (max-width: 1000px) 54vw, (max-width: 1071px) 543px, 580px\" \/><\/figure>\n\n\n\n<p class=\"has-text-align-center\"><strong>RESOLUCI\u00d3N DEFINITIVA DE 2 BECAS DE COLABORACI\u00d3N: GRADO EN ADMINISTRACI\u00d3N Y DIRECCI\u00d3N DE EMPRESAS<\/strong><\/p>\n\n\n\n<div data-wp-interactive=\"core\/file\" class=\"wp-block-file\"><object data-wp-bind--hidden=\"!state.hasPdfPreview\" hidden class=\"wp-block-file__embed\" data=\"https:\/\/blog.uclm.es\/catedradyd\/wp-content\/uploads\/sites\/256\/2023\/09\/Resolucion-concesion-definitiva-BC-ADE-clinica-juridica-BDNS-694441.pdf\" type=\"application\/pdf\" style=\"width:100%;height:600px\" aria-label=\"Incrustado de Resolucion-concesion-definitiva-BC-ADE-clinica-juridica-BDNS-694441.\"><\/object><a id=\"wp-block-file--media-66e37466-c81a-4df1-8b10-be5ec41beede\" href=\"https:\/\/blog.uclm.es\/catedradyd\/wp-content\/uploads\/sites\/256\/2023\/09\/Resolucion-concesion-definitiva-BC-ADE-clinica-juridica-BDNS-694441.pdf\">Resolucion-concesion-definitiva-BC-ADE-clinica-juridica-BDNS-694441<\/a><a href=\"https:\/\/blog.uclm.es\/catedradyd\/wp-content\/uploads\/sites\/256\/2023\/09\/Resolucion-concesion-definitiva-BC-ADE-clinica-juridica-BDNS-694441.pdf\" class=\"wp-block-file__button wp-element-button\" download aria-describedby=\"wp-block-file--media-66e37466-c81a-4df1-8b10-be5ec41beede\">Descarga<\/a><\/div>\n\n\n\n<div data-wp-interactive=\"core\/file\" class=\"wp-block-file\"><object data-wp-bind--hidden=\"!state.hasPdfPreview\" hidden class=\"wp-block-file__embed\" data=\"https:\/\/blog.uclm.es\/catedradyd\/wp-content\/uploads\/sites\/256\/2023\/09\/Resolucion-concesion-provisional-BC-ADE-clinica-juridica-BDNS-694441.pdf\" type=\"application\/pdf\" style=\"width:100%;height:600px\" aria-label=\"Incrustado de Resolucion-concesion-provisional-BC-ADE-clinica-juridica-BDNS-694441.\"><\/object><a id=\"wp-block-file--media-747dc492-d1f5-4f1f-a7b1-54e8b77168c2\" href=\"https:\/\/blog.uclm.es\/catedradyd\/wp-content\/uploads\/sites\/256\/2023\/09\/Resolucion-concesion-provisional-BC-ADE-clinica-juridica-BDNS-694441.pdf\">Resolucion-concesion-provisional-BC-ADE-clinica-juridica-BDNS-694441<\/a><a href=\"https:\/\/blog.uclm.es\/catedradyd\/wp-content\/uploads\/sites\/256\/2023\/09\/Resolucion-concesion-provisional-BC-ADE-clinica-juridica-BDNS-694441.pdf\" class=\"wp-block-file__button wp-element-button\" download aria-describedby=\"wp-block-file--media-747dc492-d1f5-4f1f-a7b1-54e8b77168c2\">Descarga<\/a><\/div>\n\n\n\n<p><\/p>\n\n\n\n<p class=\"has-text-align-center\"><strong>CONVOCATORIA<\/strong><\/p>\n\n\n\n<p>Se convocan <strong>dos becas de colaboraci\u00f3n <\/strong>destinadas a que las personas beneficiarias presten su colaboraci\u00f3n, en r\u00e9gimen de compatibilidad con sus estudios, en el desarrollo de las actividades propias de la Cl\u00ednica Jur\u00eddica de la C\u00e1tedra DYD.<\/p>\n\n\n\n<p>Estas becas est\u00e1n dirigidas a aquellos\/as matriculados\/as en ense\u00f1anza oficial de <strong>Grado en Administraci\u00f3n y Direcci\u00f3n de Empresas de la UCLM<\/strong> durante el curso 2022\/2023, siendo necesario que el\/la estudiante contin\u00fae con dichos estudios durante el per\u00edodo de disfrute de la beca.<\/p>\n\n\n\n<p>El plazo para la presentaci\u00f3n de solicitudes permanecer\u00e1 abierto <strong>desde el 19 de mayo de 2023 hasta las 14:00 horas del 15 de septiembre de 2023.<\/strong><\/p>\n\n\n\n<p>Junto a la solicitud se deben presentar los siguientes documentos:<\/p>\n\n\n\n<p>a. Curr\u00edculum Vitae (CV).<\/p>\n\n\n\n<p>b. Documentaci\u00f3n justificativa de los m\u00e9ritos reflejados en el CV, sin la cual no ser\u00e1n objeto de valoraci\u00f3n<\/p>\n\n\n\n<div data-wp-interactive=\"core\/file\" class=\"wp-block-file\"><object data-wp-bind--hidden=\"!state.hasPdfPreview\" hidden class=\"wp-block-file__embed\" data=\"https:\/\/blog.uclm.es\/catedradyd\/wp-content\/uploads\/sites\/256\/2023\/05\/Convocatoria-becas-colaboracion_ADE-Clinica-Juridica_ADE.pdf\" type=\"application\/pdf\" style=\"width:100%;height:600px\" aria-label=\"Incrustado de Convocatoria-becas-colaboracion_ADE-Clinica-Juridica_ADE.\"><\/object><a id=\"wp-block-file--media-7ed46638-57e8-4a33-8a41-1542f12ed9f4\" href=\"https:\/\/blog.uclm.es\/catedradyd\/wp-content\/uploads\/sites\/256\/2023\/05\/Convocatoria-becas-colaboracion_ADE-Clinica-Juridica_ADE.pdf\">Convocatoria-becas-colaboracion_ADE-Clinica-Juridica_ADE<\/a><a href=\"https:\/\/blog.uclm.es\/catedradyd\/wp-content\/uploads\/sites\/256\/2023\/05\/Convocatoria-becas-colaboracion_ADE-Clinica-Juridica_ADE.pdf\" class=\"wp-block-file__button wp-element-button\" download aria-describedby=\"wp-block-file--media-7ed46638-57e8-4a33-8a41-1542f12ed9f4\">Descarga<\/a><\/div>\n\n\n\n<div data-wp-interactive=\"core\/file\" class=\"wp-block-file\"><object data-wp-bind--hidden=\"!state.hasPdfPreview\" hidden class=\"wp-block-file__embed\" data=\"https:\/\/blog.uclm.es\/catedradyd\/wp-content\/uploads\/sites\/256\/2023\/05\/Extracto-DOCM-modificacion-mayo-23-694441.pdf\" type=\"application\/pdf\" style=\"width:100%;height:600px\" aria-label=\"Incrustado de Extracto-DOCM-modificacion-mayo-23-694441.\"><\/object><a id=\"wp-block-file--media-776c59f7-a3e0-4291-8f8b-c3b881d368a7\" href=\"https:\/\/blog.uclm.es\/catedradyd\/wp-content\/uploads\/sites\/256\/2023\/05\/Extracto-DOCM-modificacion-mayo-23-694441.pdf\">Extracto-DOCM-modificacion-mayo-23-694441<\/a><a href=\"https:\/\/blog.uclm.es\/catedradyd\/wp-content\/uploads\/sites\/256\/2023\/05\/Extracto-DOCM-modificacion-mayo-23-694441.pdf\" class=\"wp-block-file__button wp-element-button\" download aria-describedby=\"wp-block-file--media-776c59f7-a3e0-4291-8f8b-c3b881d368a7\">Descarga<\/a><\/div>\n","protected":false},"excerpt":{"rendered":"<p>RESOLUCI\u00d3N DEFINITIVA DE 2 BECAS DE COLABORACI\u00d3N: GRADO EN ADMINISTRACI\u00d3N Y DIRECCI\u00d3N DE EMPRESAS CONVOCATORIA Se convocan dos becas de colaboraci\u00f3n destinadas a que las personas beneficiarias presten su colaboraci\u00f3n, en r\u00e9gimen de compatibilidad con sus estudios, en el desarrollo de las actividades propias de la Cl\u00ednica Jur\u00eddica de la C\u00e1tedra DYD. Estas becas est\u00e1n &hellip; <\/p>\n<p class=\"link-more\"><a href=\"https:\/\/blog.uclm.es\/catedradyd\/convocatoria-de-becas-de-colaboracion-catedra-dyd\/\" class=\"more-link\">Continuar leyendo<span class=\"screen-reader-text\"> \u00abRESOLUCI\u00d3N DEFINITIVA DE 2 BECAS DE COLABORACI\u00d3N: GRADO EN ADMINISTRACI\u00d3N Y DIRECCI\u00d3N DE EMPRESAS\u00bb<\/span><\/a><\/p>\n","protected":false},"author":417,"featured_media":0,"parent":0,"menu_order":0,"comment_status":"closed","ping_status":"closed","template":"","meta":{"footnotes":""},"class_list":["post-410","page","type-page","status-publish","hentry"],"_links":{"self":[{"href":"https:\/\/blog.uclm.es\/catedradyd\/wp-json\/wp\/v2\/pages\/410","targetHints":{"allow":["GET"]}}],"collection":[{"href":"https:\/\/blog.uclm.es\/catedradyd\/wp-json\/wp\/v2\/pages"}],"about":[{"href":"https:\/\/blog.uclm.es\/catedradyd\/wp-json\/wp\/v2\/types\/page"}],"author":[{"embeddable":true,"href":"https:\/\/blog.uclm.es\/catedradyd\/wp-json\/wp\/v2\/users\/417"}],"replies":[{"embeddable":true,"href":"https:\/\/blog.uclm.es\/catedradyd\/wp-json\/wp\/v2\/comments?post=410"}],"version-history":[{"count":5,"href":"https:\/\/blog.uclm.es\/catedradyd\/wp-json\/wp\/v2\/pages\/410\/revisions"}],"predecessor-version":[{"id":534,"href":"https:\/\/blog.uclm.es\/catedradyd\/wp-json\/wp\/v2\/pages\/410\/revisions\/534"}],"wp:attachment":[{"href":"https:\/\/blog.uclm.es\/catedradyd\/wp-json\/wp\/v2\/media?parent=410"}],"curies":[{"name":"wp","href":"https:\/\/api.w.org\/{rel}","templated":true}]}}