{"id":394,"date":"2023-05-23T09:42:26","date_gmt":"2023-05-23T09:42:26","guid":{"rendered":"https:\/\/blog.uclm.es\/catedradyd\/?page_id=394"},"modified":"2023-05-23T09:42:26","modified_gmt":"2023-05-23T09:42:26","slug":"seminario-formativo-internacional-de-la-red-discapamerica","status":"publish","type":"page","link":"https:\/\/blog.uclm.es\/catedradyd\/seminario-formativo-internacional-de-la-red-discapamerica\/","title":{"rendered":"Seminario Formativo Internacional de la Red DiscapAm\u00e9rica"},"content":{"rendered":"\n<figure class=\"wp-block-image size-full\"><img loading=\"lazy\" decoding=\"async\" width=\"773\" height=\"172\" src=\"https:\/\/blog.uclm.es\/catedradyd\/wp-content\/uploads\/sites\/256\/2023\/05\/Encabezado-paginas-3.png\" alt=\"\" class=\"wp-image-395\" srcset=\"https:\/\/blog.uclm.es\/catedradyd\/wp-content\/uploads\/sites\/256\/2023\/05\/Encabezado-paginas-3.png 773w, https:\/\/blog.uclm.es\/catedradyd\/wp-content\/uploads\/sites\/256\/2023\/05\/Encabezado-paginas-3-300x67.png 300w, https:\/\/blog.uclm.es\/catedradyd\/wp-content\/uploads\/sites\/256\/2023\/05\/Encabezado-paginas-3-768x171.png 768w\" sizes=\"auto, (max-width: 767px) 89vw, (max-width: 1000px) 54vw, (max-width: 1071px) 543px, 580px\" \/><\/figure>\n\n\n\n<p>El pr\u00f3ximo <strong>lunes 12 de junio<\/strong>, de 17:00 hrs. a 20:00 hrs. [hora de Madrid, Espa\u00f1a] se impartir\u00e1 el <em><strong>Seminario Formativo Internacional de la Red DiscapAm\u00e9rica<\/strong><\/em>, a trav\u00e9s de la plataforma tecnol\u00f3gica Microsoft Teams.<\/p>\n\n\n\n<p>La <strong>matr\u00edcula <\/strong>es <strong>gratuita<\/strong>, pero es imprescindible registrarse a trav\u00e9s del siguiente enlace: https:\/\/n9.cl\/0qr9x<\/p>\n\n\n\n<p>Usted puede acceder a la sesi\u00f3n a trav\u00e9s del siguiente QR:<\/p>\n\n\n<div class=\"wp-block-image\">\n<figure class=\"aligncenter size-full is-resized\"><img loading=\"lazy\" decoding=\"async\" src=\"https:\/\/blog.uclm.es\/catedradyd\/wp-content\/uploads\/sites\/256\/2023\/05\/image.png\" alt=\"\" class=\"wp-image-396\" width=\"162\" height=\"162\" srcset=\"https:\/\/blog.uclm.es\/catedradyd\/wp-content\/uploads\/sites\/256\/2023\/05\/image.png 420w, https:\/\/blog.uclm.es\/catedradyd\/wp-content\/uploads\/sites\/256\/2023\/05\/image-300x300.png 300w, https:\/\/blog.uclm.es\/catedradyd\/wp-content\/uploads\/sites\/256\/2023\/05\/image-150x150.png 150w, https:\/\/blog.uclm.es\/catedradyd\/wp-content\/uploads\/sites\/256\/2023\/05\/image-100x100.png 100w\" sizes=\"auto, (max-width: 162px) 100vw, 162px\" \/><\/figure>\n<\/div>\n\n\n<p>O bien, a trav\u00e9s del siguiente link: https:\/\/n9.cl\/8656x<\/p>\n\n\n\n<p>Toda la informaci\u00f3n relativa a la Jornada la puede encontrar en el d\u00edptico:<\/p>\n\n\n\n<div data-wp-interactive=\"core\/file\" class=\"wp-block-file\"><object data-wp-bind--hidden=\"!state.hasPdfPreview\" hidden class=\"wp-block-file__embed\" data=\"https:\/\/blog.uclm.es\/catedradyd\/wp-content\/uploads\/sites\/256\/2023\/05\/Programa_Seminario-DiscapAmerica.pdf\" type=\"application\/pdf\" style=\"width:100%;height:600px\" aria-label=\"Incrustado de Programa_Seminario-DiscapAmerica.\"><\/object><a id=\"wp-block-file--media-67dd23cf-16a1-48bf-aacc-1aacb1bdcad9\" href=\"https:\/\/blog.uclm.es\/catedradyd\/wp-content\/uploads\/sites\/256\/2023\/05\/Programa_Seminario-DiscapAmerica.pdf\">Programa_Seminario-DiscapAmerica<\/a><a href=\"https:\/\/blog.uclm.es\/catedradyd\/wp-content\/uploads\/sites\/256\/2023\/05\/Programa_Seminario-DiscapAmerica.pdf\" class=\"wp-block-file__button wp-element-button\" download aria-describedby=\"wp-block-file--media-67dd23cf-16a1-48bf-aacc-1aacb1bdcad9\">Descarga<\/a><\/div>\n\n\n\n<p><\/p>\n\n\n\n<p><strong>CARTEL<\/strong>:<\/p>\n\n\n\n<div data-wp-interactive=\"core\/file\" class=\"wp-block-file\"><object data-wp-bind--hidden=\"!state.hasPdfPreview\" hidden class=\"wp-block-file__embed\" data=\"https:\/\/blog.uclm.es\/catedradyd\/wp-content\/uploads\/sites\/256\/2023\/05\/Cartel_DiscapAmerica_2023_12.06.2023.pdf\" type=\"application\/pdf\" style=\"width:100%;height:600px\" aria-label=\"Incrustado de Cartel_DiscapAmerica_2023_12.06.2023.\"><\/object><a id=\"wp-block-file--media-b08bb0d2-cf07-44bb-883a-f85111a0da46\" href=\"https:\/\/blog.uclm.es\/catedradyd\/wp-content\/uploads\/sites\/256\/2023\/05\/Cartel_DiscapAmerica_2023_12.06.2023.pdf\">Cartel_DiscapAmerica_2023_12.06.2023<\/a><a href=\"https:\/\/blog.uclm.es\/catedradyd\/wp-content\/uploads\/sites\/256\/2023\/05\/Cartel_DiscapAmerica_2023_12.06.2023.pdf\" class=\"wp-block-file__button wp-element-button\" download aria-describedby=\"wp-block-file--media-b08bb0d2-cf07-44bb-883a-f85111a0da46\">Descarga<\/a><\/div>\n\n\n\n<p><\/p>\n\n\n\n<p>Si usted tiene cualquier duda puede dirigirse a la siguiente direcci\u00f3n de e-mail: catedra.dyd@uclm.es<\/p>\n","protected":false},"excerpt":{"rendered":"<p>El pr\u00f3ximo lunes 12 de junio, de 17:00 hrs. a 20:00 hrs. [hora de Madrid, Espa\u00f1a] se impartir\u00e1 el Seminario Formativo Internacional de la Red DiscapAm\u00e9rica, a trav\u00e9s de la plataforma tecnol\u00f3gica Microsoft Teams. La matr\u00edcula es gratuita, pero es imprescindible registrarse a trav\u00e9s del siguiente enlace: https:\/\/n9.cl\/0qr9x Usted puede acceder a la sesi\u00f3n a &hellip; <\/p>\n<p class=\"link-more\"><a href=\"https:\/\/blog.uclm.es\/catedradyd\/seminario-formativo-internacional-de-la-red-discapamerica\/\" class=\"more-link\">Continuar leyendo<span class=\"screen-reader-text\"> \u00abSeminario Formativo Internacional de la Red DiscapAm\u00e9rica\u00bb<\/span><\/a><\/p>\n","protected":false},"author":417,"featured_media":0,"parent":0,"menu_order":0,"comment_status":"closed","ping_status":"closed","template":"","meta":{"footnotes":""},"class_list":["post-394","page","type-page","status-publish","hentry"],"_links":{"self":[{"href":"https:\/\/blog.uclm.es\/catedradyd\/wp-json\/wp\/v2\/pages\/394","targetHints":{"allow":["GET"]}}],"collection":[{"href":"https:\/\/blog.uclm.es\/catedradyd\/wp-json\/wp\/v2\/pages"}],"about":[{"href":"https:\/\/blog.uclm.es\/catedradyd\/wp-json\/wp\/v2\/types\/page"}],"author":[{"embeddable":true,"href":"https:\/\/blog.uclm.es\/catedradyd\/wp-json\/wp\/v2\/users\/417"}],"replies":[{"embeddable":true,"href":"https:\/\/blog.uclm.es\/catedradyd\/wp-json\/wp\/v2\/comments?post=394"}],"version-history":[{"count":1,"href":"https:\/\/blog.uclm.es\/catedradyd\/wp-json\/wp\/v2\/pages\/394\/revisions"}],"predecessor-version":[{"id":399,"href":"https:\/\/blog.uclm.es\/catedradyd\/wp-json\/wp\/v2\/pages\/394\/revisions\/399"}],"wp:attachment":[{"href":"https:\/\/blog.uclm.es\/catedradyd\/wp-json\/wp\/v2\/media?parent=394"}],"curies":[{"name":"wp","href":"https:\/\/api.w.org\/{rel}","templated":true}]}}