{"id":375,"date":"2023-05-23T05:16:01","date_gmt":"2023-05-23T05:16:01","guid":{"rendered":"https:\/\/blog.uclm.es\/catedradyd\/?page_id=375"},"modified":"2023-05-23T05:25:55","modified_gmt":"2023-05-23T05:25:55","slug":"recursos-legislativos","status":"publish","type":"page","link":"https:\/\/blog.uclm.es\/catedradyd\/recursos-legislativos\/","title":{"rendered":"RECURSOS LEGISLATIVOS"},"content":{"rendered":"\n<figure class=\"wp-block-image size-full\"><img loading=\"lazy\" decoding=\"async\" width=\"773\" height=\"172\" src=\"https:\/\/blog.uclm.es\/catedradyd\/wp-content\/uploads\/sites\/256\/2023\/05\/Encabezado-paginas.png\" alt=\"\" class=\"wp-image-376\" srcset=\"https:\/\/blog.uclm.es\/catedradyd\/wp-content\/uploads\/sites\/256\/2023\/05\/Encabezado-paginas.png 773w, https:\/\/blog.uclm.es\/catedradyd\/wp-content\/uploads\/sites\/256\/2023\/05\/Encabezado-paginas-300x67.png 300w, https:\/\/blog.uclm.es\/catedradyd\/wp-content\/uploads\/sites\/256\/2023\/05\/Encabezado-paginas-768x171.png 768w\" sizes=\"auto, (max-width: 767px) 89vw, (max-width: 1000px) 54vw, (max-width: 1071px) 543px, 580px\" \/><\/figure>\n\n\n\n<p><strong><em>\u00c1MBITO NACIONAL<\/em><\/strong><\/p>\n\n\n\n<ul class=\"wp-block-list\">\n<li>Constituci\u00f3n espa\u00f1ola de 1978.<\/li>\n<\/ul>\n\n\n\n<ul class=\"wp-block-list\">\n<li>Real Decreto 2271\/2004, de 3 de diciembre, por el que se regula el acceso al empleo p\u00fablico y la provisi\u00f3n de puestos de trabajo de las personas con discapacidad.<\/li>\n<\/ul>\n\n\n\n<ul class=\"wp-block-list\">\n<li>Ley 39\/2006, de 14 de diciembre, de promoci\u00f3n de la autonom\u00eda personal atenci\u00f3n a personas en situaci\u00f3n de dependencia.<\/li>\n<\/ul>\n\n\n\n<ul class=\"wp-block-list\">\n<li>Ley Org\u00e1nica 3\/2007, de 22 de marzo, para la igualdad de mujeres y hombres.<\/li>\n<\/ul>\n\n\n\n<ul class=\"wp-block-list\">\n<li>Ley 27\/2007, de 23 de octubre, por la que se reconocen las lenguas de signos espa\u00f1olas y se regulan los medios de apoyo a la comunicaci\u00f3n oral de las personas sordas, con discapacidad auditiva y sordociegas.<\/li>\n<\/ul>\n\n\n\n<ul class=\"wp-block-list\">\n<li>Ley 26\/2011, de 1 de agosto, de adaptaci\u00f3n normativa a la Convenci\u00f3n Internacional sobre los derechos de las personas con discapacidad.<\/li>\n<\/ul>\n\n\n\n<ul class=\"wp-block-list\">\n<li>Real Decreto Legislativo 1\/2013, de 29 de noviembre, por el que se aprueba el Texto Refundido de la Ley General de derechos de las personas con discapacidad y de su inclusi\u00f3n social.<\/li>\n<\/ul>\n\n\n\n<ul class=\"wp-block-list\">\n<li>Ley 8\/2021, de 2 de junio, por la que se reforma la legislaci\u00f3n civil y procesal para el apoyo a las personas con discapacidad en el ejercicio de su capacidad jur\u00eddica.<\/li>\n<\/ul>\n\n\n\n<ul class=\"wp-block-list\">\n<li>Ley Org\u00e1nica 2\/2018, de 5 de diciembre, para la modificaci\u00f3n de la Ley Org\u00e1nica 5\/1985, de 19 de junio, del R\u00e9gimen Electoral General para garantizar el derecho de sufragio de todas las personas con discapacidad.<\/li>\n<\/ul>\n\n\n\n<ul class=\"wp-block-list\">\n<li>Ley 15\/2022, de 12 de julio, integral para la igualdad de trato y la no discriminaci\u00f3n.<\/li>\n<\/ul>\n\n\n\n<ul class=\"wp-block-list\">\n<li>Real Decreto 193\/2023 de 21 de marzo, por el que se regulan las condiciones b\u00e1sicas de accesibilidad y no discriminaci\u00f3n de las personas con discapacidad para el acceso y utilizaci\u00f3n de los bienes y servicios a disposici\u00f3n del p\u00fablico.<\/li>\n<\/ul>\n\n\n\n<ul class=\"wp-block-list\">\n<li>Ley 11\/2023, de 8 de mayo, de trasposici\u00f3n de Directivas de la Uni\u00f3n Europea en materia de accesibilidad de determinados productos y servicios [\u2026]. <\/li>\n<\/ul>\n\n\n\n<p><\/p>\n\n\n\n<p class=\"has-text-align-left\"><em><strong>\u00c1MBITO COMUNITARIO<\/strong><\/em><\/p>\n\n\n\n<ul class=\"wp-block-list\">\n<li>Directiva 2000\/78\/CE del Consejo de 27 de noviembre de 2000 relativa al establecimiento de un marco general para la igualdad de trato en el empleo y la ocupaci\u00f3n.<\/li>\n<\/ul>\n\n\n\n<p class=\"has-text-align-center\">[<em>En construcci\u00f3n\u2026<\/em>]<\/p>\n\n\n\n<p><\/p>\n\n\n\n<p><strong><em>\u00c1MBITO INTERNACIONAL<\/em><\/strong><\/p>\n\n\n\n<ul class=\"wp-block-list\">\n<li>Convenci\u00f3n sobre los Derechos de las Personas con Discapacidad, de 13 de diciembre de 2006.<\/li>\n<\/ul>\n\n\n\n<p class=\"has-text-align-center\">[<em>En construcci\u00f3n\u2026<\/em>]<\/p>\n\n\n\n<p><\/p>\n\n\n\n<p><strong><em>DERECHO COMPARADO<\/em><\/strong><\/p>\n\n\n\n<p class=\"has-text-align-center\">[<em>En construcci\u00f3n\u2026<\/em>]<\/p>\n","protected":false},"excerpt":{"rendered":"<p>\u00c1MBITO NACIONAL \u00c1MBITO COMUNITARIO [En construcci\u00f3n\u2026] \u00c1MBITO INTERNACIONAL [En construcci\u00f3n\u2026] DERECHO COMPARADO [En construcci\u00f3n\u2026]<\/p>\n","protected":false},"author":417,"featured_media":0,"parent":0,"menu_order":0,"comment_status":"closed","ping_status":"closed","template":"","meta":{"footnotes":""},"class_list":["post-375","page","type-page","status-publish","hentry"],"_links":{"self":[{"href":"https:\/\/blog.uclm.es\/catedradyd\/wp-json\/wp\/v2\/pages\/375","targetHints":{"allow":["GET"]}}],"collection":[{"href":"https:\/\/blog.uclm.es\/catedradyd\/wp-json\/wp\/v2\/pages"}],"about":[{"href":"https:\/\/blog.uclm.es\/catedradyd\/wp-json\/wp\/v2\/types\/page"}],"author":[{"embeddable":true,"href":"https:\/\/blog.uclm.es\/catedradyd\/wp-json\/wp\/v2\/users\/417"}],"replies":[{"embeddable":true,"href":"https:\/\/blog.uclm.es\/catedradyd\/wp-json\/wp\/v2\/comments?post=375"}],"version-history":[{"count":2,"href":"https:\/\/blog.uclm.es\/catedradyd\/wp-json\/wp\/v2\/pages\/375\/revisions"}],"predecessor-version":[{"id":379,"href":"https:\/\/blog.uclm.es\/catedradyd\/wp-json\/wp\/v2\/pages\/375\/revisions\/379"}],"wp:attachment":[{"href":"https:\/\/blog.uclm.es\/catedradyd\/wp-json\/wp\/v2\/media?parent=375"}],"curies":[{"name":"wp","href":"https:\/\/api.w.org\/{rel}","templated":true}]}}