{"id":28,"date":"2023-03-17T13:16:23","date_gmt":"2023-03-17T13:16:23","guid":{"rendered":"https:\/\/blog.uclm.es\/catedradyd\/?page_id=28"},"modified":"2025-02-18T22:04:12","modified_gmt":"2025-02-18T22:04:12","slug":"quienes-somos","status":"publish","type":"page","link":"https:\/\/blog.uclm.es\/catedradyd\/quienes-somos\/","title":{"rendered":"INCLUYE E INSERTA CIUDAD REAL UCLM"},"content":{"rendered":"<div class=\"wp-block-image\">\n<figure class=\"alignright size-large is-resized\"><img loading=\"lazy\" decoding=\"async\" width=\"1024\" height=\"724\" src=\"https:\/\/blog.uclm.es\/catedradyd\/wp-content\/uploads\/sites\/256\/2023\/04\/0.Logo_INCLUYE-e-INSERTA_21_versiones-01-1024x724.jpg\" alt=\"\" class=\"wp-image-114\" style=\"width:304px;height:218px\" srcset=\"https:\/\/blog.uclm.es\/catedradyd\/wp-content\/uploads\/sites\/256\/2023\/04\/0.Logo_INCLUYE-e-INSERTA_21_versiones-01-1024x724.jpg 1024w, https:\/\/blog.uclm.es\/catedradyd\/wp-content\/uploads\/sites\/256\/2023\/04\/0.Logo_INCLUYE-e-INSERTA_21_versiones-01-300x212.jpg 300w, https:\/\/blog.uclm.es\/catedradyd\/wp-content\/uploads\/sites\/256\/2023\/04\/0.Logo_INCLUYE-e-INSERTA_21_versiones-01-768x543.jpg 768w, https:\/\/blog.uclm.es\/catedradyd\/wp-content\/uploads\/sites\/256\/2023\/04\/0.Logo_INCLUYE-e-INSERTA_21_versiones-01-1536x1086.jpg 1536w, https:\/\/blog.uclm.es\/catedradyd\/wp-content\/uploads\/sites\/256\/2023\/04\/0.Logo_INCLUYE-e-INSERTA_21_versiones-01-2048x1448.jpg 2048w, https:\/\/blog.uclm.es\/catedradyd\/wp-content\/uploads\/sites\/256\/2023\/04\/0.Logo_INCLUYE-e-INSERTA_21_versiones-01-424x300.jpg 424w\" sizes=\"auto, (max-width: 767px) 89vw, (max-width: 1000px) 54vw, (max-width: 1071px) 543px, 580px\" \/><\/figure>\n<\/div>\n\n\n<p>La finalidad de este programa es proporcionar a j\u00f3venes con discapacidad intelectual una formaci\u00f3n universitaria de calidad, inclusiva y enfocada a mejorar su autonom\u00eda y su preparaci\u00f3n laboral.<\/p>\n\n\n\n<p>El programa <em>Incluye Inserta UCLM<\/em> se implant\u00f3 en el campus de <a rel=\"noreferrer noopener\" href=\"https:\/\/incluyeeinsertauclm.es\/\" target=\"_blank\">Albacete<\/a> en el curso 2017\/2018 y, un a\u00f1o m\u00e1s tarde, en el de Talavera de la Reina.<\/p>\n\n\n\n<p>Gracias a la C\u00e1tedra DyD, en el curso 2023\/2024 naci\u00f3 <strong><mark class=\"has-inline-color has-vivid-red-color\">Incluye e Inserta Ciudad Real<\/mark><\/strong>, financiado por la Excma. Diputaci\u00f3n Provincial de Ciudad Real y Laborval\u00eda: <em>T\u00edtulo propio \u201cIncluye e Inserta UCLM: actividades auxiliares en entornos privados\u201d.<\/em><\/p>\n\n\n\n<p><strong>CURSO 2024\/2025<\/strong><\/p>\n\n\n\n<figure class=\"wp-block-table aligncenter\"><table><tbody><tr><td><a href=\"https:\/\/blog.uclm.es\/catedradyd\/wp-content\/uploads\/sites\/256\/2025\/02\/Horarios-Incluye-e-Inserta-CR-publico.pdf\">PLAN DE ESTUDIOS<\/a><\/td><\/tr><\/tbody><\/table><\/figure>\n\n\n\n<p><strong>CURSO 2023\/2024<\/strong><\/p>\n\n\n\n<figure class=\"wp-block-table aligncenter\"><table><tbody><tr><td class=\"has-text-align-center\" data-align=\"center\"><a href=\"https:\/\/blog.uclm.es\/catedradyd\/direccion-programa-incluye-e-inserta\/\" target=\"_blank\" rel=\"noreferrer noopener\">DIRECCI\u00d3N<\/a><\/td><\/tr><tr><td class=\"has-text-align-center\" data-align=\"center\"><a href=\"https:\/\/blog.uclm.es\/catedradyd\/contenido-y-estructura-plan-de-estudios-programa-incluye-e-inserta\/\" target=\"_blank\" rel=\"noreferrer noopener\">PLAN DE ESTUDIOS<\/a><\/td><\/tr><tr><td class=\"has-text-align-center\" data-align=\"center\"><a href=\"https:\/\/blog.uclm.es\/catedradyd\/plazos-de-matricula-y-requisitos-de-admisibilidad\/\" target=\"_blank\" rel=\"noreferrer noopener\">PLAZA DE MATR\u00cdCULA Y REQUISITOS DE ACCESO<\/a><\/td><\/tr><tr><td class=\"has-text-align-center\" data-align=\"center\"><a href=\"https:\/\/blog.uclm.es\/catedradyd\/equipo-programa-incluye-e-inserta\/\" target=\"_blank\" rel=\"noreferrer noopener\">EQUIPO DOCENTE<\/a><\/td><\/tr><tr><td class=\"has-text-align-center\" data-align=\"center\"><a href=\"https:\/\/blog.uclm.es\/catedradyd\/horarios-programa-incluye-e-inserta\/\" target=\"_blank\" rel=\"noreferrer noopener\">HORARIOS<\/a><\/td><\/tr><\/tbody><\/table><\/figure>\n\n\n\n<p class=\"has-text-align-center\"><strong>METODOLOG\u00cdA<\/strong><\/p>\n\n\n\n<figure class=\"wp-block-table aligncenter\"><table><tbody><tr><td class=\"has-text-align-center\" data-align=\"center\"><a href=\"https:\/\/blog.uclm.es\/catedradyd\/practicas-en-empresas\/\" target=\"_blank\" rel=\"noreferrer noopener\">PR\u00c1CTICAS EN EMPRESAS<\/a> <\/td><\/tr><tr><td class=\"has-text-align-center\" data-align=\"center\"><a href=\"https:\/\/blog.uclm.es\/catedradyd\/tutores-de-referencia\/\" target=\"_blank\" rel=\"noreferrer noopener\">TUTORES DE REFERENCIA <\/a><\/td><\/tr><tr><td class=\"has-text-align-center\" data-align=\"center\"><a href=\"https:\/\/blog.uclm.es\/catedradyd\/cursos-y-seminarios\/\" target=\"_blank\" rel=\"noreferrer noopener\">CURSOS Y SEMINARIOS<\/a><\/td><\/tr><\/tbody><\/table><\/figure>\n\n\n<div class=\"wp-block-image\">\n<figure class=\"aligncenter size-large is-resized\"><img loading=\"lazy\" decoding=\"async\" width=\"768\" height=\"1024\" src=\"https:\/\/blog.uclm.es\/catedradyd\/wp-content\/uploads\/sites\/256\/2023\/05\/Imagen-web-768x1024.jpg\" alt=\"\" class=\"wp-image-275\" style=\"width:293px;height:390px\" srcset=\"https:\/\/blog.uclm.es\/catedradyd\/wp-content\/uploads\/sites\/256\/2023\/05\/Imagen-web-768x1024.jpg 768w, https:\/\/blog.uclm.es\/catedradyd\/wp-content\/uploads\/sites\/256\/2023\/05\/Imagen-web-225x300.jpg 225w, https:\/\/blog.uclm.es\/catedradyd\/wp-content\/uploads\/sites\/256\/2023\/05\/Imagen-web-1152x1536.jpg 1152w, https:\/\/blog.uclm.es\/catedradyd\/wp-content\/uploads\/sites\/256\/2023\/05\/Imagen-web.jpg 1500w\" sizes=\"auto, (max-width: 767px) 89vw, (max-width: 1000px) 54vw, (max-width: 1071px) 543px, 580px\" \/><\/figure>\n<\/div>\n\n\n<p><strong>FINANCIA:<\/strong> Excma. Diputaci\u00f3n Provincial de Ciudad Real.<\/p>\n\n\n<div class=\"wp-block-image\">\n<figure class=\"aligncenter size-large is-resized\"><img loading=\"lazy\" decoding=\"async\" width=\"1024\" height=\"543\" src=\"https:\/\/blog.uclm.es\/catedradyd\/wp-content\/uploads\/sites\/256\/2023\/05\/Logo_Diputacion-1024x543.jpg\" alt=\"\" class=\"wp-image-313\" style=\"width:231px;height:122px\" srcset=\"https:\/\/blog.uclm.es\/catedradyd\/wp-content\/uploads\/sites\/256\/2023\/05\/Logo_Diputacion-1024x543.jpg 1024w, https:\/\/blog.uclm.es\/catedradyd\/wp-content\/uploads\/sites\/256\/2023\/05\/Logo_Diputacion-300x159.jpg 300w, https:\/\/blog.uclm.es\/catedradyd\/wp-content\/uploads\/sites\/256\/2023\/05\/Logo_Diputacion-768x407.jpg 768w, https:\/\/blog.uclm.es\/catedradyd\/wp-content\/uploads\/sites\/256\/2023\/05\/Logo_Diputacion-1536x815.jpg 1536w, https:\/\/blog.uclm.es\/catedradyd\/wp-content\/uploads\/sites\/256\/2023\/05\/Logo_Diputacion.jpg 1731w\" sizes=\"auto, (max-width: 767px) 89vw, (max-width: 1000px) 54vw, (max-width: 1071px) 543px, 580px\" \/><\/figure>\n<\/div>\n\n\n<p><strong>COLABORAN:<\/strong> Asociaci\u00f3n Laborval\u00eda; Grupo Carrefour y Facultad de Derecho y CC.SS del Campus de Ciudad Real.<\/p>\n\n\n\n<figure class=\"wp-block-image size-full is-resized\"><img loading=\"lazy\" decoding=\"async\" width=\"681\" height=\"312\" src=\"https:\/\/blog.uclm.es\/catedradyd\/wp-content\/uploads\/sites\/256\/2023\/05\/Colaboradores-II.png\" alt=\"\" class=\"wp-image-350\" style=\"width:674px;height:auto\" srcset=\"https:\/\/blog.uclm.es\/catedradyd\/wp-content\/uploads\/sites\/256\/2023\/05\/Colaboradores-II.png 681w, https:\/\/blog.uclm.es\/catedradyd\/wp-content\/uploads\/sites\/256\/2023\/05\/Colaboradores-II-300x137.png 300w\" sizes=\"auto, (max-width: 681px) 100vw, 681px\" \/><\/figure>\n\n\n\n<figure class=\"wp-block-image size-large\"><img loading=\"lazy\" decoding=\"async\" width=\"1024\" height=\"114\" src=\"https:\/\/blog.uclm.es\/catedradyd\/wp-content\/uploads\/sites\/256\/2024\/10\/Logo-CEE-1024x114.png\" alt=\"\" class=\"wp-image-712\" srcset=\"https:\/\/blog.uclm.es\/catedradyd\/wp-content\/uploads\/sites\/256\/2024\/10\/Logo-CEE-1024x114.png 1024w, https:\/\/blog.uclm.es\/catedradyd\/wp-content\/uploads\/sites\/256\/2024\/10\/Logo-CEE-300x33.png 300w, https:\/\/blog.uclm.es\/catedradyd\/wp-content\/uploads\/sites\/256\/2024\/10\/Logo-CEE-768x85.png 768w, https:\/\/blog.uclm.es\/catedradyd\/wp-content\/uploads\/sites\/256\/2024\/10\/Logo-CEE-1536x171.png 1536w, https:\/\/blog.uclm.es\/catedradyd\/wp-content\/uploads\/sites\/256\/2024\/10\/Logo-CEE.png 1546w\" sizes=\"auto, (max-width: 767px) 89vw, (max-width: 1000px) 54vw, (max-width: 1071px) 543px, 580px\" \/><\/figure>\n","protected":false},"excerpt":{"rendered":"<p>La finalidad de este programa es proporcionar a j\u00f3venes con discapacidad intelectual una formaci\u00f3n universitaria de calidad, inclusiva y enfocada a mejorar su autonom\u00eda y su preparaci\u00f3n laboral. El programa Incluye Inserta UCLM se implant\u00f3 en el campus de Albacete en el curso 2017\/2018 y, un a\u00f1o m\u00e1s tarde, en el de Talavera de la &hellip; <\/p>\n<p class=\"link-more\"><a href=\"https:\/\/blog.uclm.es\/catedradyd\/quienes-somos\/\" class=\"more-link\">Continuar leyendo<span class=\"screen-reader-text\"> \u00abINCLUYE E INSERTA CIUDAD REAL UCLM\u00bb<\/span><\/a><\/p>\n","protected":false},"author":417,"featured_media":0,"parent":0,"menu_order":0,"comment_status":"closed","ping_status":"closed","template":"","meta":{"footnotes":""},"class_list":["post-28","page","type-page","status-publish","hentry"],"_links":{"self":[{"href":"https:\/\/blog.uclm.es\/catedradyd\/wp-json\/wp\/v2\/pages\/28","targetHints":{"allow":["GET"]}}],"collection":[{"href":"https:\/\/blog.uclm.es\/catedradyd\/wp-json\/wp\/v2\/pages"}],"about":[{"href":"https:\/\/blog.uclm.es\/catedradyd\/wp-json\/wp\/v2\/types\/page"}],"author":[{"embeddable":true,"href":"https:\/\/blog.uclm.es\/catedradyd\/wp-json\/wp\/v2\/users\/417"}],"replies":[{"embeddable":true,"href":"https:\/\/blog.uclm.es\/catedradyd\/wp-json\/wp\/v2\/comments?post=28"}],"version-history":[{"count":58,"href":"https:\/\/blog.uclm.es\/catedradyd\/wp-json\/wp\/v2\/pages\/28\/revisions"}],"predecessor-version":[{"id":772,"href":"https:\/\/blog.uclm.es\/catedradyd\/wp-json\/wp\/v2\/pages\/28\/revisions\/772"}],"wp:attachment":[{"href":"https:\/\/blog.uclm.es\/catedradyd\/wp-json\/wp\/v2\/media?parent=28"}],"curies":[{"name":"wp","href":"https:\/\/api.w.org\/{rel}","templated":true}]}}