{"id":238,"date":"2023-05-02T09:51:41","date_gmt":"2023-05-02T09:51:41","guid":{"rendered":"https:\/\/blog.uclm.es\/catedradyd\/?page_id=238"},"modified":"2023-05-02T09:51:41","modified_gmt":"2023-05-02T09:51:41","slug":"plazos-de-matricula-y-requisitos-de-admisibilidad","status":"publish","type":"page","link":"https:\/\/blog.uclm.es\/catedradyd\/plazos-de-matricula-y-requisitos-de-admisibilidad\/","title":{"rendered":"PLAZOS DE MATR\u00cdCULA Y REQUISITOS DE ADMISIBILIDAD"},"content":{"rendered":"\n<p><strong>Matr\u00edcula y Calendario 2023\/2024<\/strong><\/p>\n\n\n\n<p>+ <strong>Plazos<\/strong>:<\/p>\n\n\n\n<figure class=\"wp-block-table\"><table><tbody><tr><td><strong>&nbsp;<\/strong><\/td><td><strong>Fecha de inicio<\/strong><\/td><td><strong>Fecha de finalizaci\u00f3n<\/strong><\/td><\/tr><tr><td>Preinscripci\u00f3n*<\/td><td>Del 11\/09\/2023<\/td><td>Al 30\/09\/2023<\/td><\/tr><tr><td>Publicaci\u00f3n admitidos<\/td><td>El 02\/10\/2023<\/td><td>\u00a0&#8211; &#8211; &#8211; &#8211; &#8211; &#8211; &#8211; &#8211; &#8211; &#8211; &#8211; &#8211; &#8211; &#8211; &#8211; &#8211; <\/td><\/tr><tr><td>Matr\u00edcula<\/td><td>Del 03\/10\/2023<\/td><td>Al 10\/11\/2023<\/td><\/tr><tr><td>Impartici\u00f3n (Primer cuatrimestre)<\/td><td>Del 13\/11\/2023<\/td><td>Al 29\/02\/2024<\/td><\/tr><tr><td>Impartici\u00f3n (Segundo cuatrimestre)<\/td><td>Del 04\/03\/2024<\/td><td>Al 28\/06\/2024<\/td><\/tr><\/tbody><\/table><\/figure>\n\n\n\n<p>*Preinscripci\u00f3n on-line U-XXI<\/p>\n\n\n\n<p>+ <strong>Plazas y admisi\u00f3n<\/strong>:<\/p>\n\n\n\n<p>Plazas ofertadas: 15.<\/p>\n\n\n\n<p>+ <strong>Requisitos de acceso y admisi\u00f3n<\/strong>:<\/p>\n\n\n\n<p><strong><u>Requisitos de acceso y admisi\u00f3n:<\/u><\/strong><\/p>\n\n\n\n<p>(i) Edad comprendida entre 18 y 30 a\u00f1os;<\/p>\n\n\n\n<p>(ii) Certificado de discapacidad intelectual;<\/p>\n\n\n\n<p>(iii) Inscritos en el Sistema de garant\u00eda Juvenil con anterioridad al inicio del curso (15 d\u00edas);<\/p>\n\n\n\n<p>(iv) No ser\u00e1 requisito tener una titulaci\u00f3n acad\u00e9mica previa;<\/p>\n\n\n\n<p>(v) Valoraci\u00f3n psicopedag\u00f3gica;<\/p>\n\n\n\n<p><strong><em>IMPORTANTE: <\/em><\/strong>Para realizar la matr\u00edcula es requisito indispensable que la persona aspirante pase la fase de entrevista previa y una prueba en la universidad.<\/p>\n\n\n\n<p><strong><u>Otros criterios a tener en cuenta en la selecci\u00f3n:<\/u><\/strong><\/p>\n\n\n\n<p>(i) Demostrar una conducta social ajustada (no manifestar problemas de conducta);<\/p>\n\n\n\n<p>(ii) Poseer competencias instrumentales b\u00e1sicas tales como: lectura, escritura y c\u00e1lculo;<\/p>\n\n\n\n<p>(iii) Autonom\u00eda en los desplazamientos.<\/p>\n\n\n\n<figure class=\"wp-block-table\"><table><tbody><tr><td><strong>Matr\u00edcula exenta de pago<\/strong> Estar\u00e1n exentos de pago de tasas todos los estudiantes seleccionados de acuerdo con los requisitos de acceso y admisi\u00f3n.\u00a0 \u00a0 \u00a0                                                 <\/td><td>&nbsp;<\/td><\/tr><\/tbody><\/table><\/figure>\n\n\n\n<p>+ <strong>Patrocinadores y Colaboradores<\/strong>: <\/p>\n\n\n\n<p>Financia la\u00a0<strong>Diputaci\u00f3n de Ciudad Real<\/strong>, en el marco de la <em>C\u00e1tedra Derecho y Discapacidad<\/em>.<\/p>\n\n\n\n<p>Patrocinadores: <strong>Carrefour<\/strong> y <strong>Laborval\u00eda.<\/strong><\/p>\n","protected":false},"excerpt":{"rendered":"<p>Matr\u00edcula y Calendario 2023\/2024 + Plazos: &nbsp; Fecha de inicio Fecha de finalizaci\u00f3n Preinscripci\u00f3n* Del 11\/09\/2023 Al 30\/09\/2023 Publicaci\u00f3n admitidos El 02\/10\/2023 \u00a0&#8211; &#8211; &#8211; &#8211; &#8211; &#8211; &#8211; &#8211; &#8211; &#8211; &#8211; &#8211; &#8211; &#8211; &#8211; &#8211; Matr\u00edcula Del 03\/10\/2023 Al 10\/11\/2023 Impartici\u00f3n (Primer cuatrimestre) Del 13\/11\/2023 Al 29\/02\/2024 Impartici\u00f3n (Segundo cuatrimestre) Del 04\/03\/2024 &hellip; <\/p>\n<p class=\"link-more\"><a href=\"https:\/\/blog.uclm.es\/catedradyd\/plazos-de-matricula-y-requisitos-de-admisibilidad\/\" class=\"more-link\">Continuar leyendo<span class=\"screen-reader-text\"> \u00abPLAZOS DE MATR\u00cdCULA Y REQUISITOS DE ADMISIBILIDAD\u00bb<\/span><\/a><\/p>\n","protected":false},"author":417,"featured_media":0,"parent":0,"menu_order":0,"comment_status":"closed","ping_status":"closed","template":"","meta":{"footnotes":""},"class_list":["post-238","page","type-page","status-publish","hentry"],"_links":{"self":[{"href":"https:\/\/blog.uclm.es\/catedradyd\/wp-json\/wp\/v2\/pages\/238","targetHints":{"allow":["GET"]}}],"collection":[{"href":"https:\/\/blog.uclm.es\/catedradyd\/wp-json\/wp\/v2\/pages"}],"about":[{"href":"https:\/\/blog.uclm.es\/catedradyd\/wp-json\/wp\/v2\/types\/page"}],"author":[{"embeddable":true,"href":"https:\/\/blog.uclm.es\/catedradyd\/wp-json\/wp\/v2\/users\/417"}],"replies":[{"embeddable":true,"href":"https:\/\/blog.uclm.es\/catedradyd\/wp-json\/wp\/v2\/comments?post=238"}],"version-history":[{"count":1,"href":"https:\/\/blog.uclm.es\/catedradyd\/wp-json\/wp\/v2\/pages\/238\/revisions"}],"predecessor-version":[{"id":239,"href":"https:\/\/blog.uclm.es\/catedradyd\/wp-json\/wp\/v2\/pages\/238\/revisions\/239"}],"wp:attachment":[{"href":"https:\/\/blog.uclm.es\/catedradyd\/wp-json\/wp\/v2\/media?parent=238"}],"curies":[{"name":"wp","href":"https:\/\/api.w.org\/{rel}","templated":true}]}}