{"id":236,"date":"2023-05-02T09:45:10","date_gmt":"2023-05-02T09:45:10","guid":{"rendered":"https:\/\/blog.uclm.es\/catedradyd\/?page_id=236"},"modified":"2023-05-15T10:45:52","modified_gmt":"2023-05-15T10:45:52","slug":"direccion-programa-incluye-e-inserta","status":"publish","type":"page","link":"https:\/\/blog.uclm.es\/catedradyd\/direccion-programa-incluye-e-inserta\/","title":{"rendered":"DIRECCI\u00d3N"},"content":{"rendered":"\n<p><strong>DIRECTORA:<\/strong><\/p>\n\n\n\n<figure class=\"wp-block-image size-full is-resized\"><img loading=\"lazy\" decoding=\"async\" src=\"https:\/\/blog.uclm.es\/catedradyd\/wp-content\/uploads\/sites\/256\/2023\/05\/Maria-Martin-1.jpg\" alt=\"\" class=\"wp-image-225\" width=\"225\" height=\"234\" srcset=\"https:\/\/blog.uclm.es\/catedradyd\/wp-content\/uploads\/sites\/256\/2023\/05\/Maria-Martin-1.jpg 480w, https:\/\/blog.uclm.es\/catedradyd\/wp-content\/uploads\/sites\/256\/2023\/05\/Maria-Martin-1-289x300.jpg 289w\" sizes=\"auto, (max-width: 225px) 100vw, 225px\" \/><\/figure>\n\n\n\n<p><strong>Mar\u00eda Mart\u00edn S\u00e1nchez.<\/strong> Profesora Titular de Derecho Constitucional UCLM. Vicedecana del Grado en Derecho en la Facultad de Derecho y Ciencias Sociales del Campus de Ciudad Real.<\/p>\n\n\n\n<p><strong>SECRETARIA:<\/strong><\/p>\n\n\n\n<figure class=\"wp-block-image size-full is-resized\"><img loading=\"lazy\" decoding=\"async\" src=\"https:\/\/blog.uclm.es\/catedradyd\/wp-content\/uploads\/sites\/256\/2023\/05\/Pilar-1.jpg\" alt=\"\" class=\"wp-image-226\" width=\"258\" height=\"186\" srcset=\"https:\/\/blog.uclm.es\/catedradyd\/wp-content\/uploads\/sites\/256\/2023\/05\/Pilar-1.jpg 533w, https:\/\/blog.uclm.es\/catedradyd\/wp-content\/uploads\/sites\/256\/2023\/05\/Pilar-1-300x216.jpg 300w\" sizes=\"auto, (max-width: 258px) 100vw, 258px\" \/><\/figure>\n\n\n\n<p><strong>Pilar Molero Mart\u00edn-Salas.<\/strong> Profesora Contratada Doctora de Derecho Constitucional UCLM y Secretaria de la revista Anuario <em>Parlamento y Constituci\u00f3n.<\/em> <\/p>\n\n\n\n<p><strong>AYUDANTE:<\/strong><\/p>\n\n\n\n<figure class=\"wp-block-image size-full is-resized\"><img loading=\"lazy\" decoding=\"async\" src=\"https:\/\/blog.uclm.es\/catedradyd\/wp-content\/uploads\/sites\/256\/2023\/05\/Sergio.png\" alt=\"\" class=\"wp-image-224\" width=\"210\" height=\"255\" srcset=\"https:\/\/blog.uclm.es\/catedradyd\/wp-content\/uploads\/sites\/256\/2023\/05\/Sergio.png 621w, https:\/\/blog.uclm.es\/catedradyd\/wp-content\/uploads\/sites\/256\/2023\/05\/Sergio-247x300.png 247w\" sizes=\"auto, (max-width: 210px) 100vw, 210px\" \/><\/figure>\n\n\n\n<p><strong>Sergio S\u00e1nchez Par\u00eds. <\/strong>Becario de Investigaci\u00f3n. \u00c1rea de Derecho Constitucional UCLM.<\/p>\n","protected":false},"excerpt":{"rendered":"<p>DIRECTORA: Mar\u00eda Mart\u00edn S\u00e1nchez. Profesora Titular de Derecho Constitucional UCLM. Vicedecana del Grado en Derecho en la Facultad de Derecho y Ciencias Sociales del Campus de Ciudad Real. SECRETARIA: Pilar Molero Mart\u00edn-Salas. Profesora Contratada Doctora de Derecho Constitucional UCLM y Secretaria de la revista Anuario Parlamento y Constituci\u00f3n. AYUDANTE: Sergio S\u00e1nchez Par\u00eds. Becario de Investigaci\u00f3n. &hellip; <\/p>\n<p class=\"link-more\"><a href=\"https:\/\/blog.uclm.es\/catedradyd\/direccion-programa-incluye-e-inserta\/\" class=\"more-link\">Continuar leyendo<span class=\"screen-reader-text\"> \u00abDIRECCI\u00d3N\u00bb<\/span><\/a><\/p>\n","protected":false},"author":417,"featured_media":0,"parent":0,"menu_order":0,"comment_status":"closed","ping_status":"closed","template":"","meta":{"footnotes":""},"class_list":["post-236","page","type-page","status-publish","hentry"],"_links":{"self":[{"href":"https:\/\/blog.uclm.es\/catedradyd\/wp-json\/wp\/v2\/pages\/236","targetHints":{"allow":["GET"]}}],"collection":[{"href":"https:\/\/blog.uclm.es\/catedradyd\/wp-json\/wp\/v2\/pages"}],"about":[{"href":"https:\/\/blog.uclm.es\/catedradyd\/wp-json\/wp\/v2\/types\/page"}],"author":[{"embeddable":true,"href":"https:\/\/blog.uclm.es\/catedradyd\/wp-json\/wp\/v2\/users\/417"}],"replies":[{"embeddable":true,"href":"https:\/\/blog.uclm.es\/catedradyd\/wp-json\/wp\/v2\/comments?post=236"}],"version-history":[{"count":7,"href":"https:\/\/blog.uclm.es\/catedradyd\/wp-json\/wp\/v2\/pages\/236\/revisions"}],"predecessor-version":[{"id":337,"href":"https:\/\/blog.uclm.es\/catedradyd\/wp-json\/wp\/v2\/pages\/236\/revisions\/337"}],"wp:attachment":[{"href":"https:\/\/blog.uclm.es\/catedradyd\/wp-json\/wp\/v2\/media?parent=236"}],"curies":[{"name":"wp","href":"https:\/\/api.w.org\/{rel}","templated":true}]}}