{"id":223,"date":"2023-05-01T19:05:38","date_gmt":"2023-05-01T19:05:38","guid":{"rendered":"https:\/\/blog.uclm.es\/catedradyd\/?page_id=223"},"modified":"2023-05-17T11:00:24","modified_gmt":"2023-05-17T11:00:24","slug":"equipo-programa-incluye-e-inserta","status":"publish","type":"page","link":"https:\/\/blog.uclm.es\/catedradyd\/equipo-programa-incluye-e-inserta\/","title":{"rendered":"EQUIPO DOCENTE"},"content":{"rendered":"\n<p><strong>ACAD\u00c9MICOS:<\/strong><\/p>\n\n\n\n<figure class=\"wp-block-image size-full is-resized\"><img loading=\"lazy\" decoding=\"async\" src=\"https:\/\/blog.uclm.es\/catedradyd\/wp-content\/uploads\/sites\/256\/2023\/05\/Fernando.jpeg\" alt=\"\" class=\"wp-image-299\" width=\"175\" height=\"175\" srcset=\"https:\/\/blog.uclm.es\/catedradyd\/wp-content\/uploads\/sites\/256\/2023\/05\/Fernando.jpeg 120w, https:\/\/blog.uclm.es\/catedradyd\/wp-content\/uploads\/sites\/256\/2023\/05\/Fernando-100x100.jpeg 100w\" sizes=\"auto, (max-width: 175px) 100vw, 175px\" \/><\/figure>\n\n\n\n<p><strong>Fernando E. Callejas Albi\u00f1ana.<\/strong> Catedr\u00e1tico de Econometr\u00eda UCLM. Decano de la Facultad de Derecho y CC.SS del Campus de Ciudad Real.<\/p>\n\n\n\n<figure class=\"wp-block-image size-full is-resized\"><img loading=\"lazy\" decoding=\"async\" src=\"https:\/\/blog.uclm.es\/catedradyd\/wp-content\/uploads\/sites\/256\/2023\/05\/Belda.jpg\" alt=\"\" class=\"wp-image-295\" width=\"125\" height=\"268\" \/><\/figure>\n\n\n\n<p><strong>Enrique Belda P\u00e9rez Pedrero.<\/strong> Catedr\u00e1tico de Derecho Constitucional UCLM. Facultad de Derecho y CCSS de Ciudad Real.<\/p>\n\n\n\n<figure class=\"wp-block-image size-full\"><img loading=\"lazy\" decoding=\"async\" width=\"232\" height=\"217\" src=\"https:\/\/blog.uclm.es\/catedradyd\/wp-content\/uploads\/sites\/256\/2023\/05\/Marcela-genero.jpg\" alt=\"\" class=\"wp-image-364\" \/><\/figure>\n\n\n\n<p><strong>Marcela Fabiana Genero Bocco. <\/strong>Catedr\u00e1tica de Universidad UCLM. Escuela Superior de Inform\u00e1tica de Ciudad Real.<\/p>\n\n\n\n<figure class=\"wp-block-image size-full\"><img loading=\"lazy\" decoding=\"async\" width=\"140\" height=\"200\" src=\"https:\/\/blog.uclm.es\/catedradyd\/wp-content\/uploads\/sites\/256\/2023\/05\/Tomas-Vidal.jpg\" alt=\"\" class=\"wp-image-227\" \/><\/figure>\n\n\n\n<p><strong>Tom\u00e1s Vidal Mar\u00edn.<\/strong> Catedr\u00e1tico acreditado de Derecho Constitucional UCLM. Facultad de Derecho y CCSS de Ciudad Real.<\/p>\n\n\n\n<figure class=\"wp-block-image size-full is-resized\"><img loading=\"lazy\" decoding=\"async\" src=\"https:\/\/blog.uclm.es\/catedradyd\/wp-content\/uploads\/sites\/256\/2023\/05\/Pedro-Gento.jpg\" alt=\"\" class=\"wp-image-228\" width=\"213\" height=\"317\" srcset=\"https:\/\/blog.uclm.es\/catedradyd\/wp-content\/uploads\/sites\/256\/2023\/05\/Pedro-Gento.jpg 381w, https:\/\/blog.uclm.es\/catedradyd\/wp-content\/uploads\/sites\/256\/2023\/05\/Pedro-Gento-201x300.jpg 201w\" sizes=\"auto, (max-width: 213px) 100vw, 213px\" \/><\/figure>\n\n\n\n<p><strong>Pedro Gento Marhuenda<\/strong>. Profesor Titular de Econom\u00eda Financiera UCLM. Vicedecano de Pr\u00e1cticas Externas de la Facultad de Derecho y Ciencias Sociales del Campus de Ciudad Real.<\/p>\n\n\n\n<figure class=\"wp-block-image size-full is-resized\"><img loading=\"lazy\" decoding=\"async\" src=\"https:\/\/blog.uclm.es\/catedradyd\/wp-content\/uploads\/sites\/256\/2023\/05\/Jose-Antonio-Prieto-rotated.jpg\" alt=\"\" class=\"wp-image-366\" width=\"219\" height=\"292\" srcset=\"https:\/\/blog.uclm.es\/catedradyd\/wp-content\/uploads\/sites\/256\/2023\/05\/Jose-Antonio-Prieto-rotated.jpg 480w, https:\/\/blog.uclm.es\/catedradyd\/wp-content\/uploads\/sites\/256\/2023\/05\/Jose-Antonio-Prieto-225x300.jpg 225w\" sizes=\"auto, (max-width: 219px) 100vw, 219px\" \/><\/figure>\n\n\n\n<p><strong>Jos\u00e9 Antonio Prieto Ju\u00e1rez.<\/strong> Profesor Titular de Derecho del Trabajo y de la Seguridad Social UCLM. Facultad de Derecho y CCSS de Ciudad Real.<\/p>\n\n\n\n<figure class=\"wp-block-image size-full is-resized\"><img loading=\"lazy\" decoding=\"async\" src=\"https:\/\/blog.uclm.es\/catedradyd\/wp-content\/uploads\/sites\/256\/2023\/05\/Vanessa-Ballesteros.jpg\" alt=\"\" class=\"wp-image-229\" width=\"210\" height=\"278\" srcset=\"https:\/\/blog.uclm.es\/catedradyd\/wp-content\/uploads\/sites\/256\/2023\/05\/Vanessa-Ballesteros.jpg 441w, https:\/\/blog.uclm.es\/catedradyd\/wp-content\/uploads\/sites\/256\/2023\/05\/Vanessa-Ballesteros-227x300.jpg 227w\" sizes=\"auto, (max-width: 210px) 100vw, 210px\" \/><\/figure>\n\n\n\n<p><strong>Vanessa Ballesteros Moya.<\/strong> Profesora Contratada Doctora de Derecho Internacional P\u00fablico y Relaciones Internacionales UCLM. Facultad de Derecho y CCSS de Ciudad Real.<\/p>\n\n\n\n<figure class=\"wp-block-image size-full is-resized\"><img loading=\"lazy\" decoding=\"async\" src=\"https:\/\/blog.uclm.es\/catedradyd\/wp-content\/uploads\/sites\/256\/2023\/05\/Esther-Zaplana-1.jpg\" alt=\"\" class=\"wp-image-255\" width=\"219\" height=\"268\" srcset=\"https:\/\/blog.uclm.es\/catedradyd\/wp-content\/uploads\/sites\/256\/2023\/05\/Esther-Zaplana-1.jpg 683w, https:\/\/blog.uclm.es\/catedradyd\/wp-content\/uploads\/sites\/256\/2023\/05\/Esther-Zaplana-1-245x300.jpg 245w\" sizes=\"auto, (max-width: 219px) 100vw, 219px\" \/><\/figure>\n\n\n\n<p><strong>Mar\u00eda Esther Zaplana Rodr\u00edguez.<\/strong> Profesora Contratada Doctora en el Dpto. de Filolog\u00eda Moderna, Facultad de Letras UCLM. Coordinadora del M\u00f3dulo de Ingl\u00e9s.<\/p>\n\n\n\n<figure class=\"wp-block-image size-full is-resized\"><img loading=\"lazy\" decoding=\"async\" src=\"https:\/\/blog.uclm.es\/catedradyd\/wp-content\/uploads\/sites\/256\/2023\/05\/Maria-Isabel-Jimenez.png\" alt=\"\" class=\"wp-image-230\" width=\"172\" height=\"247\" srcset=\"https:\/\/blog.uclm.es\/catedradyd\/wp-content\/uploads\/sites\/256\/2023\/05\/Maria-Isabel-Jimenez.png 405w, https:\/\/blog.uclm.es\/catedradyd\/wp-content\/uploads\/sites\/256\/2023\/05\/Maria-Isabel-Jimenez-209x300.png 209w\" sizes=\"auto, (max-width: 172px) 100vw, 172px\" \/><\/figure>\n\n\n\n<p><strong>Mar\u00eda Isabel Jim\u00e9nez Gonz\u00e1lez.<\/strong> Profesora Ayudante Doctora del \u00e1rea de ingl\u00e9s UCLM. Subdirectora del Departamento de Filolog\u00eda Moderna. Facultad de Letras del Campus de Ciudad Real.<\/p>\n\n\n\n<figure class=\"wp-block-image size-large is-resized\"><img loading=\"lazy\" decoding=\"async\" src=\"https:\/\/blog.uclm.es\/catedradyd\/wp-content\/uploads\/sites\/256\/2023\/05\/Prado-Montoya-785x1024.jpg\" alt=\"\" class=\"wp-image-357\" width=\"191\" height=\"249\" srcset=\"https:\/\/blog.uclm.es\/catedradyd\/wp-content\/uploads\/sites\/256\/2023\/05\/Prado-Montoya-785x1024.jpg 785w, https:\/\/blog.uclm.es\/catedradyd\/wp-content\/uploads\/sites\/256\/2023\/05\/Prado-Montoya-230x300.jpg 230w, https:\/\/blog.uclm.es\/catedradyd\/wp-content\/uploads\/sites\/256\/2023\/05\/Prado-Montoya-768x1002.jpg 768w, https:\/\/blog.uclm.es\/catedradyd\/wp-content\/uploads\/sites\/256\/2023\/05\/Prado-Montoya-1178x1536.jpg 1178w, https:\/\/blog.uclm.es\/catedradyd\/wp-content\/uploads\/sites\/256\/2023\/05\/Prado-Montoya-1570x2048.jpg 1570w, https:\/\/blog.uclm.es\/catedradyd\/wp-content\/uploads\/sites\/256\/2023\/05\/Prado-Montoya.jpg 1646w\" sizes=\"auto, (max-width: 191px) 100vw, 191px\" \/><\/figure>\n\n\n\n<p><strong>Mar\u00eda del Prado Montoya L\u00f3pez. <\/strong>Profesora Ayudante Doctora de Derecho Financiero y Tributario UCLM. Facultad de Derecho y CC.SS del Campus de Ciudad Real.<\/p>\n\n\n\n<figure class=\"wp-block-image size-full is-resized\"><img loading=\"lazy\" decoding=\"async\" src=\"https:\/\/blog.uclm.es\/catedradyd\/wp-content\/uploads\/sites\/256\/2023\/05\/Marta-Retamosa.jpg\" alt=\"\" class=\"wp-image-231\" width=\"211\" height=\"204\" srcset=\"https:\/\/blog.uclm.es\/catedradyd\/wp-content\/uploads\/sites\/256\/2023\/05\/Marta-Retamosa.jpg 419w, https:\/\/blog.uclm.es\/catedradyd\/wp-content\/uploads\/sites\/256\/2023\/05\/Marta-Retamosa-300x290.jpg 300w\" sizes=\"auto, (max-width: 211px) 100vw, 211px\" \/><\/figure>\n\n\n\n<p><strong>Marta Retamosa Ferreiro. <\/strong>Profesora de Marketing UCLM. Especialista en Marketing Internacional y Neuromarketing. Facultad de Derecho y CCSS de Ciudad Real.<\/p>\n\n\n\n<figure class=\"wp-block-image size-full is-resized\"><img loading=\"lazy\" decoding=\"async\" src=\"https:\/\/blog.uclm.es\/catedradyd\/wp-content\/uploads\/sites\/256\/2023\/05\/Esther-Hernandez-Incluye-e-Inserta-CR.jpg\" alt=\"\" class=\"wp-image-246\" width=\"204\" height=\"278\" srcset=\"https:\/\/blog.uclm.es\/catedradyd\/wp-content\/uploads\/sites\/256\/2023\/05\/Esther-Hernandez-Incluye-e-Inserta-CR.jpg 414w, https:\/\/blog.uclm.es\/catedradyd\/wp-content\/uploads\/sites\/256\/2023\/05\/Esther-Hernandez-Incluye-e-Inserta-CR-221x300.jpg 221w\" sizes=\"auto, (max-width: 204px) 100vw, 204px\" \/><\/figure>\n\n\n\n<p><strong>Esther Hern\u00e1ndez T\u00e1rrega.<\/strong> Contrata interina. Junta de Comunidades de Castilla-La Mancha.<\/p>\n\n\n\n<p><\/p>\n\n\n\n<p><strong>Ana Isabel Callejas Albi\u00f1ana.<\/strong> Profesora Contratada Doctora Interina UCLM. Facultad de Educaci\u00f3n de Ciudad Real. Facultad de Derecho y CCSS de Ciudad Real.<\/p>\n\n\n\n<p><strong>Isabel Mart\u00ednez Rodr\u00edguez.<\/strong> Profesora Contratada Doctora Interina de Econometr\u00eda UCLM. Facultad de Derecho y CC.SS de Ciudad Real.<\/p>\n\n\n\n<p><strong>Andrea Hern\u00e1ndez Mart\u00ednez. <\/strong>Profesora Contratada Doctora Interina UCLM. Facultad de Educaci\u00f3n de Ciudad Real.<\/p>\n\n\n\n<p><strong>Jos\u00e9 Ram\u00f3n G\u00f3mez Cabezas.<\/strong> Profesor Asociado UCLM. Facultad de Educaci\u00f3n de Ciudad Real.<\/p>\n\n\n\n<div class=\"wp-block-columns is-layout-flex wp-container-core-columns-is-layout-9d6595d7 wp-block-columns-is-layout-flex\">\n<div class=\"wp-block-column is-layout-flow wp-block-column-is-layout-flow\" style=\"flex-basis:100%\">\n<p class=\"has-text-align-center\"><strong>PROFESIONALES<\/strong><\/p>\n<\/div>\n<\/div>\n\n\n\n<figure class=\"wp-block-table\"><table><tbody><tr><td class=\"has-text-align-center\" data-align=\"center\"><strong>NOMBRE Y APELLIDOS<\/strong><\/td><td class=\"has-text-align-center\" data-align=\"center\"><strong>EMPRESA<\/strong><\/td><td class=\"has-text-align-center\" data-align=\"center\"><strong>CATEGOR\u00cdA<\/strong><\/td><\/tr><tr><td class=\"has-text-align-center\" data-align=\"center\">Por determinar<\/td><td class=\"has-text-align-center\" data-align=\"center\">Carrefour<\/td><td class=\"has-text-align-center\" data-align=\"center\">Formador\/a<\/td><\/tr><tr><td class=\"has-text-align-center\" data-align=\"center\">Por determinar<\/td><td class=\"has-text-align-center\" data-align=\"center\">Innova Centro de Formaci\u00f3n (Ciudad Real)<\/td><td class=\"has-text-align-center\" data-align=\"center\">Formador\/a<\/td><\/tr><tr><td class=\"has-text-align-center\" data-align=\"center\">Por determinar<\/td><td class=\"has-text-align-center\" data-align=\"center\">Asociaci\u00f3n Laborval\u00eda<\/td><td class=\"has-text-align-center\" data-align=\"center\">Formador\/a<\/td><\/tr><\/tbody><\/table><\/figure>\n","protected":false},"excerpt":{"rendered":"<p>ACAD\u00c9MICOS: Fernando E. Callejas Albi\u00f1ana. Catedr\u00e1tico de Econometr\u00eda UCLM. Decano de la Facultad de Derecho y CC.SS del Campus de Ciudad Real. Enrique Belda P\u00e9rez Pedrero. Catedr\u00e1tico de Derecho Constitucional UCLM. Facultad de Derecho y CCSS de Ciudad Real. Marcela Fabiana Genero Bocco. Catedr\u00e1tica de Universidad UCLM. Escuela Superior de Inform\u00e1tica de Ciudad Real. Tom\u00e1s &hellip; <\/p>\n<p class=\"link-more\"><a href=\"https:\/\/blog.uclm.es\/catedradyd\/equipo-programa-incluye-e-inserta\/\" class=\"more-link\">Continuar leyendo<span class=\"screen-reader-text\"> \u00abEQUIPO DOCENTE\u00bb<\/span><\/a><\/p>\n","protected":false},"author":417,"featured_media":0,"parent":0,"menu_order":0,"comment_status":"closed","ping_status":"closed","template":"","meta":{"footnotes":""},"class_list":["post-223","page","type-page","status-publish","hentry"],"_links":{"self":[{"href":"https:\/\/blog.uclm.es\/catedradyd\/wp-json\/wp\/v2\/pages\/223","targetHints":{"allow":["GET"]}}],"collection":[{"href":"https:\/\/blog.uclm.es\/catedradyd\/wp-json\/wp\/v2\/pages"}],"about":[{"href":"https:\/\/blog.uclm.es\/catedradyd\/wp-json\/wp\/v2\/types\/page"}],"author":[{"embeddable":true,"href":"https:\/\/blog.uclm.es\/catedradyd\/wp-json\/wp\/v2\/users\/417"}],"replies":[{"embeddable":true,"href":"https:\/\/blog.uclm.es\/catedradyd\/wp-json\/wp\/v2\/comments?post=223"}],"version-history":[{"count":19,"href":"https:\/\/blog.uclm.es\/catedradyd\/wp-json\/wp\/v2\/pages\/223\/revisions"}],"predecessor-version":[{"id":368,"href":"https:\/\/blog.uclm.es\/catedradyd\/wp-json\/wp\/v2\/pages\/223\/revisions\/368"}],"wp:attachment":[{"href":"https:\/\/blog.uclm.es\/catedradyd\/wp-json\/wp\/v2\/media?parent=223"}],"curies":[{"name":"wp","href":"https:\/\/api.w.org\/{rel}","templated":true}]}}