{"id":211,"date":"2023-05-01T11:04:08","date_gmt":"2023-05-01T11:04:08","guid":{"rendered":"https:\/\/blog.uclm.es\/catedradyd\/?page_id=211"},"modified":"2023-08-14T12:33:54","modified_gmt":"2023-08-14T12:33:54","slug":"convocatoria-becas-de-colaboracion-catedra-dyd","status":"publish","type":"page","link":"https:\/\/blog.uclm.es\/catedradyd\/convocatoria-becas-de-colaboracion-catedra-dyd\/","title":{"rendered":"CONVOCATORIA BECAS DE COLABORACI\u00d3N. C\u00c1TEDRA DYD"},"content":{"rendered":"\n<figure class=\"wp-block-image size-full\"><img loading=\"lazy\" decoding=\"async\" width=\"773\" height=\"172\" src=\"https:\/\/blog.uclm.es\/catedradyd\/wp-content\/uploads\/sites\/256\/2023\/05\/Encabezado-paginas-6.png\" alt=\"\" class=\"wp-image-425\" srcset=\"https:\/\/blog.uclm.es\/catedradyd\/wp-content\/uploads\/sites\/256\/2023\/05\/Encabezado-paginas-6.png 773w, https:\/\/blog.uclm.es\/catedradyd\/wp-content\/uploads\/sites\/256\/2023\/05\/Encabezado-paginas-6-300x67.png 300w, https:\/\/blog.uclm.es\/catedradyd\/wp-content\/uploads\/sites\/256\/2023\/05\/Encabezado-paginas-6-768x171.png 768w\" sizes=\"auto, (max-width: 767px) 89vw, (max-width: 1000px) 54vw, (max-width: 1071px) 543px, 580px\" \/><\/figure>\n\n\n\n<p><em>Se convocan <strong>cuatro becas<\/strong> de colaboraci\u00f3n destinadas a que las personas beneficiarias colaboren, en r\u00e9gimen de compatibilidad con sus estudios, en el desarrollo de las actividades propias de la Cl\u00ednica Jur\u00eddica de la C\u00e1tedra DYD.<\/em><\/p>\n\n\n\n<div data-wp-interactive=\"core\/file\" class=\"wp-block-file\"><object data-wp-bind--hidden=\"!state.hasPdfPreview\" hidden class=\"wp-block-file__embed\" data=\"https:\/\/blog.uclm.es\/catedradyd\/wp-content\/uploads\/sites\/256\/2023\/05\/Convocatoria-becas-colaboracion_Clinica-Juridica-CAT-DYD-23-1.pdf\" type=\"application\/pdf\" style=\"width:100%;height:600px\" aria-label=\"Incrustado de Convocatoria-becas-colaboracion_Clinica-Juridica-CAT-DYD-23-1.\"><\/object><a id=\"wp-block-file--media-560cb849-bd7a-4301-945b-02d810786506\" href=\"https:\/\/blog.uclm.es\/catedradyd\/wp-content\/uploads\/sites\/256\/2023\/05\/Convocatoria-becas-colaboracion_Clinica-Juridica-CAT-DYD-23-1.pdf\">Convocatoria-becas-colaboracion_Clinica-Juridica-CAT-DYD-23-1<\/a><a href=\"https:\/\/blog.uclm.es\/catedradyd\/wp-content\/uploads\/sites\/256\/2023\/05\/Convocatoria-becas-colaboracion_Clinica-Juridica-CAT-DYD-23-1.pdf\" class=\"wp-block-file__button wp-element-button\" download aria-describedby=\"wp-block-file--media-560cb849-bd7a-4301-945b-02d810786506\">Descarga<\/a><\/div>\n\n\n\n<p><strong>RESOLUCI\u00d3N<\/strong><\/p>\n\n\n\n<div data-wp-interactive=\"core\/file\" class=\"wp-block-file\"><object data-wp-bind--hidden=\"!state.hasPdfPreview\" hidden class=\"wp-block-file__embed\" data=\"https:\/\/blog.uclm.es\/catedradyd\/wp-content\/uploads\/sites\/256\/2023\/08\/Resolucion-concesion-definitiva-Becas-CAT-DYD-BDNS-691468.pdf\" type=\"application\/pdf\" style=\"width:100%;height:600px\" aria-label=\"Incrustado de Resolucion-concesion-definitiva-Becas-CAT-DYD-BDNS-691468.\"><\/object><a id=\"wp-block-file--media-523925d9-01e9-4867-bcf0-b45e4799dfbb\" href=\"https:\/\/blog.uclm.es\/catedradyd\/wp-content\/uploads\/sites\/256\/2023\/08\/Resolucion-concesion-definitiva-Becas-CAT-DYD-BDNS-691468.pdf\">Resolucion-concesion-definitiva-Becas-CAT-DYD-BDNS-691468<\/a><a href=\"https:\/\/blog.uclm.es\/catedradyd\/wp-content\/uploads\/sites\/256\/2023\/08\/Resolucion-concesion-definitiva-Becas-CAT-DYD-BDNS-691468.pdf\" class=\"wp-block-file__button wp-element-button\" download aria-describedby=\"wp-block-file--media-523925d9-01e9-4867-bcf0-b45e4799dfbb\">Descarga<\/a><\/div>\n\n\n\n<p>Cualquier duda pueden dirigirse a la siguiente direcci\u00f3n: <a href=\"mailto:catedra.dyd@uclm.es\">catedra.dyd@uclm.es<\/a><\/p>\n","protected":false},"excerpt":{"rendered":"<p>Se convocan cuatro becas de colaboraci\u00f3n destinadas a que las personas beneficiarias colaboren, en r\u00e9gimen de compatibilidad con sus estudios, en el desarrollo de las actividades propias de la Cl\u00ednica Jur\u00eddica de la C\u00e1tedra DYD. RESOLUCI\u00d3N Cualquier duda pueden dirigirse a la siguiente direcci\u00f3n: catedra.dyd@uclm.es<\/p>\n","protected":false},"author":417,"featured_media":0,"parent":0,"menu_order":0,"comment_status":"closed","ping_status":"closed","template":"","meta":{"footnotes":""},"class_list":["post-211","page","type-page","status-publish","hentry"],"_links":{"self":[{"href":"https:\/\/blog.uclm.es\/catedradyd\/wp-json\/wp\/v2\/pages\/211","targetHints":{"allow":["GET"]}}],"collection":[{"href":"https:\/\/blog.uclm.es\/catedradyd\/wp-json\/wp\/v2\/pages"}],"about":[{"href":"https:\/\/blog.uclm.es\/catedradyd\/wp-json\/wp\/v2\/types\/page"}],"author":[{"embeddable":true,"href":"https:\/\/blog.uclm.es\/catedradyd\/wp-json\/wp\/v2\/users\/417"}],"replies":[{"embeddable":true,"href":"https:\/\/blog.uclm.es\/catedradyd\/wp-json\/wp\/v2\/comments?post=211"}],"version-history":[{"count":3,"href":"https:\/\/blog.uclm.es\/catedradyd\/wp-json\/wp\/v2\/pages\/211\/revisions"}],"predecessor-version":[{"id":500,"href":"https:\/\/blog.uclm.es\/catedradyd\/wp-json\/wp\/v2\/pages\/211\/revisions\/500"}],"wp:attachment":[{"href":"https:\/\/blog.uclm.es\/catedradyd\/wp-json\/wp\/v2\/media?parent=211"}],"curies":[{"name":"wp","href":"https:\/\/api.w.org\/{rel}","templated":true}]}}