{"id":201,"date":"2023-04-29T18:11:05","date_gmt":"2023-04-29T18:11:05","guid":{"rendered":"https:\/\/blog.uclm.es\/catedradyd\/?page_id=201"},"modified":"2023-04-29T18:12:31","modified_gmt":"2023-04-29T18:12:31","slug":"francisco-javier-diaz-revorio","status":"publish","type":"page","link":"https:\/\/blog.uclm.es\/catedradyd\/francisco-javier-diaz-revorio\/","title":{"rendered":"Francisco Javier D\u00edaz Revorio"},"content":{"rendered":"\n<figure class=\"wp-block-image size-full is-resized\"><img loading=\"lazy\" decoding=\"async\" src=\"https:\/\/blog.uclm.es\/catedradyd\/wp-content\/uploads\/sites\/256\/2023\/04\/Imagen_Diaz-Revorio.jpg\" alt=\"\" class=\"wp-image-202\" width=\"385\" height=\"256\" srcset=\"https:\/\/blog.uclm.es\/catedradyd\/wp-content\/uploads\/sites\/256\/2023\/04\/Imagen_Diaz-Revorio.jpg 1024w, https:\/\/blog.uclm.es\/catedradyd\/wp-content\/uploads\/sites\/256\/2023\/04\/Imagen_Diaz-Revorio-300x200.jpg 300w, https:\/\/blog.uclm.es\/catedradyd\/wp-content\/uploads\/sites\/256\/2023\/04\/Imagen_Diaz-Revorio-768x512.jpg 768w\" sizes=\"auto, (max-width: 385px) 100vw, 385px\" \/><\/figure>\n\n\n\n<p><a href=\"http:\/\/www.javierdiazrevorio.com\/\" target=\"_blank\" rel=\"noreferrer noopener\">Catedr\u00e1tico de Derecho Constitucional de la Universidad de Castilla-La Mancha<\/a> (Espa\u00f1a). Vicedecano de Ense\u00f1anzas Jur\u00eddicas de la Facultad de Ciencias Jur\u00eddicas y Sociales de Toledo (2004-2009). Director del Departamento de Ciencia Jur\u00eddica y Derecho P\u00fablico de la UCLM (2010-2012). Vocal de la Junta Electoral de Castilla-La Mancha (2011). Consejero del Consejo Consultivo de Castilla-La Mancha (2012-2016).<\/p>\n\n\n\n<p>Acad\u00e9mico correspondiente de la Real Academia de Jurisprudencia y Legislaci\u00f3n (2012). Premio Nacional \u201cNicol\u00e1s P\u00e9rez Serrano\u201d a la mejor tesis doctoral en materia de Ciencia Pol\u00edtica y Derecho Constitucional (1996), entre otros premios relacionados con aspectos jur\u00eddicos. Doctor honoris causa y profesor honorario en diversas universidades iberoamericanas, as\u00ed como abogado honorario en distintos colegios.<\/p>\n\n\n\n<p>Autor de m\u00e1s de cien publicaciones cient\u00edficas en materia de Derecho Constitucional. Entre las m\u00e1s recientes, <em>Valores superiores e interpretaci\u00f3n constitucional <\/em>(3\u00aa ed., 2018), <em>Fundamentos actuales para una Teor\u00eda de la Constituci\u00f3n<\/em> (2018), o <em>El  coste econ\u00f3mico de los derechos, su interpretaci\u00f3n y garant\u00eda, Tribunal Electoral del Poder Judicial de la Federaci\u00f3n (2020)<\/em>, o la codirecci\u00f3n y autor\u00eda parcial de las obras colectivas <em>Interculturalidad, paz, derechos de la naturaleza. Valores para un nuevo constitucionalismo <\/em>(2020), <em>80 a\u00f1os del exilio de juristas espa\u00f1oles acogidos en M\u00e9xico<\/em> (2020), <em>Ense\u00f1ar la Constituci\u00f3n, educar en democracia<\/em> (2021).<\/p>\n\n\n\n<p>Ha realizado estancias de investigaci\u00f3n en diversas universidades e instituciones europeas y americanas, y ha participado y dirigido muy diversos proyectos de investigaci\u00f3n financiados por instituciones nacionales e internacionales. Ha realizado labores de asesoramiento, estudio o cooperaci\u00f3n para varias instituciones espa\u00f1olas e iberoamericanas, destacando el Tribunal Constitucional de Per\u00fa o el Tribunal Electoral del Poder Judicial de la Federaci\u00f3n en M\u00e9xico. Igualmente ha impartido docencia en nivel de grado y de postgrado en varias decenas de Universidades en Europa y Am\u00e9rica, as\u00ed como numerosas conferencias y cursos.<\/p>\n\n\n\n<p>Es coordinador del M\u00e1ster Universitario en Derecho Constitucional, de la Especialidad en Justicia Constitucional y de varios programas de postgrado. Evaluador, miembro de diversos Comit\u00e9s acad\u00e9micos y director de varias publicaciones cient\u00edficas.<\/p>\n\n\n\n<p><\/p>\n","protected":false},"excerpt":{"rendered":"<p>Catedr\u00e1tico de Derecho Constitucional de la Universidad de Castilla-La Mancha (Espa\u00f1a). Vicedecano de Ense\u00f1anzas Jur\u00eddicas de la Facultad de Ciencias Jur\u00eddicas y Sociales de Toledo (2004-2009). Director del Departamento de Ciencia Jur\u00eddica y Derecho P\u00fablico de la UCLM (2010-2012). Vocal de la Junta Electoral de Castilla-La Mancha (2011). Consejero del Consejo Consultivo de Castilla-La Mancha &hellip; <\/p>\n<p class=\"link-more\"><a href=\"https:\/\/blog.uclm.es\/catedradyd\/francisco-javier-diaz-revorio\/\" class=\"more-link\">Continuar leyendo<span class=\"screen-reader-text\"> \u00abFrancisco Javier D\u00edaz Revorio\u00bb<\/span><\/a><\/p>\n","protected":false},"author":417,"featured_media":0,"parent":0,"menu_order":0,"comment_status":"closed","ping_status":"closed","template":"","meta":{"footnotes":""},"class_list":["post-201","page","type-page","status-publish","hentry"],"_links":{"self":[{"href":"https:\/\/blog.uclm.es\/catedradyd\/wp-json\/wp\/v2\/pages\/201","targetHints":{"allow":["GET"]}}],"collection":[{"href":"https:\/\/blog.uclm.es\/catedradyd\/wp-json\/wp\/v2\/pages"}],"about":[{"href":"https:\/\/blog.uclm.es\/catedradyd\/wp-json\/wp\/v2\/types\/page"}],"author":[{"embeddable":true,"href":"https:\/\/blog.uclm.es\/catedradyd\/wp-json\/wp\/v2\/users\/417"}],"replies":[{"embeddable":true,"href":"https:\/\/blog.uclm.es\/catedradyd\/wp-json\/wp\/v2\/comments?post=201"}],"version-history":[{"count":2,"href":"https:\/\/blog.uclm.es\/catedradyd\/wp-json\/wp\/v2\/pages\/201\/revisions"}],"predecessor-version":[{"id":205,"href":"https:\/\/blog.uclm.es\/catedradyd\/wp-json\/wp\/v2\/pages\/201\/revisions\/205"}],"wp:attachment":[{"href":"https:\/\/blog.uclm.es\/catedradyd\/wp-json\/wp\/v2\/media?parent=201"}],"curies":[{"name":"wp","href":"https:\/\/api.w.org\/{rel}","templated":true}]}}