{"id":197,"date":"2023-04-29T17:08:03","date_gmt":"2023-04-29T17:08:03","guid":{"rendered":"https:\/\/blog.uclm.es\/catedradyd\/?page_id=197"},"modified":"2024-12-02T17:35:09","modified_gmt":"2024-12-02T17:35:09","slug":"enlaces-de-interes","status":"publish","type":"page","link":"https:\/\/blog.uclm.es\/catedradyd\/enlaces-de-interes\/","title":{"rendered":"Enlaces de Inter\u00e9s"},"content":{"rendered":"\n<p><a href=\"https:\/\/cermi.es\/\">CERMI| Comit\u00e9 Espa\u00f1ol de Representantes de Personas con Discapacidad<\/a><\/p>\n\n\n\n<p><a href=\"https:\/\/www.fundaciononce.es\/es\">Fundaci\u00f3n ONCE (fundaciononce.es)<\/a><\/p>\n\n\n\n<p><a href=\"https:\/\/laborvalia.es\/\">Asociaci\u00f3n Laborval\u00eda \u2013 Las personas con discapacidad deben desarrollar y utilizar su potencial creativo. (laborvalia.es)<\/a><\/p>\n\n\n\n<p><a href=\"https:\/\/www.cepc.gob.es\/\">Inicio | CEPC<\/a><\/p>\n\n\n\n<p><a href=\"https:\/\/blog.uclm.es\/catedradyd\/wp-content\/uploads\/sites\/256\/2024\/12\/Constitucion-Espanola.-Version-Lectura-Facil-2-Accesible.pdf\">ORTEGA GUTI\u00c9RREZ, David; ALBERT M\u00c1RQUEZ Marta y L\u00d3PEZ GARC\u00cdA, M.\u00aa Isabel. La Constituci\u00f3n Espa\u00f1ola Versi\u00f3n lectura f\u00e1cil. Segunda edici\u00f3n. Ediciones Cinca, S. A. Servicio de Publicaciones de la Universidad Rey Juan Carlos, Madrid, 2024.<\/a><\/p>\n","protected":false},"excerpt":{"rendered":"<p>CERMI| Comit\u00e9 Espa\u00f1ol de Representantes de Personas con Discapacidad Fundaci\u00f3n ONCE (fundaciononce.es) Asociaci\u00f3n Laborval\u00eda \u2013 Las personas con discapacidad deben desarrollar y utilizar su potencial creativo. (laborvalia.es) Inicio | CEPC ORTEGA GUTI\u00c9RREZ, David; ALBERT M\u00c1RQUEZ Marta y L\u00d3PEZ GARC\u00cdA, M.\u00aa Isabel. La Constituci\u00f3n Espa\u00f1ola Versi\u00f3n lectura f\u00e1cil. Segunda edici\u00f3n. Ediciones Cinca, S. A. Servicio de &hellip; <\/p>\n<p class=\"link-more\"><a href=\"https:\/\/blog.uclm.es\/catedradyd\/enlaces-de-interes\/\" class=\"more-link\">Continuar leyendo<span class=\"screen-reader-text\"> \u00abEnlaces de Inter\u00e9s\u00bb<\/span><\/a><\/p>\n","protected":false},"author":417,"featured_media":0,"parent":0,"menu_order":0,"comment_status":"closed","ping_status":"closed","template":"","meta":{"footnotes":""},"class_list":["post-197","page","type-page","status-publish","hentry"],"_links":{"self":[{"href":"https:\/\/blog.uclm.es\/catedradyd\/wp-json\/wp\/v2\/pages\/197","targetHints":{"allow":["GET"]}}],"collection":[{"href":"https:\/\/blog.uclm.es\/catedradyd\/wp-json\/wp\/v2\/pages"}],"about":[{"href":"https:\/\/blog.uclm.es\/catedradyd\/wp-json\/wp\/v2\/types\/page"}],"author":[{"embeddable":true,"href":"https:\/\/blog.uclm.es\/catedradyd\/wp-json\/wp\/v2\/users\/417"}],"replies":[{"embeddable":true,"href":"https:\/\/blog.uclm.es\/catedradyd\/wp-json\/wp\/v2\/comments?post=197"}],"version-history":[{"count":2,"href":"https:\/\/blog.uclm.es\/catedradyd\/wp-json\/wp\/v2\/pages\/197\/revisions"}],"predecessor-version":[{"id":728,"href":"https:\/\/blog.uclm.es\/catedradyd\/wp-json\/wp\/v2\/pages\/197\/revisions\/728"}],"wp:attachment":[{"href":"https:\/\/blog.uclm.es\/catedradyd\/wp-json\/wp\/v2\/media?parent=197"}],"curies":[{"name":"wp","href":"https:\/\/api.w.org\/{rel}","templated":true}]}}