{"id":170,"date":"2023-04-26T09:14:02","date_gmt":"2023-04-26T09:14:02","guid":{"rendered":"https:\/\/blog.uclm.es\/catedradyd\/?page_id=170"},"modified":"2026-03-27T19:39:26","modified_gmt":"2026-03-27T19:39:26","slug":"sergio-sanchez-paris","status":"publish","type":"page","link":"https:\/\/blog.uclm.es\/catedradyd\/sergio-sanchez-paris\/","title":{"rendered":"Sergio S\u00e1nchez Par\u00eds"},"content":{"rendered":"\n<figure class=\"wp-block-image size-full is-resized\"><img loading=\"lazy\" decoding=\"async\" width=\"621\" height=\"755\" src=\"https:\/\/blog.uclm.es\/catedradyd\/wp-content\/uploads\/sites\/256\/2023\/04\/Sergio.png\" alt=\"\" class=\"wp-image-171\" style=\"width:242px;height:294px\" srcset=\"https:\/\/blog.uclm.es\/catedradyd\/wp-content\/uploads\/sites\/256\/2023\/04\/Sergio.png 621w, https:\/\/blog.uclm.es\/catedradyd\/wp-content\/uploads\/sites\/256\/2023\/04\/Sergio-247x300.png 247w\" sizes=\"auto, (max-width: 621px) 100vw, 621px\" \/><\/figure>\n\n\n\n<p>Investigador predoctoral en Derecho constitucional en la UCLM. Secretario General del Instituto Internacional de Derechos Humanos \u2013 Cap\u00edtulo Espa\u00f1a. Desde abril de 2023 coordina la Cl\u00ednica Jur\u00eddica DyD, adherida a la C\u00e1tedra Discapacidad y Dependencia.<\/p>\n\n\n\n<p><br>Graduado en Derecho, con menci\u00f3n en Derecho p\u00fablico y pol\u00edticas p\u00fablicas (X promoci\u00f3n, 2018-2022). Asimismo, posee diferentes estudios de posgrado, tales como: el M\u00e1ster Universitario en Derecho Constitucional por la UCLM (2023) o el Curso Universitario de Formaci\u00f3n Avanzada en Energ\u00edas Renovables y Ciudades Inteligentes en el \u00e1mbito del transporte y la movilidad (2024). Igualmente, cuenta con tres especialidades. Est\u00e1 especializado en Derecho y pol\u00edtica jurisdiccional (2024), en Justicia constitucional, interpretaci\u00f3n y tutela de los derechos fundamentales (2024), y en G\u00e9nero y Derecho antidiscriminatorio (2025). Actualmente, se encuentra cursando los estudios de doctorado en Derecho por la UCLM.<\/p>\n\n\n\n<p><br>S\u00e1nchez Par\u00eds, desde que finaliz\u00f3 su etapa como estudiante de Grado y M\u00e1ster, ha recibido distintos premios y reconocimientos por su rendimiento acad\u00e9mico. As\u00ed pues, obtuvo:<\/p>\n\n\n\n<ul class=\"wp-block-list\">\n<li>Premio IV Certamen de Derecho P\u00fablico \u201cCaballero &amp; Fuentes Abogados\u201d, por haber presentado en el curso acad\u00e9mico 2021\/2022 uno de los mejores proyectos fin de carrera.<\/li>\n\n\n\n<li>Premio Consejo Social 2022 de la UCLM, en el \u00e1rea de conocimiento Ciencias Sociales y Jur\u00eddicas, por sus contribuciones a la Universidad como estudiante y representante estudiantil.<\/li>\n\n\n\n<li>Premio extraordinario en los estudios oficiales de M\u00e1ster Universitario en Derecho Constitucional, curso 2022\/2023.<\/li>\n\n\n\n<li>Premio al mejor Trabajo Fin de M\u00e1ster de la Ciudad de Toledo 2023 (III ed.) en el \u00e1rea de conocimiento Ciencias Sociales y Jur\u00eddicas.<\/li>\n\n\n\n<li>III Premio Alumni UCLM (2024), en la categor\u00eda de solidaridad.<\/li>\n\n\n\n<li>Beca Europea de Investigaci\u00f3n y Movilidad en Estudios Europeos Premio Europeo Carlos V \u2013 Foro Europeo de la Discapacidad, concedida por la Fundaci\u00f3n Academia Europea e Iberoamericana de Yuste (2025).<\/li>\n\n\n\n<li>Galardonado por la Junta de Comunidades de Castilla-La Mancha con uno de los Reconocimientos a la Iniciativa Social de Castilla-La Mancha 2025, en el \u00e1mbito de la cooperaci\u00f3n internacional al desarrollo.<\/li>\n<\/ul>\n\n\n\n<p>A lo largo del a\u00f1o 2023 realiz\u00f3 una breve estancia de investigaci\u00f3n en el Tribunal Constitucional espa\u00f1ol, as\u00ed como en la Universidad de Costa Rica, entre otras instituciones de car\u00e1cter p\u00fablico y privado del pa\u00eds costarricense. Del mismo modo, en 2024 realiz\u00f3 una estancia de investigaci\u00f3n en el Centro de Estudios Europeos \u201cLuis Ortega \u00c1lvarez\u201d, cuya finalidad era profundizar en el estudio de diversos aspectos del Tribunal Europeo de Derecho Humanos y en el propio an\u00e1lisis de jurisprudencia sobre violaci\u00f3n de derechos fundamentales por motivos de discriminaci\u00f3n. En este sentido, en agosto de 2024 realiz\u00f3 otra estancia en Costa Rica, en calidad de docente invitado por parte de la Escuela de Trabajo Social de la Universidad de Costa Rica. <\/p>\n\n\n\n<p>Igualmente, S. Par\u00eds ha sido becario de colaboraci\u00f3n en el departamento de Ciencia Jur\u00eddica y Derecho P\u00fablico de la UCLM, suscrito al \u00e1rea de Derecho Constitucional (noviembre 2022-enero 2023) hasta conseguir la Beca de Iniciaci\u00f3n a la Investigaci\u00f3n UCLM-Santander, quedando suscrito al \u00c1rea de Derecho Constitucional (febrero 2023-julio 2023).<\/p>\n\n\n\n<p>Autor de diversas publicaciones cient\u00edficas en materia de Derecho constitucional y Derecho de la discapacidad. A su vez, S\u00e1nchez Par\u00eds, durante estos cursos acad\u00e9micos, ha impartido numerosas ponencias y comunicaciones, tanto al estudiantado como en congresos y seminarios cient\u00edficos , alguna de ellas en Universidades y centros de investigaci\u00f3n extranjeros, tales como: la Universidad Libre de Derecho, con sede en San Jos\u00e9 (Costa Rica); Universidad de Costa Rica, con sede en San Jos\u00e9 y San Ram\u00f3n; Universidad Nacional de Mar del Plata, Mar de Plata (Argentina), Academia de Derecho, Debate &amp; Sociedad (Ibarra, Ecuador); Ilustre Colegio de Abogados de Lima, L\u00e9xforum (El Per\u00fa), Universidad Cat\u00f3lica del Uruguay etc.<\/p>\n\n\n\n<p>Sus principales l\u00edneas de investigaci\u00f3n son la protecci\u00f3n jurisdiccional de los derechos fundamentales y la protecci\u00f3n jur\u00eddica de las personas con discapacidad, as\u00ed como los derechos de la minor\u00eda y de los grupos m\u00e1s vulnerables.<\/p>\n","protected":false},"excerpt":{"rendered":"<p>Investigador predoctoral en Derecho constitucional en la UCLM. Secretario General del Instituto Internacional de Derechos Humanos \u2013 Cap\u00edtulo Espa\u00f1a. Desde abril de 2023 coordina la Cl\u00ednica Jur\u00eddica DyD, adherida a la C\u00e1tedra Discapacidad y Dependencia. Graduado en Derecho, con menci\u00f3n en Derecho p\u00fablico y pol\u00edticas p\u00fablicas (X promoci\u00f3n, 2018-2022). Asimismo, posee diferentes estudios de posgrado, &hellip; <\/p>\n<p class=\"link-more\"><a href=\"https:\/\/blog.uclm.es\/catedradyd\/sergio-sanchez-paris\/\" class=\"more-link\">Continuar leyendo<span class=\"screen-reader-text\"> \u00abSergio S\u00e1nchez Par\u00eds\u00bb<\/span><\/a><\/p>\n","protected":false},"author":417,"featured_media":0,"parent":0,"menu_order":0,"comment_status":"closed","ping_status":"closed","template":"","meta":{"footnotes":""},"class_list":["post-170","page","type-page","status-publish","hentry"],"_links":{"self":[{"href":"https:\/\/blog.uclm.es\/catedradyd\/wp-json\/wp\/v2\/pages\/170","targetHints":{"allow":["GET"]}}],"collection":[{"href":"https:\/\/blog.uclm.es\/catedradyd\/wp-json\/wp\/v2\/pages"}],"about":[{"href":"https:\/\/blog.uclm.es\/catedradyd\/wp-json\/wp\/v2\/types\/page"}],"author":[{"embeddable":true,"href":"https:\/\/blog.uclm.es\/catedradyd\/wp-json\/wp\/v2\/users\/417"}],"replies":[{"embeddable":true,"href":"https:\/\/blog.uclm.es\/catedradyd\/wp-json\/wp\/v2\/comments?post=170"}],"version-history":[{"count":30,"href":"https:\/\/blog.uclm.es\/catedradyd\/wp-json\/wp\/v2\/pages\/170\/revisions"}],"predecessor-version":[{"id":841,"href":"https:\/\/blog.uclm.es\/catedradyd\/wp-json\/wp\/v2\/pages\/170\/revisions\/841"}],"wp:attachment":[{"href":"https:\/\/blog.uclm.es\/catedradyd\/wp-json\/wp\/v2\/media?parent=170"}],"curies":[{"name":"wp","href":"https:\/\/api.w.org\/{rel}","templated":true}]}}