{"id":166,"date":"2023-04-26T09:07:11","date_gmt":"2023-04-26T09:07:11","guid":{"rendered":"https:\/\/blog.uclm.es\/catedradyd\/?page_id=166"},"modified":"2024-12-23T09:12:34","modified_gmt":"2024-12-23T09:12:34","slug":"enrique-belda-perez-pedrero","status":"publish","type":"page","link":"https:\/\/blog.uclm.es\/catedradyd\/enrique-belda-perez-pedrero\/","title":{"rendered":"Enrique Belda P\u00e9rez-Pedrero"},"content":{"rendered":"\n<figure class=\"wp-block-image size-large is-resized\"><img loading=\"lazy\" decoding=\"async\" width=\"476\" height=\"1024\" src=\"https:\/\/blog.uclm.es\/catedradyd\/wp-content\/uploads\/sites\/256\/2023\/04\/foto-de-doctor-476x1024.jpg\" alt=\"\" class=\"wp-image-167\" style=\"width:160px;height:346px\" srcset=\"https:\/\/blog.uclm.es\/catedradyd\/wp-content\/uploads\/sites\/256\/2023\/04\/foto-de-doctor-476x1024.jpg 476w, https:\/\/blog.uclm.es\/catedradyd\/wp-content\/uploads\/sites\/256\/2023\/04\/foto-de-doctor-140x300.jpg 140w, https:\/\/blog.uclm.es\/catedradyd\/wp-content\/uploads\/sites\/256\/2023\/04\/foto-de-doctor.jpg 657w\" sizes=\"auto, (max-width: 476px) 100vw, 476px\" \/><\/figure>\n\n\n\n<p>Enrique Belda (Ciudad Real, 1969), es Doctor en Derecho (1999) y Catedr\u00e1tico de Derecho Constitucional en la Facultad de Derecho y Ciencias Sociales de Ciudad Real (2022). Desde abril de 2023 codirige esta c\u00e1tedra. Ha simultaneado durante d\u00e9cadas la docencia y la investigaci\u00f3n con el servicio p\u00fablico en la Funci\u00f3n Consultiva y en cargos representativos varios. En la actualidad es diputado al Congreso.<\/p>\n\n\n\n<p>Autor de numerosas publicaciones en el \u00e1mbito del Derecho, destacando las monograf\u00edas&nbsp;<em>Los representantes locales en Espa\u00f1a.&nbsp;<\/em>Centro de Estudios Pol\u00edticos y Constitucionales. Madrid, 2000;<em>&nbsp;El Poder del Rey: alcance constitucional efectivo de las atribuciones de la Corona. Senado. Madrid, 2003;&nbsp;La presidencia del Congreso de los Diputados: perfil de su actuaci\u00f3n constitucional.&nbsp;<\/em>Congreso de los Diputados. Madrid, 2004;&nbsp;<em>Las instituciones funcionaron. 25 a\u00f1os del golpe.&nbsp;<\/em>Tirant Lo Blanch. Valencia, 2006;&nbsp;<em>La fallida reforma de la Constituci\u00f3n espa\u00f1ola durante la VIII Legislatura (2004-2008).<\/em>&nbsp;Thomson-Civitas-Aranzadi. Cizur Menor (Navarra), 2008;&nbsp;<em>Instituciones de apoyo a gobiernos y parlamentos (Consejos, defensor\u00edas y c\u00e1maras de cuentas). Sistema de designaci\u00f3n y notas estatutarias<\/em>. Tirant Lo Blanch. Valencia, 2009;&nbsp;<em>La protecci\u00f3n constitucional y legal de la lengua de signos.&nbsp;<\/em>Fundaci\u00f3n Lex Nova-Fundaci\u00f3n CNSE, Valladolid, 2012;&nbsp;<em>Los derechos de las personas y las funciones del Estado como l\u00edmite a la supresi\u00f3n de instituciones. La crisis econ\u00f3mica y la reforma del Estado.&nbsp;<\/em>Centro de Estudios Pol\u00edticos y Constitucionales, Madrid, 2014;&nbsp;<em>\u00bfQu\u00e9 le falta a la monarqu\u00eda espa\u00f1ola para estar plenamente racionalizada? La monarqu\u00eda espa\u00f1ola del Siglo XXI<\/em>. Fundaci\u00f3n Aranzadi Lex Nova-Thomson Reuters, Valladolid, 2015;&nbsp;<em>Dignidad y Discapacidad: una perspectiva desde los derechos humanos<\/em>, Tirant lo Blanch, Ciudad de M\u00e9xico, 2019; y,&nbsp;<em>El derecho a la educaci\u00f3n y la ense\u00f1anza de los derechos como llave de la ciudadan\u00eda democr\u00e1tica,&nbsp;<\/em>Tecnos, Madrid, 2021.<\/p>\n\n\n\n<p>Tiene tambi\u00e9n publicados m\u00e1s de cincuenta art\u00edculos en revistas cient\u00edficas (en las principales de Espa\u00f1a: Revista Espa\u00f1ola de Derecho Constitucional, Revista de Estudios Pol\u00edticos, Teor\u00eda y Realidad Constitucional. Revista de Derecho Pol\u00edtico, Revista Catalana de Dr\u00e8t Public, Revista Vasca de Administraci\u00f3n P\u00fablica, Revista de las Cortes Generales, entre otras) y obras colectivas de las principales editoras jur\u00eddicas.<\/p>\n\n\n\n<p>Sus l\u00edneas de investigaci\u00f3n (orcid.org\/0000-0002-7913-3724) han sido o son: la protecci\u00f3n jur\u00eddica de las personas con discapacidad, los derechos humanos (educaci\u00f3n en derechos, participaci\u00f3n pol\u00edtica, minor\u00eda&nbsp;<em>Trans<\/em>, entre otros), la representaci\u00f3n pol\u00edtica, la Jefatura del Estado, La reforma constitucional, las instituciones y cargos p\u00fablicos y la organizaci\u00f3n territorial. Es Investigador del Centro de Normalizaci\u00f3n Ling\u00fc\u00edstica de la Lengua de Signos Espa\u00f1ola desde 2012, y ha colaborado regularmente durante quince a\u00f1os con la Comisi\u00f3n Nacional de Derechos Humanos de M\u00e9xico a trav\u00e9s del CENADEH.<\/p>\n\n\n\n<p>Imparte con regularidad docencia de posgrado nacional e internacional con clases y conferencias en Espa\u00f1a, Italia, M\u00e9xico, El Per\u00fa, Uruguay, Argentina, Chile, Ecuador, Colombia, Costa Rica, Nicaragua, El Salvador, Guatemala, Cuba y Rep\u00fablica Dominicana.<\/p>\n\n\n\n<p>En el servicio p\u00fablico, fue Consejero del Consejo Consultivo de Castilla-La Mancha (2006-2019). Diputado al Congreso en la VII Legislatura (2000-2004) y Secretario segundo de la Comisi\u00f3n Constitucional del Congreso. Concejal del Ayuntamiento de Ciudad Real (1991-2000, y 2019-2023). En su labor parlamentaria particip\u00f3 activamente en los avances legislativos fechados en 2003 sobre el derecho y la inclusi\u00f3n social de las personas con discapacidad.<\/p>\n\n\n\n<p>Tiene reconocidos cinco quinquenios docentes, cuatro sexenios de investigaci\u00f3n (consecutivos desde 1997), ocho trienios, y viene participando desde 1998 como Investigador en los equipos de m\u00e1s de veinte proyectos competitivos. Ha dirigido hasta la fecha seis tesis doctorales y decenas de Tfms, tesinas y trabajos de posgrado. Pertenece a la Secci\u00f3n Constitucional de la Real Academia de Jurisprudencia y Legislaci\u00f3n.<\/p>\n","protected":false},"excerpt":{"rendered":"<p>Enrique Belda (Ciudad Real, 1969), es Doctor en Derecho (1999) y Catedr\u00e1tico de Derecho Constitucional en la Facultad de Derecho y Ciencias Sociales de Ciudad Real (2022). Desde abril de 2023 codirige esta c\u00e1tedra. Ha simultaneado durante d\u00e9cadas la docencia y la investigaci\u00f3n con el servicio p\u00fablico en la Funci\u00f3n Consultiva y en cargos representativos &hellip; <\/p>\n<p class=\"link-more\"><a href=\"https:\/\/blog.uclm.es\/catedradyd\/enrique-belda-perez-pedrero\/\" class=\"more-link\">Continuar leyendo<span class=\"screen-reader-text\"> \u00abEnrique Belda P\u00e9rez-Pedrero\u00bb<\/span><\/a><\/p>\n","protected":false},"author":417,"featured_media":0,"parent":0,"menu_order":0,"comment_status":"closed","ping_status":"closed","template":"","meta":{"footnotes":""},"class_list":["post-166","page","type-page","status-publish","hentry"],"_links":{"self":[{"href":"https:\/\/blog.uclm.es\/catedradyd\/wp-json\/wp\/v2\/pages\/166","targetHints":{"allow":["GET"]}}],"collection":[{"href":"https:\/\/blog.uclm.es\/catedradyd\/wp-json\/wp\/v2\/pages"}],"about":[{"href":"https:\/\/blog.uclm.es\/catedradyd\/wp-json\/wp\/v2\/types\/page"}],"author":[{"embeddable":true,"href":"https:\/\/blog.uclm.es\/catedradyd\/wp-json\/wp\/v2\/users\/417"}],"replies":[{"embeddable":true,"href":"https:\/\/blog.uclm.es\/catedradyd\/wp-json\/wp\/v2\/comments?post=166"}],"version-history":[{"count":2,"href":"https:\/\/blog.uclm.es\/catedradyd\/wp-json\/wp\/v2\/pages\/166\/revisions"}],"predecessor-version":[{"id":751,"href":"https:\/\/blog.uclm.es\/catedradyd\/wp-json\/wp\/v2\/pages\/166\/revisions\/751"}],"wp:attachment":[{"href":"https:\/\/blog.uclm.es\/catedradyd\/wp-json\/wp\/v2\/media?parent=166"}],"curies":[{"name":"wp","href":"https:\/\/api.w.org\/{rel}","templated":true}]}}