{"id":160,"date":"2023-04-25T09:51:40","date_gmt":"2023-04-25T09:51:40","guid":{"rendered":"https:\/\/blog.uclm.es\/catedradyd\/?page_id=160"},"modified":"2023-04-25T15:58:35","modified_gmt":"2023-04-25T15:58:35","slug":"juana-morcillo-moreno","status":"publish","type":"page","link":"https:\/\/blog.uclm.es\/catedradyd\/juana-morcillo-moreno\/","title":{"rendered":"Juana Morcillo Moreno"},"content":{"rendered":"\n<figure class=\"wp-block-image size-large is-resized\"><img loading=\"lazy\" decoding=\"async\" src=\"https:\/\/blog.uclm.es\/catedradyd\/wp-content\/uploads\/sites\/256\/2023\/04\/Juana_Morcillo-768x1024.jpg\" alt=\"\" class=\"wp-image-161\" width=\"243\" height=\"324\" srcset=\"https:\/\/blog.uclm.es\/catedradyd\/wp-content\/uploads\/sites\/256\/2023\/04\/Juana_Morcillo-768x1024.jpg 768w, https:\/\/blog.uclm.es\/catedradyd\/wp-content\/uploads\/sites\/256\/2023\/04\/Juana_Morcillo-225x300.jpg 225w, https:\/\/blog.uclm.es\/catedradyd\/wp-content\/uploads\/sites\/256\/2023\/04\/Juana_Morcillo-1153x1536.jpg 1153w, https:\/\/blog.uclm.es\/catedradyd\/wp-content\/uploads\/sites\/256\/2023\/04\/Juana_Morcillo-1537x2048.jpg 1537w, https:\/\/blog.uclm.es\/catedradyd\/wp-content\/uploads\/sites\/256\/2023\/04\/Juana_Morcillo-scaled.jpg 1921w\" sizes=\"auto, (max-width: 243px) 100vw, 243px\" \/><\/figure>\n\n\n\n<p><\/p>\n\n\n\n<p><\/p>\n\n\n\n<p>Profesora Titular de Derecho Administrativo en la Facultad de Derecho de Albacete de la Universidad de Castilla-La Mancha (UCLM), donde curs\u00f3 su licenciatura con Premio Extraordinario y defendi\u00f3 su tesis doctoral con la calificaci\u00f3n de sobresaliente&nbsp;<em>cum laude<\/em>&nbsp;por unanimidad.<\/p>\n\n\n\n<p>Realiz\u00f3 el M\u00e1ster Internacional Intensivo en\u00a0<em>European Public Law<\/em>\u00a0(Grecia), becada por la\u00a0<em>Academy of European Public Law<\/em>\u00a0(1999-2000) y estancias de investigaci\u00f3n en Oxford (1998), Roma (1997 y 2017), Cosenza (2005 y 2006), Bolonia (2013) y Pretoria (2019).\u00a0Ha impartido docencia en varios t\u00edtulos propios nacionals e internacionales, as\u00ed como, drentro del programa <em>Teaching Staff<\/em>, en Varsovia (Polonia), Cosenza (Italia) y Bayreuth (Alemania). Adem\u00e1s, ha sido <em>Visiting Professor<\/em> en la Universidad de Pretoria (Sud\u00e1frica). Fue Juez Sustita (2002-2009) y profesora colaboradora en la UNED (2002-2013). <\/p>\n\n\n\n<p>Durante 2019 y 2020 fue Directora Acad\u00e9mica del Vicerrectorado de Estudiantes y Responsabilidad Social de la UCLM y Directora de su Unidad de Igualdad, en cuya calidad presidi\u00f3 la Comisi\u00f3n Negociadora del Plan de Igualdad de dicha instituci\u00f3n. Igualmente, tuvo un papel destacado en la aprobaci\u00f3n tanto del \u201cProtocolo para el cambio de nombre de las personas trans e interg\u00e9nero en la UCLM\u201d, como del \u201cInforme de Responsabilidad Social de la UCLM 2018-2020\u201d.<\/p>\n\n\n\n<p>Entre sus l\u00edneas de investigaci\u00f3n destaca la jurisdicci\u00f3n contencioso-administrativa, los derechos en los Estatutos de Autonom\u00eda, la Administraci\u00f3n electr\u00f3nica y, actualmente, la discapacidad.\u00a0En este sentido, desde 2013 ha organizado de modo consecutivo varios cursos de verano con la discapacidad como eje (respectivamente, sobre aspectos sociosanitarios, trabajo, educaci\u00f3n<a>, <\/a>deporte, arte y cultura, discapacidad intelectual, responsabilidad social, universidad y capacidad jur\u00eddica y apoyos). Asimismo, desde su creaci\u00f3n en 2017, dirige el grupo de investigaci\u00f3n jur\u00eddica\u00a0<em>Discapublic<\/em>\u00a0(Discapacidad y Pol\u00edticas P\u00fablicas) y, desde 2022, codirige -junto a la profesora Susana<a> <\/a>de la Sierra- sendos proyectos de investigaci\u00f3n nacional y regional sobre digitalizaci\u00f3n y protecci\u00f3n de colectivos vulnerables.<\/p>\n\n\n\n<p>En 2018 particip\u00f3 como experta jur\u00eddica en el \u201cPrograma de Plena Inclusi\u00f3n para la prevenci\u00f3n del delito, violencia y discriminaci\u00f3n contra personas con discapacidad intelectual o del desarrollo\u201d, destinado a prevenir la discriminaci\u00f3n que sufren las personas con discapacidad intelectual o del desarrollo en el acceso a la justicia, a trav\u00e9s de la sensibilizaci\u00f3n y empoderamiento de actores clave, en el marco del cumplimiento de la Convenci\u00f3n sobre los derechos de las personas con discapacidad.Tambi\u00e9n es directora del \u201cM\u00e1ster en Estudios Jur\u00eddicos sobre Discapacidad\u201d de la UCLM y de las, hasta ahora, cinco ediciones del t\u00edtulo \u201cIncluye e Inserta UCLM: actividades auxiliares para entornos p\u00fablicos y privados\u201d (<a href=\"http:\/\/www.incluyeeinsertauclm.es\/\" target=\"_blank\" rel=\"noreferrer noopener\">www.incluyeeinsertauclm.es<\/a>), formaci\u00f3n para personas con discapacidad intelectual enmarcada en los programas&nbsp;<em>Unidiversidad<\/em>&nbsp;cofinanciados por el Fondo Social Europeo y la Fundaci\u00f3n ONCE, y que en 2018 recibi\u00f3 el premio \u201cReconocidos\u201d del Consejo Social de la UCLM. Durante 2021 form\u00f3 parte de la Sub-Comisi\u00f3n T\u00e9cnica del Sello de Inclusi\u00f3n Social dirigido a las universidades dentro de la Comisi\u00f3n T\u00e9cnica de Sellos Internacionales de Calidad de la ANECA.<\/p>\n\n\n\n<p>Es autora de tres monograf\u00edas y de numerosos cap\u00edtulos de libros y art\u00edculos en revistas especializadas. Hasta la fecha, tiene 3 sexenios de investigaci\u00f3n, 1 sexenio de transferencia, 5 quinquenios y 7 trienios reconocidos.<\/p>\n\n\n\n<p>Desde junio de 2022 es Directora de la Unidad de Igualdad y Diversidad de la UCLM<\/p>\n","protected":false},"excerpt":{"rendered":"<p>Profesora Titular de Derecho Administrativo en la Facultad de Derecho de Albacete de la Universidad de Castilla-La Mancha (UCLM), donde curs\u00f3 su licenciatura con Premio Extraordinario y defendi\u00f3 su tesis doctoral con la calificaci\u00f3n de sobresaliente&nbsp;cum laude&nbsp;por unanimidad. Realiz\u00f3 el M\u00e1ster Internacional Intensivo en\u00a0European Public Law\u00a0(Grecia), becada por la\u00a0Academy of European Public Law\u00a0(1999-2000) y estancias &hellip; <\/p>\n<p class=\"link-more\"><a href=\"https:\/\/blog.uclm.es\/catedradyd\/juana-morcillo-moreno\/\" class=\"more-link\">Continuar leyendo<span class=\"screen-reader-text\"> \u00abJuana Morcillo Moreno\u00bb<\/span><\/a><\/p>\n","protected":false},"author":417,"featured_media":0,"parent":0,"menu_order":0,"comment_status":"closed","ping_status":"closed","template":"","meta":{"footnotes":""},"class_list":["post-160","page","type-page","status-publish","hentry"],"_links":{"self":[{"href":"https:\/\/blog.uclm.es\/catedradyd\/wp-json\/wp\/v2\/pages\/160","targetHints":{"allow":["GET"]}}],"collection":[{"href":"https:\/\/blog.uclm.es\/catedradyd\/wp-json\/wp\/v2\/pages"}],"about":[{"href":"https:\/\/blog.uclm.es\/catedradyd\/wp-json\/wp\/v2\/types\/page"}],"author":[{"embeddable":true,"href":"https:\/\/blog.uclm.es\/catedradyd\/wp-json\/wp\/v2\/users\/417"}],"replies":[{"embeddable":true,"href":"https:\/\/blog.uclm.es\/catedradyd\/wp-json\/wp\/v2\/comments?post=160"}],"version-history":[{"count":3,"href":"https:\/\/blog.uclm.es\/catedradyd\/wp-json\/wp\/v2\/pages\/160\/revisions"}],"predecessor-version":[{"id":165,"href":"https:\/\/blog.uclm.es\/catedradyd\/wp-json\/wp\/v2\/pages\/160\/revisions\/165"}],"wp:attachment":[{"href":"https:\/\/blog.uclm.es\/catedradyd\/wp-json\/wp\/v2\/media?parent=160"}],"curies":[{"name":"wp","href":"https:\/\/api.w.org\/{rel}","templated":true}]}}