{"id":83,"date":"2022-06-08T16:30:09","date_gmt":"2022-06-08T15:30:09","guid":{"rendered":"https:\/\/blog.uclm.es\/catedraculturaydesarrollorural\/?page_id=83"},"modified":"2023-02-09T17:39:28","modified_gmt":"2023-02-09T16:39:28","slug":"inicio","status":"publish","type":"page","link":"https:\/\/blog.uclm.es\/catedraculturaydesarrollorural\/","title":{"rendered":""},"content":{"rendered":"\n<hr class=\"wp-block-separator has-alpha-channel-opacity is-style-wide\" \/>\n\n\n\n<ul class=\"wp-block-social-links alignright has-normal-icon-size is-content-justification-right is-layout-flex wp-container-core-social-links-is-layout-765c4724 wp-block-social-links-is-layout-flex\"><li class=\"wp-social-link wp-social-link-twitter  wp-block-social-link\"><a rel=\"noopener nofollow\" target=\"_blank\" href=\"https:\/\/twitter.com\/Catedra_CYDR\" class=\"wp-block-social-link-anchor\"><svg width=\"24\" height=\"24\" viewBox=\"0 0 24 24\" version=\"1.1\" xmlns=\"http:\/\/www.w3.org\/2000\/svg\" aria-hidden=\"true\" focusable=\"false\"><path d=\"M22.23,5.924c-0.736,0.326-1.527,0.547-2.357,0.646c0.847-0.508,1.498-1.312,1.804-2.27 c-0.793,0.47-1.671,0.812-2.606,0.996C18.324,4.498,17.257,4,16.077,4c-2.266,0-4.103,1.837-4.103,4.103 c0,0.322,0.036,0.635,0.106,0.935C8.67,8.867,5.647,7.234,3.623,4.751C3.27,5.357,3.067,6.062,3.067,6.814 c0,1.424,0.724,2.679,1.825,3.415c-0.673-0.021-1.305-0.206-1.859-0.513c0,0.017,0,0.034,0,0.052c0,1.988,1.414,3.647,3.292,4.023 c-0.344,0.094-0.707,0.144-1.081,0.144c-0.264,0-0.521-0.026-0.772-0.074c0.522,1.63,2.038,2.816,3.833,2.85 c-1.404,1.1-3.174,1.756-5.096,1.756c-0.331,0-0.658-0.019-0.979-0.057c1.816,1.164,3.973,1.843,6.29,1.843 c7.547,0,11.675-6.252,11.675-11.675c0-0.178-0.004-0.355-0.012-0.531C20.985,7.47,21.68,6.747,22.23,5.924z\"><\/path><\/svg><span class=\"wp-block-social-link-label screen-reader-text\">Twitter<\/span><\/a><\/li>\n\n<li class=\"wp-social-link wp-social-link-instagram  wp-block-social-link\"><a rel=\"noopener nofollow\" target=\"_blank\" href=\"https:\/\/www.instagram.com\/catedra_cydr\/\" class=\"wp-block-social-link-anchor\"><svg width=\"24\" height=\"24\" viewBox=\"0 0 24 24\" version=\"1.1\" xmlns=\"http:\/\/www.w3.org\/2000\/svg\" aria-hidden=\"true\" focusable=\"false\"><path d=\"M12,4.622c2.403,0,2.688,0.009,3.637,0.052c0.877,0.04,1.354,0.187,1.671,0.31c0.42,0.163,0.72,0.358,1.035,0.673 c0.315,0.315,0.51,0.615,0.673,1.035c0.123,0.317,0.27,0.794,0.31,1.671c0.043,0.949,0.052,1.234,0.052,3.637 s-0.009,2.688-0.052,3.637c-0.04,0.877-0.187,1.354-0.31,1.671c-0.163,0.42-0.358,0.72-0.673,1.035 c-0.315,0.315-0.615,0.51-1.035,0.673c-0.317,0.123-0.794,0.27-1.671,0.31c-0.949,0.043-1.233,0.052-3.637,0.052 s-2.688-0.009-3.637-0.052c-0.877-0.04-1.354-0.187-1.671-0.31c-0.42-0.163-0.72-0.358-1.035-0.673 c-0.315-0.315-0.51-0.615-0.673-1.035c-0.123-0.317-0.27-0.794-0.31-1.671C4.631,14.688,4.622,14.403,4.622,12 s0.009-2.688,0.052-3.637c0.04-0.877,0.187-1.354,0.31-1.671c0.163-0.42,0.358-0.72,0.673-1.035 c0.315-0.315,0.615-0.51,1.035-0.673c0.317-0.123,0.794-0.27,1.671-0.31C9.312,4.631,9.597,4.622,12,4.622 M12,3 C9.556,3,9.249,3.01,8.289,3.054C7.331,3.098,6.677,3.25,6.105,3.472C5.513,3.702,5.011,4.01,4.511,4.511 c-0.5,0.5-0.808,1.002-1.038,1.594C3.25,6.677,3.098,7.331,3.054,8.289C3.01,9.249,3,9.556,3,12c0,2.444,0.01,2.751,0.054,3.711 c0.044,0.958,0.196,1.612,0.418,2.185c0.23,0.592,0.538,1.094,1.038,1.594c0.5,0.5,1.002,0.808,1.594,1.038 c0.572,0.222,1.227,0.375,2.185,0.418C9.249,20.99,9.556,21,12,21s2.751-0.01,3.711-0.054c0.958-0.044,1.612-0.196,2.185-0.418 c0.592-0.23,1.094-0.538,1.594-1.038c0.5-0.5,0.808-1.002,1.038-1.594c0.222-0.572,0.375-1.227,0.418-2.185 C20.99,14.751,21,14.444,21,12s-0.01-2.751-0.054-3.711c-0.044-0.958-0.196-1.612-0.418-2.185c-0.23-0.592-0.538-1.094-1.038-1.594 c-0.5-0.5-1.002-0.808-1.594-1.038c-0.572-0.222-1.227-0.375-2.185-0.418C14.751,3.01,14.444,3,12,3L12,3z M12,7.378 c-2.552,0-4.622,2.069-4.622,4.622S9.448,16.622,12,16.622s4.622-2.069,4.622-4.622S14.552,7.378,12,7.378z M12,15 c-1.657,0-3-1.343-3-3s1.343-3,3-3s3,1.343,3,3S13.657,15,12,15z M16.804,6.116c-0.596,0-1.08,0.484-1.08,1.08 s0.484,1.08,1.08,1.08c0.596,0,1.08-0.484,1.08-1.08S17.401,6.116,16.804,6.116z\"><\/path><\/svg><span class=\"wp-block-social-link-label screen-reader-text\">Instagram<\/span><\/a><\/li><\/ul>\n\n\n\n<div class=\"wp-block-cover alignwide is-light has-parallax\" style=\"min-height:164px;aspect-ratio:unset;\"><span aria-hidden=\"true\" class=\"wp-block-cover__background has-background-dim-30 has-background-dim\"><\/span><div role=\"img\" class=\"wp-block-cover__image-background wp-image-122 has-parallax\" style=\"background-position:50% 50%;background-image:url(https:\/\/blog.uclm.es\/catedraculturaydesarrollorural\/wp-content\/uploads\/sites\/191\/2023\/02\/background-3104413_1280.jpg)\"><\/div><div class=\"wp-block-cover__inner-container is-layout-flow wp-block-cover-is-layout-flow\">\n<p class=\"has-text-align-center has-white-color has-text-color has-large-font-size\"><strong>C\u00e1tedra Cultura y Desarrollo Rural<\/strong><\/p>\n\n\n\n<p class=\"has-text-align-center has-white-color has-text-color\" style=\"font-size:16px\"><em>Para impulsar y promover acciones que fomenten la cultura <br> y el desarrollo rural en Castilla-La Mancha<\/em><\/p>\n<\/div><\/div>\n\n\n\n<div style=\"height:34px\" aria-hidden=\"true\" class=\"wp-block-spacer\"><\/div>\n\n\n\n<div class=\"wp-block-group alignwide is-vertical is-content-justification-center is-layout-flex wp-container-core-group-is-layout-4b2eccd6 wp-block-group-is-layout-flex\">\n<p>La<strong>&nbsp;C\u00e1tedra Fundaci\u00f3n Eurocaja Rural-UCLM<\/strong>, que desde 2021 tiene como nuevo eje trabajar por la&nbsp;<strong>Cultura y el Desarrollo Rural<\/strong>, se encarga de la organizaci\u00f3n de actividades de investigaci\u00f3n, desarrollo e innovaci\u00f3n; cursos de postgrado y de especializaci\u00f3n para estudiantes y profesionales; convocatoria de becas y premios a los mejores Trabajo Fin de Grado (TFG) y Trabajo Fin de Master (TFM); actividades de difusi\u00f3n del conocimiento de diferentes disciplinas con la celebraci\u00f3n de jornadas en la universidad y en otros espacios; y actividades de divulgaci\u00f3n de la ciencia y la cultura para la ciudadan\u00eda en general.<\/p>\n<\/div>\n\n\n\n<hr class=\"wp-block-separator has-alpha-channel-opacity is-style-default\" \/>\n\n\n\n<h2 class=\"has-text-align-center wp-block-heading\">Actividades<\/h2>\n\n\n\n<div class=\"wp-block-query is-layout-flow wp-block-query-is-layout-flow\"><ul class=\"is-flex-container columns-3 alignwide wp-block-post-template is-layout-flow wp-block-post-template-is-layout-flow\"><li class=\"wp-block-post post-634 post type-post status-publish format-standard has-post-thumbnail hentry category-actividades\">\n<h2 class=\"wp-block-post-title\"><a href=\"https:\/\/blog.uclm.es\/catedraculturaydesarrollorural\/jornada-participacion-ciudadana-y-patrimonio-rural\/\" target=\"_self\" >Jornada \u00abParticipaci\u00f3n ciudadana y patrimonio rural\u00bb<\/a><\/h2>\n\n<figure style=\"width:170px;height:170px;\" class=\"alignleft wp-block-post-featured-image\"><a href=\"https:\/\/blog.uclm.es\/catedraculturaydesarrollorural\/jornada-participacion-ciudadana-y-patrimonio-rural\/\" target=\"_self\"  style=\"height:170px\"><img loading=\"lazy\" decoding=\"async\" width=\"604\" height=\"270\" src=\"https:\/\/blog.uclm.es\/catedraculturaydesarrollorural\/wp-content\/uploads\/sites\/191\/2024\/04\/PARTICIPACION-CIUDADANA-Y-PATRIMONIO-RURAL-foto-604x270.png\" class=\"attachment-post-thumbnail size-post-thumbnail wp-post-image\" alt=\"Jornada \u00abParticipaci\u00f3n ciudadana y patrimonio rural\u00bb\" style=\"height:170px;object-fit:cover;\" \/><\/a><\/figure>\n\n<div class=\"has-text-align-left wp-block-post-excerpt\"><p class=\"wp-block-post-excerpt__excerpt\">Fecha: 30 de abril Lugar: Facultad de Humanidades de Toledo.<\/p><p class=\"wp-block-post-excerpt__more-text\"><a class=\"wp-block-post-excerpt__more-link\" href=\"https:\/\/blog.uclm.es\/catedraculturaydesarrollorural\/jornada-participacion-ciudadana-y-patrimonio-rural\/\">Leer m\u00e1s&#8230;<\/a><\/p><\/div>\n\n\n<hr class=\"wp-block-separator has-css-opacity\" \/>\n\n\n<div class=\"wp-block-post-date\"><time datetime=\"2024-04-23T12:12:09+01:00\">23 de abril de 2024<\/time><\/div>\n<\/li><li class=\"wp-block-post post-403 post type-post status-publish format-standard has-post-thumbnail hentry category-actividades\">\n<h2 class=\"wp-block-post-title\"><a href=\"https:\/\/blog.uclm.es\/catedraculturaydesarrollorural\/entrega-de-premios-cultura-patrimonio-e-innovacion-y-premios-tfg-y-tfm-2022\/\" target=\"_self\" >Entrega de \u00abPremios Cultura, Patrimonio e Innovaci\u00f3n\u00bb y Premios TFG y TFM\u00bb 2022<\/a><\/h2>\n\n<figure style=\"width:170px;height:170px;\" class=\"alignleft wp-block-post-featured-image\"><a href=\"https:\/\/blog.uclm.es\/catedraculturaydesarrollorural\/entrega-de-premios-cultura-patrimonio-e-innovacion-y-premios-tfg-y-tfm-2022\/\" target=\"_self\"  style=\"height:170px\"><img loading=\"lazy\" decoding=\"async\" width=\"604\" height=\"270\" src=\"https:\/\/blog.uclm.es\/catedraculturaydesarrollorural\/wp-content\/uploads\/sites\/191\/2023\/01\/premios-1-604x270.jpg\" class=\"attachment-post-thumbnail size-post-thumbnail wp-post-image\" alt=\"Entrega de \u00abPremios Cultura, Patrimonio e Innovaci\u00f3n\u00bb y Premios TFG y TFM\u00bb 2022\" style=\"height:170px;object-fit:cover;\" \/><\/a><\/figure>\n\n<div class=\"has-text-align-left wp-block-post-excerpt\"><p class=\"wp-block-post-excerpt__excerpt\">19 de enero de 2022. Lugar: Iglesia-Paraninfo San Pedro M\u00e1rtir.<\/p><p class=\"wp-block-post-excerpt__more-text\"><a class=\"wp-block-post-excerpt__more-link\" href=\"https:\/\/blog.uclm.es\/catedraculturaydesarrollorural\/entrega-de-premios-cultura-patrimonio-e-innovacion-y-premios-tfg-y-tfm-2022\/\">Leer m\u00e1s&#8230;<\/a><\/p><\/div>\n\n\n<hr class=\"wp-block-separator has-css-opacity\" \/>\n\n\n<div class=\"wp-block-post-date\"><time datetime=\"2023-01-09T10:00:00+01:00\">9 de enero de 2023<\/time><\/div>\n<\/li><li class=\"wp-block-post post-397 post type-post status-publish format-standard has-post-thumbnail hentry category-actividades\">\n<h2 class=\"wp-block-post-title\"><a href=\"https:\/\/blog.uclm.es\/catedraculturaydesarrollorural\/exposicion-mujeres-rurales-ocio-y-trabajo-en-castilla-la-mancha-1911-1965\/\" target=\"_self\" >Exposici\u00f3n: Mujeres rurales. Ocio y trabajo en Castilla-La Mancha (1911-1965)<\/a><\/h2>\n\n<figure style=\"width:170px;height:170px;\" class=\"alignleft wp-block-post-featured-image\"><a href=\"https:\/\/blog.uclm.es\/catedraculturaydesarrollorural\/exposicion-mujeres-rurales-ocio-y-trabajo-en-castilla-la-mancha-1911-1965\/\" target=\"_self\"  style=\"height:170px\"><img loading=\"lazy\" decoding=\"async\" width=\"440\" height=\"270\" src=\"https:\/\/blog.uclm.es\/catedraculturaydesarrollorural\/wp-content\/uploads\/sites\/191\/2023\/02\/Panel-8-3-440x357-1-440x270.jpg\" class=\"attachment-post-thumbnail size-post-thumbnail wp-post-image\" alt=\"Exposici\u00f3n: Mujeres rurales. Ocio y trabajo en Castilla-La Mancha (1911-1965)\" style=\"height:170px;object-fit:cover;\" \/><\/a><\/figure>\n\n<div class=\"has-text-align-left wp-block-post-excerpt\"><p class=\"wp-block-post-excerpt__excerpt\">Patio de la Facultad de Humanidades (Toledo), desde el 17 de octubre (9:00-20:30).<\/p><p class=\"wp-block-post-excerpt__more-text\"><a class=\"wp-block-post-excerpt__more-link\" href=\"https:\/\/blog.uclm.es\/catedraculturaydesarrollorural\/exposicion-mujeres-rurales-ocio-y-trabajo-en-castilla-la-mancha-1911-1965\/\">Leer m\u00e1s&#8230;<\/a><\/p><\/div>\n\n\n<hr class=\"wp-block-separator has-css-opacity\" \/>\n\n\n<div class=\"wp-block-post-date\"><time datetime=\"2022-10-23T16:05:00+01:00\">23 de octubre de 2022<\/time><\/div>\n<\/li><\/ul><\/div>\n\n\n\n<hr class=\"wp-block-separator has-alpha-channel-opacity\" \/>\n\n\n\n<h2 class=\"has-text-align-center wp-block-heading\">Convocatorias<\/h2>\n\n\n\n<div class=\"wp-block-query alignwide is-layout-flow wp-block-query-is-layout-flow\"><ul class=\"is-flex-container columns-3 aligncenter wp-block-post-template is-layout-flow wp-block-post-template-is-layout-flow\"><li class=\"wp-block-post post-682 post type-post status-publish format-standard has-post-thumbnail hentry category-convocatorias\">\n<h2 class=\"wp-block-post-title\"><a href=\"https:\/\/blog.uclm.es\/catedraculturaydesarrollorural\/resolucion-definitiva-de-premios-a-trabajos-fin-de-grado-y-trabajos-fin-de-master-2024\/\" target=\"_self\" >Resoluci\u00f3n definitiva de Premios a Trabajos Fin de Grado y Trabajos Fin de M\u00e1ster 2024<\/a><\/h2>\n\n<figure style=\"width:170px;height:170px;\" class=\"alignleft wp-block-post-featured-image\"><a href=\"https:\/\/blog.uclm.es\/catedraculturaydesarrollorural\/resolucion-definitiva-de-premios-a-trabajos-fin-de-grado-y-trabajos-fin-de-master-2024\/\" target=\"_self\"  style=\"height:170px\"><img loading=\"lazy\" decoding=\"async\" width=\"604\" height=\"270\" src=\"https:\/\/blog.uclm.es\/catedraculturaydesarrollorural\/wp-content\/uploads\/sites\/191\/2022\/02\/list-g34b77b14a_1920-604x270.jpg\" class=\"attachment-post-thumbnail size-post-thumbnail wp-post-image\" alt=\"Resoluci\u00f3n definitiva de Premios a Trabajos Fin de Grado y Trabajos Fin de M\u00e1ster 2024\" style=\"height:170px;object-fit:cover;\" \/><\/a><\/figure>\n\n<div class=\"has-text-align-left wp-block-post-excerpt\"><p class=\"wp-block-post-excerpt__excerpt\">Reunida la comisi\u00f3n de selecci\u00f3n contemplada en la convocatoria, se resuelve otorgar los premios a las\/os siguientes candidatas\/os: PREMIOS A TRABAJOS FIN DE GRADO PREMIOS A TRABAJOS DE FIN DE M\u00c1STER Documentaci\u00f3n:<\/p><p class=\"wp-block-post-excerpt__more-text\"><a class=\"wp-block-post-excerpt__more-link\" href=\"https:\/\/blog.uclm.es\/catedraculturaydesarrollorural\/resolucion-definitiva-de-premios-a-trabajos-fin-de-grado-y-trabajos-fin-de-master-2024\/\">Leer m\u00e1s&#8230;<\/a><\/p><\/div>\n\n\n<hr class=\"wp-block-separator has-css-opacity\" \/>\n\n\n<div class=\"wp-block-post-date\"><time datetime=\"2024-12-20T17:42:21+01:00\">20 de diciembre de 2024<\/time><\/div>\n<\/li><li class=\"wp-block-post post-679 post type-post status-publish format-standard has-post-thumbnail hentry category-convocatorias\">\n<h2 class=\"wp-block-post-title\"><a href=\"https:\/\/blog.uclm.es\/catedraculturaydesarrollorural\/resolucion-definitiva-de-premios-cultura-patrimonio-e-innovacion-en-el-medio-rural-2024\/\" target=\"_self\" >Resoluci\u00f3n definitiva de Premios Cultura, Patrimonio e Innovaci\u00f3n en el Medio Rural 2024<\/a><\/h2>\n\n<figure style=\"width:170px;height:170px;\" class=\"alignleft wp-block-post-featured-image\"><a href=\"https:\/\/blog.uclm.es\/catedraculturaydesarrollorural\/resolucion-definitiva-de-premios-cultura-patrimonio-e-innovacion-en-el-medio-rural-2024\/\" target=\"_self\"  style=\"height:170px\"><img loading=\"lazy\" decoding=\"async\" width=\"604\" height=\"270\" src=\"https:\/\/blog.uclm.es\/catedraculturaydesarrollorural\/wp-content\/uploads\/sites\/191\/2022\/02\/list-g34b77b14a_1920-604x270.jpg\" class=\"attachment-post-thumbnail size-post-thumbnail wp-post-image\" alt=\"Resoluci\u00f3n definitiva de Premios Cultura, Patrimonio e Innovaci\u00f3n en el Medio Rural 2024\" style=\"height:170px;object-fit:cover;\" \/><\/a><\/figure>\n\n<div class=\"has-text-align-left wp-block-post-excerpt\"><p class=\"wp-block-post-excerpt__excerpt\">Reunida la comisi\u00f3n de selecci\u00f3n contemplada en la convocatoria, se resuelve otorgar los premios a las siguientes\u00a0entidades: Documentaci\u00f3n:<\/p><p class=\"wp-block-post-excerpt__more-text\"><a class=\"wp-block-post-excerpt__more-link\" href=\"https:\/\/blog.uclm.es\/catedraculturaydesarrollorural\/resolucion-definitiva-de-premios-cultura-patrimonio-e-innovacion-en-el-medio-rural-2024\/\">Leer m\u00e1s&#8230;<\/a><\/p><\/div>\n\n\n<hr class=\"wp-block-separator has-css-opacity\" \/>\n\n\n<div class=\"wp-block-post-date\"><time datetime=\"2024-12-20T17:34:10+01:00\">20 de diciembre de 2024<\/time><\/div>\n<\/li><li class=\"wp-block-post post-663 post type-post status-publish format-standard has-post-thumbnail hentry category-convocatorias category-noticias\">\n<h2 class=\"wp-block-post-title\"><a href=\"https:\/\/blog.uclm.es\/catedraculturaydesarrollorural\/convocatoria-premios-cultura-patrimonio-e-innovacion-en-el-medio-rural-2024\/\" target=\"_self\" >Convocatoria Premios Cultura, Patrimonio e Innovaci\u00f3n en el Medio Rural 2024<\/a><\/h2>\n\n<figure style=\"width:170px;height:170px;\" class=\"alignleft wp-block-post-featured-image\"><a href=\"https:\/\/blog.uclm.es\/catedraculturaydesarrollorural\/convocatoria-premios-cultura-patrimonio-e-innovacion-en-el-medio-rural-2024\/\" target=\"_self\"  style=\"height:170px\"><img loading=\"lazy\" decoding=\"async\" width=\"604\" height=\"270\" src=\"https:\/\/blog.uclm.es\/catedraculturaydesarrollorural\/wp-content\/uploads\/sites\/191\/2024\/07\/rrss-13-100-e1720034599659-604x270.jpg\" class=\"attachment-post-thumbnail size-post-thumbnail wp-post-image\" alt=\"Convocatoria Premios Cultura, Patrimonio e Innovaci\u00f3n en el Medio Rural 2024\" style=\"height:170px;object-fit:cover;\" \/><\/a><\/figure>\n\n<div class=\"has-text-align-left wp-block-post-excerpt\"><p class=\"wp-block-post-excerpt__excerpt\">Plazo: desde el 20 de junio hasta el 18 de octubre de 2024.<\/p><p class=\"wp-block-post-excerpt__more-text\"><a class=\"wp-block-post-excerpt__more-link\" href=\"https:\/\/blog.uclm.es\/catedraculturaydesarrollorural\/convocatoria-premios-cultura-patrimonio-e-innovacion-en-el-medio-rural-2024\/\">Leer m\u00e1s&#8230;<\/a><\/p><\/div>\n\n\n<hr class=\"wp-block-separator has-css-opacity\" \/>\n\n\n<div class=\"wp-block-post-date\"><time datetime=\"2024-07-03T20:24:48+01:00\">3 de julio de 2024<\/time><\/div>\n<\/li><\/ul>\n\n\n<hr class=\"wp-block-separator has-alpha-channel-opacity\" \/>\n<\/div>\n\n\n\n<h2 class=\"has-text-align-center wp-block-heading\">Noticias<\/h2>\n\n\n\n<div class=\"wp-block-query is-layout-flow wp-block-query-is-layout-flow\"><ul class=\"is-flex-container columns-3 alignwide wp-block-post-template is-layout-flow wp-block-post-template-is-layout-flow\"><li class=\"wp-block-post post-663 post type-post status-publish format-standard has-post-thumbnail hentry category-convocatorias category-noticias\">\n<h2 class=\"has-text-align-left wp-block-post-title\"><a href=\"https:\/\/blog.uclm.es\/catedraculturaydesarrollorural\/convocatoria-premios-cultura-patrimonio-e-innovacion-en-el-medio-rural-2024\/\" target=\"_self\" >Convocatoria Premios Cultura, Patrimonio e Innovaci\u00f3n en el Medio Rural 2024<\/a><\/h2>\n\n<figure style=\"width:170px;height:170px;\" class=\"alignleft wp-block-post-featured-image\"><a href=\"https:\/\/blog.uclm.es\/catedraculturaydesarrollorural\/convocatoria-premios-cultura-patrimonio-e-innovacion-en-el-medio-rural-2024\/\" target=\"_self\"  style=\"height:170px\"><img loading=\"lazy\" decoding=\"async\" width=\"604\" height=\"270\" src=\"https:\/\/blog.uclm.es\/catedraculturaydesarrollorural\/wp-content\/uploads\/sites\/191\/2024\/07\/rrss-13-100-e1720034599659-604x270.jpg\" class=\"attachment-post-thumbnail size-post-thumbnail wp-post-image\" alt=\"Convocatoria Premios Cultura, Patrimonio e Innovaci\u00f3n en el Medio Rural 2024\" style=\"height:170px;object-fit:cover;\" \/><\/a><\/figure>\n\n<div class=\"has-text-align-left wp-block-post-excerpt\"><p class=\"wp-block-post-excerpt__excerpt\">Plazo: desde el 20 de junio hasta el 18 de octubre de 2024.<\/p><p class=\"wp-block-post-excerpt__more-text\"><a class=\"wp-block-post-excerpt__more-link\" href=\"https:\/\/blog.uclm.es\/catedraculturaydesarrollorural\/convocatoria-premios-cultura-patrimonio-e-innovacion-en-el-medio-rural-2024\/\">Leer m\u00e1s&#8230;<\/a><\/p><\/div>\n\n\n<hr class=\"wp-block-separator has-css-opacity\" \/>\n\n\n<div class=\"wp-block-post-date\"><time datetime=\"2024-07-03T20:24:48+01:00\">3 de julio de 2024<\/time><\/div>\n<\/li><li class=\"wp-block-post post-653 post type-post status-publish format-standard has-post-thumbnail hentry category-convocatorias category-noticias\">\n<h2 class=\"has-text-align-left wp-block-post-title\"><a href=\"https:\/\/blog.uclm.es\/catedraculturaydesarrollorural\/convocatoria-premios-tfm-y-tfg-2024\/\" target=\"_self\" >Convocatoria Premios TFM y TFG 2024<\/a><\/h2>\n\n<figure style=\"width:170px;height:170px;\" class=\"alignleft wp-block-post-featured-image\"><a href=\"https:\/\/blog.uclm.es\/catedraculturaydesarrollorural\/convocatoria-premios-tfm-y-tfg-2024\/\" target=\"_self\"  style=\"height:170px\"><img loading=\"lazy\" decoding=\"async\" width=\"604\" height=\"270\" src=\"https:\/\/blog.uclm.es\/catedraculturaydesarrollorural\/wp-content\/uploads\/sites\/191\/2024\/07\/Mesa-de-trabajo-11-100-e1720031063455-604x270.jpg\" class=\"attachment-post-thumbnail size-post-thumbnail wp-post-image\" alt=\"Convocatoria Premios TFM y TFG 2024\" style=\"height:170px;object-fit:cover;\" \/><\/a><\/figure>\n\n<div class=\"has-text-align-left wp-block-post-excerpt\"><p class=\"wp-block-post-excerpt__excerpt\">Plazo: desde el 20 de junio hasta el 4 de noviembre de 2024.<\/p><p class=\"wp-block-post-excerpt__more-text\"><a class=\"wp-block-post-excerpt__more-link\" href=\"https:\/\/blog.uclm.es\/catedraculturaydesarrollorural\/convocatoria-premios-tfm-y-tfg-2024\/\">Leer m\u00e1s&#8230;<\/a><\/p><\/div>\n\n\n<hr class=\"wp-block-separator has-css-opacity\" \/>\n\n\n<div class=\"wp-block-post-date\"><time datetime=\"2024-07-03T19:30:41+01:00\">3 de julio de 2024<\/time><\/div>\n<\/li><li class=\"wp-block-post post-605 post type-post status-publish format-standard has-post-thumbnail hentry category-noticias\">\n<h2 class=\"has-text-align-left wp-block-post-title\"><a href=\"https:\/\/blog.uclm.es\/catedraculturaydesarrollorural\/acto-de-entrega-de-premios-cultura-patrimonio-e-innovacion-y-premios-a-tfg-y-tfm-2023\/\" target=\"_self\" >Acto de entrega de \u00abPremios Cultura, Patrimonio e Innovaci\u00f3n\u00bb y Premios a TFG y TFM 2023<\/a><\/h2>\n\n<figure style=\"width:170px;height:170px;\" class=\"alignleft wp-block-post-featured-image\"><a href=\"https:\/\/blog.uclm.es\/catedraculturaydesarrollorural\/acto-de-entrega-de-premios-cultura-patrimonio-e-innovacion-y-premios-a-tfg-y-tfm-2023\/\" target=\"_self\"  style=\"height:170px\"><img loading=\"lazy\" decoding=\"async\" width=\"604\" height=\"270\" src=\"https:\/\/blog.uclm.es\/catedraculturaydesarrollorural\/wp-content\/uploads\/sites\/191\/2024\/02\/20240215-FOTO-FAMILIA-604x270.png\" class=\"attachment-post-thumbnail size-post-thumbnail wp-post-image\" alt=\"Acto de entrega de \u00abPremios Cultura, Patrimonio e Innovaci\u00f3n\u00bb y Premios a TFG y TFM 2023\" style=\"height:170px;object-fit:cover;\" \/><\/a><\/figure>\n\n<div class=\"has-text-align-left wp-block-post-excerpt\"><p class=\"wp-block-post-excerpt__excerpt\">La C\u00e1tedra de la Fundaci\u00f3n Eurocaja Rural-UCLM reconoce los mejores TFG y TFM de 2023 y entrega los \u201cPremios Cultura, Patrimonio e Innovaci\u00f3n en el Medio Rural\u201d.<\/p><p class=\"wp-block-post-excerpt__more-text\"><a class=\"wp-block-post-excerpt__more-link\" href=\"https:\/\/blog.uclm.es\/catedraculturaydesarrollorural\/acto-de-entrega-de-premios-cultura-patrimonio-e-innovacion-y-premios-a-tfg-y-tfm-2023\/\">Leer m\u00e1s&#8230;<\/a><\/p><\/div>\n\n\n<hr class=\"wp-block-separator has-css-opacity\" \/>\n\n\n<div class=\"wp-block-post-date\"><time datetime=\"2024-02-15T21:30:14+01:00\">15 de febrero de 2024<\/time><\/div>\n<\/li><\/ul>\n\n\n<hr class=\"wp-block-separator has-alpha-channel-opacity\" \/>\n<\/div>\n\n\n\n<h2 class=\"has-text-align-center wp-block-heading\">Contacta con nosotros<\/h2>\n\n\n\n<p class=\"has-text-align-center\">Si tienes alguna pregunta o deseas m\u00e1s informaci\u00f3n, no dudes en ponerte en contacto con nosotros.<\/p>\n\n\n\n<div class=\"wp-block-buttons is-content-justification-center is-layout-flex wp-container-core-buttons-is-layout-16018d1d wp-block-buttons-is-layout-flex\">\n<div class=\"wp-block-button is-style-fill\"><a class=\"wp-block-button__link has-background wp-element-button\" href=\"mailto:catedra.cydr@uclm.es\" style=\"background:linear-gradient(95deg,rgb(78,122,90) 3%,rgb(179,3,51) 100%)\" target=\"_blank\" rel=\"noreferrer noopener\"><strong>CONTACTAR<\/strong><\/a><\/div>\n<\/div>\n\n\n\n<div style=\"height:100px\" aria-hidden=\"true\" class=\"wp-block-spacer\"><\/div>\n","protected":false},"excerpt":{"rendered":"<p>La&nbsp;C\u00e1tedra Fundaci\u00f3n Eurocaja Rural-UCLM, que desde 2021 tiene como nuevo eje trabajar por la&nbsp;Cultura y el Desarrollo Rural, se encarga de la organizaci\u00f3n de actividades de investigaci\u00f3n, desarrollo e innovaci\u00f3n; cursos de postgrado y de especializaci\u00f3n para estudiantes y profesionales; convocatoria de becas y premios a los mejores Trabajo Fin de Grado (TFG) y Trabajo &hellip; <a href=\"https:\/\/blog.uclm.es\/catedraculturaydesarrollorural\/\" class=\"more-link\">Seguir leyendo <span class=\"screen-reader-text\"><\/span> <span class=\"meta-nav\">&rarr;<\/span><\/a><\/p>\n","protected":false},"author":380,"featured_media":0,"parent":0,"menu_order":0,"comment_status":"closed","ping_status":"closed","template":"","meta":{"footnotes":""},"class_list":["post-83","page","type-page","status-publish","hentry"],"_links":{"self":[{"href":"https:\/\/blog.uclm.es\/catedraculturaydesarrollorural\/wp-json\/wp\/v2\/pages\/83","targetHints":{"allow":["GET"]}}],"collection":[{"href":"https:\/\/blog.uclm.es\/catedraculturaydesarrollorural\/wp-json\/wp\/v2\/pages"}],"about":[{"href":"https:\/\/blog.uclm.es\/catedraculturaydesarrollorural\/wp-json\/wp\/v2\/types\/page"}],"author":[{"embeddable":true,"href":"https:\/\/blog.uclm.es\/catedraculturaydesarrollorural\/wp-json\/wp\/v2\/users\/380"}],"replies":[{"embeddable":true,"href":"https:\/\/blog.uclm.es\/catedraculturaydesarrollorural\/wp-json\/wp\/v2\/comments?post=83"}],"version-history":[{"count":42,"href":"https:\/\/blog.uclm.es\/catedraculturaydesarrollorural\/wp-json\/wp\/v2\/pages\/83\/revisions"}],"predecessor-version":[{"id":497,"href":"https:\/\/blog.uclm.es\/catedraculturaydesarrollorural\/wp-json\/wp\/v2\/pages\/83\/revisions\/497"}],"wp:attachment":[{"href":"https:\/\/blog.uclm.es\/catedraculturaydesarrollorural\/wp-json\/wp\/v2\/media?parent=83"}],"curies":[{"name":"wp","href":"https:\/\/api.w.org\/{rel}","templated":true}]}}