{"id":55,"date":"2022-06-07T09:49:06","date_gmt":"2022-06-07T08:49:06","guid":{"rendered":"https:\/\/blog.uclm.es\/catedraculturaydesarrollorural\/?page_id=55"},"modified":"2023-02-12T15:53:03","modified_gmt":"2023-02-12T14:53:03","slug":"noticias","status":"publish","type":"page","link":"https:\/\/blog.uclm.es\/catedraculturaydesarrollorural\/noticias\/","title":{"rendered":""},"content":{"rendered":"\n<div class=\"wp-block-cover alignwide is-light is-repeated\" style=\"min-height:220px;aspect-ratio:unset;\"><span aria-hidden=\"true\" class=\"wp-block-cover__background has-background-dim-0 has-background-dim\"><\/span><div role=\"img\" class=\"wp-block-cover__image-background wp-image-504 is-repeated\" style=\"background-position:100% 50%;background-image:url(https:\/\/blog.uclm.es\/catedraculturaydesarrollorural\/wp-content\/uploads\/sites\/191\/2023\/02\/Mini-cabecera-7.png)\"><\/div><div class=\"wp-block-cover__inner-container is-layout-flow wp-block-cover-is-layout-flow\">\n<p class=\"has-text-align-left has-dark-gray-color has-text-color has-x-large-font-size\" style=\"font-style:normal;font-weight:900\"><strong>Noticias<\/strong><\/p>\n<\/div><\/div>\n\n\n\n<div class=\"wp-block-query is-layout-flow wp-block-query-is-layout-flow\"><ul class=\"is-flex-container columns-3 alignwide wp-block-post-template is-layout-flow wp-block-post-template-is-layout-flow\"><li class=\"wp-block-post post-663 post type-post status-publish format-standard has-post-thumbnail hentry category-convocatorias category-noticias\">\n<h2 class=\"has-text-align-left wp-block-post-title\"><a href=\"https:\/\/blog.uclm.es\/catedraculturaydesarrollorural\/convocatoria-premios-cultura-patrimonio-e-innovacion-en-el-medio-rural-2024\/\" target=\"_self\" >Convocatoria Premios Cultura, Patrimonio e Innovaci\u00f3n en el Medio Rural 2024<\/a><\/h2>\n\n<figure style=\"width:170px;height:170px;\" class=\"alignleft wp-block-post-featured-image\"><a href=\"https:\/\/blog.uclm.es\/catedraculturaydesarrollorural\/convocatoria-premios-cultura-patrimonio-e-innovacion-en-el-medio-rural-2024\/\" target=\"_self\"  style=\"height:170px\"><img loading=\"lazy\" decoding=\"async\" width=\"604\" height=\"270\" src=\"https:\/\/blog.uclm.es\/catedraculturaydesarrollorural\/wp-content\/uploads\/sites\/191\/2024\/07\/rrss-13-100-e1720034599659-604x270.jpg\" class=\"attachment-post-thumbnail size-post-thumbnail wp-post-image\" alt=\"Convocatoria Premios Cultura, Patrimonio e Innovaci\u00f3n en el Medio Rural 2024\" style=\"height:170px;object-fit:cover;\" \/><\/a><\/figure>\n\n<div class=\"wp-block-post-excerpt\"><p class=\"wp-block-post-excerpt__excerpt\">Plazo: desde el 20 de junio hasta el 18 de octubre de 2024.<\/p><p class=\"wp-block-post-excerpt__more-text\"><a class=\"wp-block-post-excerpt__more-link\" href=\"https:\/\/blog.uclm.es\/catedraculturaydesarrollorural\/convocatoria-premios-cultura-patrimonio-e-innovacion-en-el-medio-rural-2024\/\">Leer m\u00e1s&#8230;<\/a><\/p><\/div>\n\n\n<hr class=\"wp-block-separator has-css-opacity\" \/>\n\n\n<div class=\"wp-block-post-date\"><time datetime=\"2024-07-03T20:24:48+01:00\">3 de julio de 2024<\/time><\/div>\n<\/li><li class=\"wp-block-post post-653 post type-post status-publish format-standard has-post-thumbnail hentry category-convocatorias category-noticias\">\n<h2 class=\"has-text-align-left wp-block-post-title\"><a href=\"https:\/\/blog.uclm.es\/catedraculturaydesarrollorural\/convocatoria-premios-tfm-y-tfg-2024\/\" target=\"_self\" >Convocatoria Premios TFM y TFG 2024<\/a><\/h2>\n\n<figure style=\"width:170px;height:170px;\" class=\"alignleft wp-block-post-featured-image\"><a href=\"https:\/\/blog.uclm.es\/catedraculturaydesarrollorural\/convocatoria-premios-tfm-y-tfg-2024\/\" target=\"_self\"  style=\"height:170px\"><img loading=\"lazy\" decoding=\"async\" width=\"604\" height=\"270\" src=\"https:\/\/blog.uclm.es\/catedraculturaydesarrollorural\/wp-content\/uploads\/sites\/191\/2024\/07\/Mesa-de-trabajo-11-100-e1720031063455-604x270.jpg\" class=\"attachment-post-thumbnail size-post-thumbnail wp-post-image\" alt=\"Convocatoria Premios TFM y TFG 2024\" style=\"height:170px;object-fit:cover;\" \/><\/a><\/figure>\n\n<div class=\"wp-block-post-excerpt\"><p class=\"wp-block-post-excerpt__excerpt\">Plazo: desde el 20 de junio hasta el 4 de noviembre de 2024.<\/p><p class=\"wp-block-post-excerpt__more-text\"><a class=\"wp-block-post-excerpt__more-link\" href=\"https:\/\/blog.uclm.es\/catedraculturaydesarrollorural\/convocatoria-premios-tfm-y-tfg-2024\/\">Leer m\u00e1s&#8230;<\/a><\/p><\/div>\n\n\n<hr class=\"wp-block-separator has-css-opacity\" \/>\n\n\n<div class=\"wp-block-post-date\"><time datetime=\"2024-07-03T19:30:41+01:00\">3 de julio de 2024<\/time><\/div>\n<\/li><li class=\"wp-block-post post-605 post type-post status-publish format-standard has-post-thumbnail hentry category-noticias\">\n<h2 class=\"has-text-align-left wp-block-post-title\"><a href=\"https:\/\/blog.uclm.es\/catedraculturaydesarrollorural\/acto-de-entrega-de-premios-cultura-patrimonio-e-innovacion-y-premios-a-tfg-y-tfm-2023\/\" target=\"_self\" >Acto de entrega de \u00abPremios Cultura, Patrimonio e Innovaci\u00f3n\u00bb y Premios a TFG y TFM 2023<\/a><\/h2>\n\n<figure style=\"width:170px;height:170px;\" class=\"alignleft wp-block-post-featured-image\"><a href=\"https:\/\/blog.uclm.es\/catedraculturaydesarrollorural\/acto-de-entrega-de-premios-cultura-patrimonio-e-innovacion-y-premios-a-tfg-y-tfm-2023\/\" target=\"_self\"  style=\"height:170px\"><img loading=\"lazy\" decoding=\"async\" width=\"604\" height=\"270\" src=\"https:\/\/blog.uclm.es\/catedraculturaydesarrollorural\/wp-content\/uploads\/sites\/191\/2024\/02\/20240215-FOTO-FAMILIA-604x270.png\" class=\"attachment-post-thumbnail size-post-thumbnail wp-post-image\" alt=\"Acto de entrega de \u00abPremios Cultura, Patrimonio e Innovaci\u00f3n\u00bb y Premios a TFG y TFM 2023\" style=\"height:170px;object-fit:cover;\" \/><\/a><\/figure>\n\n<div class=\"wp-block-post-excerpt\"><p class=\"wp-block-post-excerpt__excerpt\">La C\u00e1tedra de la Fundaci\u00f3n Eurocaja Rural-UCLM reconoce los mejores TFG y TFM de 2023 y entrega los \u201cPremios Cultura, Patrimonio e Innovaci\u00f3n en el Medio Rural\u201d.<\/p><p class=\"wp-block-post-excerpt__more-text\"><a class=\"wp-block-post-excerpt__more-link\" href=\"https:\/\/blog.uclm.es\/catedraculturaydesarrollorural\/acto-de-entrega-de-premios-cultura-patrimonio-e-innovacion-y-premios-a-tfg-y-tfm-2023\/\">Leer m\u00e1s&#8230;<\/a><\/p><\/div>\n\n\n<hr class=\"wp-block-separator has-css-opacity\" \/>\n\n\n<div class=\"wp-block-post-date\"><time datetime=\"2024-02-15T21:30:14+01:00\">15 de febrero de 2024<\/time><\/div>\n<\/li><li class=\"wp-block-post post-584 post type-post status-publish format-standard has-post-thumbnail hentry category-noticias\">\n<h2 class=\"has-text-align-left wp-block-post-title\"><a href=\"https:\/\/blog.uclm.es\/catedraculturaydesarrollorural\/presentacion-de-una-monografia-de-estudios-geograficos-en-castilla-la-mancha\/\" target=\"_self\" >Presentaci\u00f3n de una monograf\u00eda de estudios geogr\u00e1ficos en Castilla-La Mancha<\/a><\/h2>\n\n<figure style=\"width:170px;height:170px;\" class=\"alignleft wp-block-post-featured-image\"><a href=\"https:\/\/blog.uclm.es\/catedraculturaydesarrollorural\/presentacion-de-una-monografia-de-estudios-geograficos-en-castilla-la-mancha\/\" target=\"_self\"  style=\"height:170px\"><img loading=\"lazy\" decoding=\"async\" width=\"604\" height=\"270\" src=\"https:\/\/blog.uclm.es\/catedraculturaydesarrollorural\/wp-content\/uploads\/sites\/191\/2023\/12\/WhatsApp-Image-2023-10-18-at-14.07.40-3-e1702300236938-604x270.jpeg\" class=\"attachment-post-thumbnail size-post-thumbnail wp-post-image\" alt=\"Presentaci\u00f3n de una monograf\u00eda de estudios geogr\u00e1ficos en Castilla-La Mancha\" style=\"height:170px;object-fit:cover;\" \/><\/a><\/figure>\n\n<div class=\"wp-block-post-excerpt\"><p class=\"wp-block-post-excerpt__excerpt\">Presentaci\u00f3n de la monograf\u00eda \u00abUn acercamiento a lo rural. Estudios geogr\u00e1ficos de Castilla-La Mancha\u00bb.<\/p><p class=\"wp-block-post-excerpt__more-text\"><a class=\"wp-block-post-excerpt__more-link\" href=\"https:\/\/blog.uclm.es\/catedraculturaydesarrollorural\/presentacion-de-una-monografia-de-estudios-geograficos-en-castilla-la-mancha\/\">Leer m\u00e1s&#8230;<\/a><\/p><\/div>\n\n\n<hr class=\"wp-block-separator has-css-opacity\" \/>\n\n\n<div class=\"wp-block-post-date\"><time datetime=\"2023-10-18T21:33:00+01:00\">18 de octubre de 2023<\/time><\/div>\n<\/li><li class=\"wp-block-post post-560 post type-post status-publish format-standard has-post-thumbnail hentry category-noticias\">\n<h2 class=\"has-text-align-left wp-block-post-title\"><a href=\"https:\/\/blog.uclm.es\/catedraculturaydesarrollorural\/iii-jornadas-del-centro-de-estudios-territoriales-iberoamericanos-ceti-en-la-facultad-de-humanidades-de-toledo\/\" target=\"_self\" >III Jornadas del Centro de Estudios Territoriales Iberoamericanos (CETI) en la Facultad de Humanidades de Toledo<\/a><\/h2>\n\n<figure style=\"width:170px;height:170px;\" class=\"alignleft wp-block-post-featured-image\"><a href=\"https:\/\/blog.uclm.es\/catedraculturaydesarrollorural\/iii-jornadas-del-centro-de-estudios-territoriales-iberoamericanos-ceti-en-la-facultad-de-humanidades-de-toledo\/\" target=\"_self\"  style=\"height:170px\"><img loading=\"lazy\" decoding=\"async\" width=\"604\" height=\"270\" src=\"https:\/\/blog.uclm.es\/catedraculturaydesarrollorural\/wp-content\/uploads\/sites\/191\/2023\/10\/WhatsApp-Image-2023-10-18-at-14.07.40-2-604x270.jpeg\" class=\"attachment-post-thumbnail size-post-thumbnail wp-post-image\" alt=\"III Jornadas del Centro de Estudios Territoriales Iberoamericanos (CETI) en la Facultad de Humanidades de Toledo\" style=\"height:170px;object-fit:cover;\" \/><\/a><\/figure>\n\n<div class=\"wp-block-post-excerpt\"><p class=\"wp-block-post-excerpt__excerpt\">En el marco de las III Jornadas de Estudios del CETI la Facultad de Humanidades de Toledo presenta una monograf\u00eda de estudios geogr\u00e1ficos de Castilla-La Mancha.<\/p><p class=\"wp-block-post-excerpt__more-text\"><a class=\"wp-block-post-excerpt__more-link\" href=\"https:\/\/blog.uclm.es\/catedraculturaydesarrollorural\/iii-jornadas-del-centro-de-estudios-territoriales-iberoamericanos-ceti-en-la-facultad-de-humanidades-de-toledo\/\">Leer m\u00e1s&#8230;<\/a><\/p><\/div>\n\n\n<hr class=\"wp-block-separator has-css-opacity\" \/>\n\n\n<div class=\"wp-block-post-date\"><time datetime=\"2023-10-18T21:10:00+01:00\">18 de octubre de 2023<\/time><\/div>\n<\/li><li class=\"wp-block-post post-555 post type-post status-publish format-standard has-post-thumbnail hentry category-noticias\">\n<h2 class=\"has-text-align-left wp-block-post-title\"><a href=\"https:\/\/blog.uclm.es\/catedraculturaydesarrollorural\/exposicion-itinerante-mujeres-rurales-ocio-y-trabajo-en-castilla-la-mancha\/\" target=\"_self\" >Exposici\u00f3n itinerante \u201cMujeres rurales. Ocio y trabajo en Castilla-La Mancha\u201d<\/a><\/h2>\n\n<figure style=\"width:170px;height:170px;\" class=\"alignleft wp-block-post-featured-image\"><a href=\"https:\/\/blog.uclm.es\/catedraculturaydesarrollorural\/exposicion-itinerante-mujeres-rurales-ocio-y-trabajo-en-castilla-la-mancha\/\" target=\"_self\"  style=\"height:170px\"><img loading=\"lazy\" decoding=\"async\" width=\"604\" height=\"270\" src=\"https:\/\/blog.uclm.es\/catedraculturaydesarrollorural\/wp-content\/uploads\/sites\/191\/2023\/12\/Imagen-de-WhatsApp-2023-12-11-a-las-13.48.12_240bc36a-604x270.jpg\" class=\"attachment-post-thumbnail size-post-thumbnail wp-post-image\" alt=\"Exposici\u00f3n itinerante \u201cMujeres rurales. Ocio y trabajo en Castilla-La Mancha\u201d\" style=\"height:170px;object-fit:cover;\" \/><\/a><\/figure>\n\n<div class=\"wp-block-post-excerpt\"><p class=\"wp-block-post-excerpt__excerpt\">Hasta el 26 de octubre en la Facultad de Ciencias Sociales y Tecnolog\u00edas de la Informaci\u00f3n de Talavera de la Reina.<\/p><p class=\"wp-block-post-excerpt__more-text\"><a class=\"wp-block-post-excerpt__more-link\" href=\"https:\/\/blog.uclm.es\/catedraculturaydesarrollorural\/exposicion-itinerante-mujeres-rurales-ocio-y-trabajo-en-castilla-la-mancha\/\">Leer m\u00e1s&#8230;<\/a><\/p><\/div>\n\n\n<hr class=\"wp-block-separator has-css-opacity\" \/>\n\n\n<div class=\"wp-block-post-date\"><time datetime=\"2023-10-16T14:03:00+01:00\">16 de octubre de 2023<\/time><\/div>\n<\/li><li class=\"wp-block-post post-514 post type-post status-publish format-standard has-post-thumbnail hentry category-noticias\">\n<h2 class=\"has-text-align-left wp-block-post-title\"><a href=\"https:\/\/blog.uclm.es\/catedraculturaydesarrollorural\/presentacion-de-la-ii-edicion-de-bicifolk\/\" target=\"_self\" >Presentaci\u00f3n de la II Edici\u00f3n de Bicifolk<\/a><\/h2>\n\n<figure style=\"width:170px;height:170px;\" class=\"alignleft wp-block-post-featured-image\"><a href=\"https:\/\/blog.uclm.es\/catedraculturaydesarrollorural\/presentacion-de-la-ii-edicion-de-bicifolk\/\" target=\"_self\"  style=\"height:170px\"><img loading=\"lazy\" decoding=\"async\" width=\"604\" height=\"270\" src=\"https:\/\/blog.uclm.es\/catedraculturaydesarrollorural\/wp-content\/uploads\/sites\/191\/2023\/03\/Presentacion_II_Bicifolk-604x270.jpg\" class=\"attachment-post-thumbnail size-post-thumbnail wp-post-image\" alt=\"Presentaci\u00f3n de la II Edici\u00f3n de Bicifolk\" style=\"height:170px;object-fit:cover;\" \/><\/a><\/figure>\n\n<div class=\"wp-block-post-excerpt\"><p class=\"wp-block-post-excerpt__excerpt\">La UCLM presenta la II Edici\u00f3n del proyecto Bicifolk.<\/p><p class=\"wp-block-post-excerpt__more-text\"><a class=\"wp-block-post-excerpt__more-link\" href=\"https:\/\/blog.uclm.es\/catedraculturaydesarrollorural\/presentacion-de-la-ii-edicion-de-bicifolk\/\">Leer m\u00e1s&#8230;<\/a><\/p><\/div>\n\n\n<hr class=\"wp-block-separator has-css-opacity\" \/>\n\n\n<div class=\"wp-block-post-date\"><time datetime=\"2023-03-23T18:21:26+01:00\">23 de marzo de 2023<\/time><\/div>\n<\/li><li class=\"wp-block-post post-441 post type-post status-publish format-standard has-post-thumbnail hentry category-noticias\">\n<h2 class=\"has-text-align-left wp-block-post-title\"><a href=\"https:\/\/blog.uclm.es\/catedraculturaydesarrollorural\/acto-de-entrega-de-premios-cultura-patrimonio-e-innovacion-y-premios-tfg-y-tfm-2022\/\" target=\"_self\" >Acto de entrega de \u201cPremios Cultura, Patrimonio e Innovaci\u00f3n\u201d y Premios TFG y TFM\u201d 2022<\/a><\/h2>\n\n<figure style=\"width:170px;height:170px;\" class=\"alignleft wp-block-post-featured-image\"><a href=\"https:\/\/blog.uclm.es\/catedraculturaydesarrollorural\/acto-de-entrega-de-premios-cultura-patrimonio-e-innovacion-y-premios-tfg-y-tfm-2022\/\" target=\"_self\"  style=\"height:170px\"><img loading=\"lazy\" decoding=\"async\" width=\"604\" height=\"270\" src=\"https:\/\/blog.uclm.es\/catedraculturaydesarrollorural\/wp-content\/uploads\/sites\/191\/2023\/02\/Fm8RfDVX0AEP5rI-1-604x270.png\" class=\"attachment-post-thumbnail size-post-thumbnail wp-post-image\" alt=\"Acto de entrega de \u201cPremios Cultura, Patrimonio e Innovaci\u00f3n\u201d y Premios TFG y TFM\u201d 2022\" style=\"height:170px;object-fit:cover;\" \/><\/a><\/figure>\n\n<div class=\"wp-block-post-excerpt\"><p class=\"wp-block-post-excerpt__excerpt\">La C\u00e1tedra Fundaci\u00f3n Eurocaja Rural-UCLM reconoce los mejores TFG y TFM de 2022 y entrega los \u00abPremios Cultura, Patrimonio e Innovaci\u00f3n en el Medio Rural\u00bb.<\/p><p class=\"wp-block-post-excerpt__more-text\"><a class=\"wp-block-post-excerpt__more-link\" href=\"https:\/\/blog.uclm.es\/catedraculturaydesarrollorural\/acto-de-entrega-de-premios-cultura-patrimonio-e-innovacion-y-premios-tfg-y-tfm-2022\/\">Leer m\u00e1s&#8230;<\/a><\/p><\/div>\n\n\n<hr class=\"wp-block-separator has-css-opacity\" \/>\n\n\n<div class=\"wp-block-post-date\"><time datetime=\"2023-01-19T10:00:00+01:00\">19 de enero de 2023<\/time><\/div>\n<\/li><li class=\"wp-block-post post-418 post type-post status-publish format-standard has-post-thumbnail hentry category-noticias\">\n<h2 class=\"has-text-align-left wp-block-post-title\"><a href=\"https:\/\/blog.uclm.es\/catedraculturaydesarrollorural\/la-uclm-presenta-el-programa-marcela\/\" target=\"_self\" >La UCLM presenta el \u00abPrograma Marcela\u00bb<\/a><\/h2>\n\n<figure style=\"width:170px;height:170px;\" class=\"alignleft wp-block-post-featured-image\"><a href=\"https:\/\/blog.uclm.es\/catedraculturaydesarrollorural\/la-uclm-presenta-el-programa-marcela\/\" target=\"_self\"  style=\"height:170px\"><img loading=\"lazy\" decoding=\"async\" width=\"604\" height=\"270\" src=\"https:\/\/blog.uclm.es\/catedraculturaydesarrollorural\/wp-content\/uploads\/sites\/191\/2023\/02\/image-604x270.png\" class=\"attachment-post-thumbnail size-post-thumbnail wp-post-image\" alt=\"La UCLM presenta el \u00abPrograma Marcela\u00bb\" style=\"height:170px;object-fit:cover;\" \/><\/a><\/figure>\n\n<div class=\"wp-block-post-excerpt\"><p class=\"wp-block-post-excerpt__excerpt\">La UCLM presenta el Programa Marcela: cultura universitaria en el medio rural<\/p><p class=\"wp-block-post-excerpt__more-text\"><a class=\"wp-block-post-excerpt__more-link\" href=\"https:\/\/blog.uclm.es\/catedraculturaydesarrollorural\/la-uclm-presenta-el-programa-marcela\/\">Leer m\u00e1s&#8230;<\/a><\/p><\/div>\n\n\n<hr class=\"wp-block-separator has-css-opacity\" \/>\n\n\n<div class=\"wp-block-post-date\"><time datetime=\"2022-11-21T10:00:00+01:00\">21 de noviembre de 2022<\/time><\/div>\n<\/li><li class=\"wp-block-post post-421 post type-post status-publish format-standard has-post-thumbnail hentry category-noticias\">\n<h2 class=\"has-text-align-left wp-block-post-title\"><a href=\"https:\/\/blog.uclm.es\/catedraculturaydesarrollorural\/inaugurado-el-seminario-la-despoblacion-en-el-medio-rural\/\" target=\"_self\" >Inaugurado el seminario \u201cLa despoblaci\u00f3n en el medio rural<\/a><\/h2>\n\n<figure style=\"width:170px;height:170px;\" class=\"alignleft wp-block-post-featured-image\"><a href=\"https:\/\/blog.uclm.es\/catedraculturaydesarrollorural\/inaugurado-el-seminario-la-despoblacion-en-el-medio-rural\/\" target=\"_self\"  style=\"height:170px\"><img loading=\"lazy\" decoding=\"async\" width=\"604\" height=\"270\" src=\"https:\/\/blog.uclm.es\/catedraculturaydesarrollorural\/wp-content\/uploads\/sites\/191\/2023\/02\/Inauguracion-seminario-604x270.png\" class=\"attachment-post-thumbnail size-post-thumbnail wp-post-image\" alt=\"Inaugurado el seminario \u201cLa despoblaci\u00f3n en el medio rural\" style=\"height:170px;object-fit:cover;\" \/><\/a><\/figure>\n\n<div class=\"wp-block-post-excerpt\"><p class=\"wp-block-post-excerpt__excerpt\">Expertos acad\u00e9micos analizan la despoblaci\u00f3n en el medio rural gracias a la C\u00e1tedra Fundaci\u00f3n Eurocaja Rural-UCLM.<\/p><p class=\"wp-block-post-excerpt__more-text\"><a class=\"wp-block-post-excerpt__more-link\" href=\"https:\/\/blog.uclm.es\/catedraculturaydesarrollorural\/inaugurado-el-seminario-la-despoblacion-en-el-medio-rural\/\">Leer m\u00e1s&#8230;<\/a><\/p><\/div>\n\n\n<hr class=\"wp-block-separator has-css-opacity\" \/>\n\n\n<div class=\"wp-block-post-date\"><time datetime=\"2022-11-09T10:00:00+01:00\">9 de noviembre de 2022<\/time><\/div>\n<\/li><li class=\"wp-block-post post-433 post type-post status-publish format-standard has-post-thumbnail hentry category-noticias\">\n<h2 class=\"has-text-align-left wp-block-post-title\"><a href=\"https:\/\/blog.uclm.es\/catedraculturaydesarrollorural\/inaugurada-la-exposicion-mujeres-rurales-ocio-y-trabajo-en-castilla-la-mancha\/\" target=\"_self\" >Inaugurada la exposici\u00f3n \u00abMujeres rurales. Ocio y trabajo en Castilla-La Mancha\u00bb<\/a><\/h2>\n\n<figure style=\"width:170px;height:170px;\" class=\"alignleft wp-block-post-featured-image\"><a href=\"https:\/\/blog.uclm.es\/catedraculturaydesarrollorural\/inaugurada-la-exposicion-mujeres-rurales-ocio-y-trabajo-en-castilla-la-mancha\/\" target=\"_self\"  style=\"height:170px\"><img loading=\"lazy\" decoding=\"async\" width=\"604\" height=\"270\" src=\"https:\/\/blog.uclm.es\/catedraculturaydesarrollorural\/wp-content\/uploads\/sites\/191\/2023\/02\/FfSx89cWQAAgdW2-604x270.png\" class=\"attachment-post-thumbnail size-post-thumbnail wp-post-image\" alt=\"Inaugurada la exposici\u00f3n \u00abMujeres rurales. Ocio y trabajo en Castilla-La Mancha\u00bb\" style=\"height:170px;object-fit:cover;\" \/><\/a><\/figure>\n\n<div class=\"wp-block-post-excerpt\"><p class=\"wp-block-post-excerpt__excerpt\">La exposici\u00f3n podr\u00e1 visitarse del 17 de octubre al 18 de noviembre en el patio de la Facultad de Humanidades (Toledo).<\/p><p class=\"wp-block-post-excerpt__more-text\"><a class=\"wp-block-post-excerpt__more-link\" href=\"https:\/\/blog.uclm.es\/catedraculturaydesarrollorural\/inaugurada-la-exposicion-mujeres-rurales-ocio-y-trabajo-en-castilla-la-mancha\/\">Leer m\u00e1s&#8230;<\/a><\/p><\/div>\n\n\n<hr class=\"wp-block-separator has-css-opacity\" \/>\n\n\n<div class=\"wp-block-post-date\"><time datetime=\"2022-10-18T10:00:00+01:00\">18 de octubre de 2022<\/time><\/div>\n<\/li><li class=\"wp-block-post post-446 post type-post status-publish format-standard has-post-thumbnail hentry category-noticias\">\n<h2 class=\"has-text-align-left wp-block-post-title\"><a href=\"https:\/\/blog.uclm.es\/catedraculturaydesarrollorural\/convocatoria-premios-cultura-patrimonio-e-innovacion-en-el-medio-rural\/\" target=\"_self\" >Convocatoria \u00ab\u2018Premios Cultura, Patrimonio e Innovaci\u00f3n en el Medio Rural\u00bb<\/a><\/h2>\n\n<figure style=\"width:170px;height:170px;\" class=\"alignleft wp-block-post-featured-image\"><a href=\"https:\/\/blog.uclm.es\/catedraculturaydesarrollorural\/convocatoria-premios-cultura-patrimonio-e-innovacion-en-el-medio-rural\/\" target=\"_self\"  style=\"height:170px\"><img loading=\"lazy\" decoding=\"async\" width=\"604\" height=\"270\" src=\"https:\/\/blog.uclm.es\/catedraculturaydesarrollorural\/wp-content\/uploads\/sites\/191\/2023\/02\/image-1-604x270.jpeg\" class=\"attachment-post-thumbnail size-post-thumbnail wp-post-image\" alt=\"Convocatoria \u00ab\u2018Premios Cultura, Patrimonio e Innovaci\u00f3n en el Medio Rural\u00bb\" style=\"height:170px;object-fit:cover;\" \/><\/a><\/figure>\n\n<div class=\"wp-block-post-excerpt\"><p class=\"wp-block-post-excerpt__excerpt\">La C\u00e1tedra Fundaci\u00f3n Eurocaja Rural-UCLM convoca los \u2018Premios Cultura, Patrimonio e Innovaci\u00f3n en el Medio Rural\u2019.<\/p><p class=\"wp-block-post-excerpt__more-text\"><a class=\"wp-block-post-excerpt__more-link\" href=\"https:\/\/blog.uclm.es\/catedraculturaydesarrollorural\/convocatoria-premios-cultura-patrimonio-e-innovacion-en-el-medio-rural\/\">Leer m\u00e1s&#8230;<\/a><\/p><\/div>\n\n\n<hr class=\"wp-block-separator has-css-opacity\" \/>\n\n\n<div class=\"wp-block-post-date\"><time datetime=\"2022-06-06T10:00:00+01:00\">6 de junio de 2022<\/time><\/div>\n<\/li><li class=\"wp-block-post post-413 post type-post status-publish format-standard has-post-thumbnail hentry category-noticias\">\n<h2 class=\"has-text-align-left wp-block-post-title\"><a href=\"https:\/\/blog.uclm.es\/catedraculturaydesarrollorural\/nuevo-convenio-fundacion-eurocaja-rural-y-uclm\/\" target=\"_self\" >Nuevo convenio Fundaci\u00f3n Eurocaja Rural y UCLM<\/a><\/h2>\n\n<figure style=\"width:170px;height:170px;\" class=\"alignleft wp-block-post-featured-image\"><a href=\"https:\/\/blog.uclm.es\/catedraculturaydesarrollorural\/nuevo-convenio-fundacion-eurocaja-rural-y-uclm\/\" target=\"_self\"  style=\"height:170px\"><img loading=\"lazy\" decoding=\"async\" width=\"604\" height=\"270\" src=\"https:\/\/blog.uclm.es\/catedraculturaydesarrollorural\/wp-content\/uploads\/sites\/191\/2023\/02\/convenio_uclm-604x270.png\" class=\"attachment-post-thumbnail size-post-thumbnail wp-post-image\" alt=\"Nuevo convenio Fundaci\u00f3n Eurocaja Rural y UCLM\" style=\"height:170px;object-fit:cover;\" \/><\/a><\/figure>\n\n<div class=\"wp-block-post-excerpt\"><p class=\"wp-block-post-excerpt__excerpt\">Fundaci\u00f3n Eurocaja Rural y UCLM refuerzan su alianza con la firma de un nuevo convenio.<\/p><p class=\"wp-block-post-excerpt__more-text\"><a class=\"wp-block-post-excerpt__more-link\" href=\"https:\/\/blog.uclm.es\/catedraculturaydesarrollorural\/nuevo-convenio-fundacion-eurocaja-rural-y-uclm\/\">Leer m\u00e1s&#8230;<\/a><\/p><\/div>\n\n\n<hr class=\"wp-block-separator has-css-opacity\" \/>\n\n\n<div class=\"wp-block-post-date\"><time datetime=\"2021-05-28T17:36:00+01:00\">28 de mayo de 2021<\/time><\/div>\n<\/li><\/ul><\/div>\n","protected":false},"excerpt":{"rendered":"","protected":false},"author":380,"featured_media":0,"parent":0,"menu_order":0,"comment_status":"closed","ping_status":"closed","template":"","meta":{"footnotes":""},"class_list":["post-55","page","type-page","status-publish","hentry"],"_links":{"self":[{"href":"https:\/\/blog.uclm.es\/catedraculturaydesarrollorural\/wp-json\/wp\/v2\/pages\/55","targetHints":{"allow":["GET"]}}],"collection":[{"href":"https:\/\/blog.uclm.es\/catedraculturaydesarrollorural\/wp-json\/wp\/v2\/pages"}],"about":[{"href":"https:\/\/blog.uclm.es\/catedraculturaydesarrollorural\/wp-json\/wp\/v2\/types\/page"}],"author":[{"embeddable":true,"href":"https:\/\/blog.uclm.es\/catedraculturaydesarrollorural\/wp-json\/wp\/v2\/users\/380"}],"replies":[{"embeddable":true,"href":"https:\/\/blog.uclm.es\/catedraculturaydesarrollorural\/wp-json\/wp\/v2\/comments?post=55"}],"version-history":[{"count":14,"href":"https:\/\/blog.uclm.es\/catedraculturaydesarrollorural\/wp-json\/wp\/v2\/pages\/55\/revisions"}],"predecessor-version":[{"id":509,"href":"https:\/\/blog.uclm.es\/catedraculturaydesarrollorural\/wp-json\/wp\/v2\/pages\/55\/revisions\/509"}],"wp:attachment":[{"href":"https:\/\/blog.uclm.es\/catedraculturaydesarrollorural\/wp-json\/wp\/v2\/media?parent=55"}],"curies":[{"name":"wp","href":"https:\/\/api.w.org\/{rel}","templated":true}]}}