{"id":52,"date":"2022-06-07T09:49:06","date_gmt":"2022-06-07T08:49:06","guid":{"rendered":"https:\/\/blog.uclm.es\/catedraculturaydesarrollorural\/?page_id=52"},"modified":"2023-02-12T15:51:43","modified_gmt":"2023-02-12T14:51:43","slug":"la-catedra","status":"publish","type":"page","link":"https:\/\/blog.uclm.es\/catedraculturaydesarrollorural\/la-catedra\/","title":{"rendered":""},"content":{"rendered":"\n<div class=\"wp-block-cover alignwide is-repeated\" style=\"min-height:220px;aspect-ratio:unset;\"><span aria-hidden=\"true\" class=\"wp-block-cover__background has-background-dim-0 has-background-dim\"><\/span><div role=\"img\" class=\"wp-block-cover__image-background wp-image-504 is-repeated\" style=\"background-position:100% 50%;background-image:url(https:\/\/blog.uclm.es\/catedraculturaydesarrollorural\/wp-content\/uploads\/sites\/191\/2023\/02\/Mini-cabecera-7.png)\"><\/div><div class=\"wp-block-cover__inner-container is-layout-flow wp-block-cover-is-layout-flow\">\n<p class=\"has-text-align-left has-dark-gray-color has-text-color has-x-large-font-size\" style=\"font-style:normal;font-weight:900\"><strong>La C\u00e1tedra<\/strong><\/p>\n<\/div><\/div>\n\n\n\n<p><\/p>\n\n\n\n<div class=\"wp-block-group alignwide is-vertical is-layout-flex wp-container-core-group-is-layout-8cf370e7 wp-block-group-is-layout-flex\">\n<h2 class=\"wp-block-heading\">Finalidad<\/h2>\n\n\n\n<p>Impulsar y promover acciones que fomenten la cultura y el desarrollo rural en Castilla-La Mancha.<\/p>\n\n\n\n<p><\/p>\n\n\n\n<h2 class=\"wp-block-heading\">Objetivos<\/h2>\n\n\n\n<ul class=\"wp-block-list\">\n<li>Desarrollar actividades e iniciativas de diversa \u00edndole \u2014divulgativas, formativas o de sensibilizaci\u00f3n, entre otras\u2014 en materia de cultura y desarrollo rural, que redunden en beneficio de la regi\u00f3n.<\/li>\n\n\n\n<li>Definir l\u00edneas de actuaci\u00f3n orientadas a la investigaci\u00f3n en el \u00e1mbito cultural y del desarrollo rural que repercutan en la identificaci\u00f3n de problem\u00e1ticas o de nuevas oportunidades, que, a su vez, puedan favorecer a comunidades o colectivos castellano-manchegos.<\/li>\n\n\n\n<li>Promover la innovaci\u00f3n y la transformaci\u00f3n digital en el medio rural a trav\u00e9s de iniciativas, cert\u00e1menes o actuaciones de diversa \u00edndole alineados con las estrategias regionales.<\/li>\n<\/ul>\n\n\n\n<p><\/p>\n\n\n\n<h2 class=\"wp-block-heading\">Directores<\/h2>\n\n\n\n<ul class=\"wp-block-list\">\n<li><strong>Rebeca Rubio Rivera<\/strong> \u2013 Prof. Titular de Universidad de Historia Antigua y Arqueolog\u00eda Romana de la Facultad de Humanidades de Toledo.<\/li>\n\n\n\n<li><strong>Luis Alfonso Escudero G\u00f3mez<\/strong> &#8211; Prof. Titular de Universidad de Geograf\u00eda y Ordenaci\u00f3n del Territorio de la Facultad de Humanidades de Toledo.<\/li>\n<\/ul>\n<\/div>\n","protected":false},"excerpt":{"rendered":"<p>Finalidad Impulsar y promover acciones que fomenten la cultura y el desarrollo rural en Castilla-La Mancha. Objetivos Directores<\/p>\n","protected":false},"author":380,"featured_media":0,"parent":0,"menu_order":0,"comment_status":"closed","ping_status":"closed","template":"","meta":{"footnotes":""},"class_list":["post-52","page","type-page","status-publish","hentry"],"_links":{"self":[{"href":"https:\/\/blog.uclm.es\/catedraculturaydesarrollorural\/wp-json\/wp\/v2\/pages\/52","targetHints":{"allow":["GET"]}}],"collection":[{"href":"https:\/\/blog.uclm.es\/catedraculturaydesarrollorural\/wp-json\/wp\/v2\/pages"}],"about":[{"href":"https:\/\/blog.uclm.es\/catedraculturaydesarrollorural\/wp-json\/wp\/v2\/types\/page"}],"author":[{"embeddable":true,"href":"https:\/\/blog.uclm.es\/catedraculturaydesarrollorural\/wp-json\/wp\/v2\/users\/380"}],"replies":[{"embeddable":true,"href":"https:\/\/blog.uclm.es\/catedraculturaydesarrollorural\/wp-json\/wp\/v2\/comments?post=52"}],"version-history":[{"count":33,"href":"https:\/\/blog.uclm.es\/catedraculturaydesarrollorural\/wp-json\/wp\/v2\/pages\/52\/revisions"}],"predecessor-version":[{"id":507,"href":"https:\/\/blog.uclm.es\/catedraculturaydesarrollorural\/wp-json\/wp\/v2\/pages\/52\/revisions\/507"}],"wp:attachment":[{"href":"https:\/\/blog.uclm.es\/catedraculturaydesarrollorural\/wp-json\/wp\/v2\/media?parent=52"}],"curies":[{"name":"wp","href":"https:\/\/api.w.org\/{rel}","templated":true}]}}