{"id":661,"date":"2022-07-13T09:03:15","date_gmt":"2022-07-13T08:03:15","guid":{"rendered":"https:\/\/blog.uclm.es\/catedraclaracampoamor\/?page_id=661"},"modified":"2023-11-09T08:27:13","modified_gmt":"2023-11-09T08:27:13","slug":"hoja-de-actualidad","status":"publish","type":"page","link":"https:\/\/blog.uclm.es\/catedraclaracampoamor\/investigacion-2\/hoja-de-actualidad\/","title":{"rendered":"Hoja de actualidad"},"content":{"rendered":"\n<h3 class=\"wp-block-heading alignwide\"><strong>Hoja de actualidad<\/strong><\/h3>\n\n\n\n<div class=\"wp-block-group alignwide is-layout-flow wp-block-group-is-layout-flow\">\n<div class=\"wp-block-group is-layout-constrained wp-block-group-is-layout-constrained\">\n<h4 class=\"wp-block-heading\">09 de noviembre de 2023<\/h4>\n\n\n\n<p><strong>\u00abLa violencia hacia las mujeres desde el \u00e1mbito sanitario: la violencia obst\u00e9trica<\/strong><strong>\u00ab<\/strong><\/p>\n\n\n\n<p>Mar\u00eda Humanes Garc\u00eda. Doctoranda en Ciencias de la Salud (UCLM). Facultad de Fisioterapia y Enfermer\u00eda de Toledo. UCLM.<br>Dra. M\u00aa Idoia Ugarte Gurrutxaga. PDI. Facultad de Fisioterapia y Enfermer\u00eda de Toledo. UCLM<\/p>\n\n\n\n<p><strong><a href=\"https:\/\/blog.uclm.es\/catedraclaracampoamor\/wp-content\/uploads\/sites\/158\/2023\/11\/Hoja-de-actualidad.-09-noviembre.-La-violencia-obstetrica.pdf\" data-type=\"link\" data-id=\"https:\/\/blog.uclm.es\/catedraclaracampoamor\/wp-content\/uploads\/sites\/158\/2023\/11\/Hoja-de-actualidad.-09-noviembre.-La-violencia-obstetrica.pdf\">Ver documento<\/a><\/strong><\/p>\n\n\n\n<h4 class=\"wp-block-heading\">28 de junio de 2023<\/h4>\n\n\n\n<p><strong>\u00ab28 de junio: D\u00eda internacional del orgullo, tambi\u00e9n conocido como d\u00eda internacional del orgullo LGTBI\u00bb<\/strong><\/p>\n\n\n\n<p>M\u00aa Jos\u00e9 Romero Rodenas, Catedr\u00e1tica de Derecho del Trabajo y de la Seguridad Social, UCLM. Directora de la C\u00e1tedra Clara Campoamor.<br>Andrea Cantos Mart\u00ednez, graduada en Derecho, alumna del master de abogac\u00eda UCLM. Becaria de Colaboraci\u00f3n C\u00e1tedra Clara Campoamor.<\/p>\n\n\n\n<p><strong><a href=\"https:\/\/blog.uclm.es\/catedraclaracampoamor\/wp-content\/uploads\/sites\/158\/2023\/06\/Hoja-Actualidad-28-junio-2023.pdf\" data-type=\"URL\" data-id=\"https:\/\/blog.uclm.es\/catedraclaracampoamor\/wp-content\/uploads\/sites\/158\/2023\/06\/Hoja-Actualidad-28-junio-2023.pdf\">Ver documento<\/a><\/strong><\/p>\n\n\n\n<h4 class=\"wp-block-heading\">14 de mayo de 2023<\/h4>\n\n\n\n<p><strong>\u00ab17 de mayo: D\u00eda contra la homofobia, la transfobia y la bifobia\u00bb<\/strong><\/p>\n\n\n\n<p>Directora M\u00aa Jos\u00e9 Romero Rodenas, Catedr\u00e1tica del Derecho del Trabajo y Seguridad Social UCLM. Directora de la C\u00e1tedra de Igualdad de G\u00e9nero y Diversidad \u00abClara Campoamor\u00bb.<\/p>\n\n\n\n<p>Andrea Cantos Mart\u00ednez, graduada en Derecho, alumna del master de abogac\u00eda UCLM. Becaria de Colaboraci\u00f3n C\u00e1tedra Clara Campoamor.<\/p>\n\n\n\n<p><strong><a href=\"https:\/\/blog.uclm.es\/catedraclaracampoamor\/wp-content\/uploads\/sites\/158\/2023\/05\/Hoja-Actualidad-17-MAYO-2023.pdf\" data-type=\"URL\" data-id=\"https:\/\/blog.uclm.es\/catedraclaracampoamor\/wp-content\/uploads\/sites\/158\/2023\/05\/Hoja-Actualidad-17-MAYO-2023.pdf\">Ver documento<\/a><\/strong><\/p>\n\n\n\n<h4 class=\"wp-block-heading\">14 de abril de 2023<\/h4>\n\n\n\n<p><strong>\u00abLas nuevas situaciones de incapacidad temporal para las mujeres a tenor de la reforma de la Ley Org\u00e1nica 1\/2023, de 28 de febrero, de Salud Sexual y Reproductiva\u00bb<\/strong><\/p>\n\n\n\n<p>Directora M\u00aa Jos\u00e9 Romero Rodenas, Catedr\u00e1tica del Derecho del Trabajo y Seguridad Social UCLM. Directora de la C\u00e1tedra de Igualdad de G\u00e9nero y Diversidad \u00abClara Campoamor\u00bb.<\/p>\n\n\n\n<p><strong><a href=\"https:\/\/blog.uclm.es\/catedraclaracampoamor\/wp-content\/uploads\/sites\/158\/2023\/04\/Hoja-Actualidad-14-abril-2023.pdf\" data-type=\"URL\" data-id=\"https:\/\/blog.uclm.es\/catedraclaracampoamor\/wp-content\/uploads\/sites\/158\/2023\/04\/Hoja-Actualidad-14-abril-2023.pdf\">Ver documento<\/a><\/strong><\/p>\n\n\n\n<h4 class=\"wp-block-heading\">11 de abril de 2023<\/h4>\n\n\n\n<p><strong>\u00abLa acumulaci\u00f3n de permisos por nacimiento en familias monomarentales y la sentencia del Tribunal Supremo del 2 de marzo de 2023: \u00bfY ahora que?\u00bb<\/strong><\/p>\n\n\n\n<p>Milena Bogoni. Profesora Contratada Doctora de Derecho del Trabajo y de la Seguridad Social. Facultad de RR.LL. de Albacete. Universidad de Castilla-La Mancha.<\/p>\n\n\n\n<p><strong><a href=\"https:\/\/blog.uclm.es\/catedraclaracampoamor\/wp-content\/uploads\/sites\/158\/2023\/04\/Hoja-Actualidad-11-abril-2023.pdf\" data-type=\"URL\" data-id=\"https:\/\/blog.uclm.es\/catedraclaracampoamor\/wp-content\/uploads\/sites\/158\/2023\/04\/Hoja-Actualidad-11-abril-2023.pdf\">Ver documento<\/a><\/strong><\/p>\n\n\n\n<h4 class=\"wp-block-heading\">30 de marzo de 2023<\/h4>\n\n\n\n<p><strong>\u00abGrandes l\u00edneas de la brecha en las pensiones contributivas de la Seguridad Social\u00bb<\/strong><\/p>\n\n\n\n<p>Directora M\u00aa Jos\u00e9 Romero Rodenas, Catedr\u00e1tica del Derecho del Trabajo y Seguridad Social UCLM. Directora de la C\u00e1tedra de Igualdad de G\u00e9nero y Diversidad \u00abClara Campoamor\u00bb.<\/p>\n\n\n\n<p><strong><a href=\"https:\/\/blog.uclm.es\/catedraclaracampoamor\/wp-content\/uploads\/sites\/158\/2023\/04\/Hoja-Actualidad-30-de-marzo-2023.pdf\" data-type=\"URL\" data-id=\"https:\/\/blog.uclm.es\/catedraclaracampoamor\/wp-content\/uploads\/sites\/158\/2023\/04\/Hoja-Actualidad-30-de-marzo-2023.pdf\">Ver documento<\/a><\/strong><\/p>\n\n\n\n<h4 class=\"wp-block-heading\">08 de marzo de 2023<\/h4>\n\n\n\n<p><strong>\u00ab8 de marzo, avanzamos en derechos\u00bb<\/strong><\/p>\n\n\n\n<p>Directora M\u00aa Jos\u00e9 Romero Rodenas, Catedr\u00e1tica del Derecho del Trabajo y Seguridad Social. Directora de la C\u00e1tedra de Igualdad de G\u00e9nero y Diversidad \u00abClara Campoamor\u00bb.<\/p>\n\n\n\n<p><strong><a href=\"https:\/\/blog.uclm.es\/catedraclaracampoamor\/wp-content\/uploads\/sites\/158\/2023\/03\/Hoja-de-Actualidad-08-de-marzo-de-2023.pdf\" data-type=\"URL\" data-id=\"https:\/\/blog.uclm.es\/catedraclaracampoamor\/wp-content\/uploads\/sites\/158\/2023\/03\/Hoja-de-Actualidad-08-de-marzo-de-2023.pdf\">Ver documento<\/a><\/strong><\/p>\n\n\n\n<h4 class=\"wp-block-heading\">22 de febrero de 2023<\/h4>\n\n\n\n<p><strong>\u00abLa segregaci\u00f3n ocupacional como factor desencadenante (no \u00fanico) de la brecha salarial de g\u00e9nero\u00bb<\/strong><\/p>\n\n\n\n<p>Directora M\u00aa Jos\u00e9 Romero Rodenas, Catedr\u00e1tica del Derecho del Trabajo y Seguridad Social. Directora de la C\u00e1tedra de Igualdad de G\u00e9nero y Diversidad \u00abClara Campoamor\u00bb.<\/p>\n\n\n\n<p><strong><a href=\"https:\/\/blog.uclm.es\/catedraclaracampoamor\/wp-content\/uploads\/sites\/158\/2023\/02\/4o-HOJA-22-de-Febrero-Dia-Europeo-de-la-Igualdad-Salarial.pdf\" data-type=\"URL\" data-id=\"https:\/\/blog.uclm.es\/catedraclaracampoamor\/wp-content\/uploads\/sites\/158\/2023\/02\/4o-HOJA-22-de-Febrero-Dia-Europeo-de-la-Igualdad-Salarial.pdf\">Ver documento<\/a><\/strong><\/p>\n\n\n\n<h4 class=\"wp-block-heading\">01 de febrero de 2023<\/h4>\n\n\n\n<p><strong>\u00abReconducci\u00f3n artificiosa del derecho en la filiaci\u00f3n sobre mujeres progenitoras (I)\u00bb<\/strong><\/p>\n\n\n\n<p>Autora Andrea Cantos Martinez, becaria de colaboraci\u00f3n \u201cC\u00e1tedra Clara Campoamor\u201d, estudiante ULCM<\/p>\n\n\n\n<p>Directora M\u00aa Jos\u00e9 Romero Rodenas, Catedr\u00e1tica del Derecho del Trabajo y Seguridad Social<\/p>\n\n\n\n<p><strong><a href=\"https:\/\/blog.uclm.es\/catedraclaracampoamor\/wp-content\/uploads\/sites\/158\/2023\/01\/Hoja-actualidad-01-febrero-2023.pdf\" data-type=\"URL\" data-id=\"https:\/\/blog.uclm.es\/catedraclaracampoamor\/wp-content\/uploads\/sites\/158\/2023\/01\/Hoja-actualidad-01-febrero-2023.pdf\">Ver documento<\/a><\/strong><\/p>\n\n\n\n<h4 class=\"wp-block-heading\">30 de enero de 2023<\/h4>\n\n\n\n<p><strong>\u00abLa violencia contra las mujeres y ni\u00f1as con discapacidad\u00bb<\/strong><\/p>\n\n\n\n<p>Dra. M\u00aa Idoia Ugarte Gurrutxaga. Profesora e investigadora del Departamento de Enfermer\u00eda, Fisioterapia y Terapia Ocupacional. UCLM.<\/p>\n\n\n\n<p><strong><a href=\"https:\/\/blog.uclm.es\/catedraclaracampoamor\/wp-content\/uploads\/sites\/158\/2023\/01\/Hoja-actualidad-30-enero-2023.pdf\" data-type=\"URL\" data-id=\"https:\/\/blog.uclm.es\/catedraclaracampoamor\/wp-content\/uploads\/sites\/158\/2023\/01\/Hoja-actualidad-30-enero-2023.pdf\">Ver documento<\/a><\/strong><\/p>\n\n\n\n<h4 class=\"wp-block-heading\">13 de enero de 2023<\/h4>\n\n\n\n<p><strong>\u00abTutela judicial de las v\u00edctimas de acoso sexual ante la jurisdicci\u00f3n social: procedimiento de tutela de los derechos fundamentales (parte II)\u00bb<\/strong><\/p>\n\n\n\n<p>M\u00aa Jos\u00e9 Romero Rodenas, Catedr\u00e1tica de Derecho del Trabajo y de la Seguridad Social, UCLM. Directora de la C\u00e1tedra Igualdad de G\u00e9nero y Diversidad \u201cClara Campoamor\u201d.<\/p>\n\n\n\n<p><strong><a href=\"https:\/\/blog.uclm.es\/catedraclaracampoamor\/wp-content\/uploads\/sites\/158\/2023\/01\/Hoja-de-Actualidad-13-de-enero-de-2023.pdf\" data-type=\"URL\" data-id=\"https:\/\/blog.uclm.es\/catedraclaracampoamor\/wp-content\/uploads\/sites\/158\/2023\/01\/Hoja-de-Actualidad-13-de-enero-de-2023.pdf\">Ver documento<\/a><\/strong><\/p>\n\n\n\n<h4 class=\"wp-block-heading\">09 de enero de 2023<\/h4>\n\n\n\n<p><strong>\u00abTutela judicial de las v\u00edctimas de acoso sexual ante la jurisdicci\u00f3n social: procedimiento de tutela de los derechos fundamentales (parte I)\u00bb<\/strong><\/p>\n\n\n\n<p>M\u00aa Jos\u00e9 Romero Rodenas, Catedr\u00e1tica de Derecho del Trabajo y de la Seguridad Social, UCLM. Directora de la C\u00e1tedra Igualdad de G\u00e9nero y Diversidad \u201cClara Campoamor\u201d.<\/p>\n\n\n\n<p><a href=\"https:\/\/blog.uclm.es\/catedraclaracampoamor\/wp-content\/uploads\/sites\/158\/2023\/01\/Hoja-de-Actualidad-9-de-enero-2023.pdf\" data-type=\"URL\" data-id=\"https:\/\/blog.uclm.es\/catedraclaracampoamor\/wp-content\/uploads\/sites\/158\/2023\/01\/Hoja-de-Actualidad-9-de-enero-2023.pdf\"><strong>Ver documento<\/strong><\/a><\/p>\n\n\n\n<h4 class=\"wp-block-heading\">27 de noviembre de 2022<\/h4>\n\n\n\n<p><strong>\u00abLos protocolos de acoso de las empresas deber\u00e1n adaptarse cuando entre en vigor el Convenio 190 OIT\u00bb<\/strong><\/p>\n\n\n\n<p>Juana Serrano Garc\u00eda, Profesora Titular de Derecho del Trabajo y de la Seguridad Social, UCLM. Decana de la Facultad de Ciencias Sociales, Talavera.<\/p>\n\n\n\n<p><a rel=\"noreferrer noopener\" href=\"https:\/\/blog.uclm.es\/catedraclaracampoamor\/wp-content\/uploads\/sites\/158\/2022\/11\/HOJA-DE-ACTUALIDAD-27-11-2022.pdf\" data-type=\"URL\" data-id=\"https:\/\/blog.uclm.es\/catedraclaracampoamor\/wp-content\/uploads\/sites\/158\/2022\/11\/HOJA-DE-ACTUALIDAD-27-11-2022.pdf\" target=\"_blank\"><strong>Ver documento<\/strong><\/a><\/p>\n\n\n\n<h4 class=\"wp-block-heading\">08 de noviembre de 2022<\/h4>\n\n\n\n<p><strong>\u00ab<strong>La violencia en las relaciones de trabajo: las diversas formas de acoso y sus repercusiones en la salud de las personas trabajadoras<\/strong>\u00ab<\/strong><\/p>\n\n\n\n<p><\/p>\n\n\n\n<p><em>Gratiela Moraru<br>Profesora Ayudante Doctora en Derecho del Trabajo y de la Seguridad Social<br><\/em>Secretaria Acad\u00e9mica Facultad de Relaciones Laborales y RRHH UCLM<\/p>\n\n\n\n<p><\/p>\n\n\n\n<p><strong><a href=\"https:\/\/blog.uclm.es\/catedraclaracampoamor\/wp-content\/uploads\/sites\/158\/2022\/11\/hoja-de-actualidad-Nov-2022-La-violencia-en-las-relaciones-de-trabajo.pdf\" data-type=\"URL\" data-id=\"https:\/\/blog.uclm.es\/catedraclaracampoamor\/wp-content\/uploads\/sites\/158\/2022\/11\/hoja-de-actualidad-Nov-2022-La-violencia-en-las-relaciones-de-trabajo.pdf\" target=\"_blank\" rel=\"noreferrer noopener\">Ver documento<\/a><\/strong><\/p>\n\n\n\n<h4 class=\"wp-block-heading\">19 de septiembre de 2022<\/h4>\n\n\n\n<p><strong>\u00abLey Org\u00e1nica 10\/2022, de 6 de septiembre, de garant\u00eda integral de la libertad sexual. Inmutabilidad de la naturaleza jur\u00eddica del delito\u00bb<\/strong><\/p>\n\n\n\n<p><\/p>\n\n\n\n<p><em>M\u00aa Jos\u00e9 Romero Rodenas<br>Directora de la C\u00e1tedra Clara Campoamor<br>Catedr\u00e1tica del Derecho del Trabajo, UCLM<\/em><\/p>\n\n\n\n<p><em>Andrea Cantos Mart\u00ednez<\/em><br><em>Becaria C\u00e1tedra Clara Campoamor, estudiante Facultad de Derecho UCLM<\/em><\/p>\n\n\n\n<p><strong><a href=\"https:\/\/blog.uclm.es\/catedraclaracampoamor\/wp-content\/uploads\/sites\/158\/2022\/11\/2022-09-19-libertad-sexual.pdf\" data-type=\"URL\" data-id=\"https:\/\/blog.uclm.es\/catedraclaracampoamor\/wp-content\/uploads\/sites\/158\/2022\/11\/2022-09-19-libertad-sexual.pdf\" target=\"_blank\" rel=\"noreferrer noopener\">Ver documento<\/a><\/strong><\/p>\n\n\n\n<h4 class=\"wp-block-heading\">09 de septiembre de 2022<\/h4>\n\n\n\n<p><strong>\u00abLey 5\/2022, de 6 de mayo, de Diversidad Sexual y Derechos LGTBI en Castilla-La Mancha\u00bb<\/strong><\/p>\n\n\n\n<p><\/p>\n\n\n\n<p><em>M\u00aa Jos\u00e9 Romero Rodenas<br>Directora de la C\u00e1tedra Clara Campoamor<br>Catedr\u00e1tica del Derecho del Trabajo, UCLM<\/em><\/p>\n\n\n\n<p><em>Andrea Cantos Mart\u00ednez<\/em><br><em>Becaria C\u00e1tedra Clara Campoamor, estudiante Facultad de Derecho UCLM<\/em><\/p>\n\n\n\n<p><strong><a href=\"https:\/\/blog.uclm.es\/catedraclaracampoamor\/wp-content\/uploads\/sites\/158\/2022\/11\/2022-9-Septiembre-Diversidad-LGTBI.pdf\" data-type=\"URL\" data-id=\"https:\/\/blog.uclm.es\/catedraclaracampoamor\/wp-content\/uploads\/sites\/158\/2022\/11\/2022-9-Septiembre-Diversidad-LGTBI.pdf\" target=\"_blank\" rel=\"noreferrer noopener\">Ver documento<\/a><\/strong><\/p>\n\n\n\n<h4 class=\"wp-block-heading\">28 de julio de 2022<\/h4>\n\n\n\n<p><strong>\u00abLa autoridad independiente para la igualdad de trato y la no discriminaci\u00f3n en la Ley 15\/2022, de 12 de julio\u00bb<\/strong><\/p>\n\n\n\n<p><em>Carmen Delgado Garrido<\/em><br><em>Estudiante de doctorado de la UCLM<\/em><\/p>\n\n\n\n<p><strong><a href=\"https:\/\/blog.uclm.es\/catedraclaracampoamor\/wp-content\/uploads\/sites\/158\/2022\/07\/Hoja-de-actualidad-nu\u0301m.-3.pdf\" target=\"_blank\" rel=\"noopener\">Ver documento<\/a><\/strong><\/p>\n<\/div>\n\n\n\n<div class=\"wp-block-group is-layout-constrained wp-block-group-is-layout-constrained\">\n<h4 class=\"wp-block-heading\">21 de julio de 2022<\/h4>\n\n\n\n<p><strong>\u00abEspejismos entre v\u00edctimas y verdugos (I)\u00bb<\/strong><\/p>\n\n\n\n<p><em>Andrea Cantos Mart\u00ednez<\/em><br><em>Becaria C\u00e1tedra Clara Campoamor, estudiante Facultad de Derecho UCLM<\/em><\/p>\n\n\n\n<p><strong><a href=\"https:\/\/blog.uclm.es\/catedraclaracampoamor\/wp-content\/uploads\/sites\/158\/2022\/07\/Hoja-de-actualidad-nu\u0301m.-2.pdf\" target=\"_blank\" rel=\"noopener\">Ver documento<\/a><\/strong><\/p>\n<\/div>\n\n\n\n<div class=\"wp-block-group is-layout-constrained wp-block-group-is-layout-constrained\">\n<h4 class=\"wp-block-heading\">11 de julio de 2022<\/h4>\n\n\n\n<p><strong>\u00abPrestaci\u00f3n por nacimiento y cuidado del menor \u00bfmenor protecci\u00f3n a familias monoparentales? Entre la corresponsabilidad y el inter\u00e9s del cuidado del hijo e hija\u00bb<\/strong><\/p>\n\n\n\n<p><em>M\u00aa Jos\u00e9 Romero Rodenas<\/em><br><em>Directora de la C\u00e1tedra Clara Campoamor<\/em><br><em>Catedr\u00e1tica del Derecho del Trabajo, UCLM<\/em><\/p>\n\n\n\n<p><em>Andrea Cantos Mart\u00ednez<\/em><br><em>Becaria C\u00e1tedra Clara Campoamor, estudiante Facultad de Derecho UCLM<\/em><\/p>\n\n\n\n<p><strong><a href=\"https:\/\/blog.uclm.es\/catedraclaracampoamor\/wp-content\/uploads\/sites\/158\/2022\/07\/Hoja_actualidad_julio-2022.pdf\" target=\"_blank\" rel=\"noopener\">Ver documento<\/a><\/strong><\/p>\n<\/div>\n<\/div>\n","protected":false},"excerpt":{"rendered":"<p>Hoja de actualidad 09 de noviembre de 2023 \u00abLa violencia hacia las mujeres desde el \u00e1mbito sanitario: la violencia obst\u00e9trica\u00ab Mar\u00eda Humanes Garc\u00eda. Doctoranda en Ciencias de la Salud (UCLM). Facultad de Fisioterapia y Enfermer\u00eda de Toledo. UCLM.Dra. M\u00aa Idoia Ugarte Gurrutxaga. PDI. Facultad de Fisioterapia y Enfermer\u00eda de Toledo. UCLM Ver documento 28 de [&hellip;]<\/p>\n","protected":false},"author":55,"featured_media":0,"parent":282,"menu_order":0,"comment_status":"closed","ping_status":"closed","template":"","meta":{"footnotes":""},"class_list":["post-661","page","type-page","status-publish","hentry"],"_links":{"self":[{"href":"https:\/\/blog.uclm.es\/catedraclaracampoamor\/wp-json\/wp\/v2\/pages\/661","targetHints":{"allow":["GET"]}}],"collection":[{"href":"https:\/\/blog.uclm.es\/catedraclaracampoamor\/wp-json\/wp\/v2\/pages"}],"about":[{"href":"https:\/\/blog.uclm.es\/catedraclaracampoamor\/wp-json\/wp\/v2\/types\/page"}],"author":[{"embeddable":true,"href":"https:\/\/blog.uclm.es\/catedraclaracampoamor\/wp-json\/wp\/v2\/users\/55"}],"replies":[{"embeddable":true,"href":"https:\/\/blog.uclm.es\/catedraclaracampoamor\/wp-json\/wp\/v2\/comments?post=661"}],"version-history":[{"count":29,"href":"https:\/\/blog.uclm.es\/catedraclaracampoamor\/wp-json\/wp\/v2\/pages\/661\/revisions"}],"predecessor-version":[{"id":1296,"href":"https:\/\/blog.uclm.es\/catedraclaracampoamor\/wp-json\/wp\/v2\/pages\/661\/revisions\/1296"}],"up":[{"embeddable":true,"href":"https:\/\/blog.uclm.es\/catedraclaracampoamor\/wp-json\/wp\/v2\/pages\/282"}],"wp:attachment":[{"href":"https:\/\/blog.uclm.es\/catedraclaracampoamor\/wp-json\/wp\/v2\/media?parent=661"}],"curies":[{"name":"wp","href":"https:\/\/api.w.org\/{rel}","templated":true}]}}