{"id":626,"date":"2022-06-02T08:54:54","date_gmt":"2022-06-02T07:54:54","guid":{"rendered":"https:\/\/blog.uclm.es\/catedraclaracampoamor\/?page_id=626"},"modified":"2023-07-14T12:18:53","modified_gmt":"2023-07-14T12:18:53","slug":"investigacion-2022","status":"publish","type":"page","link":"https:\/\/blog.uclm.es\/catedraclaracampoamor\/investigacion-2\/investigacion-2022\/","title":{"rendered":"Investigaci\u00f3n 2022"},"content":{"rendered":"\n<h3 class=\"wp-block-heading alignwide has-text-align-left\">                  <strong>Investigaci\u00f3n 2022<\/strong><\/h3>\n\n\n\n<h4 class=\"wp-block-heading\">Libros y gu\u00edas<\/h4>\n\n\n\n<hr class=\"wp-block-separator has-text-color has-tertiary-color has-alpha-channel-opacity has-tertiary-background-color has-background is-style-wide\" \/>\n\n\n\n<figure class=\"wp-block-image size-large\"><img loading=\"lazy\" decoding=\"async\" width=\"1024\" height=\"702\" src=\"https:\/\/blog.uclm.es\/catedraclaracampoamor\/wp-content\/uploads\/sites\/158\/2022\/12\/Portada-El-acoso-sexual-y-por-razon-de-sexo-17x24-1-1024x702.jpg\" alt=\"\" class=\"wp-image-1158\" srcset=\"https:\/\/blog.uclm.es\/catedraclaracampoamor\/wp-content\/uploads\/sites\/158\/2022\/12\/Portada-El-acoso-sexual-y-por-razon-de-sexo-17x24-1-1024x702.jpg 1024w, https:\/\/blog.uclm.es\/catedraclaracampoamor\/wp-content\/uploads\/sites\/158\/2022\/12\/Portada-El-acoso-sexual-y-por-razon-de-sexo-17x24-1-300x206.jpg 300w, https:\/\/blog.uclm.es\/catedraclaracampoamor\/wp-content\/uploads\/sites\/158\/2022\/12\/Portada-El-acoso-sexual-y-por-razon-de-sexo-17x24-1-768x527.jpg 768w, https:\/\/blog.uclm.es\/catedraclaracampoamor\/wp-content\/uploads\/sites\/158\/2022\/12\/Portada-El-acoso-sexual-y-por-razon-de-sexo-17x24-1-1536x1053.jpg 1536w, https:\/\/blog.uclm.es\/catedraclaracampoamor\/wp-content\/uploads\/sites\/158\/2022\/12\/Portada-El-acoso-sexual-y-por-razon-de-sexo-17x24-1-2048x1404.jpg 2048w\" sizes=\"auto, (max-width: 1024px) 100vw, 1024px\" \/><\/figure>\n\n\n\n<p><strong>\u00abLibro: Lecciones de acoso sexual y por razones de sexo\u00bb \u00ab<br><\/strong><em>Autor\u00eda:<br>Maria Jos\u00e9 Romero R\u00f3denas<br>Catedr\u00e1tica de Derecho del Trabajo y Seguridad Social UCLM<br>Gratiela Moraru<\/em><br><strong><a rel=\"noreferrer noopener\" href=\"https:\/\/blog.uclm.es\/catedraclaracampoamor\/wp-content\/uploads\/sites\/158\/2022\/11\/LIBRO-El-acoso-sexual-y-por-razon-de-sexo.pdf\" data-type=\"URL\" data-id=\"https:\/\/blog.uclm.es\/catedraclaracampoamor\/wp-content\/uploads\/sites\/158\/2022\/11\/LIBRO-El-acoso-sexual-y-por-razon-de-sexo.pdf\" target=\"_blank\">Ver documento<\/a><\/strong><\/p>\n\n\n\n<hr class=\"wp-block-separator has-text-color has-tertiary-color has-alpha-channel-opacity has-tertiary-background-color has-background is-style-wide\" \/>\n\n\n\n<p><strong>\u00abGu\u00eda b\u00e1sica para la prevenci\u00f3n y sensibilizaci\u00f3n de la violencia contra las mujeres\u00bb<\/strong><br><em>Autor\u00eda:<br>Directora C\u00e1tedra Clara Campoamor<br>Maria Jos\u00e9 Romero R\u00f3denas<br>Catedr\u00e1tica de Derecho del Trabajo y Seguridad Social UCLM<br>Becaria colaboraci\u00f3n:<br>Andrea Cantos Mart\u00ednez<br>Estudiante del grado de Derecho UCLM<\/em><br><strong><a rel=\"noopener\" href=\"https:\/\/blog.uclm.es\/catedraclaracampoamor\/wp-content\/uploads\/sites\/158\/2022\/07\/UCLM-IGUALDAD-guia-violencia-genero-2022-jul2022_AAFF.pdf\" target=\"_blank\">Ver documento<\/a><\/strong><\/p>\n\n\n\n<hr class=\"wp-block-separator has-text-color has-tertiary-color has-alpha-channel-opacity has-tertiary-background-color has-background is-style-wide\" \/>\n\n\n\n<p><strong>\u00abGu\u00eda para el uso del lenguaje no sexista\u00bb.<br><\/strong><em>Directora: Maria Jos\u00e9 Romero R\u00f3denas<br>Colaboraci\u00f3n y autor\u00eda: Andrea Cantos Mart\u00ednez<\/em><strong><br><a rel=\"noopener\" href=\"https:\/\/blog.uclm.es\/catedraclaracampoamor\/wp-content\/uploads\/sites\/158\/2022\/06\/Gui\u0301a-para-el-uso-no-sexista-del-leguaje.pdf\" target=\"_blank\">Ver documento<\/a><\/strong><\/p>\n\n\n\n<hr class=\"wp-block-separator has-text-color has-tertiary-color has-alpha-channel-opacity has-tertiary-background-color has-background is-style-wide\" \/>\n\n\n\n<div style=\"height:100px\" aria-hidden=\"true\" class=\"wp-block-spacer\"><\/div>\n\n\n\n<p><\/p>\n\n\n\n<hr class=\"wp-block-separator has-alpha-channel-opacity\" \/>\n","protected":false},"excerpt":{"rendered":"<p>Investigaci\u00f3n 2022 Libros y gu\u00edas \u00abLibro: Lecciones de acoso sexual y por razones de sexo\u00bb \u00abAutor\u00eda:Maria Jos\u00e9 Romero R\u00f3denasCatedr\u00e1tica de Derecho del Trabajo y Seguridad Social UCLMGratiela MoraruVer documento \u00abGu\u00eda b\u00e1sica para la prevenci\u00f3n y sensibilizaci\u00f3n de la violencia contra las mujeres\u00bbAutor\u00eda:Directora C\u00e1tedra Clara CampoamorMaria Jos\u00e9 Romero R\u00f3denasCatedr\u00e1tica de Derecho del Trabajo y Seguridad Social [&hellip;]<\/p>\n","protected":false},"author":55,"featured_media":0,"parent":282,"menu_order":0,"comment_status":"closed","ping_status":"closed","template":"","meta":{"footnotes":""},"class_list":["post-626","page","type-page","status-publish","hentry"],"_links":{"self":[{"href":"https:\/\/blog.uclm.es\/catedraclaracampoamor\/wp-json\/wp\/v2\/pages\/626","targetHints":{"allow":["GET"]}}],"collection":[{"href":"https:\/\/blog.uclm.es\/catedraclaracampoamor\/wp-json\/wp\/v2\/pages"}],"about":[{"href":"https:\/\/blog.uclm.es\/catedraclaracampoamor\/wp-json\/wp\/v2\/types\/page"}],"author":[{"embeddable":true,"href":"https:\/\/blog.uclm.es\/catedraclaracampoamor\/wp-json\/wp\/v2\/users\/55"}],"replies":[{"embeddable":true,"href":"https:\/\/blog.uclm.es\/catedraclaracampoamor\/wp-json\/wp\/v2\/comments?post=626"}],"version-history":[{"count":10,"href":"https:\/\/blog.uclm.es\/catedraclaracampoamor\/wp-json\/wp\/v2\/pages\/626\/revisions"}],"predecessor-version":[{"id":1265,"href":"https:\/\/blog.uclm.es\/catedraclaracampoamor\/wp-json\/wp\/v2\/pages\/626\/revisions\/1265"}],"up":[{"embeddable":true,"href":"https:\/\/blog.uclm.es\/catedraclaracampoamor\/wp-json\/wp\/v2\/pages\/282"}],"wp:attachment":[{"href":"https:\/\/blog.uclm.es\/catedraclaracampoamor\/wp-json\/wp\/v2\/media?parent=626"}],"curies":[{"name":"wp","href":"https:\/\/api.w.org\/{rel}","templated":true}]}}