{"id":557,"date":"2022-04-08T10:20:05","date_gmt":"2022-04-08T09:20:05","guid":{"rendered":"https:\/\/blog.uclm.es\/catedraclaracampoamor\/?page_id=557"},"modified":"2022-11-03T15:03:17","modified_gmt":"2022-11-03T15:03:17","slug":"cursos","status":"publish","type":"page","link":"https:\/\/blog.uclm.es\/catedraclaracampoamor\/actividades\/cursos\/","title":{"rendered":"Cursos"},"content":{"rendered":"\n<h2 class=\"has-text-align-center wp-block-heading\">Cursos <\/h2>\n\n\n\n<div class=\"wp-block-query alignwide is-layout-constrained wp-block-query-is-layout-constrained\"><ul class=\"is-flex-container columns-2 alignwide wp-block-post-template is-layout-flow wp-block-post-template-is-layout-flow\"><li class=\"wp-block-post post-1218 post type-post status-publish format-standard has-post-thumbnail hentry category-actividades category-cursos\">\n<figure style=\"width:100%;height:318px;\" class=\"wp-block-post-featured-image\"><a href=\"https:\/\/blog.uclm.es\/catedraclaracampoamor\/2023\/03\/27\/curso-avances-nacionales-e-internacionales-en-la-prevencion-penal-contra-la-violencia-de-genero\/\" target=\"_self\"  style=\"height:318px\"><img loading=\"lazy\" decoding=\"async\" width=\"1299\" height=\"1229\" src=\"https:\/\/blog.uclm.es\/catedraclaracampoamor\/wp-content\/uploads\/sites\/158\/2023\/03\/Diptico-oficial-Curso-violencia-genero-abril-2023-1.jpg\" class=\"attachment-post-thumbnail size-post-thumbnail wp-post-image\" alt=\"Curso \u00abAvances nacionales e internacionales en la prevenci\u00f3n penal contra la violencia de g\u00e9nero\u00bb\" style=\"height:318px;object-fit:cover;\" srcset=\"https:\/\/blog.uclm.es\/catedraclaracampoamor\/wp-content\/uploads\/sites\/158\/2023\/03\/Diptico-oficial-Curso-violencia-genero-abril-2023-1.jpg 1299w, https:\/\/blog.uclm.es\/catedraclaracampoamor\/wp-content\/uploads\/sites\/158\/2023\/03\/Diptico-oficial-Curso-violencia-genero-abril-2023-1-300x284.jpg 300w, https:\/\/blog.uclm.es\/catedraclaracampoamor\/wp-content\/uploads\/sites\/158\/2023\/03\/Diptico-oficial-Curso-violencia-genero-abril-2023-1-1024x969.jpg 1024w, https:\/\/blog.uclm.es\/catedraclaracampoamor\/wp-content\/uploads\/sites\/158\/2023\/03\/Diptico-oficial-Curso-violencia-genero-abril-2023-1-768x727.jpg 768w\" sizes=\"auto, (max-width: 1299px) 100vw, 1299px\" \/><\/a><\/figure>\n\n<h2 class=\"wp-block-post-title has-x-large-font-size\"><a href=\"https:\/\/blog.uclm.es\/catedraclaracampoamor\/2023\/03\/27\/curso-avances-nacionales-e-internacionales-en-la-prevencion-penal-contra-la-violencia-de-genero\/\" target=\"_self\" >Curso \u00abAvances nacionales e internacionales en la prevenci\u00f3n penal contra la violencia de g\u00e9nero\u00bb<\/a><\/h2>\n\n<div class=\"wp-block-post-excerpt\"><p class=\"wp-block-post-excerpt__excerpt\">El curso \u00abAvances nacionales e internacionales en la prevenci\u00f3n penal contra la violencia de g\u00e9nero\u00bb est\u00e1 dirigido a estudiantes de grados Derecho, Criminolog\u00eda, Relaciones Laborales, Medicina, Enfermer\u00eda y Humanidades. M\u00e1steres Universitarios en Acceso a la abogac\u00eda, Criminolog\u00eda y Secundaria. Tambi\u00e9n est\u00e1 dirigido a abogad@s, crimin\u00f3log@s, jueces y juezas, fiacales, trabajador@as sociales y otr@s profesionales. Plazas&hellip; <\/p><\/div>\n\n<div class=\"wp-block-post-date has-small-font-size\"><time datetime=\"2023-03-27T09:22:16+00:00\"><a href=\"https:\/\/blog.uclm.es\/catedraclaracampoamor\/2023\/03\/27\/curso-avances-nacionales-e-internacionales-en-la-prevencion-penal-contra-la-violencia-de-genero\/\">marzo 27, 2023<\/a><\/time><\/div>\n<\/li><li class=\"wp-block-post post-1181 post type-post status-publish format-standard has-post-thumbnail hentry category-actividades category-cursos\">\n<figure style=\"width:100%;height:318px;\" class=\"wp-block-post-featured-image\"><a href=\"https:\/\/blog.uclm.es\/catedraclaracampoamor\/2023\/02\/06\/1a-edicion-del-curso-reducciones-de-jornada-permisos-y-excedencias-como-medidas-de-conciliacion-y-corresponsabilidad-en-la-empresa-y-aapp\/\" target=\"_self\"  style=\"height:318px\"><img loading=\"lazy\" decoding=\"async\" width=\"1684\" height=\"2381\" src=\"https:\/\/blog.uclm.es\/catedraclaracampoamor\/wp-content\/uploads\/sites\/158\/2023\/02\/Cartel-Curso-Red-Jorndada-2.jpg\" class=\"attachment-post-thumbnail size-post-thumbnail wp-post-image\" alt=\"1\u00aa Edici\u00f3n del curso: \u00abReducciones de jornada, permisos y excedencias como medidas de conciliaci\u00f3n y corresponsabilidad en la empresa y AAPP\u00bb\" style=\"height:318px;object-fit:cover;\" srcset=\"https:\/\/blog.uclm.es\/catedraclaracampoamor\/wp-content\/uploads\/sites\/158\/2023\/02\/Cartel-Curso-Red-Jorndada-2.jpg 1684w, https:\/\/blog.uclm.es\/catedraclaracampoamor\/wp-content\/uploads\/sites\/158\/2023\/02\/Cartel-Curso-Red-Jorndada-2-212x300.jpg 212w, https:\/\/blog.uclm.es\/catedraclaracampoamor\/wp-content\/uploads\/sites\/158\/2023\/02\/Cartel-Curso-Red-Jorndada-2-724x1024.jpg 724w, https:\/\/blog.uclm.es\/catedraclaracampoamor\/wp-content\/uploads\/sites\/158\/2023\/02\/Cartel-Curso-Red-Jorndada-2-768x1086.jpg 768w, https:\/\/blog.uclm.es\/catedraclaracampoamor\/wp-content\/uploads\/sites\/158\/2023\/02\/Cartel-Curso-Red-Jorndada-2-1086x1536.jpg 1086w, https:\/\/blog.uclm.es\/catedraclaracampoamor\/wp-content\/uploads\/sites\/158\/2023\/02\/Cartel-Curso-Red-Jorndada-2-1448x2048.jpg 1448w\" sizes=\"auto, (max-width: 1684px) 100vw, 1684px\" \/><\/a><\/figure>\n\n<h2 class=\"wp-block-post-title has-x-large-font-size\"><a href=\"https:\/\/blog.uclm.es\/catedraclaracampoamor\/2023\/02\/06\/1a-edicion-del-curso-reducciones-de-jornada-permisos-y-excedencias-como-medidas-de-conciliacion-y-corresponsabilidad-en-la-empresa-y-aapp\/\" target=\"_self\" >1\u00aa Edici\u00f3n del curso: \u00abReducciones de jornada, permisos y excedencias como medidas de conciliaci\u00f3n y corresponsabilidad en la empresa y AAPP\u00bb<\/a><\/h2>\n\n<div class=\"wp-block-post-excerpt\"><p class=\"wp-block-post-excerpt__excerpt\">Destinatarios Estudiantes y egresados en Relaciones Laborales y RRHH, Econom\u00eda. ADE, Derecho, Turismo Humanidades. Empresas. Asesor\u00edas .letrados, graduados sociales, Unidades de RRHH. Funcionariado y cualquier persona interesada enla adquisici\u00f3n de conocimientos te\u00f3ricos y pr\u00e1oticos que Aecesite contar con la habilitaci\u00f3n competencial par la implantaci\u00f3n de planes y medidas de igualdad. Profesorado M\u00aaJos\u00e9 Romero Rodenas. Catedr\u00e1tica&hellip; <\/p><\/div>\n\n<div class=\"wp-block-post-date has-small-font-size\"><time datetime=\"2023-02-06T09:11:43+00:00\"><a href=\"https:\/\/blog.uclm.es\/catedraclaracampoamor\/2023\/02\/06\/1a-edicion-del-curso-reducciones-de-jornada-permisos-y-excedencias-como-medidas-de-conciliacion-y-corresponsabilidad-en-la-empresa-y-aapp\/\">febrero 6, 2023<\/a><\/time><\/div>\n<\/li><\/ul>\n\n\n<hr class=\"wp-block-separator has-css-opacity alignwide is-style-wide\" \/>\n\n\n<nav class=\"alignwide wp-block-query-pagination is-content-justification-space-between is-layout-flex wp-container-core-query-pagination-is-layout-b2891da8 wp-block-query-pagination-is-layout-flex\" aria-label=\"Paginaci\u00f3n\">\n\n\n<a href=\"\/catedraclaracampoamor\/wp-json\/wp\/v2\/pages\/557?query-22-page=2\" class=\"wp-block-query-pagination-next has-small-font-size\">P\u00e1gina siguiente<span class='wp-block-query-pagination-next-arrow is-arrow-arrow' aria-hidden='true'>\u2192<\/span><\/a>\n<\/nav><\/div>\n","protected":false},"excerpt":{"rendered":"<p>Cursos<\/p>\n","protected":false},"author":55,"featured_media":0,"parent":26,"menu_order":0,"comment_status":"closed","ping_status":"closed","template":"","meta":{"footnotes":""},"class_list":["post-557","page","type-page","status-publish","hentry"],"_links":{"self":[{"href":"https:\/\/blog.uclm.es\/catedraclaracampoamor\/wp-json\/wp\/v2\/pages\/557","targetHints":{"allow":["GET"]}}],"collection":[{"href":"https:\/\/blog.uclm.es\/catedraclaracampoamor\/wp-json\/wp\/v2\/pages"}],"about":[{"href":"https:\/\/blog.uclm.es\/catedraclaracampoamor\/wp-json\/wp\/v2\/types\/page"}],"author":[{"embeddable":true,"href":"https:\/\/blog.uclm.es\/catedraclaracampoamor\/wp-json\/wp\/v2\/users\/55"}],"replies":[{"embeddable":true,"href":"https:\/\/blog.uclm.es\/catedraclaracampoamor\/wp-json\/wp\/v2\/comments?post=557"}],"version-history":[{"count":5,"href":"https:\/\/blog.uclm.es\/catedraclaracampoamor\/wp-json\/wp\/v2\/pages\/557\/revisions"}],"predecessor-version":[{"id":997,"href":"https:\/\/blog.uclm.es\/catedraclaracampoamor\/wp-json\/wp\/v2\/pages\/557\/revisions\/997"}],"up":[{"embeddable":true,"href":"https:\/\/blog.uclm.es\/catedraclaracampoamor\/wp-json\/wp\/v2\/pages\/26"}],"wp:attachment":[{"href":"https:\/\/blog.uclm.es\/catedraclaracampoamor\/wp-json\/wp\/v2\/media?parent=557"}],"curies":[{"name":"wp","href":"https:\/\/api.w.org\/{rel}","templated":true}]}}