{"id":505,"date":"2022-03-08T10:51:26","date_gmt":"2022-03-08T09:51:26","guid":{"rendered":"https:\/\/blog.uclm.es\/catedraclaracampoamor\/?page_id=505"},"modified":"2022-11-08T13:35:56","modified_gmt":"2022-11-08T13:35:56","slug":"observatorio-de-igualdad","status":"publish","type":"page","link":"https:\/\/blog.uclm.es\/catedraclaracampoamor\/observatorio-de-igualdad\/","title":{"rendered":"Observatorio de Igualdad"},"content":{"rendered":"\n<div class=\"wp-block-group alignwide is-layout-flow wp-block-group-is-layout-flow\">\n<figure class=\"wp-block-image aligncenter size-large is-resized\"><img loading=\"lazy\" decoding=\"async\" src=\"https:\/\/blog.uclm.es\/catedraclaracampoamor\/wp-content\/uploads\/sites\/158\/2022\/03\/Fondo-Observatorio-texto-1024x616.jpg\" alt=\"\" class=\"wp-image-507\" width=\"556\" height=\"334\" srcset=\"https:\/\/blog.uclm.es\/catedraclaracampoamor\/wp-content\/uploads\/sites\/158\/2022\/03\/Fondo-Observatorio-texto-1024x616.jpg 1024w, https:\/\/blog.uclm.es\/catedraclaracampoamor\/wp-content\/uploads\/sites\/158\/2022\/03\/Fondo-Observatorio-texto-300x180.jpg 300w, https:\/\/blog.uclm.es\/catedraclaracampoamor\/wp-content\/uploads\/sites\/158\/2022\/03\/Fondo-Observatorio-texto-768x462.jpg 768w, https:\/\/blog.uclm.es\/catedraclaracampoamor\/wp-content\/uploads\/sites\/158\/2022\/03\/Fondo-Observatorio-texto-1536x924.jpg 1536w, https:\/\/blog.uclm.es\/catedraclaracampoamor\/wp-content\/uploads\/sites\/158\/2022\/03\/Fondo-Observatorio-texto-2048x1232.jpg 2048w\" sizes=\"auto, (max-width: 556px) 100vw, 556px\" \/><\/figure>\n\n\n\n<h4 class=\"wp-block-heading\"><span style=\"color: #000000\"><strong>Presentaci\u00f3n<\/strong><\/span><\/h4>\n\n\n\n<p>El Observatorio de Igualdad de G\u00e9nero perteneciente a la C\u00e1tedra Igualdad de G\u00e9nero y diversidad \u201cClara Campoamor\u201d UCLM, tiene por finalidad detectar, analizar y proponer estrategias para corregir situaciones de desigualdad entre hombres y mujeres en Espa\u00f1a y en particular en Castilla-La Mancha.<\/p>\n\n\n\n<h4 class=\"wp-block-heading\"><span style=\"color: #000000\"><strong>Objetivos<\/strong><\/span><\/h4>\n\n\n\n<p>Para la realizaci\u00f3n de los fines perseguidos se llevar\u00e1n a cabo los siguientes objetivos:<\/p>\n\n\n\n<ul class=\"wp-block-list\">\n<li>Recabar, analizar y difundir informaci\u00f3n peri\u00f3dica y sistem\u00e1tica que sirva para mejorar la planificaci\u00f3n, implementaci\u00f3n y evaluaci\u00f3n de las pol\u00edticas p\u00fablicas que desarrolle en Espa\u00f1a y Castilla-La Mancha para la integraci\u00f3n de la perspectiva de g\u00e9nero y para la efectividad del principio de igualdad entre mujeres y hombres.<\/li>\n\n\n\n<li>Proponer la adopci\u00f3n y ejecuci\u00f3n de medidas tendentes a mejorar la situaci\u00f3n de las personas en las distintas tem\u00e1ticas de intervenci\u00f3n del Observatorio.<\/li>\n\n\n\n<li>Las \u00e1reas de intervenci\u00f3n del Observatorio de Igualdad de G\u00e9nero ser\u00e1n la igualdad de g\u00e9nero, la diversidad y la violencia contra las mujeres.<\/li>\n<\/ul>\n\n\n\n<h4 class=\"wp-block-heading\"><span style=\"color: #000000\"><strong>Funciones<\/strong><\/span><\/h4>\n\n\n\n<p>El Observatorio de Igualdad de G\u00e9nero desempe\u00f1ar\u00e1 las siguientes funciones:<\/p>\n\n\n\n<p><strong>A) De seguimiento:<\/strong><\/p>\n\n\n\n<ul class=\"wp-block-list\">\n<li>Actuar como \u00f3rgano de recogida y an\u00e1lisis de la informaci\u00f3n disponible en diferentes fuentes sobre la igualdad de g\u00e9nero y diversidad.<\/li>\n\n\n\n<li>Recibir informaci\u00f3n sobre medidas y actividades realizadas en las \u00e1reas de intervenci\u00f3n.<\/li>\n<\/ul>\n\n\n\n<p><strong>B) De informe y evaluaci\u00f3n;<\/strong><\/p>\n\n\n\n<ul class=\"wp-block-list\">\n<li>Analizar la informaci\u00f3n recibida de los servicios contratados sobre las \u00e1reas de intervenci\u00f3n del Observatorio de Igualdad de G\u00e9nero.<\/li>\n\n\n\n<li>Analizar la evoluci\u00f3n y causas de la persistencia de desigualdades e identificar obst\u00e1culos para la realizaci\u00f3n de la igualdad efectiva entre hombres y mujeres.<\/li>\n\n\n\n<li>Informar y difundir todos aquellos asuntos que sean sometidos a su criterio en materia de igualdad de g\u00e9nero, diversidad y violencia sobre la mujer.<\/li>\n\n\n\n<li>Evaluar el impacto de las pol\u00edticas en materia de igualdad de g\u00e9nero y prevenci\u00f3n de violencia de g\u00e9nero.<\/li>\n<\/ul>\n\n\n\n<p><strong>C) De propuesta:<\/strong><\/p>\n\n\n\n<ul class=\"wp-block-list\">\n<li>Formular indicadores y modelos para tener conocimiento de manera actualizada de la evoluci\u00f3n de las desigualdades y la violencia sobre la mujer, as\u00ed como para hacer su seguimiento y evoluci\u00f3n.<\/li>\n\n\n\n<li>Proponer la elaboraci\u00f3n de estudios, publicaciones, art\u00edculos indexados, informes t\u00e9cnicos, monograf\u00edas o gu\u00edas de buenas pr\u00e1cticas.<\/li>\n\n\n\n<li>Formular recomendaciones y propuestas tendentes a mejorar la situaci\u00f3n de las personas en las \u00e1reas de intervenci\u00f3n del Observatorio de Igualdad de G\u00e9nero.<\/li>\n\n\n\n<li>Cualquier otra funci\u00f3n que se dirija a la consecuci\u00f3n de los fines y objetivos referidos en la C\u00e1tedra Igualdad de G\u00e9nero y Diversidad \u201cClara Campoamor\u201d.<\/li>\n<\/ul>\n\n\n\n<h4 class=\"wp-block-heading\"><span style=\"color: #000000\"><strong>Composici\u00f3n Observatorio<\/strong><\/span><\/h4>\n\n\n\n<p><strong>M\u00aa Jos\u00e9 Romero Rodenas<\/strong>, Catedr\u00e1tica de Derecho del Trabajo y Seguridad Social. Directora de la C\u00e1tedra de Igualdad de G\u00e9nero \u201cClara Campoamor\u201d.<\/p>\n\n\n\n<p><strong>V\u00edctor Ra\u00fal L\u00f3pez Ruiz<\/strong>, Catedr\u00e1tico de Econom\u00eda Aplicada, colaborador UCLM de la C\u00e1tedra \u201cClara Campoamor\u201d.<\/p>\n\n\n\n<p><strong>Jos\u00e9 Luis Alfaro Navarro<\/strong>, Catedr\u00e1tico de Econom\u00eda Aplicada, colaborador UCLM de la C\u00e1tedra \u201cClara Campoamor\u201d.<\/p>\n\n\n\n<p><strong>Aurora Gal\u00e1n Garretero<\/strong>, Profesora Contratada Doctora en Sociolog\u00eda, Decana de la Facultad de Relaciones Laborales y RRHH, Colaborada de la C\u00e1tedra \u201cClara Campoamor\u201d.<\/p>\n\n\n\n<p><strong>Nuria Huete Alcocer<\/strong>, Profesora Acreditada Contratada Doctora en Econom\u00eda Aplicada, colaboradora UCLM de la C\u00e1tedra \u201cClara Campoamor\u201d.<\/p>\n\n\n\n<p><strong>Domingo Nevado Pe\u00f1a<\/strong>, Catedr\u00e1tico de Econom\u00eda financiera y Contabilidad UCLM, colaborador UCLM de la C\u00e1tedra \u201cClara Campoamor\u201d.<\/p>\n<\/div>\n\n\n\n<div class=\"wp-block-columns is-layout-flex wp-container-core-columns-is-layout-28f84493 wp-block-columns-is-layout-flex\"><\/div>\n","protected":false},"excerpt":{"rendered":"<p>Presentaci\u00f3n El Observatorio de Igualdad de G\u00e9nero perteneciente a la C\u00e1tedra Igualdad de G\u00e9nero y diversidad \u201cClara Campoamor\u201d UCLM, tiene por finalidad detectar, analizar y proponer estrategias para corregir situaciones de desigualdad entre hombres y mujeres en Espa\u00f1a y en particular en Castilla-La Mancha. Objetivos Para la realizaci\u00f3n de los fines perseguidos se llevar\u00e1n a [&hellip;]<\/p>\n","protected":false},"author":55,"featured_media":0,"parent":0,"menu_order":0,"comment_status":"closed","ping_status":"closed","template":"page-no-separators","meta":{"footnotes":""},"class_list":["post-505","page","type-page","status-publish","hentry"],"_links":{"self":[{"href":"https:\/\/blog.uclm.es\/catedraclaracampoamor\/wp-json\/wp\/v2\/pages\/505","targetHints":{"allow":["GET"]}}],"collection":[{"href":"https:\/\/blog.uclm.es\/catedraclaracampoamor\/wp-json\/wp\/v2\/pages"}],"about":[{"href":"https:\/\/blog.uclm.es\/catedraclaracampoamor\/wp-json\/wp\/v2\/types\/page"}],"author":[{"embeddable":true,"href":"https:\/\/blog.uclm.es\/catedraclaracampoamor\/wp-json\/wp\/v2\/users\/55"}],"replies":[{"embeddable":true,"href":"https:\/\/blog.uclm.es\/catedraclaracampoamor\/wp-json\/wp\/v2\/comments?post=505"}],"version-history":[{"count":20,"href":"https:\/\/blog.uclm.es\/catedraclaracampoamor\/wp-json\/wp\/v2\/pages\/505\/revisions"}],"predecessor-version":[{"id":1103,"href":"https:\/\/blog.uclm.es\/catedraclaracampoamor\/wp-json\/wp\/v2\/pages\/505\/revisions\/1103"}],"wp:attachment":[{"href":"https:\/\/blog.uclm.es\/catedraclaracampoamor\/wp-json\/wp\/v2\/media?parent=505"}],"curies":[{"name":"wp","href":"https:\/\/api.w.org\/{rel}","templated":true}]}}