{"id":49,"date":"2022-01-17T16:47:31","date_gmt":"2022-01-17T15:47:31","guid":{"rendered":"https:\/\/blog.uclm.es\/catedraclaracampoamor\/?page_id=49"},"modified":"2022-11-08T12:51:27","modified_gmt":"2022-11-08T12:51:27","slug":"noticias","status":"publish","type":"page","link":"https:\/\/blog.uclm.es\/catedraclaracampoamor\/noticias\/","title":{"rendered":""},"content":{"rendered":"\n<h2 class=\"has-text-align-center wp-block-heading\">Noticias<\/h2>\n\n\n<ul class=\"wp-block-latest-posts__list is-grid columns-2 has-dates alignwide wp-block-latest-posts\"><li><a class=\"wp-block-latest-posts__post-title\" href=\"https:\/\/blog.uclm.es\/catedraclaracampoamor\/2023\/11\/20\/programa-de-actividades-90-aniversario-del-voto-femenino\/\">Programa de actividades 90 aniversario del voto femenino<\/a><time datetime=\"2023-11-20T12:21:32+00:00\" class=\"wp-block-latest-posts__post-date\">20 de noviembre de 2023<\/time><div class=\"wp-block-latest-posts__post-excerpt\">Inscripciones: gabinetepresidencia@cortesclm.es 925 259 807<\/div><\/li>\n<li><a class=\"wp-block-latest-posts__post-title\" href=\"https:\/\/blog.uclm.es\/catedraclaracampoamor\/2023\/11\/18\/las-cortes-de-castilla-la-mancha-conmemoran-el-90-aniversario-del-sufragio-universal-con-un-acto-institucional-una-exposicion-y-talleres\/\">Las Cortes de Castilla-La Mancha conmemoran el 90 aniversario del sufragio universal con un acto institucional, una exposici\u00f3n y talleres<\/a><time datetime=\"2023-11-18T12:13:00+00:00\" class=\"wp-block-latest-posts__post-date\">18 de noviembre de 2023<\/time><div class=\"wp-block-latest-posts__post-excerpt\">Las Cortes de Castilla-La Mancha han preparado una programaci\u00f3n especial en honor al 90 aniversario del sufragio universal en Espa\u00f1a, que se celebra el pr\u00f3ximo 19 de noviembre. Esta fecha marca el d\u00eda en que se llevaron a cabo las&#8230; <a class=\"wp-block-latest-posts__read-more\" href=\"https:\/\/blog.uclm.es\/catedraclaracampoamor\/2023\/11\/18\/las-cortes-de-castilla-la-mancha-conmemoran-el-90-aniversario-del-sufragio-universal-con-un-acto-institucional-una-exposicion-y-talleres\/\" rel=\"noopener noreferrer\">Lee m\u00e1s<span class=\"screen-reader-text\">: Las Cortes de Castilla-La Mancha conmemoran el 90 aniversario del sufragio universal con un acto institucional, una exposici\u00f3n y talleres<\/span><\/a><\/div><\/li>\n<li><a class=\"wp-block-latest-posts__post-title\" href=\"https:\/\/blog.uclm.es\/catedraclaracampoamor\/2023\/11\/17\/las-cortes-festejan-el-90-aniversario-del-voto-femenino\/\">Las Cortes festejan el 90 aniversario del voto femenino<\/a><time datetime=\"2023-11-17T13:12:43+00:00\" class=\"wp-block-latest-posts__post-date\">17 de noviembre de 2023<\/time><div class=\"wp-block-latest-posts__post-excerpt\">Las Cortes de Castilla-La Mancha han organizado una programaci\u00f3n alrededor del 90 aniversario del sufragio universal en Espa\u00f1a, que se conmemora este domingo 19 de noviembre, que incluye un acto institucional, una exposici\u00f3n y talleres. Seg\u00fan ha informado el Parlamento&#8230; <a class=\"wp-block-latest-posts__read-more\" href=\"https:\/\/blog.uclm.es\/catedraclaracampoamor\/2023\/11\/17\/las-cortes-festejan-el-90-aniversario-del-voto-femenino\/\" rel=\"noopener noreferrer\">Lee m\u00e1s<span class=\"screen-reader-text\">: Las Cortes festejan el 90 aniversario del voto femenino<\/span><\/a><\/div><\/li>\n<li><a class=\"wp-block-latest-posts__post-title\" href=\"https:\/\/blog.uclm.es\/catedraclaracampoamor\/2023\/11\/17\/hace-90-anos-las-mujeres-pudieron-votar-por-primera-vez-en-espana-y-toledo-lo-celebra-con-la-visita-de-representantes-de-la-onu\/\">Hace 90 a\u00f1os las mujeres pudieron votar por primera vez en Espa\u00f1a y Toledo lo celebra con la visita de representantes de la ONU<\/a><time datetime=\"2023-11-17T12:08:00+00:00\" class=\"wp-block-latest-posts__post-date\">17 de noviembre de 2023<\/time><div class=\"wp-block-latest-posts__post-excerpt\">Este domingo, 19 de noviembre, se cumplen&nbsp;90 a\u00f1os&nbsp;desde que las mujeres espa\u00f1olas pudieron&nbsp;votar por primera vez&nbsp;en unas elecciones de nuestro pa\u00eds. Fue durante la II Rep\u00fablica, el 19 de noviembre de 1933, dos a\u00f1os despu\u00e9s de la aprobaci\u00f3n del sufragio&#8230; <a class=\"wp-block-latest-posts__read-more\" href=\"https:\/\/blog.uclm.es\/catedraclaracampoamor\/2023\/11\/17\/hace-90-anos-las-mujeres-pudieron-votar-por-primera-vez-en-espana-y-toledo-lo-celebra-con-la-visita-de-representantes-de-la-onu\/\" rel=\"noopener noreferrer\">Lee m\u00e1s<span class=\"screen-reader-text\">: Hace 90 a\u00f1os las mujeres pudieron votar por primera vez en Espa\u00f1a y Toledo lo celebra con la visita de representantes de la ONU<\/span><\/a><\/div><\/li>\n<li><a class=\"wp-block-latest-posts__post-title\" href=\"https:\/\/blog.uclm.es\/catedraclaracampoamor\/2023\/11\/07\/resolucion-de-concesion-de-premios-a-trabajos-fin-de-grado-y-o-trabajos-fin-de-master\/\">Resoluci\u00f3n de concesi\u00f3n de premios a Trabajos Fin de Grado y\/o Trabajos Fin de M\u00e1ster<\/a><time datetime=\"2023-11-07T11:35:46+00:00\" class=\"wp-block-latest-posts__post-date\">7 de noviembre de 2023<\/time><div class=\"wp-block-latest-posts__post-excerpt\">Primero: Con fecha 14 de febrero de 2023 se public\u00f3 la Convocatoria de t\u00edtulo \u201cconvocatoria de premios a trabajos fin de grado y trabajos de fin de m\u00e1ster de la C\u00e1tedra de Igualdad de G\u00e9nero y Diversidad Clara Campoamor de&#8230; <a class=\"wp-block-latest-posts__read-more\" href=\"https:\/\/blog.uclm.es\/catedraclaracampoamor\/2023\/11\/07\/resolucion-de-concesion-de-premios-a-trabajos-fin-de-grado-y-o-trabajos-fin-de-master\/\" rel=\"noopener noreferrer\">Lee m\u00e1s<span class=\"screen-reader-text\">: Resoluci\u00f3n de concesi\u00f3n de premios a Trabajos Fin de Grado y\/o Trabajos Fin de M\u00e1ster<\/span><\/a><\/div><\/li>\n<li><a class=\"wp-block-latest-posts__post-title\" href=\"https:\/\/blog.uclm.es\/catedraclaracampoamor\/2023\/10\/18\/jornada-feminismo-inteligencia-artificial-perspectiva-de-genero-problemas-desafios-y-oportunidades\/\">Jornada: \u00abFeminismo. Inteligencia Artificial: perspectiva de g\u00e9nero, problemas, desaf\u00edos y oportunidades\u00bb<\/a><time datetime=\"2023-10-18T07:37:58+00:00\" class=\"wp-block-latest-posts__post-date\">18 de octubre de 2023<\/time><div class=\"wp-block-latest-posts__post-excerpt\">Descargue el d\u00edptico en formato PDF en el siguiente ENLACE.<\/div><\/li>\n<li><a class=\"wp-block-latest-posts__post-title\" href=\"https:\/\/blog.uclm.es\/catedraclaracampoamor\/2023\/07\/14\/legislacion-estatal-y-autonomica-de-castilla-la-mancha-en-materia-de-salud-sexual-y-reproductiva-igualdad-violencia-de-genero-y-diversidad-sexual\/\">\u00abLegislaci\u00f3n estatal y auton\u00f3mica de Castilla-La Mancha, en materia de salud sexual y reproductiva, igualdad, violencia de g\u00e9nero y diversidad sexual\u00bb<\/a><time datetime=\"2023-07-14T12:23:02+00:00\" class=\"wp-block-latest-posts__post-date\">14 de julio de 2023<\/time><div class=\"wp-block-latest-posts__post-excerpt\">Dentro de los objetivos y actividades a realizar en este a\u00f1o, la C\u00e1tedra \u201cClara Campoamor\u201d dise\u00f1ar, planificar, confeccionar un compendio legislativo vanguardista e innovador por cuanto que hasta ahora no ha existido un compendio legislativo que incorpore todas las normas&#8230; <a class=\"wp-block-latest-posts__read-more\" href=\"https:\/\/blog.uclm.es\/catedraclaracampoamor\/2023\/07\/14\/legislacion-estatal-y-autonomica-de-castilla-la-mancha-en-materia-de-salud-sexual-y-reproductiva-igualdad-violencia-de-genero-y-diversidad-sexual\/\" rel=\"noopener noreferrer\">Lee m\u00e1s<span class=\"screen-reader-text\">: \u00abLegislaci\u00f3n estatal y auton\u00f3mica de Castilla-La Mancha, en materia de salud sexual y reproductiva, igualdad, violencia de g\u00e9nero y diversidad sexual\u00bb<\/span><\/a><\/div><\/li>\n<li><a class=\"wp-block-latest-posts__post-title\" href=\"https:\/\/blog.uclm.es\/catedraclaracampoamor\/2023\/06\/28\/uclm-zona-libre-de-lgtbi-fobia\/\">UCLM: Zona libre de LGTBI fobia<\/a><time datetime=\"2023-06-28T11:30:24+00:00\" class=\"wp-block-latest-posts__post-date\">28 de junio de 2023<\/time><div class=\"wp-block-latest-posts__post-excerpt\">\u201cActividad realizada en el marco de la Cl\u00ednica Criminol\u00f3gica del Grado en Criminolog\u00eda en colaboraci\u00f3n con la C\u00e1tedra de Igualdad de G\u00e9nero y Diversidad \u201cClara Campoamor\u201d con ocasi\u00f3n del D\u00eda del Orgullo Gay\u201d.<\/div><\/li>\n<li><a class=\"wp-block-latest-posts__post-title\" href=\"https:\/\/blog.uclm.es\/catedraclaracampoamor\/2023\/06\/19\/uclm-con-orgullo\/\">UCLM con orgullo<\/a><time datetime=\"2023-06-19T07:24:56+00:00\" class=\"wp-block-latest-posts__post-date\">19 de junio de 2023<\/time><div class=\"wp-block-latest-posts__post-excerpt\">\u00bfSab\u00edas que\u2026 El 28 de junio de 1969 es la fecha del orgullo por los disturbios ocasionados en Stonewall (EEUU). Fue Storm\u00e9 Delarverie, cantante bar\u00edtono negra y lesbiana; quien recibi\u00f3 un golpe policial, esta arremeti\u00f3 contra \u00e9l y al grito&#8230; <a class=\"wp-block-latest-posts__read-more\" href=\"https:\/\/blog.uclm.es\/catedraclaracampoamor\/2023\/06\/19\/uclm-con-orgullo\/\" rel=\"noopener noreferrer\">Lee m\u00e1s<span class=\"screen-reader-text\">: UCLM con orgullo<\/span><\/a><\/div><\/li>\n<li><a class=\"wp-block-latest-posts__post-title\" href=\"https:\/\/blog.uclm.es\/catedraclaracampoamor\/2023\/05\/15\/17-de-mayo-dia-contra-la-homofobia-la-transfobia-y-la-bifobia\/\">17 de mayo: D\u00eda contra la homofobia, la transfobia y la bifobia<\/a><time datetime=\"2023-05-15T10:01:01+00:00\" class=\"wp-block-latest-posts__post-date\">15 de mayo de 2023<\/time><div class=\"wp-block-latest-posts__post-excerpt\">Documento: Hoja de Actualidad C\u00e1tedra Clara Campoamor (Descargar) Por Directora M\u00aa Jos\u00e9 Romero Rodenas, Catedr\u00e1tica del Derecho del Trabajo y Seguridad Social UCLM. Directora de la C\u00e1tedra de Igualdad de G\u00e9nero y Diversidad \u201cClara Campoamor\u201d. Andrea Cantos Mart\u00ednez, graduada en&#8230; <a class=\"wp-block-latest-posts__read-more\" href=\"https:\/\/blog.uclm.es\/catedraclaracampoamor\/2023\/05\/15\/17-de-mayo-dia-contra-la-homofobia-la-transfobia-y-la-bifobia\/\" rel=\"noopener noreferrer\">Lee m\u00e1s<span class=\"screen-reader-text\">: 17 de mayo: D\u00eda contra la homofobia, la transfobia y la bifobia<\/span><\/a><\/div><\/li>\n<li><a class=\"wp-block-latest-posts__post-title\" href=\"https:\/\/blog.uclm.es\/catedraclaracampoamor\/2023\/04\/20\/la-facultad-de-derecho-de-albacete-acoge-unas-jornadas-sobre-los-avances-en-la-prevencion-penal-contra-la-violencia-de-genero\/\">La Facultad de Derecho de Albacete acoge unas jornadas sobre los avances en la prevenci\u00f3n penal contra la violencia de g\u00e9nero<\/a><time datetime=\"2023-04-20T15:45:11+00:00\" class=\"wp-block-latest-posts__post-date\">20 de abril de 2023<\/time><div class=\"wp-block-latest-posts__post-excerpt\">La C\u00e1tedra de Igualdad de G\u00e9nero y Diversidad Clara Campoamor de la Universidad de Castilla-La Mancha (UCLM) celebra entre hoy y ma\u00f1ana en la Facultad de Derecho unas jornadas para abordar los avances en la prevenci\u00f3n penal contra la violencia&#8230; <a class=\"wp-block-latest-posts__read-more\" href=\"https:\/\/blog.uclm.es\/catedraclaracampoamor\/2023\/04\/20\/la-facultad-de-derecho-de-albacete-acoge-unas-jornadas-sobre-los-avances-en-la-prevencion-penal-contra-la-violencia-de-genero\/\" rel=\"noopener noreferrer\">Lee m\u00e1s<span class=\"screen-reader-text\">: La Facultad de Derecho de Albacete acoge unas jornadas sobre los avances en la prevenci\u00f3n penal contra la violencia de g\u00e9nero<\/span><\/a><\/div><\/li>\n<li><a class=\"wp-block-latest-posts__post-title\" href=\"https:\/\/blog.uclm.es\/catedraclaracampoamor\/2023\/04\/12\/teatro-de-intervencion-sociologica-juventud-y-mercado-laboral-persisten-las-brechas\/\">Teatro de Intervenci\u00f3n Sociol\u00f3gica. Juventud y mercado laboral: \u00bfpersisten las brechas?<\/a><time datetime=\"2023-04-12T12:27:56+00:00\" class=\"wp-block-latest-posts__post-date\">12 de abril de 2023<\/time><div class=\"wp-block-latest-posts__post-excerpt\">Jueves 20 de Abril Aula 9Edificio Melchor de Macanaz UCLM, Albacete PROGRAMA: 16:00 Inauguraci\u00f3n Aurora Gal\u00e1n Carretero, Decana Facultad de Relaciones Laborales y Recursos Humanos.Mar\u00eda Jos\u00e9 Romero, Directora C\u00e1tedra Clara Campoamor UCLM 16:15 Pablo L\u00f3pez Calle, Profesor Titular de Sociolog\u00eda&#8230; <a class=\"wp-block-latest-posts__read-more\" href=\"https:\/\/blog.uclm.es\/catedraclaracampoamor\/2023\/04\/12\/teatro-de-intervencion-sociologica-juventud-y-mercado-laboral-persisten-las-brechas\/\" rel=\"noopener noreferrer\">Lee m\u00e1s<span class=\"screen-reader-text\">: Teatro de Intervenci\u00f3n Sociol\u00f3gica. Juventud y mercado laboral: \u00bfpersisten las brechas?<\/span><\/a><\/div><\/li>\n<\/ul>","protected":false},"excerpt":{"rendered":"<p>Noticias<\/p>\n","protected":false},"author":55,"featured_media":0,"parent":0,"menu_order":0,"comment_status":"closed","ping_status":"closed","template":"page-no-separators","meta":{"footnotes":""},"class_list":["post-49","page","type-page","status-publish","hentry"],"_links":{"self":[{"href":"https:\/\/blog.uclm.es\/catedraclaracampoamor\/wp-json\/wp\/v2\/pages\/49","targetHints":{"allow":["GET"]}}],"collection":[{"href":"https:\/\/blog.uclm.es\/catedraclaracampoamor\/wp-json\/wp\/v2\/pages"}],"about":[{"href":"https:\/\/blog.uclm.es\/catedraclaracampoamor\/wp-json\/wp\/v2\/types\/page"}],"author":[{"embeddable":true,"href":"https:\/\/blog.uclm.es\/catedraclaracampoamor\/wp-json\/wp\/v2\/users\/55"}],"replies":[{"embeddable":true,"href":"https:\/\/blog.uclm.es\/catedraclaracampoamor\/wp-json\/wp\/v2\/comments?post=49"}],"version-history":[{"count":29,"href":"https:\/\/blog.uclm.es\/catedraclaracampoamor\/wp-json\/wp\/v2\/pages\/49\/revisions"}],"predecessor-version":[{"id":1069,"href":"https:\/\/blog.uclm.es\/catedraclaracampoamor\/wp-json\/wp\/v2\/pages\/49\/revisions\/1069"}],"wp:attachment":[{"href":"https:\/\/blog.uclm.es\/catedraclaracampoamor\/wp-json\/wp\/v2\/media?parent=49"}],"curies":[{"name":"wp","href":"https:\/\/api.w.org\/{rel}","templated":true}]}}