{"id":39,"date":"2022-01-17T16:40:04","date_gmt":"2022-01-17T16:40:04","guid":{"rendered":"https:\/\/blog.uclm.es\/catedraclaracampoamor\/?page_id=39"},"modified":"2022-11-08T12:46:41","modified_gmt":"2022-11-08T12:46:41","slug":"inicio","status":"publish","type":"page","link":"https:\/\/blog.uclm.es\/catedraclaracampoamor\/","title":{"rendered":"Inicio"},"content":{"rendered":"\n<div class=\"wp-block-group alignfull has-background-color has-text-color has-background is-layout-flow wp-block-group-is-layout-flow\" style=\"background-color:#ba0c2f\">\n<div class=\"wp-block-columns is-layout-flex wp-container-core-columns-is-layout-28f84493 wp-block-columns-is-layout-flex\" style=\"border-radius:0px\">\n<div class=\"wp-block-column is-layout-flow wp-block-column-is-layout-flow\" style=\"flex-basis:25%\"><\/div>\n\n\n\n<div class=\"wp-block-column is-layout-flow wp-block-column-is-layout-flow\" style=\"flex-basis:50%\">\n<div class=\"wp-block-media-text alignwide has-media-on-the-right is-stacked-on-mobile is-vertically-aligned-center\" style=\"grid-template-columns:auto 39%\"><div class=\"wp-block-media-text__content\">\n<div style=\"height:80px\" aria-hidden=\"true\" class=\"wp-block-spacer\"><\/div>\n\n\n\n<p class=\"has-medium-font-size\">La C\u00e1tedra de Igualdad y Diversidad de G\u00e9nero \u00abClara Campoamor\u00bb se entender\u00e1 como el lugar com\u00fan desde el que se desarrolle la producci\u00f3n y selecci\u00f3n de ideas y proyectos que plasmen la cooperaci\u00f3n entre la UCLM y el Instituto de la Mujer para promocionar actividades que favorezcan el conocimiento respecto al avance hacia la igualdad real entre mujeres y hombres, el respeto a la diversidad y la erradicaci\u00f3n de la violencia de g\u00e9nero hacia las mujeres.<\/p>\n\n\n\n<div style=\"height:80px\" aria-hidden=\"true\" class=\"wp-block-spacer\"><\/div>\n<\/div><figure class=\"wp-block-media-text__media\"><img loading=\"lazy\" decoding=\"async\" width=\"801\" height=\"1024\" src=\"https:\/\/blog.uclm.es\/catedraclaracampoamor\/wp-content\/uploads\/sites\/158\/2022\/11\/CATEDRA-CAMPOAMOR-logo-color2-801x1024.png\" alt=\"\" class=\"wp-image-929 size-full\" srcset=\"https:\/\/blog.uclm.es\/catedraclaracampoamor\/wp-content\/uploads\/sites\/158\/2022\/11\/CATEDRA-CAMPOAMOR-logo-color2-801x1024.png 801w, https:\/\/blog.uclm.es\/catedraclaracampoamor\/wp-content\/uploads\/sites\/158\/2022\/11\/CATEDRA-CAMPOAMOR-logo-color2-235x300.png 235w, https:\/\/blog.uclm.es\/catedraclaracampoamor\/wp-content\/uploads\/sites\/158\/2022\/11\/CATEDRA-CAMPOAMOR-logo-color2-768x982.png 768w, https:\/\/blog.uclm.es\/catedraclaracampoamor\/wp-content\/uploads\/sites\/158\/2022\/11\/CATEDRA-CAMPOAMOR-logo-color2-1201x1536.png 1201w, https:\/\/blog.uclm.es\/catedraclaracampoamor\/wp-content\/uploads\/sites\/158\/2022\/11\/CATEDRA-CAMPOAMOR-logo-color2-1601x2048.png 1601w, https:\/\/blog.uclm.es\/catedraclaracampoamor\/wp-content\/uploads\/sites\/158\/2022\/11\/CATEDRA-CAMPOAMOR-logo-color2.png 1746w\" sizes=\"auto, (max-width: 801px) 100vw, 801px\" \/><\/figure><\/div>\n<\/div>\n\n\n\n<div class=\"wp-block-column is-layout-flow wp-block-column-is-layout-flow\" style=\"flex-basis:25%\"><\/div>\n<\/div>\n<\/div>\n\n\n\n<ul class=\"wp-block-social-links has-large-icon-size is-style-logos-only is-content-justification-center is-layout-flex wp-container-core-social-links-is-layout-a89b3969 wp-block-social-links-is-layout-flex\"><li class=\"wp-social-link wp-social-link-twitter  wp-block-social-link\"><a rel=\"noopener nofollow\" target=\"_blank\" href=\"https:\/\/mobile.twitter.com\/catedracc_uclm\" class=\"wp-block-social-link-anchor\"><svg width=\"24\" height=\"24\" viewBox=\"0 0 24 24\" version=\"1.1\" xmlns=\"http:\/\/www.w3.org\/2000\/svg\" aria-hidden=\"true\" focusable=\"false\"><path d=\"M22.23,5.924c-0.736,0.326-1.527,0.547-2.357,0.646c0.847-0.508,1.498-1.312,1.804-2.27 c-0.793,0.47-1.671,0.812-2.606,0.996C18.324,4.498,17.257,4,16.077,4c-2.266,0-4.103,1.837-4.103,4.103 c0,0.322,0.036,0.635,0.106,0.935C8.67,8.867,5.647,7.234,3.623,4.751C3.27,5.357,3.067,6.062,3.067,6.814 c0,1.424,0.724,2.679,1.825,3.415c-0.673-0.021-1.305-0.206-1.859-0.513c0,0.017,0,0.034,0,0.052c0,1.988,1.414,3.647,3.292,4.023 c-0.344,0.094-0.707,0.144-1.081,0.144c-0.264,0-0.521-0.026-0.772-0.074c0.522,1.63,2.038,2.816,3.833,2.85 c-1.404,1.1-3.174,1.756-5.096,1.756c-0.331,0-0.658-0.019-0.979-0.057c1.816,1.164,3.973,1.843,6.29,1.843 c7.547,0,11.675-6.252,11.675-11.675c0-0.178-0.004-0.355-0.012-0.531C20.985,7.47,21.68,6.747,22.23,5.924z\"><\/path><\/svg><span class=\"wp-block-social-link-label screen-reader-text\">Twitter<\/span><\/a><\/li>\n\n<li class=\"wp-social-link wp-social-link-instagram  wp-block-social-link\"><a rel=\"noopener nofollow\" target=\"_blank\" href=\"https:\/\/www.instagram.com\/catedracampoamor\/\" class=\"wp-block-social-link-anchor\"><svg width=\"24\" height=\"24\" viewBox=\"0 0 24 24\" version=\"1.1\" xmlns=\"http:\/\/www.w3.org\/2000\/svg\" aria-hidden=\"true\" focusable=\"false\"><path d=\"M12,4.622c2.403,0,2.688,0.009,3.637,0.052c0.877,0.04,1.354,0.187,1.671,0.31c0.42,0.163,0.72,0.358,1.035,0.673 c0.315,0.315,0.51,0.615,0.673,1.035c0.123,0.317,0.27,0.794,0.31,1.671c0.043,0.949,0.052,1.234,0.052,3.637 s-0.009,2.688-0.052,3.637c-0.04,0.877-0.187,1.354-0.31,1.671c-0.163,0.42-0.358,0.72-0.673,1.035 c-0.315,0.315-0.615,0.51-1.035,0.673c-0.317,0.123-0.794,0.27-1.671,0.31c-0.949,0.043-1.233,0.052-3.637,0.052 s-2.688-0.009-3.637-0.052c-0.877-0.04-1.354-0.187-1.671-0.31c-0.42-0.163-0.72-0.358-1.035-0.673 c-0.315-0.315-0.51-0.615-0.673-1.035c-0.123-0.317-0.27-0.794-0.31-1.671C4.631,14.688,4.622,14.403,4.622,12 s0.009-2.688,0.052-3.637c0.04-0.877,0.187-1.354,0.31-1.671c0.163-0.42,0.358-0.72,0.673-1.035 c0.315-0.315,0.615-0.51,1.035-0.673c0.317-0.123,0.794-0.27,1.671-0.31C9.312,4.631,9.597,4.622,12,4.622 M12,3 C9.556,3,9.249,3.01,8.289,3.054C7.331,3.098,6.677,3.25,6.105,3.472C5.513,3.702,5.011,4.01,4.511,4.511 c-0.5,0.5-0.808,1.002-1.038,1.594C3.25,6.677,3.098,7.331,3.054,8.289C3.01,9.249,3,9.556,3,12c0,2.444,0.01,2.751,0.054,3.711 c0.044,0.958,0.196,1.612,0.418,2.185c0.23,0.592,0.538,1.094,1.038,1.594c0.5,0.5,1.002,0.808,1.594,1.038 c0.572,0.222,1.227,0.375,2.185,0.418C9.249,20.99,9.556,21,12,21s2.751-0.01,3.711-0.054c0.958-0.044,1.612-0.196,2.185-0.418 c0.592-0.23,1.094-0.538,1.594-1.038c0.5-0.5,0.808-1.002,1.038-1.594c0.222-0.572,0.375-1.227,0.418-2.185 C20.99,14.751,21,14.444,21,12s-0.01-2.751-0.054-3.711c-0.044-0.958-0.196-1.612-0.418-2.185c-0.23-0.592-0.538-1.094-1.038-1.594 c-0.5-0.5-1.002-0.808-1.594-1.038c-0.572-0.222-1.227-0.375-2.185-0.418C14.751,3.01,14.444,3,12,3L12,3z M12,7.378 c-2.552,0-4.622,2.069-4.622,4.622S9.448,16.622,12,16.622s4.622-2.069,4.622-4.622S14.552,7.378,12,7.378z M12,15 c-1.657,0-3-1.343-3-3s1.343-3,3-3s3,1.343,3,3S13.657,15,12,15z M16.804,6.116c-0.596,0-1.08,0.484-1.08,1.08 s0.484,1.08,1.08,1.08c0.596,0,1.08-0.484,1.08-1.08S17.401,6.116,16.804,6.116z\"><\/path><\/svg><span class=\"wp-block-social-link-label screen-reader-text\">Instagram<\/span><\/a><\/li><\/ul>\n\n\n\n<p><\/p>\n\n\n\n<hr class=\"wp-block-separator alignwide has-text-color has-tertiary-color has-alpha-channel-opacity has-tertiary-background-color has-background is-style-wide\" \/>\n\n\n\n<h2 class=\"has-text-align-center wp-block-heading\">Sobre la C\u00e1tedra<\/h2>\n\n\n\n<div class=\"wp-block-columns alignwide is-layout-flex wp-container-core-columns-is-layout-28f84493 wp-block-columns-is-layout-flex\">\n<div class=\"wp-block-column is-layout-flow wp-block-column-is-layout-flow\">\n<div class=\"wp-block-columns is-layout-flex wp-container-core-columns-is-layout-28f84493 wp-block-columns-is-layout-flex\">\n<div class=\"wp-block-column is-layout-flow wp-block-column-is-layout-flow\">\n<figure class=\"wp-block-image aligncenter size-full is-resized\"><img loading=\"lazy\" decoding=\"async\" src=\"https:\/\/blog.uclm.es\/catedraclaracampoamor\/wp-content\/uploads\/sites\/158\/2022\/11\/igualdad-de-genero2.png\" alt=\"\" class=\"wp-image-952\" width=\"123\" height=\"123\" srcset=\"https:\/\/blog.uclm.es\/catedraclaracampoamor\/wp-content\/uploads\/sites\/158\/2022\/11\/igualdad-de-genero2.png 512w, https:\/\/blog.uclm.es\/catedraclaracampoamor\/wp-content\/uploads\/sites\/158\/2022\/11\/igualdad-de-genero2-300x300.png 300w, https:\/\/blog.uclm.es\/catedraclaracampoamor\/wp-content\/uploads\/sites\/158\/2022\/11\/igualdad-de-genero2-150x150.png 150w\" sizes=\"auto, (max-width: 123px) 100vw, 123px\" \/><\/figure>\n<\/div>\n\n\n\n<div class=\"wp-block-column is-layout-flow wp-block-column-is-layout-flow\">\n<figure class=\"wp-block-image aligncenter size-full is-resized\"><img loading=\"lazy\" decoding=\"async\" src=\"https:\/\/blog.uclm.es\/catedraclaracampoamor\/wp-content\/uploads\/sites\/158\/2022\/11\/investigacion2.png\" alt=\"\" class=\"wp-image-953\" width=\"126\" height=\"126\" srcset=\"https:\/\/blog.uclm.es\/catedraclaracampoamor\/wp-content\/uploads\/sites\/158\/2022\/11\/investigacion2.png 512w, https:\/\/blog.uclm.es\/catedraclaracampoamor\/wp-content\/uploads\/sites\/158\/2022\/11\/investigacion2-300x300.png 300w, https:\/\/blog.uclm.es\/catedraclaracampoamor\/wp-content\/uploads\/sites\/158\/2022\/11\/investigacion2-150x150.png 150w\" sizes=\"auto, (max-width: 126px) 100vw, 126px\" \/><\/figure>\n<\/div>\n<\/div>\n<\/div>\n\n\n\n<div class=\"wp-block-column is-layout-flow wp-block-column-is-layout-flow\">\n<div class=\"wp-block-columns is-layout-flex wp-container-core-columns-is-layout-28f84493 wp-block-columns-is-layout-flex\">\n<div class=\"wp-block-column is-layout-flow wp-block-column-is-layout-flow\">\n<figure class=\"wp-block-image aligncenter size-full is-resized\"><img loading=\"lazy\" decoding=\"async\" src=\"https:\/\/blog.uclm.es\/catedraclaracampoamor\/wp-content\/uploads\/sites\/158\/2022\/11\/actividades2.png\" alt=\"\" class=\"wp-image-955\" width=\"122\" height=\"122\" srcset=\"https:\/\/blog.uclm.es\/catedraclaracampoamor\/wp-content\/uploads\/sites\/158\/2022\/11\/actividades2.png 512w, https:\/\/blog.uclm.es\/catedraclaracampoamor\/wp-content\/uploads\/sites\/158\/2022\/11\/actividades2-300x300.png 300w, https:\/\/blog.uclm.es\/catedraclaracampoamor\/wp-content\/uploads\/sites\/158\/2022\/11\/actividades2-150x150.png 150w\" sizes=\"auto, (max-width: 122px) 100vw, 122px\" \/><\/figure>\n<\/div>\n\n\n\n<div class=\"wp-block-column is-layout-flow wp-block-column-is-layout-flow\">\n<figure class=\"wp-block-image aligncenter size-full is-resized\"><img loading=\"lazy\" decoding=\"async\" src=\"https:\/\/blog.uclm.es\/catedraclaracampoamor\/wp-content\/uploads\/sites\/158\/2022\/11\/premios.png\" alt=\"\" class=\"wp-image-956\" width=\"130\" height=\"130\" srcset=\"https:\/\/blog.uclm.es\/catedraclaracampoamor\/wp-content\/uploads\/sites\/158\/2022\/11\/premios.png 512w, https:\/\/blog.uclm.es\/catedraclaracampoamor\/wp-content\/uploads\/sites\/158\/2022\/11\/premios-300x300.png 300w, https:\/\/blog.uclm.es\/catedraclaracampoamor\/wp-content\/uploads\/sites\/158\/2022\/11\/premios-150x150.png 150w\" sizes=\"auto, (max-width: 130px) 100vw, 130px\" \/><\/figure>\n<\/div>\n<\/div>\n<\/div>\n<\/div>\n\n\n\n<div class=\"wp-block-columns alignwide is-layout-flex wp-container-core-columns-is-layout-28f84493 wp-block-columns-is-layout-flex\">\n<div class=\"wp-block-column is-layout-flow wp-block-column-is-layout-flow\">\n<div class=\"wp-block-columns is-layout-flex wp-container-core-columns-is-layout-28f84493 wp-block-columns-is-layout-flex\">\n<div class=\"wp-block-column is-layout-flow wp-block-column-is-layout-flow\">\n<p class=\"has-small-font-size\"><strong>NOTICIAS<\/strong><br>En la secci\u00f3n de noticias podr\u00e1 informarse de toda la actualidad relacionada con la C\u00e1tedra y las noticias m\u00e1s relevantes relacionadas.<\/p>\n<\/div>\n\n\n\n<div class=\"wp-block-column is-layout-flow wp-block-column-is-layout-flow\">\n<p class=\"has-small-font-size\"><strong>INVESTIGACI\u00d3N<\/strong><br>En la secci\u00f3n de investigaci\u00f3n podr\u00e1 conocer con m\u00e1s detalles todos los proyectos de investigaci\u00f3n que impulsa la C\u00e1tedra.<\/p>\n<\/div>\n<\/div>\n<\/div>\n\n\n\n<div class=\"wp-block-column is-layout-flow wp-block-column-is-layout-flow\">\n<div class=\"wp-block-columns is-layout-flex wp-container-core-columns-is-layout-28f84493 wp-block-columns-is-layout-flex\">\n<div class=\"wp-block-column is-layout-flow wp-block-column-is-layout-flow\">\n<p class=\"has-small-font-size\"><strong>ACTIVIDADES<\/strong><br>En esta secci\u00f3n puede encontrar informaci\u00f3n detallada de todas las actividades (jornadas y seminarios) que lleva a cabo la C\u00e1tedra.<\/p>\n<\/div>\n\n\n\n<div class=\"wp-block-column is-layout-flow wp-block-column-is-layout-flow\">\n<p class=\"has-small-font-size\"><strong>PREMIOS Y DISTINTIVOS<\/strong><br>La C\u00e1tedra impulsa iniciativas destacadas en el \u00e1mbito de la diversidad y la igualdad. En este enlace podr\u00e1 encontrar informaci\u00f3n adicional.<\/p>\n<\/div>\n<\/div>\n<\/div>\n<\/div>\n\n\n\n<div class=\"wp-block-columns alignwide is-layout-flex wp-container-core-columns-is-layout-28f84493 wp-block-columns-is-layout-flex\">\n<div class=\"wp-block-column is-layout-flow wp-block-column-is-layout-flow\">\n<div class=\"wp-block-columns is-layout-flex wp-container-core-columns-is-layout-28f84493 wp-block-columns-is-layout-flex\">\n<div class=\"wp-block-column is-layout-flow wp-block-column-is-layout-flow\">\n<div class=\"wp-block-buttons is-layout-flex wp-block-buttons-is-layout-flex\">\n<div class=\"wp-block-button has-custom-width wp-block-button__width-100 has-custom-font-size is-style-outline has-small-font-size is-style-outline--1\"><a class=\"wp-block-button__link has-background-background-color has-background wp-element-button\" href=\"https:\/\/blog.uclm.es\/catedraclaracampoamor\/noticias\/\" style=\"border-radius:20px\">Ir a noticias<\/a><\/div>\n<\/div>\n<\/div>\n\n\n\n<div class=\"wp-block-column is-layout-flow wp-block-column-is-layout-flow\">\n<div class=\"wp-block-buttons is-layout-flex wp-block-buttons-is-layout-flex\">\n<div class=\"wp-block-button has-custom-width wp-block-button__width-100 has-custom-font-size is-style-outline has-small-font-size is-style-outline--2\"><a class=\"wp-block-button__link wp-element-button\" href=\"https:\/\/blog.uclm.es\/catedraclaracampoamor\/investigacion-2\/\" style=\"border-radius:20px\">Ir a investigaci\u00f3n<\/a><\/div>\n<\/div>\n<\/div>\n<\/div>\n<\/div>\n\n\n\n<div class=\"wp-block-column is-layout-flow wp-block-column-is-layout-flow\">\n<div class=\"wp-block-columns is-layout-flex wp-container-core-columns-is-layout-28f84493 wp-block-columns-is-layout-flex\">\n<div class=\"wp-block-column is-layout-flow wp-block-column-is-layout-flow\">\n<div class=\"wp-block-buttons is-layout-flex wp-block-buttons-is-layout-flex\">\n<div class=\"wp-block-button has-custom-width wp-block-button__width-100 has-custom-font-size is-style-outline has-small-font-size is-style-outline--3\"><a class=\"wp-block-button__link wp-element-button\" href=\"https:\/\/blog.uclm.es\/catedraclaracampoamor\/actividades\/\" style=\"border-radius:20px\">Ir a actividades<\/a><\/div>\n<\/div>\n<\/div>\n\n\n\n<div class=\"wp-block-column is-layout-flow wp-block-column-is-layout-flow\">\n<div class=\"wp-block-buttons is-layout-flex wp-block-buttons-is-layout-flex\">\n<div class=\"wp-block-button has-custom-width wp-block-button__width-100 has-custom-font-size is-style-outline has-small-font-size is-style-outline--4\"><a class=\"wp-block-button__link wp-element-button\" href=\"https:\/\/blog.uclm.es\/catedraclaracampoamor\/premios-distintivos-becas\/\" style=\"border-radius:20px\">Ir a premios distintivos<\/a><\/div>\n<\/div>\n<\/div>\n<\/div>\n<\/div>\n<\/div>\n\n\n\n<div style=\"height:30px\" aria-hidden=\"true\" class=\"wp-block-spacer\"><\/div>\n\n\n\n<hr class=\"wp-block-separator alignwide has-text-color has-tertiary-color has-alpha-channel-opacity has-tertiary-background-color has-background is-style-wide\" \/>\n\n\n\n<div class=\"wp-block-columns alignwide is-layout-flex wp-container-core-columns-is-layout-28f84493 wp-block-columns-is-layout-flex\">\n<div class=\"wp-block-column is-vertically-aligned-center is-layout-flow wp-block-column-is-layout-flow\">\n<figure class=\"wp-block-image size-full is-resized\"><a href=\"https:\/\/www.igualdad.gob.es\/Paginas\/index.aspx\"><img loading=\"lazy\" decoding=\"async\" src=\"https:\/\/blog.uclm.es\/catedraclaracampoamor\/wp-content\/uploads\/sites\/158\/2022\/02\/descarga.jpg\" alt=\"\" class=\"wp-image-390\" width=\"73\" height=\"73\" srcset=\"https:\/\/blog.uclm.es\/catedraclaracampoamor\/wp-content\/uploads\/sites\/158\/2022\/02\/descarga.jpg 225w, https:\/\/blog.uclm.es\/catedraclaracampoamor\/wp-content\/uploads\/sites\/158\/2022\/02\/descarga-150x150.jpg 150w\" sizes=\"auto, (max-width: 73px) 100vw, 73px\" \/><\/a><\/figure>\n<\/div>\n\n\n\n<div class=\"wp-block-column is-vertically-aligned-center is-layout-flow wp-block-column-is-layout-flow\">\n<figure class=\"wp-block-image size-full is-resized\"><a href=\"https:\/\/violenciagenero.igualdad.gob.es\/pactoEstado\/\"><img loading=\"lazy\" decoding=\"async\" src=\"https:\/\/blog.uclm.es\/catedraclaracampoamor\/wp-content\/uploads\/sites\/158\/2022\/02\/logo_pacto_de_estado_pq.jpg\" alt=\"\" class=\"wp-image-386\" width=\"80\" height=\"64\" srcset=\"https:\/\/blog.uclm.es\/catedraclaracampoamor\/wp-content\/uploads\/sites\/158\/2022\/02\/logo_pacto_de_estado_pq.jpg 556w, https:\/\/blog.uclm.es\/catedraclaracampoamor\/wp-content\/uploads\/sites\/158\/2022\/02\/logo_pacto_de_estado_pq-300x240.jpg 300w\" sizes=\"auto, (max-width: 80px) 100vw, 80px\" \/><\/a><\/figure>\n<\/div>\n\n\n\n<div class=\"wp-block-column is-vertically-aligned-center is-layout-flow wp-block-column-is-layout-flow\">\n<figure class=\"wp-block-image size-full is-resized\"><a href=\"https:\/\/www.jccm.es\/\"><img loading=\"lazy\" decoding=\"async\" src=\"https:\/\/blog.uclm.es\/catedraclaracampoamor\/wp-content\/uploads\/sites\/158\/2022\/01\/logonuevoazul_0.png\" alt=\"\" class=\"wp-image-76\" width=\"97\" height=\"62\" srcset=\"https:\/\/blog.uclm.es\/catedraclaracampoamor\/wp-content\/uploads\/sites\/158\/2022\/01\/logonuevoazul_0.png 355w, https:\/\/blog.uclm.es\/catedraclaracampoamor\/wp-content\/uploads\/sites\/158\/2022\/01\/logonuevoazul_0-300x194.png 300w\" sizes=\"auto, (max-width: 97px) 100vw, 97px\" \/><\/a><\/figure>\n<\/div>\n\n\n\n<div class=\"wp-block-column is-vertically-aligned-center is-layout-flow wp-block-column-is-layout-flow\">\n<figure class=\"wp-block-image aligncenter size-full is-resized\"><a href=\"https:\/\/institutomujer.castillalamancha.es\/\"><img loading=\"lazy\" decoding=\"async\" src=\"https:\/\/blog.uclm.es\/catedraclaracampoamor\/wp-content\/uploads\/sites\/158\/2022\/01\/logo-vector-instituto-mujer-castilla-la-mancha.jpg\" alt=\"\" class=\"wp-image-75\" width=\"124\" height=\"63\" srcset=\"https:\/\/blog.uclm.es\/catedraclaracampoamor\/wp-content\/uploads\/sites\/158\/2022\/01\/logo-vector-instituto-mujer-castilla-la-mancha.jpg 630w, https:\/\/blog.uclm.es\/catedraclaracampoamor\/wp-content\/uploads\/sites\/158\/2022\/01\/logo-vector-instituto-mujer-castilla-la-mancha-300x152.jpg 300w\" sizes=\"auto, (max-width: 124px) 100vw, 124px\" \/><\/a><\/figure>\n<\/div>\n\n\n\n<div class=\"wp-block-column is-vertically-aligned-center is-layout-flow wp-block-column-is-layout-flow\">\n<figure class=\"wp-block-image aligncenter size-full is-resized\"><a href=\"https:\/\/www.uclm.es\/\"><img loading=\"lazy\" decoding=\"async\" src=\"https:\/\/blog.uclm.es\/catedraclaracampoamor\/wp-content\/uploads\/sites\/158\/2022\/01\/descarga.png\" alt=\"\" class=\"wp-image-77\" width=\"96\" height=\"67\" \/><\/a><\/figure>\n<\/div>\n<\/div>\n","protected":false},"excerpt":{"rendered":"<p>La C\u00e1tedra de Igualdad y Diversidad de G\u00e9nero \u00abClara Campoamor\u00bb se entender\u00e1 como el lugar com\u00fan desde el que se desarrolle la producci\u00f3n y selecci\u00f3n de ideas y proyectos que plasmen la cooperaci\u00f3n entre la UCLM y el Instituto de la Mujer para promocionar actividades que favorezcan el conocimiento respecto al avance hacia la igualdad [&hellip;]<\/p>\n","protected":false},"author":55,"featured_media":0,"parent":0,"menu_order":0,"comment_status":"closed","ping_status":"closed","template":"","meta":{"footnotes":""},"class_list":["post-39","page","type-page","status-publish","hentry"],"_links":{"self":[{"href":"https:\/\/blog.uclm.es\/catedraclaracampoamor\/wp-json\/wp\/v2\/pages\/39","targetHints":{"allow":["GET"]}}],"collection":[{"href":"https:\/\/blog.uclm.es\/catedraclaracampoamor\/wp-json\/wp\/v2\/pages"}],"about":[{"href":"https:\/\/blog.uclm.es\/catedraclaracampoamor\/wp-json\/wp\/v2\/types\/page"}],"author":[{"embeddable":true,"href":"https:\/\/blog.uclm.es\/catedraclaracampoamor\/wp-json\/wp\/v2\/users\/55"}],"replies":[{"embeddable":true,"href":"https:\/\/blog.uclm.es\/catedraclaracampoamor\/wp-json\/wp\/v2\/comments?post=39"}],"version-history":[{"count":55,"href":"https:\/\/blog.uclm.es\/catedraclaracampoamor\/wp-json\/wp\/v2\/pages\/39\/revisions"}],"predecessor-version":[{"id":1063,"href":"https:\/\/blog.uclm.es\/catedraclaracampoamor\/wp-json\/wp\/v2\/pages\/39\/revisions\/1063"}],"wp:attachment":[{"href":"https:\/\/blog.uclm.es\/catedraclaracampoamor\/wp-json\/wp\/v2\/media?parent=39"}],"curies":[{"name":"wp","href":"https:\/\/api.w.org\/{rel}","templated":true}]}}