{"id":352,"date":"2022-02-07T17:32:48","date_gmt":"2022-02-07T16:32:48","guid":{"rendered":"https:\/\/blog.uclm.es\/catedraclaracampoamor\/?page_id=352"},"modified":"2022-11-08T16:15:42","modified_gmt":"2022-11-08T16:15:42","slug":"investigacion-2021","status":"publish","type":"page","link":"https:\/\/blog.uclm.es\/catedraclaracampoamor\/investigacion-2\/investigacion-2021\/","title":{"rendered":"Investigaci\u00f3n 2021"},"content":{"rendered":"\n<h3 class=\"alignwide wp-block-heading\"><strong>Investigaci\u00f3n 2021<\/strong><\/h3>\n\n\n\n<h4 class=\"wp-block-heading\">Libros y gu\u00edas<\/h4>\n\n\n\n<p><strong>\u00abLa protecci\u00f3n social de las empleadas del hogar. La desaparici\u00f3n definitiva del R\u00e9gimen Especial de la Seguridad Social en su integraci\u00f3n en el R\u00e9gimen Genera como Sistema Especial: an\u00e1lisis y de futuro\u00bb<\/strong>.<br><em>Autora: Concepci\u00f3n Sanz S\u00e1ez<br>Editorial Bomarzo<\/em><br><a rel=\"noopener\" href=\"https:\/\/blog.uclm.es\/catedraclaracampoamor\/wp-content\/uploads\/sites\/158\/2022\/02\/La-proteccion-social-de-las-empleadas-de-hogar.pdf\" target=\"_blank\"><strong>Ver documento<\/strong><\/a><\/p>\n\n\n\n<hr class=\"wp-block-separator has-text-color has-tertiary-color has-alpha-channel-opacity has-tertiary-background-color has-background is-style-wide\" \/>\n\n\n\n<p><strong>\u00abLenguaje para avanzar en igualdad\u00bb<\/strong><br><em>Autoras: Maria Jos\u00e9 Romero R\u00f3denas \/ Gratiela-Florentina Moraru<br>Editorial Bomarzo<\/em><br><a rel=\"noopener\" href=\"https:\/\/blog.uclm.es\/catedraclaracampoamor\/wp-content\/uploads\/sites\/158\/2022\/02\/Lenguaje-para-avanzar-en-igualdad.pdf\" target=\"_blank\"><strong>Ver documento<\/strong><\/a><\/p>\n\n\n\n<hr class=\"wp-block-separator has-text-color has-tertiary-color has-alpha-channel-opacity has-tertiary-background-color has-background is-style-wide\" \/>\n\n\n\n<p><strong>Gu\u00eda pr\u00e1ctica: \u00abPermisos y suspensiones por motivos de conciliaci\u00f3n y corresponsabilidad en el empleo p\u00fablico y privado\u00bb<\/strong>.<br><em>Editorial Bomarzo<\/em><br><a rel=\"noopener\" href=\"https:\/\/blog.uclm.es\/catedraclaracampoamor\/wp-content\/uploads\/sites\/158\/2022\/02\/Permisos-y-suspensiones-por-motivos-de-conciliacion-y-corresponsabilidad.pdf\" target=\"_blank\"><strong>Ver documento<\/strong><\/a><\/p>\n\n\n\n<hr class=\"wp-block-separator has-text-color has-tertiary-color has-alpha-channel-opacity has-tertiary-background-color has-background is-style-wide\" \/>\n\n\n\n<h4 class=\"wp-block-heading\">Revista de Derecho Social<\/h4>\n\n\n\n<p><strong>Revista de Derecho Social: \u00abDel Malabarismo coticiano a una nueva civilizaci\u00f3n m\u00e1s all\u00e1 de la igualdad: la reconciliaci\u00f3n de la vida laboral y familiar\u00bb<\/strong><br><em>Autora: Laura Mora Cabello de Alba<br>Editorial Bomarzo<\/em><br><strong><a rel=\"noopener\" href=\"https:\/\/blog.uclm.es\/catedraclaracampoamor\/wp-content\/uploads\/sites\/158\/2022\/02\/La-conciliacion-de-la-vida-laboral-y-familiar.pdf\" target=\"_blank\">Ver documento<\/a><\/strong><\/p>\n\n\n\n<hr class=\"wp-block-separator has-text-color has-tertiary-color has-alpha-channel-opacity has-tertiary-background-color has-background is-style-wide\" \/>\n\n\n\n<p><strong>Revista de Derecho Social: \u00abLa discriminaci\u00f3n en contra de las empleadas de hogar como forma de manifiestaci\u00f3n de discriminaciones m\u00faltiples\u00bb.<\/strong><\/p>\n\n\n\n<p><em>Autora: Concepci\u00f3n Sanz S\u00e1ez<br>Editorial Bomarzo<\/em><br><a rel=\"noopener\" href=\"https:\/\/blog.uclm.es\/catedraclaracampoamor\/wp-content\/uploads\/sites\/158\/2022\/02\/La-discriminacion-en-contra-de-las-Empleadas-de-Hogar.pdf\" target=\"_blank\"><strong>Ver documento<\/strong><\/a><\/p>\n\n\n\n<hr class=\"wp-block-separator has-text-color has-tertiary-color has-alpha-channel-opacity has-tertiary-background-color has-background is-style-wide\" \/>\n\n\n\n<p><strong>Revista de Derecho Social: \u00abLa salud de las mujeres en un mundo laboral declinado en masculino: el acoso por raz\u00f3n de sexo\u00bb.<\/strong><br><em>Autora: Laura Mora Cabello de Alba<br>Editorial Bomarzo<\/em><br><strong><a rel=\"noopener\" href=\"https:\/\/blog.uclm.es\/catedraclaracampoamor\/wp-content\/uploads\/sites\/158\/2022\/02\/La-salud-de-las-mujeres-en-un-mundo-declinado-en-masculino.pdf\" target=\"_blank\">Ver documento<\/a><\/strong><\/p>\n\n\n\n<hr class=\"wp-block-separator has-text-color has-tertiary-color has-alpha-channel-opacity has-tertiary-background-color has-background is-style-wide\" \/>\n\n\n\n<p><strong>Revista de Derecho Social: \u00abLa situaci\u00f3n de discriminaci\u00f3n directa de la mujer en situaci\u00f3n de maternidad por incumplimiento de cla\u00fasulas convencionales de reconocimiento de derechos\u00bb.<\/strong><br><em>Autora: Juana Mar\u00eda Serrano Garc\u00eda<br>Editorial Bomarzo<\/em><br><strong><a rel=\"noopener\" href=\"https:\/\/blog.uclm.es\/catedraclaracampoamor\/wp-content\/uploads\/sites\/158\/2022\/02\/La-situacion-de-discriminacion-directa-de-la-mujer.pdf\" target=\"_blank\">Ver documento<\/a><\/strong><\/p>\n\n\n\n<hr class=\"wp-block-separator has-text-color has-tertiary-color has-alpha-channel-opacity has-tertiary-background-color has-background is-style-wide\" \/>\n\n\n\n<p><strong>Revista de Serecho Social: \u00abTratanuebti del acoso sexual en la negociaci\u00f3n colectiva\u00bb.<\/strong><br><em>Autora: Juana Mar\u00eda Serrano Garc\u00eda<br>Editorial Bomarzo<\/em><br><a rel=\"noopener\" href=\"Editorial%20Bomarzo Ver documento\" target=\"_blank\"><strong>Ver documento<\/strong><\/a><\/p>\n\n\n\n<hr class=\"wp-block-separator has-text-color has-tertiary-color has-alpha-channel-opacity has-tertiary-background-color has-background is-style-wide\" \/>\n\n\n\n<p><strong>Revista de Serecho Social: \u00abUn cambio de civilizaci\u00f3n: el trabajo de las mujeres como palanca\u00bb.<\/strong><br><em>Autora: Laura Mora Cabello de Alba<br>Editorial Bomarzo<\/em><br><a rel=\"noopener\" href=\"Editorial%20Bomarzo Ver documento\" target=\"_blank\"><strong>Ver documento<\/strong><\/a><\/p>\n\n\n\n<hr class=\"wp-block-separator has-text-color has-tertiary-color has-alpha-channel-opacity has-tertiary-background-color has-background is-style-wide\" \/>\n\n\n\n<h4 class=\"wp-block-heading\">Textos de intervenci\u00f3n<\/h4>\n\n\n\n<p><strong>Textos de intervenci\u00f3n 29: \u00abAspectos estructurales y coyunturales en la crisis del empleo femenino en la etapa Covid\u00bb<\/strong><br><em>Autora: Ana Marta Olmo G\u00e1sc\u00f3n<br>Editorial Bomarzo<\/em><br><strong><a rel=\"noopener\" href=\"https:\/\/blog.uclm.es\/catedraclaracampoamor\/wp-content\/uploads\/sites\/158\/2022\/02\/Aspectos-estructurales-y-coyunturales-en-la-crisis-del-empleo-femenino-en-la-etapa-Covid.pdf\" target=\"_blank\">Ver documento<\/a><\/strong><\/p>\n\n\n\n<hr class=\"wp-block-separator has-text-color has-tertiary-color has-alpha-channel-opacity has-tertiary-background-color has-background is-style-wide\" \/>\n\n\n\n<p><strong>Textos de intervenci\u00f3n 28: \u00abLa formaci\u00f3n en los planes de igualdad de las empresas son distintivo de igualdad\u00bb<\/strong><br><em>Autora: Natividad Mendoza Navas<br>Editorial Bomarzo<\/em><br><strong><a rel=\"noopener\" href=\"https:\/\/blog.uclm.es\/catedraclaracampoamor\/wp-content\/uploads\/sites\/158\/2022\/02\/La-formacion-en-los-planes-de-igualdad-de-las-empresas-con-distintivo-de-igualdad.pdf\" target=\"_blank\">Ver documento<\/a><\/strong><\/p>\n\n\n\n<hr class=\"wp-block-separator has-text-color has-tertiary-color has-alpha-channel-opacity has-tertiary-background-color has-background is-style-wide\" \/>\n\n\n\n<p><strong>Textos de intervenci\u00f3n 10: \u00abLa igualdad en la crisis del empleo\u00bb<\/strong><br><em>Autora: Juana Mar\u00eda Serrano Garc\u00eda<br>Editorial Bomarzo<\/em><br><strong><a rel=\"noopener\" href=\"https:\/\/blog.uclm.es\/catedraclaracampoamor\/wp-content\/uploads\/sites\/158\/2022\/02\/La-igualdad-en-la-crisis-del-empleo-.pdf\" target=\"_blank\">Ver documento<\/a><\/strong><\/p>\n\n\n\n<p><\/p>\n","protected":false},"excerpt":{"rendered":"<p>Investigaci\u00f3n 2021 Libros y gu\u00edas \u00abLa protecci\u00f3n social de las empleadas del hogar. La desaparici\u00f3n definitiva del R\u00e9gimen Especial de la Seguridad Social en su integraci\u00f3n en el R\u00e9gimen Genera como Sistema Especial: an\u00e1lisis y de futuro\u00bb.Autora: Concepci\u00f3n Sanz S\u00e1ezEditorial BomarzoVer documento \u00abLenguaje para avanzar en igualdad\u00bbAutoras: Maria Jos\u00e9 Romero R\u00f3denas \/ Gratiela-Florentina MoraruEditorial BomarzoVer [&hellip;]<\/p>\n","protected":false},"author":55,"featured_media":0,"parent":282,"menu_order":0,"comment_status":"closed","ping_status":"closed","template":"","meta":{"footnotes":""},"class_list":["post-352","page","type-page","status-publish","hentry"],"_links":{"self":[{"href":"https:\/\/blog.uclm.es\/catedraclaracampoamor\/wp-json\/wp\/v2\/pages\/352","targetHints":{"allow":["GET"]}}],"collection":[{"href":"https:\/\/blog.uclm.es\/catedraclaracampoamor\/wp-json\/wp\/v2\/pages"}],"about":[{"href":"https:\/\/blog.uclm.es\/catedraclaracampoamor\/wp-json\/wp\/v2\/types\/page"}],"author":[{"embeddable":true,"href":"https:\/\/blog.uclm.es\/catedraclaracampoamor\/wp-json\/wp\/v2\/users\/55"}],"replies":[{"embeddable":true,"href":"https:\/\/blog.uclm.es\/catedraclaracampoamor\/wp-json\/wp\/v2\/comments?post=352"}],"version-history":[{"count":5,"href":"https:\/\/blog.uclm.es\/catedraclaracampoamor\/wp-json\/wp\/v2\/pages\/352\/revisions"}],"predecessor-version":[{"id":1123,"href":"https:\/\/blog.uclm.es\/catedraclaracampoamor\/wp-json\/wp\/v2\/pages\/352\/revisions\/1123"}],"up":[{"embeddable":true,"href":"https:\/\/blog.uclm.es\/catedraclaracampoamor\/wp-json\/wp\/v2\/pages\/282"}],"wp:attachment":[{"href":"https:\/\/blog.uclm.es\/catedraclaracampoamor\/wp-json\/wp\/v2\/media?parent=352"}],"curies":[{"name":"wp","href":"https:\/\/api.w.org\/{rel}","templated":true}]}}